{"id":110,"date":"2014-02-13T09:17:00","date_gmt":"2014-02-13T09:17:00","guid":{"rendered":"https:\/\/www.rallyclassics.club\/rally-costa-brava-2\/"},"modified":"2019-11-08T09:48:56","modified_gmt":"2019-11-08T08:48:56","slug":"criterium-llafranc","status":"publish","type":"page","link":"https:\/\/rallyclassics.club\/ca\/criterium-llafranc\/","title":{"rendered":"Criterium Llafranc"},"content":{"rendered":"<p><div class=\"title\"><h1> V Criterium Llafranc &#8211; 17 Mayo<\/h1><div class=\"title-sep-container\"><div class=\"title-sep\"><\/div><\/div><\/div><a href=\"https:\/\/www.rallyclassics.club\/wp-content\/uploads\/2014\/02\/banner_cl.jpg\"><img loading=\"lazy\" decoding=\"async\" class=\"alignnone size-full wp-image-318\" src=\"https:\/\/www.rallyclassics.club\/wp-content\/uploads\/2014\/02\/banner_cl.jpg\" alt=\"banner_cl\" width=\"669\" height=\"294\" srcset=\"https:\/\/rallyclassics.club\/wp-content\/uploads\/2014\/02\/banner_cl.jpg 669w, https:\/\/rallyclassics.club\/wp-content\/uploads\/2014\/02\/banner_cl-300x131.jpg 300w\" sizes=\"auto, (max-width: 669px) 100vw, 669px\" \/><\/a><div class=\"title\"><h2>\u00daltimas Noticias del Criterium Llafranc<\/h2><div class=\"title-sep-container\"><div class=\"title-sep\"><\/div><\/div><\/div> <div class=\"avada-container\"><section class=\"columns columns-2\" style=\"width:100%\"><div class=\"holder\"><\/div><\/section><\/div> <div class=\"title\"><h2>Patrocinadores del Criterium Llafranc<\/h2><div class=\"title-sep-container\"><div class=\"title-sep\"><\/div><\/div><\/div> <div class=\"related-posts related-projects clientslider-container\"><div id=\"carousel\" class=\"clients-carousel es-carousel-wrapper\"><div class=\"es-carousel\"><ul><li><a href=\"http:\/\/www.nauticllafranc.net\/es\/\" target=\"_self\"><img decoding=\"async\" src=\"https:\/\/www.rallyclassics.club\/wp-content\/uploads\/2014\/02\/logo_cnllafranc.jpg\" alt=\"\" \/><\/a><\/li><li><a href=\"http:\/\/www.hllafranch.com\/inici.php\" target=\"_self\"><img decoding=\"async\" src=\"https:\/\/www.rallyclassics.club\/wp-content\/uploads\/2014\/02\/logo_hotelllafranc.jpg\" alt=\"\" \/><\/a><\/li><li><a href=\"http:\/\/www.blunikracing.com\/\" target=\"_self\"><img decoding=\"async\" src=\"https:\/\/www.rallyclassics.club\/wp-content\/uploads\/2014\/02\/logos_2_01.png\" alt=\"\" \/><\/a><\/li><li><a href=\"http:\/\/www20.gencat.cat\/portal\/site\/sge\/\" target=\"_self\"><img decoding=\"async\" src=\"https:\/\/www.rallyclassics.club\/wp-content\/uploads\/2014\/02\/logos_02.png\" alt=\"\" \/><\/a><\/li><\/ul><div class=\"es-nav\"><span class=\"es-nav-prev\">Previous<\/span><span class=\"es-nav-next\">Next<\/span><\/div><\/div><\/div><\/div> <div class=\"title\"><h2>Informaci\u00f3n del Criterium Llafranc<\/h2><div class=\"title-sep-container\"><div class=\"title-sep\"><\/div><\/div><\/div>El dissabte 17 de maig, el port de Llafranc acollir\u00e0 el V Crit\u00e8rium Llafranc , reservat a 50 vehicles cl\u00e0ssics de gran bellesa i qualitat . Tradicionalment els cl\u00e0ssics omplen de color la bella poblaci\u00f3 de la Costa Brava , en una jornada on els participants intenten destacar els seus vehicles en diverses classificacions o apartats , com l&#8217;eleg\u00e0ncia , o la regularitat. A primera hora del mat\u00ed , mentre els conductors esmorzen, els cotxes queden exposats al port de Llafranc , fins al moment de prendre la sortida per realitzar una primera volta a un itinerari de prop de 100 kms. Al migdia hi ha una nova oportunitat de contemplar les joies rodants al &#8221; parc tancat&#8221; del port , abans de la segona volta que a la tarda hauran de repetir els equips , tractant de calcar els horaris de pas al llarg de tot el recorregut . Un lliurament de trofeus amenitzada amb m\u00fasica en directe , servir\u00e0 per tancar brillantment el 5\u00e8 aniversari de la f\u00f3rmula Criterium , que tant \u00e8xit ha aconseguit en nom\u00e9s 4 edicions.<\/p>","protected":false},"excerpt":{"rendered":"<p>El dissabte 17 de maig, el port de Llafranc acollir\u00e0 el V Crit\u00e8rium Llafranc , reservat a 50 vehicles cl\u00e0ssics de gran bellesa i qualitat . Tradicionalment els cl\u00e0ssics omplen [&#8230;]<\/p>\n","protected":false},"author":2,"featured_media":0,"parent":0,"menu_order":0,"comment_status":"open","ping_status":"open","template":"","meta":{"om_disable_all_campaigns":false,"_monsterinsights_skip_tracking":false,"_monsterinsights_sitenote_active":false,"_monsterinsights_sitenote_note":"","_monsterinsights_sitenote_category":0,"footnotes":""},"class_list":["post-110","page","type-page","status-publish","hentry"],"aioseo_notices":[],"_links":{"self":[{"href":"https:\/\/rallyclassics.club\/ca\/wp-json\/wp\/v2\/pages\/110","targetHints":{"allow":["GET"]}}],"collection":[{"href":"https:\/\/rallyclassics.club\/ca\/wp-json\/wp\/v2\/pages"}],"about":[{"href":"https:\/\/rallyclassics.club\/ca\/wp-json\/wp\/v2\/types\/page"}],"author":[{"embeddable":true,"href":"https:\/\/rallyclassics.club\/ca\/wp-json\/wp\/v2\/users\/2"}],"replies":[{"embeddable":true,"href":"https:\/\/rallyclassics.club\/ca\/wp-json\/wp\/v2\/comments?post=110"}],"version-history":[{"count":9,"href":"https:\/\/rallyclassics.club\/ca\/wp-json\/wp\/v2\/pages\/110\/revisions"}],"predecessor-version":[{"id":22112,"href":"https:\/\/rallyclassics.club\/ca\/wp-json\/wp\/v2\/pages\/110\/revisions\/22112"}],"wp:attachment":[{"href":"https:\/\/rallyclassics.club\/ca\/wp-json\/wp\/v2\/media?parent=110"}],"curies":[{"name":"wp","href":"https:\/\/api.w.org\/{rel}","templated":true}]}}