{"id":13309,"date":"2017-11-14T12:29:24","date_gmt":"2017-11-14T11:29:24","guid":{"rendered":"https:\/\/www.rallyclassics.club\/xiv-rally-costa-brava-historic-copy\/"},"modified":"2018-04-11T22:19:32","modified_gmt":"2018-04-11T21:19:32","slug":"xv-rally-costa-brava-historic","status":"publish","type":"page","link":"https:\/\/rallyclassics.club\/ca\/xv-rally-costa-brava-historic\/","title":{"rendered":"XV Rally Costa Brava Hist\u00f2ric"},"content":{"rendered":"<p><div class=\"title\"><h1>XV Rally Costa Brava Hist\u00f2ric &#8211; 19-22\/4<\/h1><div class=\"title-sep-container\"><div class=\"title-sep\"><\/div><\/div><\/div><img loading=\"lazy\" decoding=\"async\" class=\"aligncenter size-full wp-image-2147\" src=\"\/wp-content\/uploads\/2017\/11\/xv_rcbh_980x300.jpg\" alt=\"xiii_rcbh2015_980x300\" width=\"980\" height=\"300\" \/><\/p>\n<div class=\"title\"><h2>\u00daltimes not\u00edcies del XV Rally Costa Brava Hist\u00f2ric<\/h2><div class=\"title-sep-container\"><div class=\"title-sep\"><\/div><\/div><\/div> <div class=\"avada-container\"><section class=\"columns columns-2\" style=\"width:100%\"><div class=\"holder\"><article class=\"col\"><div class=\"flexslider floated-post-slideshow\"><ul class=\"slides\"><li>\n\t\t\t\t\t<a href=\"https:\/\/rallyclassics.club\/ca\/un-rally-costa-brava-para-la-historia\/\" rel=\"\"><img decoding=\"async\" src=\"https:\/\/rallyclassics.club\/wp-content\/uploads\/2018\/04\/6eef542c-2ea6-4ba5-9570-1e99f2596c0f-700x441.jpg\" alt=\"Un Rally Costa Brava per a l&#8217;hist\u00f2ria\" \/><\/a>\n\t\t\t\t<\/li><\/ul>\n\t\t<\/div><h4><a href=\"https:\/\/rallyclassics.club\/ca\/un-rally-costa-brava-para-la-historia\/\">Un Rally Costa Brava per a l&#8217;hist\u00f2ria<\/a><\/h4><ul class=\"meta\"><li><em class=\"date\">22 d'abril, 2018<\/em><\/li><\/ul><p><div class=\"excerpt-container\"><p>&nbsp;<\/p>\n<p>Gran vict\u00f2ria de David Nogareda-Sergi Giralt (Porsche 911 S)<\/p>\n<p>\u2022 L&#8217;equip catal\u00e0 s&#8217;adjudica tamb\u00e9 el [&#8230;]<\/p>\n<\/div><\/p><\/article><article class=\"col\"><div class=\"flexslider floated-post-slideshow\"><ul class=\"slides\"><li>\n\t\t\t\t\t<a href=\"https:\/\/rallyclassics.club\/ca\/arranca-el-xv-rally-costa-brava-historic-2\/\" rel=\"\"><img decoding=\"async\" src=\"https:\/\/rallyclassics.club\/wp-content\/uploads\/2018\/04\/IMG_7359-700x441.jpg\" alt=\"Arrenca el XV Rally Costa Brava Hist\u00f2ric\" \/><\/a>\n\t\t\t\t<\/li><\/ul>\n\t\t<\/div><h4><a href=\"https:\/\/rallyclassics.club\/ca\/arranca-el-xv-rally-costa-brava-historic-2\/\">Arrenca el XV Rally Costa Brava Hist\u00f2ric<\/a><\/h4><ul class=\"meta\"><li><em class=\"date\">21 d'abril, 2018<\/em><\/li><\/ul><p><div class=\"excerpt-container\"><p>Puntualment a les 15 hores d\u2019aquesta tarda ha engegat la XV edici\u00f3 del Rally [&#8230;]<\/p>\n<\/div><\/p><\/article><\/div><\/section><\/div>\n<div class=\"title\"><h2>RallyClassics TV<\/h2><div class=\"title-sep-container\"><div class=\"title-sep\"><\/div><\/div><\/div>\n<p><iframe loading=\"lazy\" width=\"560\" height=\"315\" src=\"https:\/\/www.youtube.com\/embed\/ee9ERYFuu_E\" frameborder=\"0\" gesture=\"media\" allowfullscreen><\/iframe><\/p>\n<div class=\"title\"><h2>Patrocinadors del XV Rally Costa Brava Hist\u00f2ric<\/h2><div class=\"title-sep-container\"><div class=\"title-sep\"><\/div><\/div><\/div>\n<div class=\"related-posts related-projects clientslider-container\"><div id=\"carousel\" class=\"clients-carousel es-carousel-wrapper\"><div class=\"es-carousel\"><ul>\n<li><img decoding=\"async\" src=\"\/wp-content\/uploads\/2016\/11\/visit.jpg\" alt=\"\" \/><\/li>\n<li><img decoding=\"async\" src=\"\/wp-content\/uploads\/2016\/11\/palamos-gastronomia.jpg\" alt=\"\" \/><\/li>\n<li><img decoding=\"async\" src=\"\/wp-content\/uploads\/2016\/11\/palamos.jpg\" alt=\"\" \/><\/li>\n<li><img decoding=\"async\" src=\"\/wp-content\/uploads\/2014\/02\/logos_02.png\" alt=\"\" \/><\/li>\n<li><img decoding=\"async\" src=\"\/wp-content\/uploads\/2014\/02\/Untitled-3_02.png\" alt=\"\" \/><\/li>\n<li><img decoding=\"async\" src=\"\/images\/patrocinadores\/moritz.png\" alt=\"\" \/><\/li>\n<li><img decoding=\"async\" src=\"\/images\/patrocinadores\/sport.png\" alt=\"\" \/><\/li>\n<li><img decoding=\"async\" src=\"\/wp-content\/uploads\/2014\/02\/logos_2_01.png\" alt=\"\" \/><\/li>\n<li><img decoding=\"async\" src=\"\/wp-content\/uploads\/2015\/04\/logos_appsesor.png\" alt=\"\" \/><\/li>\n<li><img decoding=\"async\" src=\"\/wp-content\/uploads\/2014\/02\/logo_xternalia.jpg\" alt=\"\" \/><\/li>\n<li><img decoding=\"async\" src=\"\/wp-content\/uploads\/2014\/02\/logo_classiccover.jpg\" alt=\"\" \/><\/li>\n<li><img decoding=\"async\" src=\"\/wp-content\/uploads\/2014\/11\/logo_garatgeinternacional.jpg\" alt=\"\" \/><\/li>\n<li><img decoding=\"async\" src=\"\/wp-content\/uploads\/2016\/11\/logo-repeat.jpg\" alt=\"\" \/><\/li>\n<li><img decoding=\"async\" src=\"\/wp-content\/uploads\/2014\/02\/logo_nouonze.jpg\" alt=\"\" \/><\/li>\n<li><img decoding=\"async\" src=\"\/wp-content\/uploads\/2015\/03\/logo_suprametal.jpg\" alt=\"\" \/><\/li>\n<\/ul><div class=\"es-nav\"><span class=\"es-nav-prev\">Previous<\/span><span class=\"es-nav-next\">Next<\/span><\/div><\/div><\/div><\/div>\n<div class=\"title\"><h2>Informaci\u00f3 del XV Rally Costa Brava Hist\u00f2ric<\/h2><div class=\"title-sep-container\"><div class=\"title-sep\"><\/div><\/div><\/div> El RALLY COSTA BRAVA HISTORIC celebrar\u00e0 la seva XV edici\u00f3 a la marinera vila de Palam\u00f3s, del 19 al 22 d&#8217;abril. Puntuable per al FIA Regularity Trophy, el ral\u00b7li tindr\u00e0 la seva base a l&#8217;Hotel Tr\u00edas, i les verificacions t\u00e8cniques es faran al port de la Marina de Palam\u00f3s. El recorregut ser\u00e0 d&#8217;uns 1.000 kms i 28 trams, i s&#8217;iniciar\u00e0 al p\u00f2dium del passeig Mar\u00edtim de Palam\u00f3s, el divendres 20 d&#8217;abril a les 15h00. El lliurament de trofeus es far\u00e0 al mateix p\u00f2dium, durant el mat\u00ed del diumenge 22 d&#8217;abril.<\/p>","protected":false},"excerpt":{"rendered":"<p>Fortuny-Jim\u00e9nez (Lancia), l\u00edders del XIV Rally Costa Brava Hist\u00f2ric Avui, 2a etapa, amb 485 km i neutralitzacions a Viladrau i Puigcerd\u00e0 Palamos-Costa Brava, 22 d&#8217;abril de 2017 &#8211; Despr\u00e9s d&#8217;un [&#8230;]<\/p>\n","protected":false},"author":2,"featured_media":0,"parent":0,"menu_order":0,"comment_status":"open","ping_status":"open","template":"","meta":{"om_disable_all_campaigns":false,"_monsterinsights_skip_tracking":false,"_monsterinsights_sitenote_active":false,"_monsterinsights_sitenote_note":"","_monsterinsights_sitenote_category":0,"footnotes":""},"class_list":["post-13309","page","type-page","status-publish","hentry"],"aioseo_notices":[],"_links":{"self":[{"href":"https:\/\/rallyclassics.club\/ca\/wp-json\/wp\/v2\/pages\/13309","targetHints":{"allow":["GET"]}}],"collection":[{"href":"https:\/\/rallyclassics.club\/ca\/wp-json\/wp\/v2\/pages"}],"about":[{"href":"https:\/\/rallyclassics.club\/ca\/wp-json\/wp\/v2\/types\/page"}],"author":[{"embeddable":true,"href":"https:\/\/rallyclassics.club\/ca\/wp-json\/wp\/v2\/users\/2"}],"replies":[{"embeddable":true,"href":"https:\/\/rallyclassics.club\/ca\/wp-json\/wp\/v2\/comments?post=13309"}],"version-history":[{"count":31,"href":"https:\/\/rallyclassics.club\/ca\/wp-json\/wp\/v2\/pages\/13309\/revisions"}],"predecessor-version":[{"id":15222,"href":"https:\/\/rallyclassics.club\/ca\/wp-json\/wp\/v2\/pages\/13309\/revisions\/15222"}],"wp:attachment":[{"href":"https:\/\/rallyclassics.club\/ca\/wp-json\/wp\/v2\/media?parent=13309"}],"curies":[{"name":"wp","href":"https:\/\/api.w.org\/{rel}","templated":true}]}}