{"id":14090,"date":"2018-02-20T16:48:15","date_gmt":"2018-02-20T15:48:15","guid":{"rendered":"https:\/\/www.rallyclassics.club\/xxxii-volta-catalunya-copy\/"},"modified":"2018-04-04T15:31:39","modified_gmt":"2018-04-04T14:31:39","slug":"1er-chopard-gentlemen-rally","status":"publish","type":"page","link":"https:\/\/rallyclassics.club\/ca\/1er-chopard-gentlemen-rally\/","title":{"rendered":"1er Chopard Gentlemen Rally"},"content":{"rendered":"<div class=\"title\"><h1>1er Chopard Gentlemen Rally<\/h1><div class=\"title-sep-container\"><div class=\"title-sep\"><\/div><\/div><\/div><img loading=\"lazy\" decoding=\"async\" src=\"\/wp-content\/uploads\/2018\/03\/1erChopardGR_980x300b.jpg\" alt=\"xxxii_volta_980x300\" width=\"980\" height=\"300\" class=\"aligncenter size-full wp-image-5746\" \/>&nbsp;<\/p>\n<div class=\"title\"><h2>\u00daltimas Noticias de la 1er Chopard Gentlemen Rally<\/h2><div class=\"title-sep-container\"><div class=\"title-sep\"><\/div><\/div><\/div> <div class=\"avada-container\"><section class=\"columns columns-2\" style=\"width:100%\"><div class=\"holder\"><article class=\"col\"><div class=\"flexslider floated-post-slideshow\"><ul class=\"slides\"><li>\n\t\t\t\t\t<a href=\"https:\/\/rallyclassics.club\/ca\/revivimos-la-volta-catalunya-chopard-rally\/\" rel=\"\"><img decoding=\"async\" src=\"https:\/\/rallyclassics.club\/wp-content\/uploads\/chopard3-700x441.jpg\" alt=\"Revivim La Volta Catalunya-Chopard Rally\" \/><\/a>\n\t\t\t\t<\/li><\/ul>\n\t\t<\/div><h4><a href=\"https:\/\/rallyclassics.club\/ca\/revivimos-la-volta-catalunya-chopard-rally\/\">Revivim La Volta Catalunya-Chopard Rally<\/a><\/h4><ul class=\"meta\"><li><em class=\"date\">2 de juliol, 2020<\/em><\/li><\/ul><p><div class=\"excerpt-container\"><p>Avui volem reviure La Volta Catalunya-Chopard Rally, una prova itinerant que tenim el privilegi [&#8230;]<\/p>\n<\/div><\/p><\/article><article class=\"col\"><div class=\"flexslider floated-post-slideshow\"><ul class=\"slides\"><li>\n\t\t\t\t\t<a href=\"https:\/\/rallyclassics.club\/ca\/grandes-recuerdos-del-2o-chopard-rally\/\" rel=\"\"><img decoding=\"async\" src=\"https:\/\/rallyclassics.club\/wp-content\/uploads\/2019\/06\/Captura-de-pantalla-2019-06-13-a-les-10.12.10.png\" alt=\"Grans records del 2\u00ba Chopard Rally\" \/><\/a>\n\t\t\t\t<\/li><\/ul>\n\t\t<\/div><h4><a href=\"https:\/\/rallyclassics.club\/ca\/grandes-recuerdos-del-2o-chopard-rally\/\">Grans records del 2\u00ba Chopard Rally<\/a><\/h4><ul class=\"meta\"><li><em class=\"date\">13 de juny, 2019<\/em><\/li><\/ul><p><div class=\"excerpt-container\"><p>Fant\u00e0stiques joies cl\u00e0ssiques s&#8217;ajuntaven el passat divendres 24 de maig per donar comen\u00e7ament al [&#8230;]<\/p>\n<\/div><\/p><\/article><\/div><\/section><\/div>\n<div class=\"title\"><h2>RallyClassics TV<\/h2><div class=\"title-sep-container\"><div class=\"title-sep\"><\/div><\/div><\/div>\n<p><iframe loading=\"lazy\" width=\"560\" height=\"315\" src=\"https:\/\/www.youtube.com\/embed\/reOUuiW1Roo\" frameborder=\"0\" allow=\"autoplay; encrypted-media\" allowfullscreen><\/iframe><\/p>\n<div class=\"title\"><h2>Patrocinadores del 1er Chopard Gentlemen Rally<\/h2><div class=\"title-sep-container\"><div class=\"title-sep\"><\/div><\/div><\/div>\n<div class=\"related-posts related-projects clientslider-container\"><div id=\"carousel\" class=\"clients-carousel es-carousel-wrapper\"><div class=\"es-carousel\"><ul>\n<li><img decoding=\"async\" src=\"\/wp-content\/uploads\/2017\/02\/logo-chopard.jpg\" alt=\"\" \/><\/li>\n<li><img decoding=\"async\" src=\"\/wp-content\/uploads\/2017\/02\/logo-centro-porsche.jpg\" alt=\"\" \/><\/li>\n<li><img decoding=\"async\" src=\"\/wp-content\/uploads\/2018\/02\/Mesoestetic150x150.jpg\" alt=\"\" \/><\/li>\n<\/ul><div class=\"es-nav\"><span class=\"es-nav-prev\">Previous<\/span><span class=\"es-nav-next\">Next<\/span><\/div><\/div><\/div><\/div>\n<div class=\"title\"><h2>Informaci\u00f3n del 1er Chopard Gentlemen Rally<\/h2><div class=\"title-sep-container\"><div class=\"title-sep\"><\/div><\/div><\/div> La VOLTA CATALUNYA es una prueba itinerante, nacida en 1916, que en 2016 celebrar\u00e1 su trig\u00e9simo-primera edici\u00f3n, co-organizada por RallyClassics en colaboraci\u00f3n con los mejores clubs. El evento estar\u00e1 limitado a 40 veh\u00edculos, preferiblemente de los a\u00f1os 50-60-70, en el que priorizar\u00e1 el turismo y la gastronom\u00eda, con alg\u00fan tramo de regularidad.<\/p>\n","protected":false},"excerpt":{"rendered":"<p>Fant\u00e0stiques joies cl\u00e0ssiques s&#8217;ajuntaven el passat divendres 24 de maig per donar comen\u00e7ament al 2n Chopard Ral\u00b7li i gaudir d&#8217;un cap de setmana d&#8217;excel\u00b7l\u00e8ncia, amb concursos d&#8217;eleg\u00e0ncia, regularitat, habilitat i [&#8230;]<\/p>\n","protected":false},"author":2,"featured_media":0,"parent":0,"menu_order":0,"comment_status":"open","ping_status":"open","template":"","meta":{"om_disable_all_campaigns":false,"_monsterinsights_skip_tracking":false,"_monsterinsights_sitenote_active":false,"_monsterinsights_sitenote_note":"","_monsterinsights_sitenote_category":0,"footnotes":""},"class_list":["post-14090","page","type-page","status-publish","hentry"],"aioseo_notices":[],"_links":{"self":[{"href":"https:\/\/rallyclassics.club\/ca\/wp-json\/wp\/v2\/pages\/14090","targetHints":{"allow":["GET"]}}],"collection":[{"href":"https:\/\/rallyclassics.club\/ca\/wp-json\/wp\/v2\/pages"}],"about":[{"href":"https:\/\/rallyclassics.club\/ca\/wp-json\/wp\/v2\/types\/page"}],"author":[{"embeddable":true,"href":"https:\/\/rallyclassics.club\/ca\/wp-json\/wp\/v2\/users\/2"}],"replies":[{"embeddable":true,"href":"https:\/\/rallyclassics.club\/ca\/wp-json\/wp\/v2\/comments?post=14090"}],"version-history":[{"count":9,"href":"https:\/\/rallyclassics.club\/ca\/wp-json\/wp\/v2\/pages\/14090\/revisions"}],"predecessor-version":[{"id":14091,"href":"https:\/\/rallyclassics.club\/ca\/wp-json\/wp\/v2\/pages\/14090\/revisions\/14091"}],"wp:attachment":[{"href":"https:\/\/rallyclassics.club\/ca\/wp-json\/wp\/v2\/media?parent=14090"}],"curies":[{"name":"wp","href":"https:\/\/api.w.org\/{rel}","templated":true}]}}