{"id":15093,"date":"2018-04-04T18:04:39","date_gmt":"2018-04-04T17:04:39","guid":{"rendered":"https:\/\/www.rallyclassics.club\/?page_id=15093"},"modified":"2018-04-09T15:25:58","modified_gmt":"2018-04-09T14:25:58","slug":"4t-classic-car-festival","status":"publish","type":"page","link":"https:\/\/rallyclassics.club\/ca\/4t-classic-car-festival\/","title":{"rendered":"4t Classic Car Festival"},"content":{"rendered":"<p><div class=\"title\"><h1>4t Classic Car Festival<\/h1><div class=\"title-sep-container\"><div class=\"title-sep\"><\/div><\/div><\/div><img loading=\"lazy\" decoding=\"async\" src=\"\/wp-content\/uploads\/2018\/04\/4_CCF_980x300.jpg\" alt=\"xxxii_volta_980x300\" width=\"980\" height=\"300\" class=\"aligncenter size-full wp-image-5746\" \/>&nbsp;<\/p>\n<div class=\"title\"><h2>\u00daltimas Noticias del 4t Classic Car Festival<\/h2><div class=\"title-sep-container\"><div class=\"title-sep\"><\/div><\/div><\/div> <div class=\"avada-container\"><section class=\"columns columns-2\" style=\"width:100%\"><div class=\"holder\"><article class=\"col\"><div class=\"flexslider floated-post-slideshow\"><ul class=\"slides\"><li>\n\t\t\t\t\t<a href=\"https:\/\/rallyclassics.club\/ca\/chopard-gentlemen-rally-un-nuevo-evento-con-mucha-clase\/\" rel=\"\"><img decoding=\"async\" src=\"https:\/\/rallyclassics.club\/wp-content\/uploads\/2018\/05\/1c5fdf12-4b3f-4753-90f6-48a179c5a286-1-700x441.jpg\" alt=\"Chopard Gentlemen Rally, un nou esdeveniment amb molta classe\" \/><\/a>\n\t\t\t\t<\/li><\/ul>\n\t\t<\/div><h4><a href=\"https:\/\/rallyclassics.club\/ca\/chopard-gentlemen-rally-un-nuevo-evento-con-mucha-clase\/\">Chopard Gentlemen Rally, un nou esdeveniment amb molta classe<\/a><\/h4><ul class=\"meta\"><li><em class=\"date\">27 de maig, 2018<\/em><\/li><\/ul><p><div class=\"excerpt-container\"><\/div><\/p><\/article><article class=\"col\"><div class=\"flexslider floated-post-slideshow\"><ul class=\"slides\"><li>\n\t\t\t\t\t<a href=\"https:\/\/rallyclassics.club\/ca\/classic-car-festival-en-la-volta-catalunya\/\" rel=\"\"><img decoding=\"async\" src=\"https:\/\/rallyclassics.club\/wp-content\/uploads\/2018\/05\/4t_ClassicCarFestival_B-700x441.jpg\" alt=\"Classic Car Festival al Chopard Gentlemen Rally\" \/><\/a>\n\t\t\t\t<\/li><\/ul>\n\t\t<\/div><h4><a href=\"https:\/\/rallyclassics.club\/ca\/classic-car-festival-en-la-volta-catalunya\/\">Classic Car Festival al Chopard Gentlemen Rally<\/a><\/h4><ul class=\"meta\"><li><em class=\"date\">23 de maig, 2018<\/em><\/li><\/ul><p><div class=\"excerpt-container\"><p>A RallyClassics no ens oblidem dels Hist\u00f2rics.<br \/>\nAquest diumenge 27 torna el Classic Car Festival.<\/p>\n<p>A [&#8230;]<\/p>\n<\/div><\/p><\/article><\/div><\/section><\/div>\n<div class=\"title\"><h2>Informaci\u00f3 del 4t Classic Car Festival<\/h2><div class=\"title-sep-container\"><div class=\"title-sep\"><\/div><\/div><\/div>\n<p>El Classic Car Festival \u00e9s una iniciativa de 4 clubs de cl\u00e0ssics, que despr\u00e9s de 3 edicions amb \u00e8xit creixent, passa el testimoni a RallyClassics. Es tracta d&#8217;una jornada oberta a 100 vehicles hist\u00f2rics i cl\u00e0ssics (fins a l&#8217;any 1975), amb un esmorzar, dues rutes amb llibre de ruta, un dinar campestre, i una placa de record per a cada vehicle participant. El punt de trobada ser\u00e0 al Monestir de Sant Benet de Bages, on s&#8217;acreditaran els participants per entrar a l&#8217;esmorzar i briefing de l&#8217;esdeveniment. Les dues rutes (76 kms per als Hist\u00f2rics, i 115 kms per als Cl\u00e0ssics) tindran un llibre de ruta, que acaba de nou a Sant Benet. Al prat del monestir es far\u00e0 la foto de fam\u00edlia i el menjar campestre, amenitzada amb suau i agradable m\u00fasica en directe.<\/p>","protected":false},"excerpt":{"rendered":"<p>A RallyClassics no ens oblidem dels Hist\u00f2rics. Aquest diumenge 27 torna el Classic Car Festival. A les 9h00 ens trobarem a l&#8217;aparcament del Monestir Sant Benet, i a partir de [&#8230;]<\/p>\n","protected":false},"author":9192197,"featured_media":0,"parent":0,"menu_order":0,"comment_status":"closed","ping_status":"closed","template":"","meta":{"om_disable_all_campaigns":false,"_monsterinsights_skip_tracking":false,"_monsterinsights_sitenote_active":false,"_monsterinsights_sitenote_note":"","_monsterinsights_sitenote_category":0,"footnotes":""},"class_list":["post-15093","page","type-page","status-publish","hentry"],"aioseo_notices":[],"_links":{"self":[{"href":"https:\/\/rallyclassics.club\/ca\/wp-json\/wp\/v2\/pages\/15093","targetHints":{"allow":["GET"]}}],"collection":[{"href":"https:\/\/rallyclassics.club\/ca\/wp-json\/wp\/v2\/pages"}],"about":[{"href":"https:\/\/rallyclassics.club\/ca\/wp-json\/wp\/v2\/types\/page"}],"author":[{"embeddable":true,"href":"https:\/\/rallyclassics.club\/ca\/wp-json\/wp\/v2\/users\/9192197"}],"replies":[{"embeddable":true,"href":"https:\/\/rallyclassics.club\/ca\/wp-json\/wp\/v2\/comments?post=15093"}],"version-history":[{"count":11,"href":"https:\/\/rallyclassics.club\/ca\/wp-json\/wp\/v2\/pages\/15093\/revisions"}],"predecessor-version":[{"id":15183,"href":"https:\/\/rallyclassics.club\/ca\/wp-json\/wp\/v2\/pages\/15093\/revisions\/15183"}],"wp:attachment":[{"href":"https:\/\/rallyclassics.club\/ca\/wp-json\/wp\/v2\/media?parent=15093"}],"curies":[{"name":"wp","href":"https:\/\/api.w.org\/{rel}","templated":true}]}}