{"id":16725,"date":"2018-11-05T13:34:20","date_gmt":"2018-11-05T12:34:20","guid":{"rendered":"https:\/\/www.rallyclassics.club\/xv-rally-costa-brava-historic-copy\/"},"modified":"2019-02-05T19:37:03","modified_gmt":"2019-02-05T18:37:03","slug":"xvi-rally-costa-brava-historic","status":"publish","type":"page","link":"https:\/\/rallyclassics.club\/ca\/xvi-rally-costa-brava-historic\/","title":{"rendered":"XVI Rally Costa Brava Hist\u00f2ric"},"content":{"rendered":"<p><div class=\"title\"><h1>XVI Rally Costa Brava Hist\u00f2ric &#8211; 19-22\/4<\/h1><div class=\"title-sep-container\"><div class=\"title-sep\"><\/div><\/div><\/div><img loading=\"lazy\" decoding=\"async\" class=\"aligncenter size-full wp-image-2147\" src=\"\/wp-content\/uploads\/2018\/11\/xvi_rcbh_980x300.jpg\" alt=\"xiii_rcbh2015_980x300\" width=\"980\" height=\"300\" \/><\/p>\n<div class=\"title\"><h2>\u00daltimes not\u00edcies del XVI Rally Costa Brava Hist\u00f2ric<\/h2><div class=\"title-sep-container\"><div class=\"title-sep\"><\/div><\/div><\/div> <div class=\"avada-container\"><section class=\"columns columns-2\" style=\"width:100%\"><div class=\"holder\"><article class=\"col\"><div class=\"flexslider floated-post-slideshow\"><ul class=\"slides\"><li>\n\t\t\t\t\t<a href=\"https:\/\/rallyclassics.club\/ca\/recordamos-el-xvi-rally-costa-brava-historic\/\" rel=\"\"><img decoding=\"async\" src=\"https:\/\/rallyclassics.club\/wp-content\/uploads\/PORTDA-700x441.jpg\" alt=\"Recordem el XVI Rally Costa Brava Hist\u00f2ric\" \/><\/a>\n\t\t\t\t<\/li><\/ul>\n\t\t<\/div><h4><a href=\"https:\/\/rallyclassics.club\/ca\/recordamos-el-xvi-rally-costa-brava-historic\/\">Recordem el XVI Rally Costa Brava Hist\u00f2ric<\/a><\/h4><ul class=\"meta\"><li><em class=\"date\">29 de maig, 2020<\/em><\/li><\/ul><p><div class=\"excerpt-container\"><p>Quines ganes de tornar a viure l&#8217;emoci\u00f3 d&#8217;un ral\u00b7li, veritat? Amb aquestes fotos recordem [&#8230;]<\/p>\n<\/div><\/p><\/article><article class=\"col\"><div class=\"flexslider floated-post-slideshow\"><ul class=\"slides\"><li>\n\t\t\t\t\t<a href=\"https:\/\/rallyclassics.club\/ca\/xvii-rally-costa-brava-historic-en-5-meses\/\" rel=\"\"><img decoding=\"async\" src=\"https:\/\/rallyclassics.club\/wp-content\/uploads\/2020\/05\/Captura-de-pantalla-2020-05-16-a-las-10.36.20-700x441.png\" alt=\"XVII Rally Costa Brava Hist\u00f2ric, en 5 mesos!\" \/><\/a>\n\t\t\t\t<\/li><\/ul>\n\t\t<\/div><h4><a href=\"https:\/\/rallyclassics.club\/ca\/xvii-rally-costa-brava-historic-en-5-meses\/\">XVII Rally Costa Brava Hist\u00f2ric, en 5 mesos!<\/a><\/h4><ul class=\"meta\"><li><em class=\"date\">16 de maig, 2020<\/em><\/li><\/ul><p><div class=\"excerpt-container\"><p>Palam\u00f3s rebr\u00e0 del 15 al 18 d\u2019octubre la XVII edici\u00f3 del Rally Costa Brava [&#8230;]<\/p>\n<\/div><\/p><\/article><\/div><\/section><\/div>\n<div class=\"title\"><h2>RallyClassics TV<\/h2><div class=\"title-sep-container\"><div class=\"title-sep\"><\/div><\/div><\/div>\n<p><iframe id=\"ytplayer\" type=\"text\/html\" width=\"560\" height=\"315\"\nsrc=\"https:\/\/www.youtube.com\/embed\/AJ6zvCK4rzs?disablekb=1&#038;enablejsapi=1\"\nframeborder=\"0\" allowfullscreen><\/iframe><\/p>\n<div class=\"title\"><h2>Patrocinadors del XVI Rally Costa Brava Hist\u00f2ric<\/h2><div class=\"title-sep-container\"><div class=\"title-sep\"><\/div><\/div><\/div>\n<div class=\"related-posts related-projects clientslider-container\"><div id=\"carousel\" class=\"clients-carousel es-carousel-wrapper\"><div class=\"es-carousel\"><ul>\n<li><img decoding=\"async\" src=\"\/wp-content\/uploads\/2016\/11\/visit.jpg\" alt=\"\" \/><\/li>\n<li><img decoding=\"async\" src=\"\/wp-content\/uploads\/2016\/11\/palamos-gastronomia.jpg\" alt=\"\" \/><\/li>\n<li><img decoding=\"async\" src=\"\/wp-content\/uploads\/2016\/11\/palamos.jpg\" alt=\"\" \/><\/li>\n<li><img decoding=\"async\" src=\"\/wp-content\/uploads\/2014\/02\/logos_02.png\" alt=\"\" \/><\/li>\n<li><img decoding=\"async\" src=\"\/wp-content\/uploads\/2014\/02\/Untitled-3_02.png\" alt=\"\" \/><\/li>\n<li><img decoding=\"async\" src=\"\/wp-content\/uploads\/2018\/11\/moritz_150x100.jpg\" alt=\"\" \/><\/li>\n<li><img decoding=\"async\" src=\"\/wp-content\/uploads\/2019\/02\/catalunya.jpg\" alt=\"\" \/><\/li>\n<li><img decoding=\"async\" src=\"\/images\/patrocinadores\/sport.png\" alt=\"\" \/><\/li>\n<li><img decoding=\"async\" src=\"\/wp-content\/uploads\/2014\/02\/logos_2_01.png\" alt=\"\" \/><\/li>\n<li><img decoding=\"async\" src=\"\/wp-content\/uploads\/2015\/04\/logos_appsesor.png\" alt=\"\" \/><\/li>\n<li><img decoding=\"async\" src=\"\/wp-content\/uploads\/2014\/02\/logo_xternalia.jpg\" alt=\"\" \/><\/li>\n<li><img decoding=\"async\" src=\"\/wp-content\/uploads\/2014\/02\/logo_classiccover.jpg\" alt=\"\" \/><\/li>\n<li><img decoding=\"async\" src=\"\/wp-content\/uploads\/2014\/11\/logo_garatgeinternacional.jpg\" alt=\"\" \/><\/li>\n<li><img decoding=\"async\" src=\"\/wp-content\/uploads\/2016\/11\/logo-repeat.jpg\" alt=\"\" \/><\/li>\n<li><img decoding=\"async\" src=\"\/wp-content\/uploads\/2014\/02\/logo_nouonze.jpg\" alt=\"\" \/><\/li>\n<li><img decoding=\"async\" src=\"\/wp-content\/uploads\/2015\/03\/logo_suprametal.jpg\" alt=\"\" \/><\/li>\n<\/ul><div class=\"es-nav\"><span class=\"es-nav-prev\">Previous<\/span><span class=\"es-nav-next\">Next<\/span><\/div><\/div><\/div><\/div>\n<div class=\"title\"><h2>Informaci\u00f3 del XVI Rally Costa Brava Hist\u00f2ric<\/h2><div class=\"title-sep-container\"><div class=\"title-sep\"><\/div><\/div><\/div> El RALLY COSTA BRAVA HISTORIC celebrar\u00e0 la seva XV edici\u00f3 a la marinera vila de Palam\u00f3s, del 25 al 28 d&#8217;abril de 2019. Puntuable per al FIA Regularity Trophy, el ral\u00b7li de regularitat de cl\u00e0ssics tindr\u00e0 la seva base a l&#8217;Hotel Tr\u00edas, i les verificacions t\u00e8cniques es faran al port de la Marina de Palam\u00f3s. El recorregut ser\u00e0 d&#8217;uns 1.000 kms, i s&#8217;iniciar\u00e0 al p\u00f2dium del passeig Mar\u00edtim de Palam\u00f3s, el divendres 26 d&#8217;abril de 2019 a les 15h00. El lliurament de trofeus es far\u00e0 al mateix p\u00f2dium, durant el mat\u00ed del diumenge 28 d&#8217;abril de 2019.<\/p>","protected":false},"excerpt":{"rendered":"<p>Palam\u00f3s rebr\u00e0 del 15 al 18 d\u2019octubre la XVII edici\u00f3 del Rally Costa Brava Hist\u00f2ric.? Com a novetat principal, hi haur\u00e0 l\u2019etapa pr\u00f2leg el dijous 15 per la tarda i [&#8230;]<\/p>\n","protected":false},"author":2,"featured_media":0,"parent":0,"menu_order":0,"comment_status":"open","ping_status":"open","template":"","meta":{"om_disable_all_campaigns":false,"_monsterinsights_skip_tracking":false,"_monsterinsights_sitenote_active":false,"_monsterinsights_sitenote_note":"","_monsterinsights_sitenote_category":0,"footnotes":""},"class_list":["post-16725","page","type-page","status-publish","hentry"],"aioseo_notices":[],"_links":{"self":[{"href":"https:\/\/rallyclassics.club\/ca\/wp-json\/wp\/v2\/pages\/16725","targetHints":{"allow":["GET"]}}],"collection":[{"href":"https:\/\/rallyclassics.club\/ca\/wp-json\/wp\/v2\/pages"}],"about":[{"href":"https:\/\/rallyclassics.club\/ca\/wp-json\/wp\/v2\/types\/page"}],"author":[{"embeddable":true,"href":"https:\/\/rallyclassics.club\/ca\/wp-json\/wp\/v2\/users\/2"}],"replies":[{"embeddable":true,"href":"https:\/\/rallyclassics.club\/ca\/wp-json\/wp\/v2\/comments?post=16725"}],"version-history":[{"count":23,"href":"https:\/\/rallyclassics.club\/ca\/wp-json\/wp\/v2\/pages\/16725\/revisions"}],"predecessor-version":[{"id":16877,"href":"https:\/\/rallyclassics.club\/ca\/wp-json\/wp\/v2\/pages\/16725\/revisions\/16877"}],"wp:attachment":[{"href":"https:\/\/rallyclassics.club\/ca\/wp-json\/wp\/v2\/media?parent=16725"}],"curies":[{"name":"wp","href":"https:\/\/api.w.org\/{rel}","templated":true}]}}