{"id":16878,"date":"2018-11-06T18:51:37","date_gmt":"2018-11-06T17:51:37","guid":{"rendered":"https:\/\/www.rallyclassics.club\/xvi-rallye-dhivern-criterium-viladrau-copy\/"},"modified":"2019-02-20T18:22:33","modified_gmt":"2019-02-20T17:22:33","slug":"xvii-rallye-dhivern-criterium-viladrau","status":"publish","type":"page","link":"https:\/\/rallyclassics.club\/ca\/xvii-rallye-dhivern-criterium-viladrau\/","title":{"rendered":"XVII Rallye d\u2019Hivern-Criterium Viladrau"},"content":{"rendered":"<p><div class=\"title\"><h1>XVII Rallye d\u2019Hivern-Criterium Viladrau<\/h1><div class=\"title-sep-container\"><div class=\"title-sep\"><\/div><\/div><\/div><img decoding=\"async\" class=\"aligncenter size-full wp-image-1231\" src=\"\/wp-content\/uploads\/2018\/11\/xvii_hivern_980x300.jpg\" \/><\/p>\n<div class=\"title\"><h2>\u00daltimes Not\u00edcies del XVII Rallye d\u2019Hivern-Criterium Viladrau<\/h2><div class=\"title-sep-container\"><div class=\"title-sep\"><\/div><\/div><\/div> <div class=\"avada-container\"><section class=\"columns columns-2\" style=\"width:100%\"><div class=\"holder\"><article class=\"col\"><div class=\"flexslider floated-post-slideshow\"><ul class=\"slides\"><li>\n\t\t\t\t\t<a href=\"https:\/\/rallyclassics.club\/ca\/viladrau-bienvenida-temporada-xxii-rallye-hivern\/\" rel=\"\"><img decoding=\"async\" src=\"https:\/\/rallyclassics.club\/wp-content\/uploads\/2026\/01\/RHV26_RAF085804_-700x441.jpg\" alt=\"Viladrau dona la benvinguda a la temporada de motor amb el XXII Rallye d\u2019Hivern\" \/><\/a>\n\t\t\t\t<\/li><\/ul>\n\t\t<\/div><h4><a href=\"https:\/\/rallyclassics.club\/ca\/viladrau-bienvenida-temporada-xxii-rallye-hivern\/\">Viladrau dona la benvinguda a la temporada de motor amb el XXII Rallye d\u2019Hivern<\/a><\/h4><ul class=\"meta\"><li><em class=\"date\">19 de gener, 2026<\/em><\/li><\/ul><p><div class=\"excerpt-container\"><p> \tVuitanta-cinc equips omplen Viladrau en el primer rally de regularitat per a vehicles [&#8230;]<\/p>\n<\/div><\/p><\/article><article class=\"col\"><div class=\"flexslider floated-post-slideshow\"><ul class=\"slides\"><li>\n\t\t\t\t\t<a href=\"https:\/\/rallyclassics.club\/ca\/calendario-2025-rallyclassics\/\" rel=\"\"><img decoding=\"async\" src=\"https:\/\/rallyclassics.club\/wp-content\/uploads\/2025\/01\/RC_Calendario2025_ES____-700x441.jpg\" alt=\"Presentem el calendari 2025 de RallyClassics!\" \/><\/a>\n\t\t\t\t<\/li><\/ul>\n\t\t<\/div><h4><a href=\"https:\/\/rallyclassics.club\/ca\/calendario-2025-rallyclassics\/\">Presentem el calendari 2025 de RallyClassics!<\/a><\/h4><ul class=\"meta\"><li><em class=\"date\">15 de gener, 2025<\/em><\/li><\/ul><p><div class=\"excerpt-container\"><p>En RallyClassics ya hemos arrancado la temporada 2025, con muchas ganas de seguir ofreciendo [&#8230;]<\/p>\n<\/div><\/p><\/article><\/div><\/section><\/div>\n<div class=\"title\"><h2>Patrocinadors del XVII Rallye d\u2019Hivern-Criterium Viladrau<\/h2><div class=\"title-sep-container\"><div class=\"title-sep\"><\/div><\/div><\/div>\n<div class=\"related-posts related-projects clientslider-container\"><div id=\"carousel\" class=\"clients-carousel es-carousel-wrapper\"><div class=\"es-carousel\"><ul>\n<li><a href=\"#\" target=\"_self\"><img decoding=\"async\" src=\"\/wp-content\/uploads\/2014\/02\/logos_2_03.png\" alt=\"\" \/><\/a><\/li>\n<li><a href=\"#\" target=\"_self\"><img decoding=\"async\" src=\"\/wp-content\/uploads\/2015\/12\/100-anys-e1510164531460.jpg\" alt=\"\" \/><\/a><\/li>\n<li><a href=\"#\" target=\"_self\"><img decoding=\"async\" src=\"\/wp-content\/uploads\/2014\/02\/logos_2_01.png\" alt=\"\" \/><\/a><\/li>\n<li><a href=\"#\" target=\"_self\"><img decoding=\"async\" src=\"\/wp-content\/uploads\/2014\/02\/logos_02.png\" alt=\"\" \/><\/a><\/li>\n<li><a href=\"#\" target=\"_self\"><img decoding=\"async\" src=\"\/wp-content\/uploads\/2014\/02\/logo_classiccover.jpg\" alt=\"\" \/><\/a><\/li>\n<li><a href=\"#\" target=\"_self\"><img decoding=\"async\" src=\"\/wp-content\/uploads\/2014\/11\/logo_garatgeinternacional.jpg\" alt=\"\" \/><\/a><\/li>\n<li><a href=\"#\" target=\"_self\"><img decoding=\"async\" src=\"\/wp-content\/uploads\/2015\/03\/logo_suprametal.jpg\" alt=\"\" \/><\/a><\/li>\n<li><a href=\"#\" target=\"_self\"><img decoding=\"async\" src=\"\/wp-content\/uploads\/2015\/04\/logos_appsesor.png\" alt=\"\" \/><\/a><\/li>\n<li><a href=\"#\" target=\"_self\"><img decoding=\"async\" src=\"\/wp-content\/uploads\/2016\/11\/logo-repeat.jpg\" alt=\"\" \/><\/a><\/li>\n<\/ul><div class=\"es-nav\"><span class=\"es-nav-prev\">Previous<\/span><span class=\"es-nav-next\">Next<\/span><\/div><\/div><\/div><\/div>\n<div class=\"title\"><h2>YouTube<\/h2><div class=\"title-sep-container\"><div class=\"title-sep\"><\/div><\/div><\/div>\n<iframe loading=\"lazy\" src=\"https:\/\/www.youtube.com\/embed\/0yZgcKLFFwY\" width=\"560\" height=\"315\" frameborder=\"0\" allowfullscreen=\"allowfullscreen\"><\/iframe><\/p>\n<div class=\"title\"><h2>Informaci\u00f3 del XVI Rallye d\u2019Hivern-Criterium Viladrau<\/h2><div class=\"title-sep-container\"><div class=\"title-sep\"><\/div><\/div><\/div> El Rallye d&#8217;Hivern arriba a la seva dissetena edici\u00f3, sent la prova que va iniciar el cam\u00ed de RallyClassics com a club organitzador, un 14 de desembre de 2002. Salt va ser seu de l&#8217;Hivern fins que el ral\u00b7li es va traslladar dos anys a Andorra (2010 i 2011 ), a la recerca del &#8220;m\u00e9s dif\u00edcil encara&#8221;, per tornar a Viladrau, on s&#8217;han celebrat les \u00faltimes edicions. El 2019 el Rallye d&#8217;Hivern &#8211; Crit\u00e8rium Viladrau es\u00a0celebrar\u00e0 el 12 de gener, sent la primera prova de regularitat del calendari.<\/p>","protected":false},"excerpt":{"rendered":"<p>En RallyClassics ya hemos arrancado la temporada 2025, con muchas ganas de seguir ofreciendo las mejores experiencias a bordo de veh\u00edculos cl\u00e1sicos. Tras el \u00e9xito del reciente XXI Rallye d&#8217;Hivern, [&#8230;]<\/p>\n","protected":false},"author":2,"featured_media":0,"parent":0,"menu_order":0,"comment_status":"open","ping_status":"open","template":"","meta":{"om_disable_all_campaigns":false,"_monsterinsights_skip_tracking":false,"_monsterinsights_sitenote_active":false,"_monsterinsights_sitenote_note":"","_monsterinsights_sitenote_category":0,"footnotes":""},"class_list":["post-16878","page","type-page","status-publish","hentry"],"aioseo_notices":[],"_links":{"self":[{"href":"https:\/\/rallyclassics.club\/ca\/wp-json\/wp\/v2\/pages\/16878","targetHints":{"allow":["GET"]}}],"collection":[{"href":"https:\/\/rallyclassics.club\/ca\/wp-json\/wp\/v2\/pages"}],"about":[{"href":"https:\/\/rallyclassics.club\/ca\/wp-json\/wp\/v2\/types\/page"}],"author":[{"embeddable":true,"href":"https:\/\/rallyclassics.club\/ca\/wp-json\/wp\/v2\/users\/2"}],"replies":[{"embeddable":true,"href":"https:\/\/rallyclassics.club\/ca\/wp-json\/wp\/v2\/comments?post=16878"}],"version-history":[{"count":5,"href":"https:\/\/rallyclassics.club\/ca\/wp-json\/wp\/v2\/pages\/16878\/revisions"}],"predecessor-version":[{"id":16892,"href":"https:\/\/rallyclassics.club\/ca\/wp-json\/wp\/v2\/pages\/16878\/revisions\/16892"}],"wp:attachment":[{"href":"https:\/\/rallyclassics.club\/ca\/wp-json\/wp\/v2\/media?parent=16878"}],"curies":[{"name":"wp","href":"https:\/\/api.w.org\/{rel}","templated":true}]}}