{"id":177,"date":"2014-02-13T09:17:00","date_gmt":"2014-02-13T09:17:00","guid":{"rendered":"https:\/\/www.rallyclassics.club\/classic-series-2\/"},"modified":"2015-07-08T18:57:55","modified_gmt":"2015-07-08T16:57:55","slug":"rally-costa-brava-historic","status":"publish","type":"page","link":"https:\/\/rallyclassics.club\/ca\/rally-costa-brava-historic\/","title":{"rendered":"Rally Costa Brava Hist\u00f2ric"},"content":{"rendered":"<p><div class=\"title\"><h1> XI Rally Costa Brava Hist\u00f2ric &#8211; 2\/5 Octubre<\/h1><div class=\"title-sep-container\"><div class=\"title-sep\"><\/div><\/div><\/div><img loading=\"lazy\" decoding=\"async\" width=\"980\" height=\"380\" class=\"alignnone size-full wp-image-405\" src=\"https:\/\/www.rallyclassics.club\/wp-content\/uploads\/2014\/02\/xircbh980x380.jpg\" alt=\"xircbh980x380\" srcset=\"https:\/\/rallyclassics.club\/wp-content\/uploads\/2014\/02\/xircbh980x380.jpg 980w, https:\/\/rallyclassics.club\/wp-content\/uploads\/2014\/02\/xircbh980x380-300x116.jpg 300w\" sizes=\"auto, (max-width: 980px) 100vw, 980px\" \/><\/p>\n<div class=\"title\"><h2>\u00daltimas Noticias del Rally Costa Brava Hist\u00f2ric<\/h2><div class=\"title-sep-container\"><div class=\"title-sep\"><\/div><\/div><\/div> <div class=\"avada-container\"><section class=\"columns columns-2\" style=\"width:100%\"><div class=\"holder\"><article class=\"col\"><div class=\"flexslider floated-post-slideshow\"><ul class=\"slides\"><li>\n\t\t\t\t\t<a href=\"https:\/\/rallyclassics.club\/ca\/classic-cover-un-clasico-de-la-seguridad\/\" rel=\"\"><img decoding=\"async\" src=\"https:\/\/rallyclassics.club\/wp-content\/uploads\/2016\/12\/CC.jpg\" alt=\"Classic Cover, un cl\u00e0ssic de la seguretat\" \/><\/a>\n\t\t\t\t<\/li><\/ul>\n\t\t<\/div><h4><a href=\"https:\/\/rallyclassics.club\/ca\/classic-cover-un-clasico-de-la-seguridad\/\">Classic Cover, un cl\u00e0ssic de la seguretat<\/a><\/h4><ul class=\"meta\"><li><em class=\"date\">9 de gener, 2017<\/em><\/li><\/ul><p><div class=\"excerpt-container\"><p>L&#8217;inici de la relaci\u00f3 entre el Club RallyClassics i la companyia asseguradora Classic Cover [&#8230;]<\/p>\n<\/div><\/p><\/article><article class=\"col\"><div class=\"flexslider floated-post-slideshow\"><ul class=\"slides\"><li>\n\t\t\t\t\t<a href=\"https:\/\/rallyclassics.club\/ca\/palamos-nueva-sede-del-rally-costa-brava-historic\/\" rel=\"\"><img decoding=\"async\" src=\"https:\/\/rallyclassics.club\/wp-content\/uploads\/2016\/10\/PA010073-700x441.jpg\" alt=\"Palam\u00f3s, nova seu del Rally Costa Brava Hist\u00f2ric\" \/><\/a>\n\t\t\t\t<\/li><\/ul>\n\t\t<\/div><h4><a href=\"https:\/\/rallyclassics.club\/ca\/palamos-nueva-sede-del-rally-costa-brava-historic\/\">Palam\u00f3s, nova seu del Rally Costa Brava Hist\u00f2ric<\/a><\/h4><ul class=\"meta\"><li><em class=\"date\">11 d'octubre, 2016<\/em><\/li><\/ul><p><div class=\"excerpt-container\"><p>Aquesta prova automobil\u00edstica que t\u00e9 lloc el mes d\u2019abril, \u00e9s puntuable pel campionat europeu [&#8230;]<\/p>\n<\/div><\/p><\/article><\/div><\/section><\/div>\n<div class=\"title\"><h2>V\u00eddeo del Rally Costa Brava Hist\u00f2ric<\/h2><div class=\"title-sep-container\"><div class=\"title-sep\"><\/div><\/div><\/div>\n<p><iframe loading=\"lazy\" width=\"500\" height=\"281\" src=\"\/\/www.youtube.com\/embed\/QJzltFx6lic?rel=0\" frameborder=\"0\" allowfullscreen><\/iframe><\/p>\n<div class=\"title\"><h2>Patrocinadores del Rally Costa Brava Hist\u00f2ric<\/h2><div class=\"title-sep-container\"><div class=\"title-sep\"><\/div><\/div><\/div> <div class=\"related-posts related-projects clientslider-container\"><div id=\"carousel\" class=\"clients-carousel es-carousel-wrapper\"><div class=\"es-carousel\"><ul><li><a href=\"#\" target=\"_self\"><img decoding=\"async\" src=\"https:\/\/www.rallyclassics.club\/wp-content\/uploads\/2014\/07\/tricentenari.jpg\" alt=\"\" \/><\/a><\/li><li><a href=\"#\" target=\"_self\"><img decoding=\"async\" src=\"https:\/\/www.rallyclassics.club\/wp-content\/uploads\/2014\/02\/logos_01.png\" alt=\"\" \/><\/a><\/li><li><a href=\"#\" target=\"_self\"><img decoding=\"async\" src=\"https:\/\/www.rallyclassics.club\/wp-content\/uploads\/2014\/02\/logos_02.png\" alt=\"\" \/><\/a><\/li><li><a href=\"#\" target=\"_self\"><img decoding=\"async\" src=\"https:\/\/www.rallyclassics.club\/wp-content\/uploads\/2014\/02\/Untitled-3_02.png\" alt=\"\" \/><\/a><\/li><li><a href=\"#\" target=\"_self\"><img decoding=\"async\" src=\"https:\/\/www.rallyclassics.club\/wp-content\/uploads\/2014\/02\/logos_2_01.png\" alt=\"\" \/><\/a><\/li><\/ul><div class=\"es-nav\"><span class=\"es-nav-prev\">Previous<\/span><span class=\"es-nav-next\">Next<\/span><\/div><\/div><\/div><\/div>  <div class=\"title\"><h2>Informaci\u00f3 del Rally Costa Brava Hist\u00f2ric<\/h2><div class=\"title-sep-container\"><div class=\"title-sep\"><\/div><\/div><\/div> El RALLY COSTA BRAVA HISTORIC celebrar\u00e0 la seva XII edici\u00f3 amb magnific\u00e8ncia: una participaci\u00f3 de luxe (molts cotxes estrangers i els millors equips nacionals), la base-HQ a l&#8217;Hotel RIGAT (5 estrelles), una gastronomia d&#8217;alt nivell (inclosa una estrella Michelin), un recorregut exigent i divertit (uns 1.500 kms i uns 40 trams), el patrocini i la caravana de seguretat de BMW. Lloret de Mar tornar\u00e0 a ser la capital del motor, amb el seu Village al passeig mar\u00edtim, el tram espectacle del Water-World, i una gran festa de clausura al Rigat.<\/p>","protected":false},"excerpt":{"rendered":"<p>Aquesta prova automobil\u00edstica que t\u00e9 lloc el mes d\u2019abril, \u00e9s puntuable pel campionat europeu d\u2019aquesta especialitat i compta amb la participaci\u00f3 dels principals equips del m\u00f3n. Palam\u00f3s acollir\u00e0, entre altres, [&#8230;]<\/p>\n","protected":false},"author":2,"featured_media":0,"parent":0,"menu_order":0,"comment_status":"open","ping_status":"open","template":"","meta":{"om_disable_all_campaigns":false,"_monsterinsights_skip_tracking":false,"_monsterinsights_sitenote_active":false,"_monsterinsights_sitenote_note":"","_monsterinsights_sitenote_category":0,"footnotes":""},"class_list":["post-177","page","type-page","status-publish","hentry"],"aioseo_notices":[],"_links":{"self":[{"href":"https:\/\/rallyclassics.club\/ca\/wp-json\/wp\/v2\/pages\/177","targetHints":{"allow":["GET"]}}],"collection":[{"href":"https:\/\/rallyclassics.club\/ca\/wp-json\/wp\/v2\/pages"}],"about":[{"href":"https:\/\/rallyclassics.club\/ca\/wp-json\/wp\/v2\/types\/page"}],"author":[{"embeddable":true,"href":"https:\/\/rallyclassics.club\/ca\/wp-json\/wp\/v2\/users\/2"}],"replies":[{"embeddable":true,"href":"https:\/\/rallyclassics.club\/ca\/wp-json\/wp\/v2\/comments?post=177"}],"version-history":[{"count":25,"href":"https:\/\/rallyclassics.club\/ca\/wp-json\/wp\/v2\/pages\/177\/revisions"}],"predecessor-version":[{"id":6372,"href":"https:\/\/rallyclassics.club\/ca\/wp-json\/wp\/v2\/pages\/177\/revisions\/6372"}],"wp:attachment":[{"href":"https:\/\/rallyclassics.club\/ca\/wp-json\/wp\/v2\/media?parent=177"}],"curies":[{"name":"wp","href":"https:\/\/api.w.org\/{rel}","templated":true}]}}