{"id":183,"date":"2014-02-13T09:17:00","date_gmt":"2014-02-13T09:17:00","guid":{"rendered":"https:\/\/www.rallyclassics.club\/rallye-hivern-viladrau-2\/"},"modified":"2014-12-12T14:15:21","modified_gmt":"2014-12-12T12:15:21","slug":"volta-catalunya","status":"publish","type":"page","link":"https:\/\/rallyclassics.club\/ca\/volta-catalunya\/","title":{"rendered":"Volta Catalunya"},"content":{"rendered":"<p><div class=\"title\"><h1>XXX Volta Catalunya &#8211; 13\/15 Juny<\/h1><div class=\"title-sep-container\"><div class=\"title-sep\"><\/div><\/div><\/div><img loading=\"lazy\" decoding=\"async\" class=\"alignnone size-full wp-image-305\" src=\"https:\/\/www.rallyclassics.club\/wp-content\/uploads\/2014\/02\/xxx_volta_980x380.jpg\" alt=\"xxx_volta_980x380\" width=\"980\" height=\"380\" srcset=\"https:\/\/rallyclassics.club\/wp-content\/uploads\/2014\/02\/xxx_volta_980x380.jpg 980w, https:\/\/rallyclassics.club\/wp-content\/uploads\/2014\/02\/xxx_volta_980x380-300x116.jpg 300w\" sizes=\"auto, (max-width: 980px) 100vw, 980px\" \/><div class=\"title\"><h2>\u00daltimes Not\u00edcies de la Volta Catalunya<\/h2><div class=\"title-sep-container\"><div class=\"title-sep\"><\/div><\/div><\/div> <div class=\"avada-container\"><section class=\"columns columns-2\" style=\"width:100%\"><div class=\"holder\"><article class=\"col\"><div class=\"flexslider floated-post-slideshow\"><ul class=\"slides\"><li>\n\t\t\t\t\t<a href=\"https:\/\/rallyclassics.club\/ca\/revivimos-la-volta-catalunya-chopard-rally\/\" rel=\"\"><img decoding=\"async\" src=\"https:\/\/rallyclassics.club\/wp-content\/uploads\/chopard3-700x441.jpg\" alt=\"Revivim La Volta Catalunya-Chopard Rally\" \/><\/a>\n\t\t\t\t<\/li><\/ul>\n\t\t<\/div><h4><a href=\"https:\/\/rallyclassics.club\/ca\/revivimos-la-volta-catalunya-chopard-rally\/\">Revivim La Volta Catalunya-Chopard Rally<\/a><\/h4><ul class=\"meta\"><li><em class=\"date\">2 de juliol, 2020<\/em><\/li><\/ul><p><div class=\"excerpt-container\"><p>Avui volem reviure La Volta Catalunya-Chopard Rally, una prova itinerant que tenim el privilegi [&#8230;]<\/p>\n<\/div><\/p><\/article><article class=\"col\"><div class=\"flexslider floated-post-slideshow\"><ul class=\"slides\"><li>\n\t\t\t\t\t<a href=\"https:\/\/rallyclassics.club\/ca\/grandes-recuerdos-del-2o-chopard-rally\/\" rel=\"\"><img decoding=\"async\" src=\"https:\/\/rallyclassics.club\/wp-content\/uploads\/2019\/06\/Captura-de-pantalla-2019-06-13-a-les-10.12.10.png\" alt=\"Grans records del 2\u00ba Chopard Rally\" \/><\/a>\n\t\t\t\t<\/li><\/ul>\n\t\t<\/div><h4><a href=\"https:\/\/rallyclassics.club\/ca\/grandes-recuerdos-del-2o-chopard-rally\/\">Grans records del 2\u00ba Chopard Rally<\/a><\/h4><ul class=\"meta\"><li><em class=\"date\">13 de juny, 2019<\/em><\/li><\/ul><p><div class=\"excerpt-container\"><p>Fant\u00e0stiques joies cl\u00e0ssiques s&#8217;ajuntaven el passat divendres 24 de maig per donar comen\u00e7ament al [&#8230;]<\/p>\n<\/div><\/p><\/article><\/div><\/section><\/div><div class=\"title\"><h2>Informaci\u00f3 de la Volta Catalunya<\/h2><div class=\"title-sep-container\"><div class=\"title-sep\"><\/div><\/div><\/div> La VOLTA CATALUNYA celebrar\u00e0 la seva 30\u00aa edici\u00f3, en la bella poblaci\u00f3 de Ll\u00edvia. La petita poblaci\u00f3 es volca en aquest event, i els participants podr\u00e0n disfrutar una edici\u00f3 m\u00e9s, d&#8217;una Volta molt tur\u00edstica i gastron\u00f2mica. Limitat a 25 participants, la base del rally, ser\u00e0 a l&#8217;Hotel Bernat de So. Informaci\u00f3 i reserves <em><strong><a title=\"Hotel Bernat de So - Ll\u00edvia\" href=\"http:\/\/www.hotelbernatdeso.com\/es\/hotel.php\" target=\"_blank\">aqu\u00ed. <\/a><\/strong><\/em><\/p>","protected":false},"excerpt":{"rendered":"<p>Fant\u00e0stiques joies cl\u00e0ssiques s&#8217;ajuntaven el passat divendres 24 de maig per donar comen\u00e7ament al 2n Chopard Ral\u00b7li i gaudir d&#8217;un cap de setmana d&#8217;excel\u00b7l\u00e8ncia, amb concursos d&#8217;eleg\u00e0ncia, regularitat, habilitat i [&#8230;]<\/p>\n","protected":false},"author":2,"featured_media":0,"parent":0,"menu_order":0,"comment_status":"open","ping_status":"open","template":"","meta":{"om_disable_all_campaigns":false,"_monsterinsights_skip_tracking":false,"_monsterinsights_sitenote_active":false,"_monsterinsights_sitenote_note":"","_monsterinsights_sitenote_category":0,"footnotes":""},"class_list":["post-183","page","type-page","status-publish","hentry"],"aioseo_notices":[],"_links":{"self":[{"href":"https:\/\/rallyclassics.club\/ca\/wp-json\/wp\/v2\/pages\/183","targetHints":{"allow":["GET"]}}],"collection":[{"href":"https:\/\/rallyclassics.club\/ca\/wp-json\/wp\/v2\/pages"}],"about":[{"href":"https:\/\/rallyclassics.club\/ca\/wp-json\/wp\/v2\/types\/page"}],"author":[{"embeddable":true,"href":"https:\/\/rallyclassics.club\/ca\/wp-json\/wp\/v2\/users\/2"}],"replies":[{"embeddable":true,"href":"https:\/\/rallyclassics.club\/ca\/wp-json\/wp\/v2\/comments?post=183"}],"version-history":[{"count":7,"href":"https:\/\/rallyclassics.club\/ca\/wp-json\/wp\/v2\/pages\/183\/revisions"}],"predecessor-version":[{"id":2088,"href":"https:\/\/rallyclassics.club\/ca\/wp-json\/wp\/v2\/pages\/183\/revisions\/2088"}],"wp:attachment":[{"href":"https:\/\/rallyclassics.club\/ca\/wp-json\/wp\/v2\/media?parent=183"}],"curies":[{"name":"wp","href":"https:\/\/api.w.org\/{rel}","templated":true}]}}