{"id":21082,"date":"2019-08-27T19:25:51","date_gmt":"2019-08-27T18:25:51","guid":{"rendered":"https:\/\/www.rallyclassics.club\/6hendurlarity2018-copy\/"},"modified":"2019-09-04T23:05:20","modified_gmt":"2019-09-04T22:05:20","slug":"6hendurlarity2019","status":"publish","type":"page","link":"https:\/\/rallyclassics.club\/ca\/6hendurlarity2019\/","title":{"rendered":"6h Endurlarity 2019 &#8211; 6 Hores de Resist\u00e8ncia i Regularitat en circuit per a cotxes cl\u00e0ssics"},"content":{"rendered":"<p><div class=\"title\"><h1>6h ENDURLARITY Parcmotor 2019<\/h1><div class=\"title-sep-container\"><div class=\"title-sep\"><\/div><\/div><\/div>\n<img loading=\"lazy\" decoding=\"async\" class=\"alignnone size-full wp-image-301\" src=\"\/wp-content\/uploads\/2019\/09\/6h_endurlarity2019_Parcmotor_16nov_980x300B.jpg\" alt=\"ClassicSeries2018\" width=\"1687\" height=\"1181\" \/><\/p>\n<p><center><br \/>\n<div class=\"title\"><h2>LIVE RESULTS<\/h2><div class=\"title-sep-container\"><div class=\"title-sep\"><\/div><\/div><\/div>\n<div class=\"one_half\">\n<a class=\"button-3 button large default\" title=\"\" href=\"http:\/\/crono.rallyclassics.net\/Default2.aspx\" target=\"_self\">Vuelta a Vuelta<\/a>\n<\/div>\n<div class=\"one_half last\">\n<a class=\"button-4 button large default\" title=\"\" href=\"http:\/\/crono.rallyclassics.net\/Default3.aspx\" target=\"_self\">Clasificacion General<\/a>\n<\/div><div class=\"clearboth\"><\/div>\n<\/center><br \/>\n&nbsp;<br \/>\n<\/p>\n<div class=\"title\"><h2>\u00daltimes Not\u00edcies de les 6h EndurLarity<\/h2><div class=\"title-sep-container\"><div class=\"title-sep\"><\/div><\/div><\/div>\n<div class=\"avada-container\"><section class=\"columns columns-2\" style=\"width:100%\"><div class=\"holder\"><article class=\"col\"><div class=\"flexslider floated-post-slideshow\"><ul class=\"slides\"><li>\n\t\t\t\t\t<a href=\"https:\/\/rallyclassics.club\/ca\/llegan-las-6h-endurlarity-by-rallyclassics-el-16-de-noviembre-en-parcmotor\/\" rel=\"\"><img decoding=\"async\" src=\"https:\/\/rallyclassics.club\/wp-content\/uploads\/2019\/10\/unnamed-3-700x441.jpg\" alt=\"Arriben les 6h EndurLarity by RallyClassics, el 16 de novembre a Parcmotor\" \/><\/a>\n\t\t\t\t<\/li><\/ul>\n\t\t<\/div><h4><a href=\"https:\/\/rallyclassics.club\/ca\/llegan-las-6h-endurlarity-by-rallyclassics-el-16-de-noviembre-en-parcmotor\/\">Arriben les 6h EndurLarity by RallyClassics, el 16 de novembre a Parcmotor<\/a><\/h4><ul class=\"meta\"><li><em class=\"date\">28 d'octubre, 2019<\/em><\/li><\/ul><p><div class=\"excerpt-container\"><p>Despr\u00e9s de finalitzar les Porsche Classic Series, fem una parada a boxes abans de [&#8230;]<\/p>\n<\/div><\/p><\/article><article class=\"col\"><div class=\"flexslider floated-post-slideshow\"><ul class=\"slides\"><li>\n\t\t\t\t\t<a href=\"https:\/\/rallyclassics.club\/ca\/conversaciones-de-boxes\/\" rel=\"\"><img decoding=\"async\" src=\"https:\/\/rallyclassics.club\/wp-content\/uploads\/2019\/07\/unnamed-6-700x441.jpg\" alt=\"Converses de Boxes\" \/><\/a>\n\t\t\t\t<\/li><\/ul>\n\t\t<\/div><h4><a href=\"https:\/\/rallyclassics.club\/ca\/conversaciones-de-boxes\/\">Converses de Boxes<\/a><\/h4><ul class=\"meta\"><li><em class=\"date\">19 de juliol, 2019<\/em><\/li><\/ul><p><div class=\"excerpt-container\"><p>T\u00edpica conversa de Boxes:<br \/>\n&#8211; De deb\u00f2 no saps qu\u00e8 significa EndurLarity?<br \/>\n+ T&#8217;he dit que [&#8230;]<\/p>\n<\/div><\/p><\/article><\/div><\/section><\/div>\n<div class=\"title\"><h2>Informaci\u00f3 de les 6h EndurLarity 2019<\/h2><div class=\"title-sep-container\"><div class=\"title-sep\"><\/div><\/div><\/div>\nENDURLARITY By RallyClassics \u00e9s una f\u00f3rmula molt nova que uneix regularitat i resist\u00e8ncia en circuit. Sota aquesta f\u00f3rmula per a vehicles cl\u00e0ssics i youngtimers, on cadasc\u00fa roda al ritme que lliurement tri\u00ef, s&#8217;organitzen les 6H ENDURLARITY de Parcmotor. Els principals atractius s\u00f3n poder compartir equip (amb diversos pilots, copilots, i fins a 2 cotxes), i fer menys llarga l&#8217;espera entre la Final de les Porsche Classic Series i la primera cita de la seg\u00fcent temporada.<\/p>","protected":false},"excerpt":{"rendered":"<p>T\u00edpica conversa de Boxes: &#8211; De deb\u00f2 no saps qu\u00e8 significa EndurLarity? + T&#8217;he dit que no s\u00e9 angl\u00e8s. &#8211; Doncs surt d&#8217;ajuntar Endurance (resist\u00e8ncia) amb Regularity (regularitat): En-dur-la-ri-ty. + [&#8230;]<\/p>\n","protected":false},"author":9192197,"featured_media":0,"parent":0,"menu_order":0,"comment_status":"closed","ping_status":"closed","template":"","meta":{"om_disable_all_campaigns":false,"_monsterinsights_skip_tracking":false,"_monsterinsights_sitenote_active":false,"_monsterinsights_sitenote_note":"","_monsterinsights_sitenote_category":0,"footnotes":""},"class_list":["post-21082","page","type-page","status-publish","hentry"],"aioseo_notices":[],"_links":{"self":[{"href":"https:\/\/rallyclassics.club\/ca\/wp-json\/wp\/v2\/pages\/21082","targetHints":{"allow":["GET"]}}],"collection":[{"href":"https:\/\/rallyclassics.club\/ca\/wp-json\/wp\/v2\/pages"}],"about":[{"href":"https:\/\/rallyclassics.club\/ca\/wp-json\/wp\/v2\/types\/page"}],"author":[{"embeddable":true,"href":"https:\/\/rallyclassics.club\/ca\/wp-json\/wp\/v2\/users\/9192197"}],"replies":[{"embeddable":true,"href":"https:\/\/rallyclassics.club\/ca\/wp-json\/wp\/v2\/comments?post=21082"}],"version-history":[{"count":4,"href":"https:\/\/rallyclassics.club\/ca\/wp-json\/wp\/v2\/pages\/21082\/revisions"}],"predecessor-version":[{"id":21124,"href":"https:\/\/rallyclassics.club\/ca\/wp-json\/wp\/v2\/pages\/21082\/revisions\/21124"}],"wp:attachment":[{"href":"https:\/\/rallyclassics.club\/ca\/wp-json\/wp\/v2\/media?parent=21082"}],"curies":[{"name":"wp","href":"https:\/\/api.w.org\/{rel}","templated":true}]}}