{"id":21418,"date":"2019-09-28T11:25:15","date_gmt":"2019-09-28T10:25:15","guid":{"rendered":"https:\/\/www.rallyclassics.club\/67-rally-moritz-costa-brava-copy\/"},"modified":"2020-03-17T16:05:22","modified_gmt":"2020-03-17T15:05:22","slug":"68-rally-costa-brava","status":"publish","type":"page","link":"https:\/\/rallyclassics.club\/ca\/68-rally-costa-brava\/","title":{"rendered":"68 Rally Costa Brava 2020"},"content":{"rendered":"<p><div class=\"title\"><h1>68 Rally Costa Brava<\/h1><div class=\"title-sep-container\"><div class=\"title-sep\"><\/div><\/div><\/div><img loading=\"lazy\" decoding=\"async\" class=\"alignnone size-full wp-image-308\" src=\"\/wp-content\/uploads\/2020\/02\/68rcb_980x300cc.jpg\" alt=\"68 Rally Costa Brava\" width=\"980\" height=\"380\" \/><br \/>\n&nbsp;<\/p>\n<p><!--\n\n\n<p style=\"text-align: center;\">[button link=\"https:\/\/www.rallyclassics.club\/pre-inscripcion-68-rally-costa-brava\/\" color=\"\" target=\"_blank\" size=\"large\" type=\"flat\" shape=\"pill\" title=\"\" gradient_colors=\"\" gradient_hover_colors=\"\" accent_color=\"\" accent_hover_color=\"\" bevel_color=\"\" border_width=\"\" shadow=\"no\" icon=\"\" icon_divider=\"\" icon_position=\"\" modal=\"\" animation_type=\"\" animation_direction=\"\" animation_speed=\"\" class=\"\" id=\"\"]Pre-Inscripci\u00f2 68 Rally Costa Brava[\/button]\n\n\n\n\n<p style=\"text-align: center;\">[button link=\"https:\/\/www.rallyclassics.club\/pre-inscripciones-provisionales-68-rally-costa-brava\/\" color=\"\" target=\"_blank\" size=\"large\" type=\"flat\" shape=\"pill\" title=\"\" gradient_colors=\"\" gradient_hover_colors=\"\" accent_color=\"\" accent_hover_color=\"\" bevel_color=\"\" border_width=\"\" shadow=\"no\" icon=\"\" icon_divider=\"\" icon_position=\"\" modal=\"\" animation_type=\"\" animation_direction=\"\" animation_speed=\"\" class=\"\" id=\"\"]Pre-Inscripcions Rebudes[\/button]\n\n--><br \/>\n&nbsp;<\/p>\n<p>&nbsp;<\/p>\n<div class=\"title\"><h2>RallyClassicsTV<\/h2><div class=\"title-sep-container\"><div class=\"title-sep\"><\/div><\/div><\/div>\n<iframe loading=\"lazy\" src=\"https:\/\/www.youtube.com\/embed\/CjzAOfd4crI\" width=\"560\" height=\"315\" frameborder=\"0\" allowfullscreen=\"allowfullscreen\"><\/iframe><\/p>\n<div class=\"title\"><h2>\u00daltimes noticies<\/h2><div class=\"title-sep-container\"><div class=\"title-sep\"><\/div><\/div><\/div> <div class=\"avada-container\"><section class=\"columns columns-2\" style=\"width:100%\"><div class=\"holder\"><article class=\"col\"><div class=\"flexslider floated-post-slideshow\"><ul class=\"slides\"><li>\n\t\t\t\t\t<a href=\"https:\/\/rallyclassics.club\/ca\/los-mejores-recopilatorios-en-nuestro-canal-de-youtube\/\" rel=\"\"><img decoding=\"async\" src=\"https:\/\/rallyclassics.club\/wp-content\/uploads\/2020\/04\/Captura-de-pantalla-2020-04-04-a-las-11.17.29-700x441.png\" alt=\"Els millors recopilatoris al nostre canal de #Youtube\" \/><\/a>\n\t\t\t\t<\/li><\/ul>\n\t\t<\/div><h4><a href=\"https:\/\/rallyclassics.club\/ca\/los-mejores-recopilatorios-en-nuestro-canal-de-youtube\/\">Els millors recopilatoris al nostre canal de #Youtube<\/a><\/h4><ul class=\"meta\"><li><em class=\"date\">4 d'abril, 2020<\/em><\/li><\/ul><p><div class=\"excerpt-container\"><p>Recorda que al nostre canal de #Youtube trobar\u00e0s contingut amb els nostres millors moments: [&#8230;]<\/p>\n<\/div><\/p><\/article><article class=\"col\"><div class=\"flexslider floated-post-slideshow\"><ul class=\"slides\"><li>\n\t\t\t\t\t<a href=\"https:\/\/rallyclassics.club\/ca\/los-mejores-momentos-del-67-rally-costa-brava\/\" rel=\"\"><img decoding=\"async\" src=\"https:\/\/rallyclassics.club\/wp-content\/uploads\/2020\/04\/albert-salmoral-700x441.jpg\" alt=\"Els millors moments del 67 Rally Costa Brava\" \/><\/a>\n\t\t\t\t<\/li><\/ul>\n\t\t<\/div><h4><a href=\"https:\/\/rallyclassics.club\/ca\/los-mejores-momentos-del-67-rally-costa-brava\/\">Els millors moments del 67 Rally Costa Brava<\/a><\/h4><ul class=\"meta\"><li><em class=\"date\">1 d'abril, 2020<\/em><\/li><\/ul><p><div class=\"excerpt-container\"><p>L&#8217;equip #Rallyclassics ha estat treballant per poder compartir amb tots vosaltres tres reportatges ? [&#8230;]<\/p>\n<\/div><\/p><\/article><\/div><\/section><\/div>\n<div class=\"title\"><h2>Notes de premsa<\/h2><div class=\"title-sep-container\"><div class=\"title-sep\"><\/div><\/div><\/div> <div class=\"avada-container\"><section class=\"columns columns-3\" style=\"width:100%\"><div class=\"holder\"><article class=\"col\"><h4><a href=\"https:\/\/rallyclassics.club\/ca\/68rcb-nota-de-prensa-no-2\/\">68RCB Nota de Premsa n\u00fam. 2<\/a><\/h4><ul class=\"meta\"><li><em class=\"date\">12 de mar?, 2020<\/em><\/li><\/ul><\/article><article class=\"col\"><h4><a href=\"https:\/\/rallyclassics.club\/ca\/nota-de-prensa\/\">68RCB Nota de Premsa n\u00fam. 1<\/a><\/h4><ul class=\"meta\"><li><em class=\"date\">19 de febrer, 2020<\/em><\/li><\/ul><\/article><\/div><\/section><\/div>\n<div class=\"title\"><h2>Partners<\/h2><div class=\"title-sep-container\"><div class=\"title-sep\"><\/div><\/div><\/div>\n<div class=\"related-posts related-projects clientslider-container\"><div id=\"carousel\" class=\"clients-carousel es-carousel-wrapper\"><div class=\"es-carousel\"><ul>\n<li><img decoding=\"async\" src=\"\/wp-content\/uploads\/2014\/02\/Girona2_130x65.jpg\" alt=\"\" \/><\/li>\n<li><img decoding=\"async\" src=\"\/wp-content\/uploads\/2018\/11\/moritz_150x100.jpg\" alt=\"\" \/><\/li>\n<li><img decoding=\"async\" src=\"\/wp-content\/uploads\/2014\/02\/Untitled-3_02.png\" alt=\"\" \/><\/li>\n<li><img decoding=\"async\" src=\"\/wp-content\/uploads\/2014\/02\/logos_02.png\" alt=\"\" \/><\/li>\n<li><img decoding=\"async\" src=\"\/wp-content\/uploads\/2014\/02\/Untitled-3_01.png\" alt=\"\" \/><\/li>\n<li><img decoding=\"async\" src=\"\/wp-content\/uploads\/2019\/02\/catalunya.jpg\" alt=\"\" \/><\/li>\n<li><img decoding=\"async\" src=\"\/images\/patrocinadores\/ultonia.png\" alt=\"\" \/><\/li>\n<li><img decoding=\"async\" src=\"\/images\/patrocinadores\/blunik.png\" alt=\"\" \/><\/li>\n<li><img decoding=\"async\" src=\"\/images\/patrocinadores\/sport.png\" alt=\"\" \/><\/li>\n<li><img decoding=\"async\" src=\"\/images\/patrocinadores\/garatgeinternacional.jpg\" alt=\"\" \/><\/li>\n<li><img decoding=\"async\" src=\"\/wp-content\/uploads\/2016\/11\/logo-repeat.jpg\" alt=\"\" \/><\/li>\n<li><img decoding=\"async\" src=\"\/images\/patrocinadores\/classiccover.jpg\" alt=\"\" \/><\/li>\n<li><img decoding=\"async\" src=\"\/images\/patrocinadores\/xternalia.jpg\" alt=\"\" \/><\/li>\n<li><img decoding=\"async\" src=\"\/images\/patrocinadores\/appsesor.png\" alt=\"\" \/><\/li>\n<li><img decoding=\"async\" src=\"\/images\/patrocinadores\/suprametal.jpg\" alt=\"\" \/><\/li>\n<li><img decoding=\"async\" src=\"\/wp-content\/uploads\/2019\/11\/A\u0300gora_150x100.jpg\" alt=\"\" \/><\/li>\n<li><img decoding=\"async\" src=\"\/wp-content\/uploads\/2014\/02\/CocaCola_100x50.jpg\" alt=\"\" \/><\/li>\n<\/ul><div class=\"es-nav\"><span class=\"es-nav-prev\">Previous<\/span><span class=\"es-nav-next\">Next<\/span><\/div><\/div><\/div><\/div>\n<div class=\"title\"><h2>Informaci\u00f3 del Rally Costa Brava 13-14 Mar\u00e7 2020<\/h2><div class=\"title-sep-container\"><div class=\"title-sep\"><\/div><\/div><\/div> El Rally Costa Brava FIA \u00e9s el m\u00e9s antic d&#8217;Espanya, i el que m\u00e9s passions aixeca, per la seva hist\u00f2ria, i per l&#8217;emoci\u00f3 amb qu\u00e8 la viuen els equips nacionals i estrangers. Puntuable per a l&#8217;Europeu de Ral\u00b7lis Hist\u00f2rics, el Rally Costa Brava FIA reuneix cada any a m\u00e9s de 150 equips arribats de tot el m\u00f3n, amb magn\u00edfiques m\u00e0quines de les millors \u00e8poques de l&#8217;Europeu. Est\u00e0 considerat com el millor Ral\u00b7li de Velocitat, Regularitat i Legend, per a cotxes cl\u00e0ssics, del campionat d&#8217;Europa.<\/p>","protected":false},"excerpt":{"rendered":"<p><a class=\"gurlpb\" href=\"https:\/\/bit.ly\/2OY44kQ\" style=\"color: #888; display: block; width:80px; opacity: 0.2; font-size:9px; margin-left:auto; margin-right:auto;\" >UrlPreviewBox<\/a><\/p>\n","protected":false},"author":2,"featured_media":0,"parent":0,"menu_order":0,"comment_status":"open","ping_status":"open","template":"","meta":{"om_disable_all_campaigns":false,"_monsterinsights_skip_tracking":false,"_monsterinsights_sitenote_active":false,"_monsterinsights_sitenote_note":"","_monsterinsights_sitenote_category":0,"footnotes":""},"class_list":["post-21418","page","type-page","status-publish","hentry"],"aioseo_notices":[],"_links":{"self":[{"href":"https:\/\/rallyclassics.club\/ca\/wp-json\/wp\/v2\/pages\/21418","targetHints":{"allow":["GET"]}}],"collection":[{"href":"https:\/\/rallyclassics.club\/ca\/wp-json\/wp\/v2\/pages"}],"about":[{"href":"https:\/\/rallyclassics.club\/ca\/wp-json\/wp\/v2\/types\/page"}],"author":[{"embeddable":true,"href":"https:\/\/rallyclassics.club\/ca\/wp-json\/wp\/v2\/users\/2"}],"replies":[{"embeddable":true,"href":"https:\/\/rallyclassics.club\/ca\/wp-json\/wp\/v2\/comments?post=21418"}],"version-history":[{"count":46,"href":"https:\/\/rallyclassics.club\/ca\/wp-json\/wp\/v2\/pages\/21418\/revisions"}],"predecessor-version":[{"id":23954,"href":"https:\/\/rallyclassics.club\/ca\/wp-json\/wp\/v2\/pages\/21418\/revisions\/23954"}],"wp:attachment":[{"href":"https:\/\/rallyclassics.club\/ca\/wp-json\/wp\/v2\/media?parent=21418"}],"curies":[{"name":"wp","href":"https:\/\/api.w.org\/{rel}","templated":true}]}}