{"id":22801,"date":"2020-01-18T20:40:52","date_gmt":"2020-01-18T19:40:52","guid":{"rendered":"https:\/\/www.rallyclassics.club\/xviii-rallye-dhivern-criterium-viladrau-copy\/"},"modified":"2020-10-16T00:59:01","modified_gmt":"2020-10-15T23:59:01","slug":"xvii-rally-costa-brava-historic-clas","status":"publish","type":"page","link":"https:\/\/rallyclassics.club\/ca\/xvii-rally-costa-brava-historic-clas\/","title":{"rendered":"XVIII Rallye d\u2019Hivern &#8211; Criterium Viladrau 18 Gener 2020 &#8211; Rally de Regularitat per a vehicles cl\u00e0ssics  Copia"},"content":{"rendered":"<p><div class=\"title\"><h1>XVIII Rallye d\u2019Hivern-Criterium Viladrau<\/h1><div class=\"title-sep-container\"><div class=\"title-sep\"><\/div><\/div><\/div><img decoding=\"async\" class=\"aligncenter size-full wp-image-1231\" src=\"\/wp-content\/uploads\/2019\/08\/xviii_hivern_980x300.jpg\" \/><\/p>\n<p>&nbsp;<\/p>\n<div class=\"title\"><h2>\u00daltimes Not\u00edcies del XVIII Rallye d\u2019Hivern-Criterium Viladrau<\/h2><div class=\"title-sep-container\"><div class=\"title-sep\"><\/div><\/div><\/div> <div class=\"avada-container\"><section class=\"columns columns-2\" style=\"width:100%\"><div class=\"holder\"><article class=\"col\"><div class=\"flexslider floated-post-slideshow\"><ul class=\"slides\"><li>\n\t\t\t\t\t<a href=\"https:\/\/rallyclassics.club\/ca\/viladrau-bienvenida-temporada-xxii-rallye-hivern\/\" rel=\"\"><img decoding=\"async\" src=\"https:\/\/rallyclassics.club\/wp-content\/uploads\/2026\/01\/RHV26_RAF085804_-700x441.jpg\" alt=\"Viladrau dona la benvinguda a la temporada de motor amb el XXII Rallye d\u2019Hivern\" \/><\/a>\n\t\t\t\t<\/li><\/ul>\n\t\t<\/div><h4><a href=\"https:\/\/rallyclassics.club\/ca\/viladrau-bienvenida-temporada-xxii-rallye-hivern\/\">Viladrau dona la benvinguda a la temporada de motor amb el XXII Rallye d\u2019Hivern<\/a><\/h4><ul class=\"meta\"><li><em class=\"date\">19 de gener, 2026<\/em><\/li><\/ul><p><div class=\"excerpt-container\"><p> \tVuitanta-cinc equips omplen Viladrau en el primer rally de regularitat per a vehicles [&#8230;]<\/p>\n<\/div><\/p><\/article><article class=\"col\"><div class=\"flexslider floated-post-slideshow\"><ul class=\"slides\"><li>\n\t\t\t\t\t<a href=\"https:\/\/rallyclassics.club\/ca\/calendario-2025-rallyclassics\/\" rel=\"\"><img decoding=\"async\" src=\"https:\/\/rallyclassics.club\/wp-content\/uploads\/2025\/01\/RC_Calendario2025_ES____-700x441.jpg\" alt=\"Presentem el calendari 2025 de RallyClassics!\" \/><\/a>\n\t\t\t\t<\/li><\/ul>\n\t\t<\/div><h4><a href=\"https:\/\/rallyclassics.club\/ca\/calendario-2025-rallyclassics\/\">Presentem el calendari 2025 de RallyClassics!<\/a><\/h4><ul class=\"meta\"><li><em class=\"date\">15 de gener, 2025<\/em><\/li><\/ul><p><div class=\"excerpt-container\"><p>En RallyClassics ya hemos arrancado la temporada 2025, con muchas ganas de seguir ofreciendo [&#8230;]<\/p>\n<\/div><\/p><\/article><\/div><\/section><\/div>\n<div class=\"title\"><h2>RallyClassics TV<\/h2><div class=\"title-sep-container\"><div class=\"title-sep\"><\/div><\/div><\/div>\n<iframe loading=\"lazy\" src=\"https:\/\/www.youtube.com\/embed\/0yZgcKLFFwY\" width=\"560\" height=\"315\" frameborder=\"0\" allowfullscreen=\"allowfullscreen\"><\/iframe><br \/>\n&nbsp;<br \/>\n<div class=\"title\"><h2>Informaci\u00f3 del XVII Rallye d\u2019Hivern-Criterium Viladrau<\/h2><div class=\"title-sep-container\"><div class=\"title-sep\"><\/div><\/div><\/div>\nEl Rallye d&#8217;Hivern arriba a la seva divuitena edici\u00f3, sent la prova que va iniciar el cam\u00ed de RallyClassics com a club organitzador, un 14 de desembre de 2002. Salt va ser seu del Hivern fins que el rally es va traslladar dos anys a Andorra (2010 i 2011 ), a la recerca del &#8220;m\u00e9s dif\u00edcil encara&#8221;, per tornar a Viladrau, on s&#8217;han celebrat les 7 \u00faltimes edicions. El 2020 el Rallye d&#8217;Hivern &#8211; Crit\u00e8rium Viladrau tindr\u00e0 lloc el 17 de gener, sent el primer rally de regularitat del calendari catal\u00e0.<br \/>\nEl Rallye d&#8217;Hivern &#8211; Crit\u00e8rium de Viladrau constar\u00e0 de dues parts:<br \/>\nEl recorregut total ser\u00e0 d&#8217;aproximadament 475 quil\u00f2metres, amb 12 trams de regularitat sobre asfalt, que sumaran un total de 275 kms, dels quals 83 kms correspondran al &#8220;Criterium Viladrau&#8221;.<br \/>\n<strong>En el primer bucle<\/strong> tipus Crit\u00e8rium cada equip decidir\u00e0 el seu ritme, menys en els sectors que l&#8217;organitzaci\u00f3 imposi unes mitges a tractar de complir, mantenint sempre un respecte absolut a les normes de tr\u00e0nsit, i amb un temps entre els Controls Horaris calculats a mitja de m\u00e0xim 50 km\/h. a la segona volta al primer bucle, id\u00e8ntica a la primera, els equips haurantractar de &#8220;calcar&#8221; els temps de pas durant tota la primera volta.<br \/>\n<strong>La segona part<\/strong> tipus Rally de Regularitat, constar\u00e0 de 4 trams a repetir dues vegades, al m\u00e9s pur estil &#8220;Criterium Montseny Guilleries&#8221;, i una tercera volta curta i definitiva de solament 2 trams de regularitat.<\/p>\n<div class=\"title\"><h2>Patrocinadors del XVIII Rallye d\u2019Hivern-Criterium Viladrau<\/h2><div class=\"title-sep-container\"><div class=\"title-sep\"><\/div><\/div><\/div>\n<div class=\"related-posts related-projects clientslider-container\"><div id=\"carousel\" class=\"clients-carousel es-carousel-wrapper\"><div class=\"es-carousel\"><ul>\n<li><img decoding=\"async\" src=\" \/wp-content\/uploads\/2014\/02\/logos_2_03.png\" alt=\"\" \/><\/li>\n<li><img decoding=\"async\" src=\" \/wp-content\/uploads\/2015\/12\/100-anys-e1510164531460.jpg\" alt=\"\" \/><\/li>\n<li><img decoding=\"async\" src=\" \/wp-content\/uploads\/2014\/02\/logos_2_01.png\" alt=\"\" \/><\/li>\n<li><img decoding=\"async\" src=\" \/wp-content\/uploads\/2014\/02\/logos_02.png\" alt=\"\" \/><\/li>\n<li><img decoding=\"async\" src=\" \/wp-content\/uploads\/2014\/02\/logo_classiccover.jpg\" alt=\"\" \/><\/li>\n<li><img decoding=\"async\" src=\" \/wp-content\/uploads\/2014\/11\/logo_garatgeinternacional.jpg\" alt=\"\" \/><\/li>\n<li><img decoding=\"async\" src=\" \/wp-content\/uploads\/2015\/03\/logo_suprametal.jpg\" alt=\"\" \/><\/li>\n<li><img decoding=\"async\" src=\" \/wp-content\/uploads\/2015\/04\/logos_appsesor.png\" alt=\"\" \/><\/li>\n<li><img decoding=\"async\" src=\"\/wp-content\/uploads\/2019\/11\/A\u0300gora_150x100.jpg\" alt=\"\" \/><\/li>\n<\/ul><div class=\"es-nav\"><span class=\"es-nav-prev\">Previous<\/span><span class=\"es-nav-next\">Next<\/span><\/div><\/div><\/div><\/div><\/p>","protected":false},"excerpt":{"rendered":"<p>En RallyClassics ya hemos arrancado la temporada 2025, con muchas ganas de seguir ofreciendo las mejores experiencias a bordo de veh\u00edculos cl\u00e1sicos. Tras el \u00e9xito del reciente XXI Rallye d&#8217;Hivern, [&#8230;]<\/p>\n","protected":false},"author":9192197,"featured_media":0,"parent":0,"menu_order":0,"comment_status":"closed","ping_status":"closed","template":"","meta":{"om_disable_all_campaigns":false,"_monsterinsights_skip_tracking":false,"_monsterinsights_sitenote_active":false,"_monsterinsights_sitenote_note":"","_monsterinsights_sitenote_category":0,"footnotes":""},"class_list":["post-22801","page","type-page","status-publish","hentry"],"aioseo_notices":[],"_links":{"self":[{"href":"https:\/\/rallyclassics.club\/ca\/wp-json\/wp\/v2\/pages\/22801","targetHints":{"allow":["GET"]}}],"collection":[{"href":"https:\/\/rallyclassics.club\/ca\/wp-json\/wp\/v2\/pages"}],"about":[{"href":"https:\/\/rallyclassics.club\/ca\/wp-json\/wp\/v2\/types\/page"}],"author":[{"embeddable":true,"href":"https:\/\/rallyclassics.club\/ca\/wp-json\/wp\/v2\/users\/9192197"}],"replies":[{"embeddable":true,"href":"https:\/\/rallyclassics.club\/ca\/wp-json\/wp\/v2\/comments?post=22801"}],"version-history":[{"count":7,"href":"https:\/\/rallyclassics.club\/ca\/wp-json\/wp\/v2\/pages\/22801\/revisions"}],"predecessor-version":[{"id":25246,"href":"https:\/\/rallyclassics.club\/ca\/wp-json\/wp\/v2\/pages\/22801\/revisions\/25246"}],"wp:attachment":[{"href":"https:\/\/rallyclassics.club\/ca\/wp-json\/wp\/v2\/media?parent=22801"}],"curies":[{"name":"wp","href":"https:\/\/api.w.org\/{rel}","templated":true}]}}