{"id":23,"date":"2014-02-05T17:09:50","date_gmt":"2014-02-05T17:09:50","guid":{"rendered":"https:\/\/www.rallyclassics.club\/?page_id=23"},"modified":"2025-05-16T13:32:39","modified_gmt":"2025-05-16T12:32:39","slug":"pruebas","status":"publish","type":"page","link":"https:\/\/rallyclassics.club\/ca\/pruebas\/","title":{"rendered":"Proves"},"content":{"rendered":"<p><div class=\"one_third\">\n<p><center><a href=\"\/73-rally-costa-brava-2025\/\" target=\"_blank\" rel=\"noopener noreferrer\"><img decoding=\"async\" src=\"\/wp-content\/uploads\/2025\/02\/73_RCB_Placa_239x113.png\" alt=\"\" height=\"113\" \/><\/a><\/center><\/p>\n<h2 style=\"text-align: center;\">73 Rally KH-7 Costa Brava<\/h2>\n<p style=\"text-align: center;\"><a class=\"button-13 button large default\" title=\"\" href=\"\/73-rally-costa-brava-2025\/\" target=\"_blank\">13-15\/03\/25<\/a>\n<p class=\"p1\"><span class=\"s1\">El <strong>73 Rally KH-7 Costa Brava<\/strong> ja t\u00e9 data! Despr\u00e9s d&#8217;una edici\u00f3 2024 inoblidable, amb m\u00e9s de <strong>240 equips participants (r\u00e8cord absolut a nivell estatal)<\/strong>, el compte enrere per a la 73a edici\u00f3 ha comen\u00e7at. Des de l&#8217;organitzaci\u00f3 es treballa ja en una edici\u00f3 que tornar\u00e0 a aportar diferents novetats, mantenint tota l&#8217;ess\u00e8ncia del Rally Costa Brava, prova que \u00e9s ja un dels referents indiscutibles de l&#8217;automobilisme cl\u00e0ssic internacional. T&#8217;esperem del 13 al 15 de mar\u00e7 de 2025.<\/p>\n<\/div>\n<div class=\"one_third\">\n<center><a href=\"\/xxii-rally-costa-brava-historic-2025\/\" target=\"_blank\" rel=\"noopener noreferrer\"><img decoding=\"async\" src=\"\/wp-content\/uploads\/2025\/05\/XXII_RCBH_Placa_v4_.png\" alt=\"\" height=\"113\" \/><\/a><\/center><\/p>\n<h2 style=\"text-align: center;\">XXII Rally Costa Brava Hist\u00f2ric<\/h2>\n<p style=\"text-align: center;\"><a class=\"button-14 button large default\" title=\"\" href=\"\/xxii-rally-costa-brava-historic-2025\/\" target=\"_blank\">30\/10-02\/11\/25<\/a>\n<p class=\"p1\"><span class=\"s1\">El <strong>Rally Costa Brava Hist\u00f2ric<\/strong> \u00e9s un dels millors rallyes de Regularitat en carretera oberta d&#8217;Europa, amb m\u00e9s de 1.000 quil\u00f2metres de recorregut i una vintena de trams al llarg de 3 etapes. <strong>Del 30 d&#8217;octubre al 2 de novembre de 2025<\/strong> se celebrar\u00e0 la 22a edici\u00f3 d&#8217;aquesta gran cita per a cotxes i motos hist\u00f2rics de 30 o m\u00e9s anys, a la qual cada any participen equips vinguts de tot el continent, amb algunes sorpreses i les novetats que tant van agradar al 2024. <strong>M\u00e9s informaci\u00f3 pr\u00f2ximament.<\/strong><\/span><\/p>\n<\/div>\n<div class=\"one_third last\">\n<center><a href=\"\/rallyclassics-africa-2025\/\" target=\"_blank\" rel=\"noopener noreferrer\"><img decoding=\"async\" src=\"\/wp-content\/uploads\/2025\/01\/RCA2025_Placa.png\" alt=\"\" height=\"113\" \/><\/a><\/center><\/p>\n<h2 style=\"text-align: center;\">RallyClassics Africa 2025<\/h2>\n<p style=\"text-align: center;\"><a class=\"button-15 button large default\" title=\"\" href=\"rallyclassics-africa-2025\" target=\"_blank\">12-17\/09\/25<\/a>\n<p class=\"p1\"><span class=\"s1\">Del 12 al 17 de setembre, el Marroc ens espera per a gaudir de la <strong>tercera edici\u00f3 d\u2019aquest rally-raid amb regularitat i navegaci\u00f3 de 5 etapes<\/strong>. Ser\u00e0 una setmana inoblidable per als equips a bord tant de 4\u00d74 cl\u00e0ssics com moderns a trav\u00e9s de les regions d\u2019Erfoud i Merzouga. Participa en una prova de refer\u00e8ncia com a preparaci\u00f3 per al Dakar Classic, i sempre fidel a la filosofia RallyClassics:<strong> competitivitat, seguretat i fair-play per a tothom<\/strong>. <strong>Inscripcions obertes i tota la informaci\u00f3 ja disponible!<\/strong><\/span><\/p>\n<\/div><div class=\"clearboth\"><\/div>\n<hr \/>\n<div class=\"one_third\">\n<center><a href=\"\/classic-series-2025\/\" target=\"_blank\" rel=\"noopener noreferrer\"><img decoding=\"async\" src=\"\/wp-content\/uploads\/2025\/01\/cabecera-pcs-gos-2025_v3.png\" alt=\"\" height=\"113\" \/><\/a><\/center><\/p>\n<h2 style=\"text-align: center;\">Classic Series<\/h2>\n<p style=\"text-align: center;\"><a class=\"button-16 button large default\" title=\"\" href=\"\/classic-series-2025\/\" target=\"_blank\">2025<\/a>\n<p class=\"p1\"><span class=\"s1\">Quatre proves formen la temporada 2025 de les <strong>Classic Series<\/strong>. Cotxes cl\u00e0ssics i youngtimers fabricats fins a 1995 poden participar en aquest certamen de Regularitat en el qual es premien la const\u00e0ncia i les habilitats al volant. Tamb\u00e9 pots participar en les <strong>Gentlemen Open Series<\/strong> per a descobrir la regularitat a bord de youngtimers i vehicles moderns d&#8217;inter\u00e8s esportiu. D&#8217;abril a octubre visitarem Parcmotor Castellol\u00ed, Calafat, Alcarr\u00e0s i la Final de nou a Parcmotor Castellol\u00ed. Enguany amb descomptes del 50% per a joves, dones i debutants. Vine a provar les Classic Series! <strong>Informaci\u00f3 2025 ja disponible.<\/strong><br \/>\n<\/span><\/p>\n<\/div>\n<div class=\"one_third\">\n<center><a href=\"motoclassic-series-2025\" target=\"_blank\" rel=\"noopener noreferrer\"><img decoding=\"async\" src=\"\/wp-content\/uploads\/2019\/01\/MotoClassicSeries_239x113.jpg\" alt=\"\" \/><\/a><\/center><\/p>\n<h2 style=\"text-align: center;\">MotoClassic Series<\/h2>\n<p style=\"text-align: center;\"><a class=\"button-17 button large default\" title=\"\" href=\"motoclassic-series-2025\" target=\"_blank\">2025<\/a>\n<p class=\"p1\"><span class=\"s1\">Les <strong>MotoClassic Series<\/strong> s&#8217;han convertit en un dels millors cert\u00e0mens per a motos cl\u00e0ssiques i youngtimer. Les quatre cites programades per al 2025 inclouen els circuits de Parcmotor Castellol\u00ed, Calafat, Alcarr\u00e0s i la Final de nou a Parcmotor Castellol\u00ed. Aquest any amb descomptes del 50% per a joves, dones i debutants. Ets amateur i tens una moto fabricada fins a l&#8217;any 1994? Les MotoClassic Series de Regularitat t&#8217;esperen! <strong>Informaci\u00f3 2025 ja disponible.<\/strong><\/span><\/p>\n<\/div>\n<div class=\"one_third last\">\n<center><a href=\"xxi-rallye-hivern-viladrau-2025\/\" target=\"_blank\" rel=\"noopener noreferrer\"><img decoding=\"async\" src=\"\/wp-content\/uploads\/2024\/11\/XXI_RallyeHivern_Placa_239x113.png\" alt=\"Rally de Regularidad para veh\u00edculos cl\u00e1sicos\" height=\"113\" \/><\/a><\/center><\/p>\n<h2 style=\"text-align: center;\">XXI Rallye d&#8217;Hivern &#8211; Viladrau<\/h2>\n<p style=\"text-align: center;\"><a class=\"button-18 button large default\" title=\"\" href=\"xxi-rallye-hivern-viladrau-2025\/\" target=\"_blank\">11\/01\/25<\/a>\n<p class=\"p1\"><span class=\"s1\">El dissabte 13 de gener es disputar\u00e0 el XX Rallye d\u2019Hivern \u2013 Viladrau, el ral\u00b7li de regularitat que inaugura la temporada esportiva. No faltis a un ral\u00b7li apassionant, format per 7 trams i 200 quil\u00f2metres de regularitat a trav\u00e9s de carreteres m\u00edtiques de Les Guilleries i voltants, amb molts quil\u00f2metres nocturns. Tot un desafiament per a pilot i copilot!<\/span><\/p>\n<\/div><div class=\"clearboth\"><\/div>\n<hr \/>\n<p><center><div class=\"title\"><h1>PROVES JA CELEBRADES<\/h1><div class=\"title-sep-container\"><div class=\"title-sep\"><\/div><\/div><\/div><\/center><\/p>\n<div class=\"one_third\">\n<center><a href=\"2-navarra-classic-festival-2022\" target=\"_blank\" rel=\"noopener noreferrer\"><img decoding=\"async\" src=\"\/wp-content\/uploads\/2NavarraClassicFestival_Placa_239x113.jpg\" alt=\"\" \/><\/a><\/center><\/p>\n<h2 style=\"text-align: center;\">2n Navarra Classic Festival<\/h2>\n<p style=\"text-align: center;\"><a class=\"button-19 button large default\" title=\"\" href=\"2-navarra-classic-festival-2022\" target=\"_blank\">2022<\/a>\n<p class=\"p1\"><span class=\"s1\">Despr\u00e9s de l&#8217;\u00e8xit de la primera edici\u00f3, al 2022 torna el Navarra Classic Festival! Del 10 al 12 de juny, aquest esdeveniment reunir\u00e0 diferents modalitats per a gaudir dels cotxes i motos cl\u00e0ssiques. Al Circuito de Navarra es disputar\u00e0 una cita de les Porsche Classic Series i MotoClassic Series. Tamb\u00e9 tindr\u00e0 lloc el 2n Navarra Classic Raid, prova de regularitat ideal com a iniciaci\u00f3 o preparaci\u00f3 per al Dakar Classic, amb molta navegaci\u00f3 sobre pistes de terra i dues etapes.<\/span><\/p>\n<\/div>\n<div class=\"one_third\">\n<p><center><a href=\"\/6hendurlarity2019\/\" target=\"_blank\" rel=\"noopener noreferrer\"><img decoding=\"async\" src=\"\/wp-content\/uploads\/2019\/01\/Endurlarity_239x113.jpg\" alt=\"\" \/><\/a><\/center><\/p>\n<h2 style=\"text-align: center;\">ENDURLARITY by RallyClassics<\/h2>\n<p style=\"text-align: center;\"><a class=\"button-20 button large default\" title=\"\" href=\"\/6hendurlarity2019\/\" target=\"_blank\">16\/11\/2019<\/a>\n<p class=\"p1\"><span class=\"s1\">ENDURLARITY By RallyClassics \u00e9s una f\u00f3rmula molt nova que uneix regularitat i resist\u00e8ncia en circuit. Sota aquesta f\u00f3rmula per a vehicles cl\u00e0ssics i youngtimers, on cadasc\u00fa roda al ritme que lliurement tri\u00ef, s\u2019organitzen les 6H ENDURLARITY de Parcmotor. Els principals atractius s\u00f3n poder compartir equip (amb diversos pilots, copilots, i fins a 2 cotxes), i fer menys llarga l\u2019espera entre la Final de les Porsche Classic Series i la primera cita de la seg\u00fcent temporada.<\/span><\/p>\n<\/div>\n<div class=\"one_third last\">\n<p><center><a href=\"pujada-historica-els-angels-2018\" target=\"_blank\" rel=\"noopener noreferrer\"><img decoding=\"async\" src=\"\/wp-content\/uploads\/2018\/01\/EAH2018_156x113.jpg\" alt=\"\" \/><\/a><\/center><\/p>\n<h2 style=\"text-align: center;\">Els \u00c0ngels Hist\u00f2ric 2018<\/h2>\n<p style=\"text-align: center;\"><a class=\"button-21 button large default\" title=\"\" href=\"pujada-historica-els-angels-2018\" target=\"_blank\">16\/06\/2018<\/a>\n<p class=\"p1\"><span class=\"s1\">Els Angels Hist\u00f2ric 2018 se celebrar\u00e0 la matinal del dissabte 16 de juny. Despr\u00e9s 33 anys sense celebrar-se, RallyClassics va recuperar la m\u00edtica prova en 2015, en format Regularitat a 50 km \/ h, i gaireb\u00e9 60 equips es van donar cita, omplint li parc tancat habilitat davant del Restaurant Can Pol. En aquesta 3a edici\u00f3, el Santuari dels Angels ser\u00e0 col\u00b7laborador de l\u2019esdeveniment, que a m\u00e9s es converir\u00e1 a la base del Criterium Nocturn, que tindr\u00e0 lloc la mateixa tarda i nit. Tots els restaurants de la m\u00edtica pujada tindran una jornada amb molta activitat.<\/span><\/p>\n<\/div><div class=\"clearboth\"><\/div>\n<hr \/>\n<div class=\"one_third\">\n<p><center><a href=\"\/2on-chopard-rally\/\" target=\"_blank\" rel=\"noopener noreferrer\"><img decoding=\"async\" src=\"\/wp-content\/uploads\/2019\/03\/2onChR_239x113.jpg\" alt=\"\" \/><\/a><\/center><\/p>\n<h2 style=\"text-align: center;\">2on Chopard Rally<\/h2>\n<p style=\"text-align: center;\"><a class=\"button-22 button large default\" title=\"\" href=\"\/2on-chopard-rally\/\" target=\"_blank\">23-26\/5\/2019<\/a>\n<p class=\"p1\"><span class=\"s1\">La Volta Catalunya \u00e9s una prova itinerant, nascuda el 1916, que els dies 23-26 de maig de 2019 celebrar\u00e0 la seva trenta-tresena edici\u00f3, co-organitzada en col\u00b7laboraci\u00f3 amb els millors clubs de Catalunya. L\u2019esdeveniment est\u00e0 limitat a 40 vehicles, preferiblement dels anys 60-70, en qu\u00e8 prioritza el turisme i la gastronomia, amb algun tram de regularitat, i divertits concursos, entre els quals hi haur\u00e0 un Rally Fotogr\u00e0fic. Chopard ser\u00e0 per primera vegada el Title Sponsor, pel que l\u2019esdeveniment incrementar\u00e0 el nivell, amb fant\u00e0stics vehicles, hotels de 5*, i restaurants d\u2019* Michelin. <\/span><\/p>\n<\/div>\n<div class=\"one_third\">\n<p><center><a href=\"iv-criterium-costa-brava-nocturn\" target=\"_blank\" rel=\"noopener noreferrer\"><img decoding=\"async\" src=\"\/wp-content\/uploads\/2018\/01\/4rt_CNCB_156x113.jpg\" alt=\"\" \/><\/a><\/center><\/p>\n<h2 style=\"text-align: center;\">4rt Criterium Costa Brava Nocturn<\/h2>\n<p style=\"text-align: center;\"><a class=\"button-23 button large default\" title=\"\" href=\"iv-criterium-costa-brava-nocturn\" target=\"_blank\">16-17\/06\/2018<\/a>\n<p class=\"p1\">Aquesta ser\u00e0 la quarta edici\u00f3 d\u2019una prova nocturna. Amb base en el Santuari dels \u00c0ngels, el Criterium Costa Brava Nocturn tindr\u00e0 un format diferent al dels anys anteriors, compost per diversos trams, en comptes de bucles a calcar. En el mateix Hotel del Santuari es faran les verificacions, sortida, arribada i entrega de trofeus, en un esdeveniment que ser\u00e0 la continuaci\u00f3 d\u2019un altre cl\u00e0ssic \u201cEls Angels Hist\u00f2ric\u201d, que se celebrar\u00e0 durant la matinal del mateix dissabte 16 de juny.<\/p>\n<\/div>\n<div class=\"one_third last\">\n<p><center><a href=\"https:\/\/www.porsche356meeting2017.com\/\" target=\"_blank\" rel=\"noopener noreferrer\"><img loading=\"lazy\" decoding=\"async\" class=\"alignnone size-full wp-image-296\" src=\"\/wp-content\/uploads\/2014\/02\/placaipm.jpg\" alt=\"placaipm\" width=\"156\" height=\"113\" \/><\/a><\/center><\/p>\n<h2 style=\"text-align: center;\">42nd Meeting Porsche 356<\/h2>\n<p style=\"text-align: center;\"><a class=\"button-24 button large default\" title=\"\" href=\"https:\/\/www.porsche356meeting2017.com\/\" target=\"_blank\">25\/5\/2017<\/a>\n<p class=\"p1\"><span class=\"s1\">El Meeting Porsche 356 \u00e9s un esdeveniment internacional que cada any se celebra en un pa\u00eds diferent. El 2017 Espanya va rebre m\u00e9s d\u2019un centenar d\u2019aquestes joies dels anys 60, a la fi de maig, a la Costa Brava. RallyClassics va tenir l\u2019enc\u00e0rrec del Club Porsche 356 Spain, d\u2019organitzar la log\u00edstica de l\u2019esdeveniment i les rutes, que van portar als participants a descobrir la figura de Salvador Dal\u00ed, i a rec\u00f3rrer preciosos racons de la Costa Brava. Les paraules del m\u00e0xim responsable mundial dels Clubs Porsche, Stephan Griese, felicitant al que per al ha estat el millor del els Meetings, per les seves rutes i per la seva organitzaci\u00f3, ens fa sentir molt honorats. El v\u00eddeo de l\u2019esdeveniment resumeix la bellesa de barrejar cl\u00e0ssics i paisatges.<\/span><\/p>\n<\/div><div class=\"clearboth\"><\/div>\n<hr \/>\n<div class=\"one_third\">\n<\/div><\/p>","protected":false},"excerpt":{"rendered":"","protected":false},"author":2,"featured_media":0,"parent":0,"menu_order":0,"comment_status":"open","ping_status":"open","template":"full-width.php","meta":{"om_disable_all_campaigns":false,"_monsterinsights_skip_tracking":false,"_monsterinsights_sitenote_active":false,"_monsterinsights_sitenote_note":"","_monsterinsights_sitenote_category":0,"footnotes":""},"class_list":["post-23","page","type-page","status-publish","hentry"],"aioseo_notices":[],"_links":{"self":[{"href":"https:\/\/rallyclassics.club\/ca\/wp-json\/wp\/v2\/pages\/23","targetHints":{"allow":["GET"]}}],"collection":[{"href":"https:\/\/rallyclassics.club\/ca\/wp-json\/wp\/v2\/pages"}],"about":[{"href":"https:\/\/rallyclassics.club\/ca\/wp-json\/wp\/v2\/types\/page"}],"author":[{"embeddable":true,"href":"https:\/\/rallyclassics.club\/ca\/wp-json\/wp\/v2\/users\/2"}],"replies":[{"embeddable":true,"href":"https:\/\/rallyclassics.club\/ca\/wp-json\/wp\/v2\/comments?post=23"}],"version-history":[{"count":489,"href":"https:\/\/rallyclassics.club\/ca\/wp-json\/wp\/v2\/pages\/23\/revisions"}],"predecessor-version":[{"id":50874,"href":"https:\/\/rallyclassics.club\/ca\/wp-json\/wp\/v2\/pages\/23\/revisions\/50874"}],"wp:attachment":[{"href":"https:\/\/rallyclassics.club\/ca\/wp-json\/wp\/v2\/media?parent=23"}],"curies":[{"name":"wp","href":"https:\/\/api.w.org\/{rel}","templated":true}]}}