{"id":23041,"date":"2020-02-03T21:54:49","date_gmt":"2020-02-03T20:54:49","guid":{"rendered":"https:\/\/www.rallyclassics.club\/moto-classic-series-2019-copy\/"},"modified":"2021-02-01T13:24:11","modified_gmt":"2021-02-01T12:24:11","slug":"moto-classic-series-2020","status":"publish","type":"page","link":"https:\/\/rallyclassics.club\/ca\/moto-classic-series-2020\/","title":{"rendered":"Moto Classic Series 2020 | Motos cl\u00e0ssiques en circuit &#8211; Regularitat en circuit per a motos"},"content":{"rendered":"<p><div class=\"title\"><h1>Moto Classic Series 2020<\/h1><div class=\"title-sep-container\"><div class=\"title-sep\"><\/div><\/div><\/div><img loading=\"lazy\" decoding=\"async\" class=\"alignnone size-full wp-image-301\" src=\"\/wp-content\/uploads\/mcs2020_980x300e.jpg\" alt=\"Moto Classic Series 2020 - Motos cl\u00e1sicas en circuito - Regularidad en Circuito\" width=\"980\" height=\"300\" \/><\/p>\n<div class=\"title\"><h2>Proves de les MotoClassicSeries 2020:<\/h2><div class=\"title-sep-container\"><div class=\"title-sep\"><\/div><\/div><\/div>\n<p><a href=\"barcelona-catalunya-2020\/\" target=\"_blank\" rel=\"noopener noreferrer\"><img loading=\"lazy\" decoding=\"async\" class=\"aligncenter wp-image-12237 size-full\" src=\"\/wp-content\/uploads\/mcs2020_circuits_04d.jpg\" alt=\" Motoclassicseries 2020\" width=\"700\" height=\"200\" \/><\/a><\/p>\n<div class=\"title\"><h2>\u00daltimes Not\u00edcies de les Moto Classic Series 2020<\/h2><div class=\"title-sep-container\"><div class=\"title-sep\"><\/div><\/div><\/div>\n<div class=\"avada-container\"><section class=\"columns columns-2\" style=\"width:100%\"><div class=\"holder\"><article class=\"col\"><div class=\"flexslider floated-post-slideshow\"><ul class=\"slides\"><li>\n\t\t\t\t\t<a href=\"https:\/\/rallyclassics.club\/ca\/marc-martin-tve-porsche-classic-series\/\" rel=\"\"><img decoding=\"async\" src=\"https:\/\/rallyclassics.club\/wp-content\/uploads\/porsche_classic_series_2020_castelloli-206-700x441.jpg\" alt=\"Marc Mart\u00edn (TVE): &#8220;Quina gran experi\u00e8ncia!&#8221;\" \/><\/a>\n\t\t\t\t<\/li><\/ul>\n\t\t<\/div><h4><a href=\"https:\/\/rallyclassics.club\/ca\/marc-martin-tve-porsche-classic-series\/\">Marc Mart\u00edn (TVE): &#8220;Quina gran experi\u00e8ncia!&#8221;<\/a><\/h4><ul class=\"meta\"><li><em class=\"date\">19 de febrer, 2021<\/em><\/li><\/ul><p><div class=\"excerpt-container\"><p>La Final de la temporada 2020 de les Porsche Classic Series, que es va [&#8230;]<\/p>\n<\/div><\/p><\/article><article class=\"col\"><div class=\"flexslider floated-post-slideshow\"><ul class=\"slides\"><li>\n\t\t\t\t\t<a href=\"https:\/\/rallyclassics.club\/ca\/resumen-final-porsche-classic-series-2020\/\" rel=\"\"><img decoding=\"async\" src=\"https:\/\/rallyclassics.club\/wp-content\/uploads\/porsche_classic_series_2020_castelloli-53-700x441.jpg\" alt=\"Parcmotor Castellol\u00ed va posar el punt i final a les Porsche Classic Series 2020\" \/><\/a>\n\t\t\t\t<\/li><\/ul>\n\t\t<\/div><h4><a href=\"https:\/\/rallyclassics.club\/ca\/resumen-final-porsche-classic-series-2020\/\">Parcmotor Castellol\u00ed va posar el punt i final a les Porsche Classic Series 2020<\/a><\/h4><ul class=\"meta\"><li><em class=\"date\">14 de febrer, 2021<\/em><\/li><\/ul><p><div class=\"excerpt-container\"><p> \tLa Final ajornada de les Porsche Classic Series i MotoClassic Series ens va [&#8230;]<\/p>\n<\/div><\/p><\/article><\/div><\/section><\/div>\n<div class=\"title\"><h2>Notes de premsa<\/h2><div class=\"title-sep-container\"><div class=\"title-sep\"><\/div><\/div><\/div> <div class=\"avada-container\"><section class=\"columns columns-3\" style=\"width:100%\"><div class=\"holder\"><\/div><\/section><\/div>\n<div class=\"title\"><h2>RallyClassics TV:<\/h2><div class=\"title-sep-container\"><div class=\"title-sep\"><\/div><\/div><\/div>\n<iframe loading=\"lazy\" width=\"560\" height=\"315\" src=\"https:\/\/www.youtube.com\/embed\/videoseries?list=PL58TG4mz7gHViDL6P3PP1TIRnflug-5JZ\" frameborder=\"0\" allow=\"autoplay; encrypted-media\" allowfullscreen><\/iframe><\/p>\n<div class=\"title\"><h2>Patrocinadors de les Moto Classic Series 2020<\/h2><div class=\"title-sep-container\"><div class=\"title-sep\"><\/div><\/div><\/div>\n<p><img loading=\"lazy\" decoding=\"async\" class=\"aligncenter size-large wp-image-5809\" src=\"\/wp-content\/uploads\/2020\/02\/mcs2020_logos.jpg\" alt=\"Patrocinadores Moto Classic series\" width=\"669\" height=\"87\" \/><br \/>\n<div class=\"title\"><h2>Informaci\u00f3 de les Moto Classic Series 2020<\/h2><div class=\"title-sep-container\"><div class=\"title-sep\"><\/div><\/div><\/div>\n<p>Les Moto Classic Series s&#8217;han convertit en el millor certamen de Regularitat en Circuits per a motos cl\u00e0ssiques excepcionals. Les 4 cites programades per 2020 en els circuits de Parcmotor, Alcarr\u00e0s, Circuit de Barcelona-Catalunya i tindra la final al Circuit de Calafat, omplint el p\u00e0doc d&#8217;un gran ambient familiar i d&#8217;aficionats en unes jornades protagonitzades pel Fair-Play i la qualitat de les motos cl\u00e1sicas.Las Moto Classic Series s\u00f3n una experi\u00e8ncia en ple creixement, amb graelles plenes, i \u00e9s la millor porta d&#8217;entrada dels aficionats al motociclisme esportiu. Es tracta de 4 proves de Regularitat en Circuit 2020, amb motos cl\u00e0ssics, per aficionats, amateurs i expilots, amb total seguretat i respecte cap als altres participants i les seves motocicletes.<\/p>","protected":false},"excerpt":{"rendered":"<p>La Final ajornada de les Porsche Classic Series i MotoClassic Series ens va deixar un gran espectacle, amb 45 cotxes i 16 motos en pista. Carles Mir\u00f3 (Porsche Classic Series), [&#8230;]<\/p>\n","protected":false},"author":9192197,"featured_media":0,"parent":0,"menu_order":0,"comment_status":"closed","ping_status":"closed","template":"","meta":{"om_disable_all_campaigns":false,"_monsterinsights_skip_tracking":false,"_monsterinsights_sitenote_active":false,"_monsterinsights_sitenote_note":"","_monsterinsights_sitenote_category":0,"footnotes":""},"class_list":["post-23041","page","type-page","status-publish","hentry"],"aioseo_notices":[],"_links":{"self":[{"href":"https:\/\/rallyclassics.club\/ca\/wp-json\/wp\/v2\/pages\/23041","targetHints":{"allow":["GET"]}}],"collection":[{"href":"https:\/\/rallyclassics.club\/ca\/wp-json\/wp\/v2\/pages"}],"about":[{"href":"https:\/\/rallyclassics.club\/ca\/wp-json\/wp\/v2\/types\/page"}],"author":[{"embeddable":true,"href":"https:\/\/rallyclassics.club\/ca\/wp-json\/wp\/v2\/users\/9192197"}],"replies":[{"embeddable":true,"href":"https:\/\/rallyclassics.club\/ca\/wp-json\/wp\/v2\/comments?post=23041"}],"version-history":[{"count":28,"href":"https:\/\/rallyclassics.club\/ca\/wp-json\/wp\/v2\/pages\/23041\/revisions"}],"predecessor-version":[{"id":26100,"href":"https:\/\/rallyclassics.club\/ca\/wp-json\/wp\/v2\/pages\/23041\/revisions\/26100"}],"wp:attachment":[{"href":"https:\/\/rallyclassics.club\/ca\/wp-json\/wp\/v2\/media?parent=23041"}],"curies":[{"name":"wp","href":"https:\/\/api.w.org\/{rel}","templated":true}]}}