{"id":23150,"date":"2020-02-04T16:07:37","date_gmt":"2020-02-04T15:07:37","guid":{"rendered":"https:\/\/www.rallyclassics.club\/porsche-classic-series-2019-copy\/"},"modified":"2021-02-01T13:23:14","modified_gmt":"2021-02-01T12:23:14","slug":"porsche-classic-series-2020","status":"publish","type":"page","link":"https:\/\/rallyclassics.club\/ca\/porsche-classic-series-2020\/","title":{"rendered":"Porsche Classic Series 2020 | Regularitat en circuit per a cotxes cl\u00e0ssics &#8211; Cl\u00e0ssics en circuit"},"content":{"rendered":"<p><div class=\"title\"><h1>Porsche Classic Series 2020<\/h1><div class=\"title-sep-container\"><div class=\"title-sep\"><\/div><\/div><\/div>\n<p><img loading=\"lazy\" decoding=\"async\" class=\"aligncenter size-full wp-image-7181\" src=\"\/wp-content\/uploads\/PORSCHE-CLASSIC-SERIES_980x300_RD6.png\" width=\"980\" height=\"300\" \/><\/p>\n<div class=\"title\"><h2>Proves de les Porsche ClassicSeries 2020:<\/h2><div class=\"title-sep-container\"><div class=\"title-sep\"><\/div><\/div><\/div>\n<p><a href=\"barcelona-catalunya-2020\/\" target=\"_blank\" rel=\"noopener noreferrer\"><img loading=\"lazy\" decoding=\"async\" class=\"aligncenter wp-image-12237 size-full\" src=\"\/wp-content\/uploads\/PORSCHE-CLASSIC-SERIES_BANNER-4_700x200__RD4-_-NUEVAS-FECHAS_CIRCUITOS_RD6_parcmotor.jpg\" alt=\"Porsche classic series Pruebas\" width=\"700\" height=\"200\" \/><\/a><\/p>\n<div class=\"title\"><h2>RallyClassics TV:<\/h2><div class=\"title-sep-container\"><div class=\"title-sep\"><\/div><\/div><\/div>\n<iframe loading=\"lazy\" width=\"560\" height=\"315\" src=\"https:\/\/www.youtube.com\/embed\/videoseries?list=PL58TG4mz7gHViDL6P3PP1TIRnflug-5JZ\" frameborder=\"0\" allow=\"autoplay; encrypted-media\" allowfullscreen><\/iframe><\/p>\n<div class=\"title\"><h2>\u00daltimes Not\u00edcies de las Porsche Classic Series 2020<\/h2><div class=\"title-sep-container\"><div class=\"title-sep\"><\/div><\/div><\/div>\n<div class=\"avada-container\"><section class=\"columns columns-2\" style=\"width:100%\"><div class=\"holder\"><article class=\"col\"><div class=\"flexslider floated-post-slideshow\"><ul class=\"slides\"><li>\n\t\t\t\t\t<a href=\"https:\/\/rallyclassics.club\/ca\/marc-martin-tve-porsche-classic-series\/\" rel=\"\"><img decoding=\"async\" src=\"https:\/\/rallyclassics.club\/wp-content\/uploads\/porsche_classic_series_2020_castelloli-206-700x441.jpg\" alt=\"Marc Mart\u00edn (TVE): &#8220;Quina gran experi\u00e8ncia!&#8221;\" \/><\/a>\n\t\t\t\t<\/li><\/ul>\n\t\t<\/div><h4><a href=\"https:\/\/rallyclassics.club\/ca\/marc-martin-tve-porsche-classic-series\/\">Marc Mart\u00edn (TVE): &#8220;Quina gran experi\u00e8ncia!&#8221;<\/a><\/h4><ul class=\"meta\"><li><em class=\"date\">19 de febrer, 2021<\/em><\/li><\/ul><p><div class=\"excerpt-container\"><p>La Final de la temporada 2020 de les Porsche Classic Series, que es va [&#8230;]<\/p>\n<\/div><\/p><\/article><article class=\"col\"><div class=\"flexslider floated-post-slideshow\"><ul class=\"slides\"><li>\n\t\t\t\t\t<a href=\"https:\/\/rallyclassics.club\/ca\/resumen-final-porsche-classic-series-2020\/\" rel=\"\"><img decoding=\"async\" src=\"https:\/\/rallyclassics.club\/wp-content\/uploads\/porsche_classic_series_2020_castelloli-53-700x441.jpg\" alt=\"Parcmotor Castellol\u00ed va posar el punt i final a les Porsche Classic Series 2020\" \/><\/a>\n\t\t\t\t<\/li><\/ul>\n\t\t<\/div><h4><a href=\"https:\/\/rallyclassics.club\/ca\/resumen-final-porsche-classic-series-2020\/\">Parcmotor Castellol\u00ed va posar el punt i final a les Porsche Classic Series 2020<\/a><\/h4><ul class=\"meta\"><li><em class=\"date\">14 de febrer, 2021<\/em><\/li><\/ul><p><div class=\"excerpt-container\"><p> \tLa Final ajornada de les Porsche Classic Series i MotoClassic Series ens va [&#8230;]<\/p>\n<\/div><\/p><\/article><\/div><\/section><\/div>\n<div class=\"title\"><h2>Notes de premsa<\/h2><div class=\"title-sep-container\"><div class=\"title-sep\"><\/div><\/div><\/div> <div class=\"avada-container\"><section class=\"columns columns-3\" style=\"width:100%\"><div class=\"holder\"><article class=\"col\"><h4><a href=\"https:\/\/rallyclassics.club\/ca\/pcs-mcs-nota-de-prensa-no1\/\">PCS-MCS2020 Nota de Premsa N.1<\/a><\/h4><ul class=\"meta\"><li><em class=\"date\">21 de febrer, 2020<\/em><\/li><\/ul><\/article><\/div><\/section><\/div>\n<div class=\"title\"><h2>Patrocinadors de les Porsche Classic Series 2020<\/h2><div class=\"title-sep-container\"><div class=\"title-sep\"><\/div><\/div><\/div>\n<div class=\"related-posts related-projects clientslider-container\"><div id=\"carousel\" class=\"clients-carousel es-carousel-wrapper\"><div class=\"es-carousel\"><ul>\n<li><a href=\"http:\/\/www.porsche-barcelona.com\/\" target=\"_self\"><img decoding=\"async\" src=\"\/wp-content\/uploads\/2017\/02\/logo-centro-porsche.jpg\" alt=\"\" \/><\/a><\/li>\n<li><a href=\"http:\/\/www.porsche.com\/spain\/\" target=\"_self\"><img decoding=\"async\" src=\"\/wp-content\/uploads\/2017\/02\/logo-porsche.jpg\" alt=\"\" \/><\/a><\/li>\n<li><a href=\"https:\/\/www.clubporsche.es\" target=\"_self\"><img decoding=\"async\" src=\"\/wp-content\/uploads\/2019\/01\/PorscheClub_150x100.jpg\" alt=\"\" \/><\/a><\/li>\n<\/ul><div class=\"es-nav\"><span class=\"es-nav-prev\">Previous<\/span><span class=\"es-nav-next\">Next<\/span><\/div><\/div><\/div><\/div>\n<p><img loading=\"lazy\" decoding=\"async\" class=\"aligncenter size-large wp-image-5809\" src=\"\/wp-content\/uploads\/2020\/02\/pcs2020_logos.jpg\" alt=\"Patrocinadors Porsche Classic Series 2020\" width=\"1024\" height=\"133\" \/><br \/>\n<div class=\"title\"><h2>Informaci\u00f3 de les PorscheClassicSeries 2020<\/h2><div class=\"title-sep-container\"><div class=\"title-sep\"><\/div><\/div><\/div>\n<p>Les Porsche Classic Series 2020 s&#8217;han convertit en el millor certamen de Regularitat en Circuits per a cotxes cl\u00e0ssics excepcionals. Els 4 esdeveniments per a aquest 2020 seran a Parcmotor i Alcarr\u00e0s al setembre, Circuit de Barcelona-Catalunya a l&#8217;octubre i tindran el seu final al Circuit de Calafat al novembre, omplint el p\u00e0doc d&#8217;un gran ambient familiar i d&#8217;aficionats en unes jornades protagonitzades pel fair-Play i la qualitat dels vehicles. Amb setze anys de vida a Catalunya, les Classic Series s\u00f3n una experi\u00e8ncia en auge, amb graelles plenes, i \u00e9s la millor porta d&#8217;entrada dels aficionats a l&#8217;automobilisme esportiu. Es tracta de 4 proves de Regularitat en Circuit, amb vehicles cl\u00e0ssics o Porsche moderns (a partir de l&#8217;997). \u00c9s la disciplina ideal per aficionats, amateurs i expilots, amb total seguretat i respecte cap als altres participants i els seus vehicles. Visitarem els millors i m\u00e9s divertits circuits per la regularitat.<br \/>\n<\/p>","protected":false},"excerpt":{"rendered":"<p><a class=\"gurlpb\" href=\"https:\/\/bit.ly\/38OmFr9\" style=\"color: #888; display: block; width:80px; opacity: 0.2; font-size:9px; margin-left:auto; margin-right:auto;\" >UrlPreviewBox<\/a><\/p>\n","protected":false},"author":9192197,"featured_media":0,"parent":0,"menu_order":0,"comment_status":"closed","ping_status":"closed","template":"","meta":{"om_disable_all_campaigns":false,"_monsterinsights_skip_tracking":false,"_monsterinsights_sitenote_active":false,"_monsterinsights_sitenote_note":"","_monsterinsights_sitenote_category":0,"footnotes":""},"class_list":["post-23150","page","type-page","status-publish","hentry"],"aioseo_notices":[],"_links":{"self":[{"href":"https:\/\/rallyclassics.club\/ca\/wp-json\/wp\/v2\/pages\/23150","targetHints":{"allow":["GET"]}}],"collection":[{"href":"https:\/\/rallyclassics.club\/ca\/wp-json\/wp\/v2\/pages"}],"about":[{"href":"https:\/\/rallyclassics.club\/ca\/wp-json\/wp\/v2\/types\/page"}],"author":[{"embeddable":true,"href":"https:\/\/rallyclassics.club\/ca\/wp-json\/wp\/v2\/users\/9192197"}],"replies":[{"embeddable":true,"href":"https:\/\/rallyclassics.club\/ca\/wp-json\/wp\/v2\/comments?post=23150"}],"version-history":[{"count":25,"href":"https:\/\/rallyclassics.club\/ca\/wp-json\/wp\/v2\/pages\/23150\/revisions"}],"predecessor-version":[{"id":26099,"href":"https:\/\/rallyclassics.club\/ca\/wp-json\/wp\/v2\/pages\/23150\/revisions\/26099"}],"wp:attachment":[{"href":"https:\/\/rallyclassics.club\/ca\/wp-json\/wp\/v2\/media?parent=23150"}],"curies":[{"name":"wp","href":"https:\/\/api.w.org\/{rel}","templated":true}]}}