{"id":24219,"date":"2020-05-14T15:19:33","date_gmt":"2020-05-14T14:19:33","guid":{"rendered":"https:\/\/www.rallyclassics.club\/?page_id=24219"},"modified":"2020-07-17T09:24:17","modified_gmt":"2020-07-17T08:24:17","slug":"formulario-de-compra","status":"publish","type":"page","link":"https:\/\/rallyclassics.club\/ca\/formulario-de-compra\/","title":{"rendered":"Formulario de compra &#8211; Manual de Rallyes"},"content":{"rendered":"<p class=\"qtranxs-available-languages-message qtranxs-available-languages-message-ca\">Disculpa, pero esta entrada est\u00e1 disponible s\u00f3lo en <a href=\"https:\/\/rallyclassics.club\/es\/wp-json\/wp\/v2\/pages\/24219\" class=\"qtranxs-available-language-link qtranxs-available-language-link-es\" title=\"Espa\u00f1ol\">Espa\u00f1ol<\/a>.<\/p>","protected":false},"excerpt":{"rendered":"<p>Disculpa, pero esta entrada est\u00e1 disponible s\u00f3lo en Espa\u00f1ol.<\/p>\n","protected":false},"author":9192197,"featured_media":0,"parent":0,"menu_order":0,"comment_status":"closed","ping_status":"closed","template":"blank.php","meta":{"om_disable_all_campaigns":false,"_monsterinsights_skip_tracking":false,"_monsterinsights_sitenote_active":false,"_monsterinsights_sitenote_note":"","_monsterinsights_sitenote_category":0,"footnotes":""},"class_list":["post-24219","page","type-page","status-publish","hentry"],"aioseo_notices":[],"_links":{"self":[{"href":"https:\/\/rallyclassics.club\/ca\/wp-json\/wp\/v2\/pages\/24219","targetHints":{"allow":["GET"]}}],"collection":[{"href":"https:\/\/rallyclassics.club\/ca\/wp-json\/wp\/v2\/pages"}],"about":[{"href":"https:\/\/rallyclassics.club\/ca\/wp-json\/wp\/v2\/types\/page"}],"author":[{"embeddable":true,"href":"https:\/\/rallyclassics.club\/ca\/wp-json\/wp\/v2\/users\/9192197"}],"replies":[{"embeddable":true,"href":"https:\/\/rallyclassics.club\/ca\/wp-json\/wp\/v2\/comments?post=24219"}],"version-history":[{"count":0,"href":"https:\/\/rallyclassics.club\/ca\/wp-json\/wp\/v2\/pages\/24219\/revisions"}],"wp:attachment":[{"href":"https:\/\/rallyclassics.club\/ca\/wp-json\/wp\/v2\/media?parent=24219"}],"curies":[{"name":"wp","href":"https:\/\/api.w.org\/{rel}","templated":true}]}}