{"id":25397,"date":"2020-11-05T13:12:25","date_gmt":"2020-11-05T12:12:25","guid":{"rendered":"https:\/\/www.rallyclassics.club\/xviii-rallye-dhivern-criterium-viladrau-copy\/"},"modified":"2023-01-16T08:47:16","modified_gmt":"2023-01-16T07:47:16","slug":"xix-rallye-hivern-criterium-viladrau-2023","status":"publish","type":"page","link":"https:\/\/rallyclassics.club\/ca\/xix-rallye-hivern-criterium-viladrau-2023\/","title":{"rendered":"XIX Rallye d\u2019Hivern &#8211; Crit\u00e8rium Viladrau &#8211; 14 gener 2023"},"content":{"rendered":"<p><div class=\"title\"><h2>XIX Rallye d\u2019Hivern &#8211; Crit\u00e8rium Viladrau &#8211; 14 enero 2023<\/h2><div class=\"title-sep-container\"><div class=\"title-sep\"><\/div><\/div><\/div>\n<p><img loading=\"lazy\" decoding=\"async\" class=\"aligncenter size-full wp-image-2147\" src=\"\/wp-content\/uploads\/XIX_Hivern_980x300E.jpg\" width=\"980\" height=\"300\" \/><\/p>\n<p>&nbsp;<\/p>\n<div class=\"title\"><h2>XIX Rallye d&#8217;Hivern<\/h2><div class=\"title-sep-container\"><div class=\"title-sep\"><\/div><\/div><\/div>\n<p><strong>Despr\u00e9s de 3 anys d&#8217;espera, va tornar el Rallye d&#8217;Hivern &#8211; Crit\u00e8rium Viladrau!<\/strong> El <strong>14 de gener de 2023<\/strong> es va disputar la dinovena edici\u00f3 del rally de regularitat que tradicionalment obre la temporada esportiva.<\/p>\n<p>Els participants van gaudir d&#8217;un rally pensat per a viure una gran jornada d&#8217;automobilisme cl\u00e0ssic, amb el Crit\u00e8rium Viladrau al mat\u00ed (2 trams), i el Rallye d&#8217;Hivern a la tarda (5 trams). En total, <strong>210 quil\u00f2metres de regularitat<\/strong>, i un recorregut total de 350 quil\u00f2metres. <strong>La prova va comptar amb 94 equips inscrits.<\/strong><\/p>\n<p><strong>Us esperem a Viladrau al gener de 2024!<\/strong><br \/>\n&nbsp;<\/p>\n<div class=\"title\"><h2>Classificacions<\/h2><div class=\"title-sep-container\"><div class=\"title-sep\"><\/div><\/div><\/div>\n<div class=\"one_half\">\n<a class=\"button-14 button large default\" title=\"\" href=\"https:\/\/www.rallyclassics.club\/wp-content\/uploads\/RHV2023_RallyHivern_2aEtapa_SinAplicarJokers.pdf\" target=\"_blank\">Classificaci\u00f3 &#8211; Sense Jokers<\/a>\n<\/div>\n<div class=\"one_half last\">\n<a class=\"button-15 button large default\" title=\"\" href=\"https:\/\/www.rallyclassics.club\/wp-content\/uploads\/RHV2023_RallyHivern_2aEtapa_ConAplicarJokers.pdf\" target=\"_blank\">Classificaci\u00f3 &#8211; Amb Jokers<\/a>\n<\/div><div class=\"clearboth\"><\/div>\n<div class=\"one_half last\">\n<a class=\"button-16 button large default\" title=\"\" href=\"https:\/\/www.rallyclassics.club\/wp-content\/uploads\/RHV2023_CriteriumViladrau_1aEtapa_ConJokers.pdf\" target=\"_blank\">Classificaci\u00f3 Crit\u00e8rium<\/a>\n<\/div><div class=\"clearboth\"><\/div>\n&nbsp;<\/p>\n<div class=\"title\"><h2>Itinerari<\/h2><div class=\"title-sep-container\"><div class=\"title-sep\"><\/div><\/div><\/div>\n<div class=\"one_half\">\n<a class=\"button-17 button large default\" title=\"\" href=\"https:\/\/www.rallyclassics.club\/wp-content\/uploads\/Mapa-1a-Etapa-Criterium.pdf\" target=\"_blank\">Mapa Etapa 1<\/a>\n<\/div>\n<div class=\"one_half last\">\n<a class=\"button-18 button large default\" title=\"\" href=\"https:\/\/www.rallyclassics.club\/wp-content\/uploads\/Mapa-2a-Etapa.pdf\" target=\"_blank\">Mapa Etapa 2<\/a>\n<\/div><div class=\"clearboth\"><\/div>\n<div class=\"one_half last\">\n<a class=\"button-19 button large default\" title=\"\" href=\"https:\/\/www.rallyclassics.club\/wp-content\/uploads\/ITINERARI_XIX_RHV_v1.pdf\" target=\"_blank\">Itinerari Horari<\/a>\n<\/div><div class=\"clearboth\"><\/div>\n&nbsp;<\/p>\n<div class=\"title\"><h2>Inscripcions<\/h2><div class=\"title-sep-container\"><div class=\"title-sep\"><\/div><\/div><\/div>\n<div class=\"one_half last\">\n<a class=\"button-20 button large default\" title=\"\" href=\"https:\/\/www.rallyclassics.club\/wp-content\/uploads\/XIX_RHV_LLISTA_INSCRITS.pdf\" target=\"_blank\">Llista d&#8217;Inscrits<\/a>\n<\/div><div class=\"clearboth\"><\/div>\n&nbsp;<\/p>\n<p>&nbsp;<br \/>\n<a href=\"\/wp-content\/uploads\/PROGRAMA-HORARIO-XIX-Rallye-Hivern-v1.1.pdf\"><img loading=\"lazy\" decoding=\"async\" class=\"alignnone wp-image-36493 size-full\" src=\"\/wp-content\/uploads\/PROGRAMA-HORARIO-XIX-Rallye-Hivern-v1.1.jpg\" alt=\"\" width=\"1501\" height=\"1191\" \/><\/a><br \/>\n&nbsp;<br \/>\n<div class=\"title\"><h2>El rally<\/h2><div class=\"title-sep-container\"><div class=\"title-sep\"><\/div><\/div><\/div>\n<ul>\n<li><strong>350 quil\u00f2metres de recorregut<\/strong>, aproximadament <strong>210 quil\u00f2metres de regularitat.<\/strong><\/li>\n<li><strong>7 trams<\/strong> de regularitat, 2 voltes a un curt itinerari a prop de Viladrau pel mat\u00ed (Crit\u00e8rium Viladrau) i 5 trams per la tarda (Rallye d&#8217;Hivern).<\/strong><\/li>\n<li>Participaci\u00f3 oberta a cotxes cl\u00e0ssics fabricats fins el 14\/1\/98.<\/li>\n<li><strong>Cronometratge GPS<\/strong>.<\/li>\n<li>Premis especials i sortejos de lots de productes locals i descomptes en proves de RallyClassics.<\/li>\n<\/ul>\n<p>Consulta el reglament per a m\u00e9s informaci\u00f3 o contacta amb <a href=\"mailto:secretaria@rallyclassics.org\">secretaria@rallyclassics.org<\/a><br \/>\n&nbsp;<br \/>\n<div class=\"one_half\">\n<a class=\"button-21 button large default\" title=\"\" href=\"https:\/\/www.rallyclassics.club\/wp-content\/uploads\/Reglamento-XIX-Hivern-2023-v1.pdf\" target=\"_blank\">Reglament v1<\/a>\n<\/div>\n<div class=\"one_half last\">\n<a class=\"button-22 button large default\" title=\"\" href=\"\/wp-content\/uploads\/PROGRAMA-HORARIO-XIX-Rallye-Hivern-v1.1.pdf\" target=\"_blank\">Programa Horari v1.1<\/a>\n<\/div><div class=\"clearboth\"><\/div>\n<div class=\"one_half\">\n<a class=\"button-23 button large default\" title=\"\" href=\"https:\/\/www.rallyclassics.club\/wp-content\/uploads\/XIX-RHV-INFO-VERIFICACIONS-ADMINISTRATIVES-I-TECNIQUES.pdf\" target=\"_blank\">Info Verificacions<\/a>\n<\/div>\n<div class=\"one_half last\">\n<a class=\"button-24 button large default\" title=\"\" href=\"https:\/\/www.rallyclassics.club\/wp-content\/uploads\/Taula-Mitjanes-XIXRHV23.pdf\" target=\"_blank\">Taula de mitjanes<\/a>\n<\/div><div class=\"clearboth\"><\/div>\n<div class=\"one_half last\">\n<a class=\"button-25 button large default\" title=\"\" href=\"https:\/\/www.rallyclassics.club\/wp-content\/uploads\/xix_hivern_calibratge-v1.1.pdf\" target=\"_blank\">Tram de calibratge v1.1<\/a>\n<\/div><div class=\"clearboth\"><\/div>\n&nbsp;<br \/>\n<div class=\"title\"><h2>Tauler d&#8217;anuncis<\/h2><div class=\"title-sep-container\"><div class=\"title-sep\"><\/div><\/div><\/div>\n<p>Tota la informaci\u00f3 i documentaci\u00f3 del rally (classificacions, comunicats de direcci\u00f3 de cursa, informacions d&#8217;inter\u00e8s, etc.) ser\u00e0 accessible \u00fanicament des de l&#8217;<strong>aplicaci\u00f3 Sportity<\/strong>.<\/p>\n<p>Per a descarregar l&#8217;aplicaci\u00f3 m\u00f2bil: fer servir el codi QR a continuaci\u00f3 o buscar Sportity a Google Play o Apple Store, i introduir la contrasenya (Password) <strong>RHV<\/strong>. Tamb\u00e9 est\u00e0 disponible en versi\u00f3 web.<\/p>\n<div class=\"one_half last\">\n<a class=\"button-26 button large default\" title=\"\" href=\"https:\/\/webapp.sportity.com\/channel\/RHV\" target=\"_blank\">Tauler d&#8217;anuncis (Versi\u00f3 web)<\/a>\n<\/div><div class=\"clearboth\"><\/div>\n<p><a href=\"https:\/\/webapp.sportity.com\/channel\/RHV\" target=\"_blank\" rel=\"noopener noreferrer\"><img loading=\"lazy\" decoding=\"async\" class=\"aligncenter wp-image-308 size-full\" src=\"https:\/\/www.rallyclassics.club\/wp-content\/uploads\/RHV-SPORTITY_.png\" alt=\"Tabl\u00f3n anuncios 70 Rally Costa Brava 2022\" width=\"550\" height=\"392\" \/><\/a><br \/>\n&nbsp;<\/p>\n<div class=\"title\"><h2>Curs regularitat<\/h2><div class=\"title-sep-container\"><div class=\"title-sep\"><\/div><\/div><\/div>\n<p>El <strong>divendres 13 de gener de 19h30 a 21h<\/strong> es realitzar\u00e0 a Can Si\u00e0 (Viladrau) un curs d&#8217;introducci\u00f3 als rallyes de regularitat centrato en Rabbit Rally. El curs ser\u00e0 impartit per Rafa Ortiz i Eric Michelet (Tela Marinera Team).<\/p>\n<p><strong>Hem arribat al l\u00edmit d&#8217;aforament per al Curs de Regularitat. Gr\u00e0cies a tots pel vostre inter\u00e8s.<\/strong><\/p>\n<p><a href=\"https:\/\/forms.gle\/pjn772myJ8UX9wvx5\" target=\"_blank\" rel=\"noopener noreferrer\"><img loading=\"lazy\" decoding=\"async\" class=\"aligncenter wp-image-308 size-full\" src=\"https:\/\/www.rallyclassics.club\/wp-content\/uploads\/Cartell-5e-Curs-Copilot_2023___.jpg\" alt=\"Tabl\u00f3n anuncios XIX Rallye d'Hivern\" width=\"550\" height=\"392\" \/><\/a><br \/>\n&nbsp;<\/p>\n<div class=\"title\"><h2>Not\u00edcies del XIX Rallye d\u2019Hivern<\/h2><div class=\"title-sep-container\"><div class=\"title-sep\"><\/div><\/div><\/div> <div class=\"avada-container\"><section class=\"columns columns-2\" style=\"width:100%\"><div class=\"holder\"><article class=\"col\"><div class=\"flexslider floated-post-slideshow\"><ul class=\"slides\"><li>\n\t\t\t\t\t<a href=\"https:\/\/rallyclassics.club\/ca\/viladrau-bienvenida-temporada-xxii-rallye-hivern\/\" rel=\"\"><img decoding=\"async\" src=\"https:\/\/rallyclassics.club\/wp-content\/uploads\/2026\/01\/RHV26_RAF085804_-700x441.jpg\" alt=\"Viladrau dona la benvinguda a la temporada de motor amb el XXII Rallye d\u2019Hivern\" \/><\/a>\n\t\t\t\t<\/li><\/ul>\n\t\t<\/div><h4><a href=\"https:\/\/rallyclassics.club\/ca\/viladrau-bienvenida-temporada-xxii-rallye-hivern\/\">Viladrau dona la benvinguda a la temporada de motor amb el XXII Rallye d\u2019Hivern<\/a><\/h4><ul class=\"meta\"><li><em class=\"date\">19 de gener, 2026<\/em><\/li><\/ul><p><div class=\"excerpt-container\"><p> \tVuitanta-cinc equips omplen Viladrau en el primer rally de regularitat per a vehicles [&#8230;]<\/p>\n<\/div><\/p><\/article><article class=\"col\"><div class=\"flexslider floated-post-slideshow\"><ul class=\"slides\"><li>\n\t\t\t\t\t<a href=\"https:\/\/rallyclassics.club\/ca\/calendario-2025-rallyclassics\/\" rel=\"\"><img decoding=\"async\" src=\"https:\/\/rallyclassics.club\/wp-content\/uploads\/2025\/01\/RC_Calendario2025_ES____-700x441.jpg\" alt=\"Presentem el calendari 2025 de RallyClassics!\" \/><\/a>\n\t\t\t\t<\/li><\/ul>\n\t\t<\/div><h4><a href=\"https:\/\/rallyclassics.club\/ca\/calendario-2025-rallyclassics\/\">Presentem el calendari 2025 de RallyClassics!<\/a><\/h4><ul class=\"meta\"><li><em class=\"date\">15 de gener, 2025<\/em><\/li><\/ul><p><div class=\"excerpt-container\"><p>En RallyClassics ya hemos arrancado la temporada 2025, con muchas ganas de seguir ofreciendo [&#8230;]<\/p>\n<\/div><\/p><\/article><article class=\"col\"><div class=\"flexslider floated-post-slideshow\"><ul class=\"slides\"><li>\n\t\t\t\t\t<a href=\"https:\/\/rallyclassics.club\/ca\/resumen-xxi-rallye-hivern-viladrau\/\" rel=\"\"><img decoding=\"async\" src=\"https:\/\/rallyclassics.club\/wp-content\/uploads\/2025\/01\/XXI_RHV_2025_RALLYCLASSICS-22_-700x441.jpg\" alt=\"Noranta equips omplen Viladrau en el XXI Rallye d\u2019Hivern\" \/><\/a>\n\t\t\t\t<\/li><\/ul>\n\t\t<\/div><h4><a href=\"https:\/\/rallyclassics.club\/ca\/resumen-xxi-rallye-hivern-viladrau\/\">Noranta equips omplen Viladrau en el XXI Rallye d\u2019Hivern<\/a><\/h4><ul class=\"meta\"><li><em class=\"date\">13 de gener, 2025<\/em><\/li><\/ul><p><div class=\"excerpt-container\"><p> \tEl rally de regularitat per a vehicles cl\u00e0ssics organitzat per RallyClassics obre la [&#8230;]<\/p>\n<\/div><\/p><\/article><article class=\"col\"><div class=\"flexslider floated-post-slideshow\"><ul class=\"slides\"><li>\n\t\t\t\t\t<a href=\"https:\/\/rallyclassics.club\/ca\/inscripciones-abiertas-xxi-rallye-hivern-viladrau-2025\/\" rel=\"\"><img decoding=\"async\" src=\"https:\/\/rallyclassics.club\/wp-content\/uploads\/2024\/11\/XXI_Hivern_poster_-700x441.jpg\" alt=\"Ja et pots inscriure al XXI Rallye d&#8217;Hivern &#8211; Viladrau (11 de gener)\" \/><\/a>\n\t\t\t\t<\/li><\/ul>\n\t\t<\/div><h4><a href=\"https:\/\/rallyclassics.club\/ca\/inscripciones-abiertas-xxi-rallye-hivern-viladrau-2025\/\">Ja et pots inscriure al XXI Rallye d&#8217;Hivern &#8211; Viladrau (11 de gener)<\/a><\/h4><ul class=\"meta\"><li><em class=\"date\">21 de novembre, 2024<\/em><\/li><\/ul><p><div class=\"excerpt-container\"><p>El dissabte 11 de gener de 2025, el XXI Rallye d&#8217;Hivern &#8211; Viladrau t&#8217;espera!<\/p>\n<p>No [&#8230;]<\/p>\n<\/div><\/p><\/article><\/div><\/section><\/div>\n<div class=\"title\"><h2>RallyClassics TV<\/h2><div class=\"title-sep-container\"><div class=\"title-sep\"><\/div><\/div><\/div>\n<iframe loading=\"lazy\" src=\"https:\/\/www.youtube.com\/embed\/3MsPe0VQrFU\" width=\"560\" height=\"315\" frameborder=\"0\" allowfullscreen=\"allowfullscreen\"><\/iframe><br \/>\n&nbsp;<br \/>\n<div class=\"title\"><h2>Patrocinadors del XIX Rallye d\u2019Hivern<\/h2><div class=\"title-sep-container\"><div class=\"title-sep\"><\/div><\/div><\/div>\n<p><img loading=\"lazy\" decoding=\"async\" class=\"alignnone size-full wp-image-308\" src=\"\/wp-content\/uploads\/sponsors_xix_rallye_hivern.jpg\" alt=\"Sponsors 70 Motul Rally Costa Brava 2021\" width=\"816\" height=\"270\" \/><\/p>\n<p><em>El XIX Rallye d&#8217;Hivern &#8211; Crit\u00e8rium Viladrau \u00e9s possible gr\u00e0cies a la col\u00b7laboraci\u00f3 d&#8217;Ajuntament de Viladrau, Secretaria General de l\u2019Esport i de l\u2019Activitat F\u00edsica de la Generalitat de Catalunya, Diputaci\u00f3 de Girona, Rabbit Rally, MiRally, \u00c0gora, Garatge Internacional, Gaud\u00ed Events i Integral Apps.<\/em><br \/>\n<\/p>","protected":false},"excerpt":{"rendered":"<p>El dissabte 11 de gener de 2025, el XXI Rallye d&#8217;Hivern &#8211; Viladrau t&#8217;espera! No faltis al rally de regularitat que un any m\u00e9s inaugura la temporada esportiva. Hem preparat [&#8230;]<\/p>\n","protected":false},"author":9192197,"featured_media":0,"parent":0,"menu_order":0,"comment_status":"closed","ping_status":"closed","template":"","meta":{"om_disable_all_campaigns":false,"_monsterinsights_skip_tracking":false,"_monsterinsights_sitenote_active":false,"_monsterinsights_sitenote_note":"","_monsterinsights_sitenote_category":0,"footnotes":""},"class_list":["post-25397","page","type-page","status-publish","hentry"],"aioseo_notices":[],"_links":{"self":[{"href":"https:\/\/rallyclassics.club\/ca\/wp-json\/wp\/v2\/pages\/25397","targetHints":{"allow":["GET"]}}],"collection":[{"href":"https:\/\/rallyclassics.club\/ca\/wp-json\/wp\/v2\/pages"}],"about":[{"href":"https:\/\/rallyclassics.club\/ca\/wp-json\/wp\/v2\/types\/page"}],"author":[{"embeddable":true,"href":"https:\/\/rallyclassics.club\/ca\/wp-json\/wp\/v2\/users\/9192197"}],"replies":[{"embeddable":true,"href":"https:\/\/rallyclassics.club\/ca\/wp-json\/wp\/v2\/comments?post=25397"}],"version-history":[{"count":70,"href":"https:\/\/rallyclassics.club\/ca\/wp-json\/wp\/v2\/pages\/25397\/revisions"}],"predecessor-version":[{"id":36637,"href":"https:\/\/rallyclassics.club\/ca\/wp-json\/wp\/v2\/pages\/25397\/revisions\/36637"}],"wp:attachment":[{"href":"https:\/\/rallyclassics.club\/ca\/wp-json\/wp\/v2\/media?parent=25397"}],"curies":[{"name":"wp","href":"https:\/\/api.w.org\/{rel}","templated":true}]}}