{"id":26371,"date":"2021-02-25T16:34:29","date_gmt":"2021-02-25T15:34:29","guid":{"rendered":"https:\/\/www.rallyclassics.club\/porsche-classic-series-2020\/alcarras-2020-copy\/"},"modified":"2021-04-08T13:10:44","modified_gmt":"2021-04-08T12:10:44","slug":"alcarras-2021","status":"publish","type":"page","link":"https:\/\/rallyclassics.club\/ca\/porsche-classic-series-2021\/alcarras-2021\/","title":{"rendered":"Porsche Classic Series 2021 &#8211; Alcarr\u00e0s 10 Abril | Regularidad en circuito para coches cl\u00e1sicos &#8211; Cl\u00e1sicos en circuito"},"content":{"rendered":"<p><div class=\"title\"><h1>Porsche Classic Series 2021 &#8211; Alcarras<\/h1><div class=\"title-sep-container\"><div class=\"title-sep\"><\/div><\/div><\/div>\n<img loading=\"lazy\" decoding=\"async\" class=\"aligncenter size-full wp-image-7181\" src=\"\/wp-content\/uploads\/PCS2021_980x300.png\" width=\"980\" height=\"300\" \/><\/p>\n<div class=\"title\"><h2>Informaci\u00f3<\/h2><div class=\"title-sep-container\"><div class=\"title-sep\"><\/div><\/div><\/div>\n<p>A causa de l&#8217;anunci del PROCICAT de l&#8217;entrada en vigor del confinament comarcal a partir del divendres 09\/04, informem que la prova d&#8217;Alcarr\u00e0s es disputar\u00e0 segons estava previst. Els pilots i els acompanyants rebran una autoritzaci\u00f3 de despla\u00e7ament despr\u00e9s d&#8217;haver emplenat el &#8220;formulari d&#8217;assistents&#8221; que hauran rebut a l&#8217;e-mail.<\/p>\n<p>Per qualsevol dubte contactar amb <a href=\"mailto:secretaria@rallyclassics.org\" rel=\"noopener\" target=\"_blank\">secretaria@rallyclassics.org<\/a>.<\/p>\n<div class=\"one_half\">\n<a class=\"button-5 button large default\" title=\"\" href=\"https:\/\/www.rallyclassics.club\/wp-content\/uploads\/Horario-Alcarr%C3%A0s-10-Abr_PCS_v1.pdf\" target=\"_blank\">Programa horari<\/a>\n<\/div>\n<div class=\"one_half last\">\n<a class=\"button-6 button large default\" title=\"\" href=\"http:\/\/crono.rallyclassics.net\/PCS2021InscritosProvisional.aspx\" target=\"_blank\">Inscrits Provisionals<\/a>\n<\/div><div class=\"clearboth\"><\/div>\n&nbsp;<br \/>\n<div class=\"title\"><h2>Live Results<\/h2><div class=\"title-sep-container\"><div class=\"title-sep\"><\/div><\/div><\/div>\n<div class=\"one_half\">\n<a class=\"button-7 button large default\" title=\"\" href=\"http:\/\/crono.rallyclassics.net\/Default2.aspx\" target=\"_self\">Vuelta a Vuelta<\/a>\n<\/div>\n<div class=\"one_half last\">\n<a class=\"button-8 button large default\" title=\"\" href=\"http:\/\/crono.rallyclassics.net\/Default3.aspx\" target=\"_self\">Clasificacion General<\/a>\n<\/div><div class=\"clearboth\"><\/div>\n&nbsp;<br \/>\n<div class=\"title\"><h2>Premsa<\/h2><div class=\"title-sep-container\"><div class=\"title-sep\"><\/div><\/div><\/div>\n<p>En aquesta prova, de manera excepcional, no es podr\u00e0 acreditar a mitjans de comunicaci\u00f3 i fot\u00f2grafs. El proc\u00e8s d&#8217;acreditaci\u00f3 s&#8217;obrir\u00e0 a la cita de Calafat.<\/p>\n<p>&nbsp;<\/p>\n<div class=\"title\"><h2>\u00daltimes Not\u00edcies de les Porsche Classic Series 2021<\/h2><div class=\"title-sep-container\"><div class=\"title-sep\"><\/div><\/div><\/div>\n<div class=\"avada-container\"><section class=\"columns columns-2\" style=\"width:100%\"><div class=\"holder\"><article class=\"col\"><div class=\"flexslider floated-post-slideshow\"><ul class=\"slides\"><li>\n\t\t\t\t\t<a href=\"https:\/\/rallyclassics.club\/ca\/resultados-porsche-classic-series-barcelona\/\" rel=\"\"><img decoding=\"async\" src=\"https:\/\/rallyclassics.club\/wp-content\/uploads\/pcs_2022_gran_final__-700x441.jpg\" alt=\"Resultats Porsche Classic Series Circuit Barcelona-Catalunya\" \/><\/a>\n\t\t\t\t<\/li><\/ul>\n\t\t<\/div><h4><a href=\"https:\/\/rallyclassics.club\/ca\/resultados-porsche-classic-series-barcelona\/\">Resultats Porsche Classic Series Circuit Barcelona-Catalunya<\/a><\/h4><ul class=\"meta\"><li><em class=\"date\">7 d'octubre, 2022<\/em><\/li><\/ul><\/article><article class=\"col\"><div class=\"flexslider floated-post-slideshow\"><ul class=\"slides\"><li>\n\t\t\t\t\t<a href=\"https:\/\/rallyclassics.club\/ca\/inscripciones-abiertas-gran-final-porsche-classic-series-2022\/\" rel=\"\"><img decoding=\"async\" src=\"https:\/\/rallyclassics.club\/wp-content\/uploads\/final_porsche_classic_series_2021_circuit_barcelona_catalunya-17-700x441.jpg\" alt=\"Inscripcions obertes per a la Gran Final de les Porsche Classic Series 2022\" \/><\/a>\n\t\t\t\t<\/li><\/ul>\n\t\t<\/div><h4><a href=\"https:\/\/rallyclassics.club\/ca\/inscripciones-abiertas-gran-final-porsche-classic-series-2022\/\">Inscripcions obertes per a la Gran Final de les Porsche Classic Series 2022<\/a><\/h4><ul class=\"meta\"><li><em class=\"date\">22 de setembre, 2022<\/em><\/li><\/ul><\/article><article class=\"col\"><div class=\"flexslider floated-post-slideshow\"><ul class=\"slides\"><li>\n\t\t\t\t\t<a href=\"https:\/\/rallyclassics.club\/ca\/resultados-porsche-classic-series-calafat\/\" rel=\"\"><img decoding=\"async\" src=\"https:\/\/rallyclassics.club\/wp-content\/uploads\/PCS-RF-7652_-700x441.jpg\" alt=\"Resultados Porsche Classic Series Calafat\" \/><\/a>\n\t\t\t\t<\/li><\/ul>\n\t\t<\/div><h4><a href=\"https:\/\/rallyclassics.club\/ca\/resultados-porsche-classic-series-calafat\/\">Resultados Porsche Classic Series Calafat<\/a><\/h4><ul class=\"meta\"><li><em class=\"date\">17 de setembre, 2022<\/em><\/li><\/ul><\/article><article class=\"col\"><div class=\"flexslider floated-post-slideshow\"><ul class=\"slides\"><li>\n\t\t\t\t\t<a href=\"https:\/\/rallyclassics.club\/ca\/resultados-porsche-classic-series-alcarras\/\" rel=\"\"><img decoding=\"async\" src=\"https:\/\/rallyclassics.club\/wp-content\/uploads\/RF_-6635__-700x441.jpg\" alt=\"Resultats Porsche Classic Series Alcarr\u00e0s\" \/><\/a>\n\t\t\t\t<\/li><\/ul>\n\t\t<\/div><h4><a href=\"https:\/\/rallyclassics.club\/ca\/resultados-porsche-classic-series-alcarras\/\">Resultats Porsche Classic Series Alcarr\u00e0s<\/a><\/h4><ul class=\"meta\"><li><em class=\"date\">7 de maig, 2022<\/em><\/li><\/ul><\/article><\/div><\/section><\/div>\n<div class=\"title\"><h2>Rallyclassics TV<\/h2><div class=\"title-sep-container\"><div class=\"title-sep\"><\/div><\/div><\/div>\n<iframe loading=\"lazy\" src=\"https:\/\/www.youtube.com\/embed\/nSczzuhBvb8\" width=\"560\" height=\"315\" frameborder=\"0\" allowfullscreen=\"allowfullscreen\"><\/iframe><\/p>\n<div class=\"title\"><h2>Patrocinadors de les porsche Porsche Classic Series 2021<\/h2><div class=\"title-sep-container\"><div class=\"title-sep\"><\/div><\/div><\/div>\n<div class=\"related-posts related-projects clientslider-container\"><div id=\"carousel\" class=\"clients-carousel es-carousel-wrapper\"><div class=\"es-carousel\"><ul>\n<li><a href=\"https:\/\/www.porsche-barcelona.com\/\" target=\"_self\"><img decoding=\"async\" src=\"\/wp-content\/uploads\/2017\/02\/logo-centro-porsche.jpg\" alt=\"\" \/><\/a><\/li>\n<li><a href=\"https:\/\/www.porsche.com\/spain\/accessoriesandservice\/classic\/\" target=\"_self\"><img decoding=\"async\" src=\"\/wp-content\/uploads\/Logo-porsche-classic-150x100-1.jpg\" alt=\"\" \/><\/a><\/li>\n<li><a href=\"https:\/\/www.clubporsche.es\/\" target=\"_self\"><img decoding=\"async\" src=\"\/wp-content\/uploads\/2019\/01\/PorscheClub_150x100.jpg\" alt=\"\" \/><\/a><\/li>\n<\/ul><div class=\"es-nav\"><span class=\"es-nav-prev\">Previous<\/span><span class=\"es-nav-next\">Next<\/span><\/div><\/div><\/div><\/div>\n<p><img loading=\"lazy\" decoding=\"async\" class=\"aligncenter size-large wp-image-5809\" src=\"\/wp-content\/uploads\/pcs2021_logos.jpg\" alt=\"Patrocinadors de les porsche Porsche Classic Series 2021\" width=\"1024\" height=\"133\" \/><\/p>\n<div class=\"title\"><h2>Circuit de Alcarr\u00e0s:<\/h2><div class=\"title-sep-container\"><div class=\"title-sep\"><\/div><\/div><\/div>\nEl Circuit de Alcarr\u00e0s est\u00e1 situado en el municipio de Alcarr\u00e0s,en la provincia de Lleida. Fue construido en 2007. Tiene un trazado muy divertido y original compuesto de 4 curvas de derechas, 10 curvas de izquierdas y una recta de 800 m. con un ancho de pista de 14 m., dibujan un trazado de 3.743 m, con una pendiente m\u00e1xima del 9%.<\/p>","protected":false},"excerpt":{"rendered":"<p>40 cotxes Cl\u00e0ssics, una dotzena de Gentlemen i m\u00e9s de 60 pilots han gaudit d&#8217;una espectacular jornada en el Circuit d&#8217;Alcarr\u00e0s. Vict\u00f2ria de Carles Mir\u00f3, seguit de Jaume Campreci\u00f3s i [&#8230;]<\/p>\n","protected":false},"author":9192197,"featured_media":0,"parent":26377,"menu_order":0,"comment_status":"closed","ping_status":"closed","template":"","meta":{"om_disable_all_campaigns":false,"_monsterinsights_skip_tracking":false,"_monsterinsights_sitenote_active":false,"_monsterinsights_sitenote_note":"","_monsterinsights_sitenote_category":0,"footnotes":""},"class_list":["post-26371","page","type-page","status-publish","hentry"],"aioseo_notices":[],"_links":{"self":[{"href":"https:\/\/rallyclassics.club\/ca\/wp-json\/wp\/v2\/pages\/26371","targetHints":{"allow":["GET"]}}],"collection":[{"href":"https:\/\/rallyclassics.club\/ca\/wp-json\/wp\/v2\/pages"}],"about":[{"href":"https:\/\/rallyclassics.club\/ca\/wp-json\/wp\/v2\/types\/page"}],"author":[{"embeddable":true,"href":"https:\/\/rallyclassics.club\/ca\/wp-json\/wp\/v2\/users\/9192197"}],"replies":[{"embeddable":true,"href":"https:\/\/rallyclassics.club\/ca\/wp-json\/wp\/v2\/comments?post=26371"}],"version-history":[{"count":32,"href":"https:\/\/rallyclassics.club\/ca\/wp-json\/wp\/v2\/pages\/26371\/revisions"}],"predecessor-version":[{"id":27148,"href":"https:\/\/rallyclassics.club\/ca\/wp-json\/wp\/v2\/pages\/26371\/revisions\/27148"}],"up":[{"embeddable":true,"href":"https:\/\/rallyclassics.club\/ca\/wp-json\/wp\/v2\/pages\/26377"}],"wp:attachment":[{"href":"https:\/\/rallyclassics.club\/ca\/wp-json\/wp\/v2\/media?parent=26371"}],"curies":[{"name":"wp","href":"https:\/\/api.w.org\/{rel}","templated":true}]}}