{"id":26425,"date":"2021-02-26T15:16:12","date_gmt":"2021-02-26T14:16:12","guid":{"rendered":"https:\/\/www.rallyclassics.club\/moto-classic-series-2020-copy\/"},"modified":"2021-10-30T22:12:42","modified_gmt":"2021-10-30T21:12:42","slug":"moto-classic-series-2021","status":"publish","type":"page","link":"https:\/\/rallyclassics.club\/ca\/moto-classic-series-2021\/","title":{"rendered":"Moto Classic Series 2021 | Regularitat amb motos cl\u00e0ssiques"},"content":{"rendered":"<p><div class=\"title\"><h1>Moto Classic Series 2021<\/h1><div class=\"title-sep-container\"><div class=\"title-sep\"><\/div><\/div><\/div>\n<p><img loading=\"lazy\" decoding=\"async\" class=\"alignnone size-full wp-image-301\" src=\"\/wp-content\/uploads\/MCS2021_980x300.jpg\" alt=\"Moto Classic Series 2021 - Motos cl\u00e1sicas en circuito - Regularidad en Circuito\" width=\"980\" height=\"300\" \/><\/p>\n<div class=\"title\"><h2>\u00daltima prova: Gran Final Circuit Barcelona-Catalunya 30 octubre<\/h2><div class=\"title-sep-container\"><div class=\"title-sep\"><\/div><\/div><\/div>\n<p>Gr\u00e0cies per acompanyar-nos en aquesta gran temporada. Ens retrobem al 2022!<\/p>\n<a class=\"button-5 button large default\" title=\"\" href=\"\/ca\/moto-classic-series-2021\/barcelona-catalunya-2021\/\" target=\"\">M\u00c9S INFORMACI\u00d3<\/a>\n<p>&nbsp;<\/p>\n<div class=\"title\"><h2>Classificacions MotoClassic Series 2021<\/h2><div class=\"title-sep-container\"><div class=\"title-sep\"><\/div><\/div><\/div>\n<div class=\"one_half last\">\n<a class=\"button-6 button large default\" title=\"\" href=\"https:\/\/www.rallyclassics.club\/wp-content\/uploads\/MCS2021_MONTMELO_Campeonato.pdf\" target=\"_blank\">Final Campionat<\/a>\n<\/div><div class=\"clearboth\"><\/div>\n<p>&nbsp;<\/p>\n<div class=\"title\"><h2>Calendari de les MotoClassicSeries 2021<\/h2><div class=\"title-sep-container\"><div class=\"title-sep\"><\/div><\/div><\/div>\n<p><a href=\"barcelona-catalunya-2021\" target=\"_blank\" rel=\"noopener noreferrer\"><img loading=\"lazy\" decoding=\"async\" class=\"aligncenter wp-image-12237 size-full\" src=\"\/wp-content\/uploads\/mcs2021_circuits_05.jpg\" alt=\" Motoclassicseries 2021\" width=\"700\" height=\"200\" \/><\/a><\/p>\n<div class=\"title\"><h2>Informaci\u00f3 general<\/h2><div class=\"title-sep-container\"><div class=\"title-sep\"><\/div><\/div><\/div>\n<div class=\"one_half\">\n<a class=\"button-7 button large default\" title=\"\" href=\"\/wp-content\/uploads\/Reglamento-MotoClassic-Series-2021-v1.pdf\" target=\"_blank\">Reglament MotoClassic Series<\/a>\n<\/div>\n<div class=\"one_half last\">\n<a class=\"button-8 button large default\" title=\"\" href=\"\/wp-content\/uploads\/Eleccion-Digital-del-Tiempo-de-Referencia_.pdf\" target=\"_blank\">Sistema Digital Temps de Refer\u00e8ncia<\/a>\n<\/div><div class=\"clearboth\"><\/div>\n<p>&nbsp;<\/p>\n<div class=\"title\"><h2>Not\u00edcies de les Moto Classic Series 2021<\/h2><div class=\"title-sep-container\"><div class=\"title-sep\"><\/div><\/div><\/div>\n<div class=\"avada-container\"><section class=\"columns columns-3\" style=\"width:100%\"><div class=\"holder\"><article class=\"col\"><div class=\"flexslider floated-post-slideshow\"><ul class=\"slides\"><li>\n\t\t\t\t\t<a href=\"https:\/\/rallyclassics.club\/ca\/resultados-motoclassic-series-barcelona\/\" rel=\"\"><img decoding=\"async\" src=\"https:\/\/rallyclassics.club\/wp-content\/uploads\/mcs_2022_gran_final_-700x441.jpg\" alt=\"Resultats MotoClassic Series Circuit de Barcelona-Catalunya\" \/><\/a>\n\t\t\t\t<\/li><\/ul>\n\t\t<\/div><h4><a href=\"https:\/\/rallyclassics.club\/ca\/resultados-motoclassic-series-barcelona\/\">Resultats MotoClassic Series Circuit de Barcelona-Catalunya<\/a><\/h4><ul class=\"meta\"><li><em class=\"date\">7 d'octubre, 2022<\/em><\/li><\/ul><\/article><article class=\"col\"><div class=\"flexslider floated-post-slideshow\"><ul class=\"slides\"><li>\n\t\t\t\t\t<a href=\"https:\/\/rallyclassics.club\/ca\/abrimos-inscripciones-gran-final-motoclassic-series-2022\/\" rel=\"\"><img decoding=\"async\" src=\"https:\/\/rallyclassics.club\/wp-content\/uploads\/porsche_classic_series_final_circuit_barcelona_catalunya-2-700x441.jpg\" alt=\"Obrim inscripcions per a la Gran Final de les MotoClassic Series 2022\" \/><\/a>\n\t\t\t\t<\/li><\/ul>\n\t\t<\/div><h4><a href=\"https:\/\/rallyclassics.club\/ca\/abrimos-inscripciones-gran-final-motoclassic-series-2022\/\">Obrim inscripcions per a la Gran Final de les MotoClassic Series 2022<\/a><\/h4><ul class=\"meta\"><li><em class=\"date\">22 de setembre, 2022<\/em><\/li><\/ul><\/article><article class=\"col\"><div class=\"flexslider floated-post-slideshow\"><ul class=\"slides\"><li>\n\t\t\t\t\t<a href=\"https:\/\/rallyclassics.club\/ca\/resultados-motoclassic-series-calafat\/\" rel=\"\"><img decoding=\"async\" src=\"https:\/\/rallyclassics.club\/wp-content\/uploads\/PCS-RF-8049_-700x441.jpg\" alt=\"Resultats MotoClassic Series Calafat\" \/><\/a>\n\t\t\t\t<\/li><\/ul>\n\t\t<\/div><h4><a href=\"https:\/\/rallyclassics.club\/ca\/resultados-motoclassic-series-calafat\/\">Resultats MotoClassic Series Calafat<\/a><\/h4><ul class=\"meta\"><li><em class=\"date\">17 de setembre, 2022<\/em><\/li><\/ul><\/article><article class=\"col\"><div class=\"flexslider floated-post-slideshow\"><ul class=\"slides\"><li>\n\t\t\t\t\t<a href=\"https:\/\/rallyclassics.club\/ca\/resultados-motoclassic-series-alcarras\/\" rel=\"\"><img decoding=\"async\" src=\"https:\/\/rallyclassics.club\/wp-content\/uploads\/RF_-2-2__-700x441.jpg\" alt=\"Resultats MotoClassic Series Alcarr\u00e0s\" \/><\/a>\n\t\t\t\t<\/li><\/ul>\n\t\t<\/div><h4><a href=\"https:\/\/rallyclassics.club\/ca\/resultados-motoclassic-series-alcarras\/\">Resultats MotoClassic Series Alcarr\u00e0s<\/a><\/h4><ul class=\"meta\"><li><em class=\"date\">7 de maig, 2022<\/em><\/li><\/ul><\/article><article class=\"col\"><div class=\"flexslider floated-post-slideshow\"><ul class=\"slides\"><li>\n\t\t\t\t\t<a href=\"https:\/\/rallyclassics.club\/ca\/cronica-porsche-classic-series-parcmotor-castelloli-2022\/\" rel=\"\"><img decoding=\"async\" src=\"https:\/\/rallyclassics.club\/wp-content\/uploads\/porsche_classic_series_parcmotor_castelloli_2022-26-700x441.jpg\" alt=\"Espectacular inici de Porsche Classic Series i MotoClassic Series a Parcmotor Castellol\u00ed\" \/><\/a>\n\t\t\t\t<\/li><\/ul>\n\t\t<\/div><h4><a href=\"https:\/\/rallyclassics.club\/ca\/cronica-porsche-classic-series-parcmotor-castelloli-2022\/\">Espectacular inici de Porsche Classic Series i MotoClassic Series a Parcmotor Castellol\u00ed<\/a><\/h4><ul class=\"meta\"><li><em class=\"date\">11 d'abril, 2022<\/em><\/li><\/ul><\/article><article class=\"col\"><div class=\"flexslider floated-post-slideshow\"><ul class=\"slides\"><li>\n\t\t\t\t\t<a href=\"https:\/\/rallyclassics.club\/ca\/resultados-motoclassic-series-parcmotor-castelloli\/\" rel=\"\"><img decoding=\"async\" src=\"https:\/\/rallyclassics.club\/wp-content\/uploads\/moto_classic_series_2022_parcmotor-700x441.jpg\" alt=\"Resultats MotoClassic Series Parcmotor Castellol\u00ed\" \/><\/a>\n\t\t\t\t<\/li><\/ul>\n\t\t<\/div><h4><a href=\"https:\/\/rallyclassics.club\/ca\/resultados-motoclassic-series-parcmotor-castelloli\/\">Resultats MotoClassic Series Parcmotor Castellol\u00ed<\/a><\/h4><ul class=\"meta\"><li><em class=\"date\">9 d'abril, 2022<\/em><\/li><\/ul><\/article><\/div><\/section><\/div>\n<div class=\"title\"><h2>RallyClassics TV:<\/h2><div class=\"title-sep-container\"><div class=\"title-sep\"><\/div><\/div><\/div>\n<iframe loading=\"lazy\" title=\"Eduard Armengol y su Honda CB Four | MotoClassic Series\" width=\"669\" height=\"376\" src=\"https:\/\/www.youtube.com\/embed\/CSmimJc268E?feature=oembed\" frameborder=\"0\" allow=\"accelerometer; autoplay; clipboard-write; encrypted-media; gyroscope; picture-in-picture\" allowfullscreen><\/iframe><\/p>\n<div class=\"title\"><h2>Patrocinadors de les Moto Classic Series 2021<\/h2><div class=\"title-sep-container\"><div class=\"title-sep\"><\/div><\/div><\/div>\n<p><img loading=\"lazy\" decoding=\"async\" class=\"aligncenter size-large wp-image-5809\" src=\"\/wp-content\/uploads\/mcs2021_logos.jpg\" alt=\"Patrocinadores Moto Classic series 2021\" width=\"1024\" height=\"133\" \/><\/p>\n<div class=\"title\"><h2>Informaci\u00f3 de les Moto Classic Series 2021<\/h2><div class=\"title-sep-container\"><div class=\"title-sep\"><\/div><\/div><\/div>\nLa temporada 2021 de les MotoClassic Series est\u00e0 formada per cinc proves. Motos cl\u00e0ssiques de GP, Resist\u00e8ncia i Sport, i youngtimer fabricades fins a l\u2019any 1994, poden participar en aquest certamen de Regularitat en circuit. A la temporada 2021 visitarem el Circuito de Navarra al juny, a m\u00e9s de comptar amb les habituals cites en els quatre circuits catalans, incloent la Gran Final del Circuit de Barcelona-Catalunya a l\u2019octubre. Les MotoClassic Series et garanteixen fair-play, diversi\u00f3 i seguretat a bord de la teva moto cl\u00e0ssica. T\u2019hi esperem!<br \/>\n<\/p>","protected":false},"excerpt":{"rendered":"<p>Hem viscut un espectacular inici de temporada de les Porsche Classic Series i Porsche Gentlemen! Durant els pr\u00f2xims dies repassarem tot el que ens ha ofert aquesta gran jornada de [&#8230;]<\/p>\n","protected":false},"author":9192197,"featured_media":0,"parent":0,"menu_order":0,"comment_status":"closed","ping_status":"closed","template":"","meta":{"om_disable_all_campaigns":false,"_monsterinsights_skip_tracking":false,"_monsterinsights_sitenote_active":false,"_monsterinsights_sitenote_note":"","_monsterinsights_sitenote_category":0,"footnotes":""},"class_list":["post-26425","page","type-page","status-publish","hentry"],"aioseo_notices":[],"_links":{"self":[{"href":"https:\/\/rallyclassics.club\/ca\/wp-json\/wp\/v2\/pages\/26425","targetHints":{"allow":["GET"]}}],"collection":[{"href":"https:\/\/rallyclassics.club\/ca\/wp-json\/wp\/v2\/pages"}],"about":[{"href":"https:\/\/rallyclassics.club\/ca\/wp-json\/wp\/v2\/types\/page"}],"author":[{"embeddable":true,"href":"https:\/\/rallyclassics.club\/ca\/wp-json\/wp\/v2\/users\/9192197"}],"replies":[{"embeddable":true,"href":"https:\/\/rallyclassics.club\/ca\/wp-json\/wp\/v2\/comments?post=26425"}],"version-history":[{"count":31,"href":"https:\/\/rallyclassics.club\/ca\/wp-json\/wp\/v2\/pages\/26425\/revisions"}],"predecessor-version":[{"id":29738,"href":"https:\/\/rallyclassics.club\/ca\/wp-json\/wp\/v2\/pages\/26425\/revisions\/29738"}],"wp:attachment":[{"href":"https:\/\/rallyclassics.club\/ca\/wp-json\/wp\/v2\/media?parent=26425"}],"curies":[{"name":"wp","href":"https:\/\/api.w.org\/{rel}","templated":true}]}}