{"id":26426,"date":"2021-02-26T15:16:13","date_gmt":"2021-02-26T14:16:13","guid":{"rendered":"https:\/\/www.rallyclassics.club\/moto-classic-series-2020\/alcarras-2020-copy\/"},"modified":"2021-04-08T13:08:49","modified_gmt":"2021-04-08T12:08:49","slug":"alcarras-2021","status":"publish","type":"page","link":"https:\/\/rallyclassics.club\/ca\/moto-classic-series-2021\/alcarras-2021\/","title":{"rendered":"Moto Classic Series 2021 &#8211; Alcarr\u00e0s 10 abril | Motos cl\u00e0ssiques en circuit &#8211; Regularitat en circuit per a motos"},"content":{"rendered":"<p><div class=\"title\"><h1>MotoClassic Series 2021 &#8211; Alcarras<\/h1><div class=\"title-sep-container\"><div class=\"title-sep\"><\/div><\/div><\/div><img loading=\"lazy\" decoding=\"async\" class=\"alignnone size-full wp-image-301\" src=\"\/wp-content\/uploads\/MCS2021_980x300.jpg\" alt=\"MotoClassic Series 2021 Alcarr\u00e0s\" width=\"980\" height=\"300\" \/><\/p>\n<div class=\"title\"><h2>Informaci\u00f3<\/h2><div class=\"title-sep-container\"><div class=\"title-sep\"><\/div><\/div><\/div>\n<p>A causa de l&#8217;anunci del PROCICAT de l&#8217;entrada en vigor del confinament comarcal a partir del divendres 09\/04, informem que la prova d&#8217;Alcarr\u00e0s es disputar\u00e0 segons estava previst. Els pilots i els acompanyants rebran una autoritzaci\u00f3 de despla\u00e7ament despr\u00e9s d&#8217;haver emplenat el &#8220;formulari d&#8217;assistents&#8221; que hauran rebut a l&#8217;e-mail.<\/p>\n<p>Per qualsevol dubte contactar amb <a href=\"mailto:secretaria@rallyclassics.org\" rel=\"noopener\" target=\"_blank\">secretaria@rallyclassics.org<\/a>.<\/p>\n<div class=\"one_half\">\n<a class=\"button-5 button large default\" title=\"\" href=\"https:\/\/www.rallyclassics.club\/wp-content\/uploads\/Horario-Alcarr%C3%A0s-10-Abr_PCS_v1.pdf\" target=\"_blank\">Programa horari<\/a>\n<\/div>\n<div class=\"one_half last\">\n<a class=\"button-6 button large default\" title=\"\" href=\"https:\/\/crono.rallyclassics.net\/RGRGSN\/EntryForms\/ConsultaInscripcionProvisionalGenerico.aspx?IDEvento=MCS&amp;IDEdicion=MCS2021&amp;IDPrueba=MCS21ALCA\" target=\"_blank\">Inscrits Provisionals<\/a>\n<\/div><div class=\"clearboth\"><\/div>\n&nbsp;<\/p>\n<p>&nbsp;<\/p>\n<div class=\"title\"><h2>Live Results<\/h2><div class=\"title-sep-container\"><div class=\"title-sep\"><\/div><\/div><\/div>\n<div class=\"one_half\">\n<a class=\"button-7 button large default\" title=\"\" href=\"http:\/\/crono.rallyclassics.net\/Default2.aspx\" target=\"_blank\">Volta a Volta<\/a>\n<\/div>\n<div class=\"one_half last\">\n<a class=\"button-8 button large default\" title=\"\" href=\"http:\/\/crono.rallyclassics.net\/Default3.aspx\" target=\"_blank\">Classificaci\u00f3 general<\/a><\/div><div class=\"clearboth\"><\/div>\n&nbsp;<br \/>\n<div class=\"title\"><h2>\u00daltimes Not\u00edcies de les MotoClassic Series 2021<\/h2><div class=\"title-sep-container\"><div class=\"title-sep\"><\/div><\/div><\/div>\n<div class=\"avada-container\"><section class=\"columns columns-2\" style=\"width:100%\"><div class=\"holder\"><article class=\"col\"><div class=\"flexslider floated-post-slideshow\"><ul class=\"slides\"><li>\n\t\t\t\t\t<a href=\"https:\/\/rallyclassics.club\/ca\/resultados-motoclassic-series-barcelona\/\" rel=\"\"><img decoding=\"async\" src=\"https:\/\/rallyclassics.club\/wp-content\/uploads\/mcs_2022_gran_final_-700x441.jpg\" alt=\"Resultats MotoClassic Series Circuit de Barcelona-Catalunya\" \/><\/a>\n\t\t\t\t<\/li><\/ul>\n\t\t<\/div><h4><a href=\"https:\/\/rallyclassics.club\/ca\/resultados-motoclassic-series-barcelona\/\">Resultats MotoClassic Series Circuit de Barcelona-Catalunya<\/a><\/h4><ul class=\"meta\"><li><em class=\"date\">7 d'octubre, 2022<\/em><\/li><\/ul><\/article><article class=\"col\"><div class=\"flexslider floated-post-slideshow\"><ul class=\"slides\"><li>\n\t\t\t\t\t<a href=\"https:\/\/rallyclassics.club\/ca\/abrimos-inscripciones-gran-final-motoclassic-series-2022\/\" rel=\"\"><img decoding=\"async\" src=\"https:\/\/rallyclassics.club\/wp-content\/uploads\/porsche_classic_series_final_circuit_barcelona_catalunya-2-700x441.jpg\" alt=\"Obrim inscripcions per a la Gran Final de les MotoClassic Series 2022\" \/><\/a>\n\t\t\t\t<\/li><\/ul>\n\t\t<\/div><h4><a href=\"https:\/\/rallyclassics.club\/ca\/abrimos-inscripciones-gran-final-motoclassic-series-2022\/\">Obrim inscripcions per a la Gran Final de les MotoClassic Series 2022<\/a><\/h4><ul class=\"meta\"><li><em class=\"date\">22 de setembre, 2022<\/em><\/li><\/ul><\/article><article class=\"col\"><div class=\"flexslider floated-post-slideshow\"><ul class=\"slides\"><li>\n\t\t\t\t\t<a href=\"https:\/\/rallyclassics.club\/ca\/resultados-motoclassic-series-calafat\/\" rel=\"\"><img decoding=\"async\" src=\"https:\/\/rallyclassics.club\/wp-content\/uploads\/PCS-RF-8049_-700x441.jpg\" alt=\"Resultats MotoClassic Series Calafat\" \/><\/a>\n\t\t\t\t<\/li><\/ul>\n\t\t<\/div><h4><a href=\"https:\/\/rallyclassics.club\/ca\/resultados-motoclassic-series-calafat\/\">Resultats MotoClassic Series Calafat<\/a><\/h4><ul class=\"meta\"><li><em class=\"date\">17 de setembre, 2022<\/em><\/li><\/ul><\/article><article class=\"col\"><div class=\"flexslider floated-post-slideshow\"><ul class=\"slides\"><li>\n\t\t\t\t\t<a href=\"https:\/\/rallyclassics.club\/ca\/resultados-motoclassic-series-alcarras\/\" rel=\"\"><img decoding=\"async\" src=\"https:\/\/rallyclassics.club\/wp-content\/uploads\/RF_-2-2__-700x441.jpg\" alt=\"Resultats MotoClassic Series Alcarr\u00e0s\" \/><\/a>\n\t\t\t\t<\/li><\/ul>\n\t\t<\/div><h4><a href=\"https:\/\/rallyclassics.club\/ca\/resultados-motoclassic-series-alcarras\/\">Resultats MotoClassic Series Alcarr\u00e0s<\/a><\/h4><ul class=\"meta\"><li><em class=\"date\">7 de maig, 2022<\/em><\/li><\/ul><\/article><\/div><\/section><\/div>\n<div class=\"title\"><h2>RallyClassics TV:<\/h2><div class=\"title-sep-container\"><div class=\"title-sep\"><\/div><\/div><\/div>\n<iframe loading=\"lazy\" src=\"https:\/\/www.youtube.com\/embed\/nSczzuhBvb8\" width=\"560\" height=\"315\" frameborder=\"0\" allowfullscreen=\"allowfullscreen\"><\/iframe><\/p>\n<div class=\"title\"><h2>Patrocinadors de les Moto Classic Series 2021<\/h2><div class=\"title-sep-container\"><div class=\"title-sep\"><\/div><\/div><\/div>\n<p><img loading=\"lazy\" decoding=\"async\" class=\"aligncenter size-large wp-image-5809\" src=\"\/wp-content\/uploads\/mcs2021_logos.jpg\" alt=\"Patrocinadores Moto Classic series 2021\" width=\"1024\" height=\"133\" \/><\/p>","protected":false},"excerpt":{"rendered":"<p>M\u00e9s d&#8217;una vintena d&#8217;equips han gaudit d&#8217;una espectacular jornada al Circuit d&#8217;Alcarr\u00e0s. Vict\u00f2ria de Pep Mart\u00ed, seguit de Modest Arenas i Albert Vil\u00e0. El millor Junior ha estat Jordi Vea [&#8230;]<\/p>\n","protected":false},"author":9192197,"featured_media":0,"parent":26425,"menu_order":0,"comment_status":"closed","ping_status":"closed","template":"","meta":{"om_disable_all_campaigns":false,"_monsterinsights_skip_tracking":false,"_monsterinsights_sitenote_active":false,"_monsterinsights_sitenote_note":"","_monsterinsights_sitenote_category":0,"footnotes":""},"class_list":["post-26426","page","type-page","status-publish","hentry"],"aioseo_notices":[],"_links":{"self":[{"href":"https:\/\/rallyclassics.club\/ca\/wp-json\/wp\/v2\/pages\/26426","targetHints":{"allow":["GET"]}}],"collection":[{"href":"https:\/\/rallyclassics.club\/ca\/wp-json\/wp\/v2\/pages"}],"about":[{"href":"https:\/\/rallyclassics.club\/ca\/wp-json\/wp\/v2\/types\/page"}],"author":[{"embeddable":true,"href":"https:\/\/rallyclassics.club\/ca\/wp-json\/wp\/v2\/users\/9192197"}],"replies":[{"embeddable":true,"href":"https:\/\/rallyclassics.club\/ca\/wp-json\/wp\/v2\/comments?post=26426"}],"version-history":[{"count":36,"href":"https:\/\/rallyclassics.club\/ca\/wp-json\/wp\/v2\/pages\/26426\/revisions"}],"predecessor-version":[{"id":27144,"href":"https:\/\/rallyclassics.club\/ca\/wp-json\/wp\/v2\/pages\/26426\/revisions\/27144"}],"up":[{"embeddable":true,"href":"https:\/\/rallyclassics.club\/ca\/wp-json\/wp\/v2\/pages\/26425"}],"wp:attachment":[{"href":"https:\/\/rallyclassics.club\/ca\/wp-json\/wp\/v2\/media?parent=26426"}],"curies":[{"name":"wp","href":"https:\/\/api.w.org\/{rel}","templated":true}]}}