{"id":26888,"date":"2021-03-24T10:58:09","date_gmt":"2021-03-24T09:58:09","guid":{"rendered":"https:\/\/www.rallyclassics.club\/moto-classic-series-2021\/alcarras-2021-copy\/"},"modified":"2021-06-07T13:02:11","modified_gmt":"2021-06-07T12:02:11","slug":"navarra-classic-raid-2021","status":"publish","type":"page","link":"https:\/\/rallyclassics.club\/ca\/navarra-classic-raid-2021\/","title":{"rendered":"1er Navarra Classic Raid &#8211; 4 i 5 juny 2021 | Raid de Regularitat"},"content":{"rendered":"<p><div class=\"title\"><h2>Navarra Classic Raid &#8211; 4 i 5 juny 2021 | Raid de Regularitat<\/h2><div class=\"title-sep-container\"><div class=\"title-sep\"><\/div><\/div><\/div><img loading=\"lazy\" decoding=\"async\" class=\"alignnone size-full wp-image-301\" src=\"\/wp-content\/uploads\/ncf2021_raid_980x300c.jpg\" alt=\"Navarra Classic Raid - 4 y 5 junio 2021 | Raid de Regularidad\" width=\"980\" height=\"300\" \/><\/p>\n<div class=\"title\"><h2>Informaci\u00f3 breu<\/h2><div class=\"title-sep-container\"><div class=\"title-sep\"><\/div><\/div><\/div>\nDurant el Navarra Classic Festival 2021 va tenir lloc el 1r Navarra Classic Raid, una prova de regularitat ideal com a iniciaci\u00f3 o preparaci\u00f3 per al Dakar Classic. Es tracta d\u2019un esdeveniment amb navegaci\u00f3 sobre pistes de terra i m\u00e9s de 300 quil\u00f2metres de recorregut, que va constar de 2 etapes (divendres 4 i dissabte 5), amb sortida i arribada al Circuito de Navarra.<\/p>\n<div class=\"title\"><h2>Participants<\/h2><div class=\"title-sep-container\"><div class=\"title-sep\"><\/div><\/div><\/div>\n<div class=\"one_half\">\n<a class=\"button-9 button large default\" title=\"\" href=\"https:\/\/www.rallyclassics.club\/wp-content\/uploads\/LISTA-DE-INSCRITOS-CLASSIC-RAID-NAVARRA.pdf\" target=\"_blank\">Llista Inscrits<\/a>\n<\/div>\n<div class=\"one_half last\">\n<a class=\"button-10 button large default\" title=\"\" href=\"http:\/\/pub.mirally.es\/Races\/Results\/1493\" target=\"_blank\">Classificaci\u00f3 Final<\/a>\n<\/div><div class=\"clearboth\"><\/div>\n<p>&nbsp;<\/p>\n<div class=\"title\"><h2>Documents<\/h2><div class=\"title-sep-container\"><div class=\"title-sep\"><\/div><\/div><\/div>\n<div class=\"one_half\">\n<a class=\"button-11 button large default\" title=\"\" href=\"https:\/\/www.rallyclassics.club\/wp-content\/uploads\/PROGRAMA-HORARIO-N-CLASSIC-RAID-v4.pdf\" target=\"_blank\">Programa Horari V4<\/a>\n<\/div>\n<div class=\"one_half last\">\n<a class=\"button-12 button large default\" title=\"\" href=\"https:\/\/www.rallyclassics.club\/wp-content\/uploads\/REGLAMENTO-NAVARRA-CLASSIC-RAID-v1.pdf\" target=\"_blank\">Reglament V1<\/a>\n<\/div><div class=\"clearboth\"><\/div>\n<div class=\"one_half\">\n<a class=\"button-13 button large default\" title=\"\" href=\"https:\/\/www.rallyclassics.club\/wp-content\/uploads\/NCR-Tabla-de-Medias.pdf\" target=\"_blank\">Taula de Mitjanes<\/a>\n<\/div>\n<div class=\"one_half last\">\n<a class=\"button-14 button large default\" title=\"\" href=\"https:\/\/www.rallyclassics.club\/wp-content\/uploads\/ncf-raid-calibra-RoadA5.pdf\" target=\"_blank\">Tram de Calibraci\u00f3 (PDF)<\/a>\n<\/div><div class=\"clearboth\"><\/div>\n<p>&nbsp;<\/p>\n<div class=\"title\"><h2>Regularitat<\/h2><div class=\"title-sep-container\"><div class=\"title-sep\"><\/div><\/div><\/div>\n<div class=\"one_half last\">\n<a class=\"button-15 button large default\" title=\"\" href=\"http:\/\/www.rabbitrally.com\/docs\/content\/rabbit-rally-2-0-competidores\/introduccion-rapida-a-regularidad\/\" target=\"_blank\">Manual introducci\u00f3 a Rabbit Rally<\/a>\n<\/div><div class=\"clearboth\"><\/div>\n<p>&nbsp;<\/p>\n<div class=\"title\"><h2>Merchandising<\/h2><div class=\"title-sep-container\"><div class=\"title-sep\"><\/div><\/div><\/div>\n<p><a href=\"https:\/\/www.puravidasportwear.com\/festival-classic-navarra-a90\/\" target=\"_blank\" rel=\"noopener\"><img loading=\"lazy\" decoding=\"async\" class=\"aligncenter wp-image-25817 size-full\" src=\"\/wp-content\/uploads\/banner_merchandise_ncf.jpg\" alt=\"Navarra classic festival 2021\" width=\"800\" height=\"301\" \/><\/a><\/p>\n<p>&nbsp;<\/p>\n<div class=\"title\"><h2>Not\u00edcies del Navarra Classic Raid 2021<\/h2><div class=\"title-sep-container\"><div class=\"title-sep\"><\/div><\/div><\/div>\n<div class=\"avada-container\"><section class=\"columns columns-3\" style=\"width:100%\"><div class=\"holder\"><article class=\"col\"><div class=\"flexslider floated-post-slideshow\"><ul class=\"slides\"><li>\n\t\t\t\t\t<a href=\"https:\/\/rallyclassics.club\/ca\/inscripciones-abiertas-2-navarra-classic-raid-2022\/\" rel=\"\"><img decoding=\"async\" src=\"https:\/\/rallyclassics.club\/wp-content\/uploads\/navarra_classic_raid-12-700x441.jpg\" alt=\"Inscripciones obertes per al 2n Navarra Classic Raid (10-11 juny)\" \/><\/a>\n\t\t\t\t<\/li><\/ul>\n\t\t<\/div><h4><a href=\"https:\/\/rallyclassics.club\/ca\/inscripciones-abiertas-2-navarra-classic-raid-2022\/\">Inscripciones obertes per al 2n Navarra Classic Raid (10-11 juny)<\/a><\/h4><\/article><article class=\"col\"><div class=\"flexslider floated-post-slideshow\"><ul class=\"slides\"><li>\n\t\t\t\t\t<a href=\"https:\/\/rallyclassics.club\/ca\/video-navarra-classic-festival-2021\/\" rel=\"\"><img decoding=\"async\" src=\"https:\/\/rallyclassics.club\/wp-content\/uploads\/video_resumen_navarra_classic_festival-700x441.jpg\" alt=\"Ja disponible el v\u00eddeo oficial del Navarra Classic Festival 2021\" \/><\/a>\n\t\t\t\t<\/li><\/ul>\n\t\t<\/div><h4><a href=\"https:\/\/rallyclassics.club\/ca\/video-navarra-classic-festival-2021\/\">Ja disponible el v\u00eddeo oficial del Navarra Classic Festival 2021<\/a><\/h4><\/article><article class=\"col\"><div class=\"flexslider floated-post-slideshow\"><ul class=\"slides\"><li>\n\t\t\t\t\t<a href=\"https:\/\/rallyclassics.club\/ca\/resumen-navarra-classic-festival\/\" rel=\"\"><img decoding=\"async\" src=\"https:\/\/rallyclassics.club\/wp-content\/uploads\/navarra_classic_festival_2021_rallyclassics-5-700x441.jpg\" alt=\"Diversi\u00f3 sobre totes les superf\u00edcies al primer Navarra Classic Festival\" \/><\/a>\n\t\t\t\t<\/li><\/ul>\n\t\t<\/div><h4><a href=\"https:\/\/rallyclassics.club\/ca\/resumen-navarra-classic-festival\/\">Diversi\u00f3 sobre totes les superf\u00edcies al primer Navarra Classic Festival<\/a><\/h4><\/article><article class=\"col\"><div class=\"flexslider floated-post-slideshow\"><ul class=\"slides\"><li>\n\t\t\t\t\t<a href=\"https:\/\/rallyclassics.club\/ca\/horarios-navarra-classic-festival-2021\/\" rel=\"\"><img decoding=\"async\" src=\"https:\/\/rallyclassics.club\/wp-content\/uploads\/Cartel-circuito-Navarra-Classic-Festival_jpg_low_-700x441.jpg\" alt=\"Anunciem el cartell i els horaris del Navarra Classic Festival 2021\" \/><\/a>\n\t\t\t\t<\/li><\/ul>\n\t\t<\/div><h4><a href=\"https:\/\/rallyclassics.club\/ca\/horarios-navarra-classic-festival-2021\/\">Anunciem el cartell i els horaris del Navarra Classic Festival 2021<\/a><\/h4><\/article><article class=\"col\"><div class=\"flexslider floated-post-slideshow\"><ul class=\"slides\"><li>\n\t\t\t\t\t<a href=\"https:\/\/rallyclassics.club\/ca\/motos-clasicas-navarra-classic-raid\/\" rel=\"\"><img decoding=\"async\" src=\"https:\/\/rallyclassics.club\/wp-content\/uploads\/motos-clasicas-navarra-classic-raid-2021-1-700x441.jpg\" alt=\"Les motos cl\u00e0ssiques, presents al Navarra Classic Raid\" \/><\/a>\n\t\t\t\t<\/li><\/ul>\n\t\t<\/div><h4><a href=\"https:\/\/rallyclassics.club\/ca\/motos-clasicas-navarra-classic-raid\/\">Les motos cl\u00e0ssiques, presents al Navarra Classic Raid<\/a><\/h4><\/article><article class=\"col\"><div class=\"flexslider floated-post-slideshow\"><ul class=\"slides\"><li>\n\t\t\t\t\t<a href=\"https:\/\/rallyclassics.club\/ca\/navarra-classic-raid-equipos-dakar-classic\/\" rel=\"\"><img decoding=\"async\" src=\"https:\/\/rallyclassics.club\/wp-content\/uploads\/kilian_revuelta_naturhouse_raid_team_navarra_classic_raid-700x441.jpg\" alt=\"Coneix als equips dakarians que ja estan inscrits al Navarra Classic Raid\" \/><\/a>\n\t\t\t\t<\/li><\/ul>\n\t\t<\/div><h4><a href=\"https:\/\/rallyclassics.club\/ca\/navarra-classic-raid-equipos-dakar-classic\/\">Coneix als equips dakarians que ja estan inscrits al Navarra Classic Raid<\/a><\/h4><\/article><\/div><\/section><\/div>\n<div class=\"title\"><h2>RallyClassics TV:<\/h2><div class=\"title-sep-container\"><div class=\"title-sep\"><\/div><\/div><\/div>\n<iframe loading=\"lazy\" src=\"https:\/\/www.youtube.com\/embed\/vdonuxOjNeM\" width=\"560\" height=\"315\" frameborder=\"0\" allowfullscreen=\"allowfullscreen\"><\/iframe><\/p>\n<p>&nbsp;<\/p>\n<div class=\"title\"><h2>Informaci\u00f3 del Navarra Classic Raid 2021<\/h2><div class=\"title-sep-container\"><div class=\"title-sep\"><\/div><\/div><\/div>\n<p>El raid tindr\u00e0 un total de 12 trams de regularitat, amb una prova al circuit d\u2019Autocross i altres de regularitat, navegaci\u00f3, orientaci\u00f3 (amb rumbs de br\u00faixola) i habilitat (alguna petita trialera) al llarg del seu recorregut. Podran participar al Navarra Classic Raid vehicles fabricats fins a l\u2019any 1996, o fins a l\u2019any 2000 en el cas de vehicles d\u2019inter\u00e8s especial, repartits en categories de Cotxes 4\u00d74, Cotxes 4\u00d72, Motos, Quads i Camions.<\/p>\n<p>&nbsp;<\/p>\n<div class=\"title\"><h2>Patrocinadors del Navarra Classic Raid 2021<\/h2><div class=\"title-sep-container\"><div class=\"title-sep\"><\/div><\/div><\/div>\n<div class=\"related-posts related-projects clientslider-container\"><div id=\"carousel\" class=\"clients-carousel es-carousel-wrapper\"><div class=\"es-carousel\"><ul>\n<li><img decoding=\"async\" src=\" \/wp-content\/uploads\/CircuitoDeNavarra_150x100.jpg\" alt=\"\" \/><\/li>\n<li><img decoding=\"async\" src=\" \/wp-content\/uploads\/Rabbit-rally-150x100-1.jpg\" alt=\"\" \/><\/li>\n<li><img decoding=\"async\" src=\" \/wp-content\/uploads\/Enracat_150x100.jpg\" alt=\"\" \/><\/li>\n<li><img decoding=\"async\" src=\" \/wp-content\/uploads\/logo-integral-apps-150x100-1.jpg\" alt=\"\" \/><\/li>\n<li><img decoding=\"async\" src=\" \/wp-content\/uploads\/2019\/11\/A\u0300gora_150x100.jpg\" alt=\"\" \/><\/li>\n<li><img decoding=\"async\" src=\" \/wp-content\/uploads\/Mi-rally-150x100-1.jpg\" alt=\"\" \/><\/li>\n<\/ul><div class=\"es-nav\"><span class=\"es-nav-prev\">Previous<\/span><span class=\"es-nav-next\">Next<\/span><\/div><\/div><\/div><\/div>\n<p style=\"text-align: center;\"><a class=\"button-16 button large default\" title=\"\" href=\"\/navarra-classic-festival-2021\/\" target=\"\">Tornar a p\u00e0gina principal del Navarra Classic Festival<\/a>\n<p><\/p>","protected":false},"excerpt":{"rendered":"<p>225 participants van gaudir d&#8217;un cap de setmana dedicat a la Regularitat amb vehicles cl\u00e0ssics, amb epicentre al Circuito de Navarra. Xavier Pi\u00f1a\/Sergi Giralt (Toyota J8 A21) van aconseguir una [&#8230;]<\/p>\n","protected":false},"author":9192197,"featured_media":0,"parent":0,"menu_order":0,"comment_status":"closed","ping_status":"closed","template":"","meta":{"om_disable_all_campaigns":false,"_monsterinsights_skip_tracking":false,"_monsterinsights_sitenote_active":false,"_monsterinsights_sitenote_note":"","_monsterinsights_sitenote_category":0,"footnotes":""},"class_list":["post-26888","page","type-page","status-publish","hentry"],"aioseo_notices":[],"_links":{"self":[{"href":"https:\/\/rallyclassics.club\/ca\/wp-json\/wp\/v2\/pages\/26888","targetHints":{"allow":["GET"]}}],"collection":[{"href":"https:\/\/rallyclassics.club\/ca\/wp-json\/wp\/v2\/pages"}],"about":[{"href":"https:\/\/rallyclassics.club\/ca\/wp-json\/wp\/v2\/types\/page"}],"author":[{"embeddable":true,"href":"https:\/\/rallyclassics.club\/ca\/wp-json\/wp\/v2\/users\/9192197"}],"replies":[{"embeddable":true,"href":"https:\/\/rallyclassics.club\/ca\/wp-json\/wp\/v2\/comments?post=26888"}],"version-history":[{"count":51,"href":"https:\/\/rallyclassics.club\/ca\/wp-json\/wp\/v2\/pages\/26888\/revisions"}],"predecessor-version":[{"id":28091,"href":"https:\/\/rallyclassics.club\/ca\/wp-json\/wp\/v2\/pages\/26888\/revisions\/28091"}],"wp:attachment":[{"href":"https:\/\/rallyclassics.club\/ca\/wp-json\/wp\/v2\/media?parent=26888"}],"curies":[{"name":"wp","href":"https:\/\/api.w.org\/{rel}","templated":true}]}}