{"id":26917,"date":"2021-03-24T12:49:25","date_gmt":"2021-03-24T11:49:25","guid":{"rendered":"https:\/\/www.rallyclassics.club\/?page_id=26917"},"modified":"2021-06-07T13:07:18","modified_gmt":"2021-06-07T12:07:18","slug":"navarra-historic-rally-2021","status":"publish","type":"page","link":"https:\/\/rallyclassics.club\/ca\/navarra-historic-rally-2021\/","title":{"rendered":"1er Navarra Historic Rally &#8211; 4 i 5 juny 2021 | Rally de Regularitat"},"content":{"rendered":"<p><div class=\"title\"><h2>1er Navarra Historic Rally &#8211; 4 i 5 juny 2021 | Rally de Regularitat<\/h2><div class=\"title-sep-container\"><div class=\"title-sep\"><\/div><\/div><\/div>\n<img loading=\"lazy\" decoding=\"async\" class=\"alignnone size-full wp-image-301\" src=\"\/wp-content\/uploads\/ncf2021_rally_980x300c.jpg\" alt=\"1er Navarra Historic Rally - 4 y 5 junio 2021 | Rally de Regularidad\" width=\"980\" height=\"300\" \/><\/p>\n<div class=\"title\"><h2>Participants<\/h2><div class=\"title-sep-container\"><div class=\"title-sep\"><\/div><\/div><\/div>\n<div class=\"one_half\">\n<a class=\"button-9 button large default\" title=\"\" href=\"https:\/\/www.rallyclassics.club\/wp-content\/uploads\/LISTA-DE-INSCRITOS-HISTORIC-RALLY-NAVARRA.pdf\" target=\"_blank\">Llista Inscrits<\/a>\n<\/div>\n<div class=\"one_half last\">\n<a class=\"button-10 button large default\" title=\"\" href=\"http:\/\/pub.mirally.es\/Races\/Results\/1492\" target=\"_blank\">Classificaci\u00f3 final<\/a>\n<\/div><div class=\"clearboth\"><\/div>\n<p>&nbsp;<\/p>\n<div class=\"title\"><h2>Documents<\/h2><div class=\"title-sep-container\"><div class=\"title-sep\"><\/div><\/div><\/div>\n<div class=\"one_half\">\n<a class=\"button-11 button large default\" title=\"\" href=\"https:\/\/www.rallyclassics.club\/wp-content\/uploads\/REGLAMENTO-NAVARRA-HISTORIC-RALLY-V2.pdf\" target=\"_blank\">Reglament V2<\/a>\n<\/div>\n<div class=\"one_half last\">\n<a class=\"button-12 button large default\" title=\"\" href=\"https:\/\/www.rallyclassics.club\/wp-content\/uploads\/PROGRAMA-HORARIO-N-HISTORIC-RALLY-v2.pdf\" target=\"_blank\">Programa Horari V2<\/a>\n<\/div><div class=\"clearboth\"><\/div>\n<div class=\"one_half\">\n<a class=\"button-13 button large default\" title=\"\" href=\"https:\/\/www.rallyclassics.club\/wp-content\/uploads\/NHR-Tabla-de-medias.pdf\" target=\"_blank\">Taula de Mitjanes<\/a>\n<\/div>\n<div class=\"one_half last\">\n<a class=\"button-14 button large default\" title=\"\" href=\"https:\/\/www.rallyclassics.club\/wp-content\/uploads\/NHR_tramo-de-calibracion.pdf\" target=\"_blank\">Tram de Calibraci\u00f3 (PDF)<\/a>\n<\/div><div class=\"clearboth\"><\/div>\n<p>&nbsp;<\/p>\n<div class=\"title\"><h2>Regularitat<\/h2><div class=\"title-sep-container\"><div class=\"title-sep\"><\/div><\/div><\/div>\n<div class=\"one_half last\">\n<a class=\"button-15 button large default\" title=\"\" href=\"http:\/\/www.rabbitrally.com\/docs\/content\/rabbit-rally-2-0-competidores\/introduccion-rapida-a-regularidad\/\" target=\"_blank\">Manual introducci\u00f3 a Rabbit Rally<\/a>\n<\/div><div class=\"clearboth\"><\/div>\n<p>&nbsp;<\/p>\n<div class=\"title\"><h2>Merchandising<\/h2><div class=\"title-sep-container\"><div class=\"title-sep\"><\/div><\/div><\/div>\n<p><a href=\"https:\/\/www.puravidasportwear.com\/festival-classic-navarra-a90\/\" target=\"_blank\" rel=\"noopener\"><img loading=\"lazy\" decoding=\"async\" class=\"aligncenter wp-image-25817 size-full\" src=\"\/wp-content\/uploads\/banner_merchandise_ncf.jpg\" alt=\"Navarra classic festival 2021\" width=\"800\" height=\"301\" \/><\/a><\/p>\n<p>&nbsp;<\/p>\n<div class=\"title\"><h2>Not\u00edcies del Navarra Historic Rally 2021<\/h2><div class=\"title-sep-container\"><div class=\"title-sep\"><\/div><\/div><\/div>\n<div class=\"avada-container\"><section class=\"columns columns-3\" style=\"width:100%\"><div class=\"holder\"><article class=\"col\"><div class=\"flexslider floated-post-slideshow\"><ul class=\"slides\"><li>\n\t\t\t\t\t<a href=\"https:\/\/rallyclassics.club\/ca\/video-navarra-classic-festival-2021\/\" rel=\"\"><img decoding=\"async\" src=\"https:\/\/rallyclassics.club\/wp-content\/uploads\/video_resumen_navarra_classic_festival-700x441.jpg\" alt=\"Ja disponible el v\u00eddeo oficial del Navarra Classic Festival 2021\" \/><\/a>\n\t\t\t\t<\/li><\/ul>\n\t\t<\/div><h4><a href=\"https:\/\/rallyclassics.club\/ca\/video-navarra-classic-festival-2021\/\">Ja disponible el v\u00eddeo oficial del Navarra Classic Festival 2021<\/a><\/h4><\/article><article class=\"col\"><div class=\"flexslider floated-post-slideshow\"><ul class=\"slides\"><li>\n\t\t\t\t\t<a href=\"https:\/\/rallyclassics.club\/ca\/resumen-navarra-classic-festival\/\" rel=\"\"><img decoding=\"async\" src=\"https:\/\/rallyclassics.club\/wp-content\/uploads\/navarra_classic_festival_2021_rallyclassics-5-700x441.jpg\" alt=\"Diversi\u00f3 sobre totes les superf\u00edcies al primer Navarra Classic Festival\" \/><\/a>\n\t\t\t\t<\/li><\/ul>\n\t\t<\/div><h4><a href=\"https:\/\/rallyclassics.club\/ca\/resumen-navarra-classic-festival\/\">Diversi\u00f3 sobre totes les superf\u00edcies al primer Navarra Classic Festival<\/a><\/h4><\/article><article class=\"col\"><div class=\"flexslider floated-post-slideshow\"><ul class=\"slides\"><li>\n\t\t\t\t\t<a href=\"https:\/\/rallyclassics.club\/ca\/horarios-navarra-classic-festival-2021\/\" rel=\"\"><img decoding=\"async\" src=\"https:\/\/rallyclassics.club\/wp-content\/uploads\/Cartel-circuito-Navarra-Classic-Festival_jpg_low_-700x441.jpg\" alt=\"Anunciem el cartell i els horaris del Navarra Classic Festival 2021\" \/><\/a>\n\t\t\t\t<\/li><\/ul>\n\t\t<\/div><h4><a href=\"https:\/\/rallyclassics.club\/ca\/horarios-navarra-classic-festival-2021\/\">Anunciem el cartell i els horaris del Navarra Classic Festival 2021<\/a><\/h4><\/article><article class=\"col\"><div class=\"flexslider floated-post-slideshow\"><ul class=\"slides\"><li>\n\t\t\t\t\t<a href=\"https:\/\/rallyclassics.club\/ca\/informacion-navarra-historic-rally\/\" rel=\"\"><img decoding=\"async\" src=\"https:\/\/rallyclassics.club\/wp-content\/uploads\/mail_navarra_historic_rally_2-700x441.jpg\" alt=\"Participa al primer Navarra Historic Rally, el nou repte d&#8217;aquest 2021!\" \/><\/a>\n\t\t\t\t<\/li><\/ul>\n\t\t<\/div><h4><a href=\"https:\/\/rallyclassics.club\/ca\/informacion-navarra-historic-rally\/\">Participa al primer Navarra Historic Rally, el nou repte d&#8217;aquest 2021!<\/a><\/h4><\/article><article class=\"col\"><div class=\"flexslider floated-post-slideshow\"><ul class=\"slides\"><li>\n\t\t\t\t\t<a href=\"https:\/\/rallyclassics.club\/ca\/buen-ritmo-inscripciones-navarra-classic-festival\/\" rel=\"\"><img decoding=\"async\" src=\"https:\/\/rallyclassics.club\/wp-content\/uploads\/ncf2021_2000x1050_rrss-700x441.jpg\" alt=\"Les inscripcions per al primer Navarra Classic Festival avancen a bon ritme\" \/><\/a>\n\t\t\t\t<\/li><\/ul>\n\t\t<\/div><h4><a href=\"https:\/\/rallyclassics.club\/ca\/buen-ritmo-inscripciones-navarra-classic-festival\/\">Les inscripcions per al primer Navarra Classic Festival avancen a bon ritme<\/a><\/h4><\/article><article class=\"col\"><div class=\"flexslider floated-post-slideshow\"><ul class=\"slides\"><li>\n\t\t\t\t\t<a href=\"https:\/\/rallyclassics.club\/ca\/apertura-inscripciones-navarra-classic-festival-2021\/\" rel=\"\"><img decoding=\"async\" src=\"https:\/\/rallyclassics.club\/wp-content\/uploads\/apertura_inscripciones_navarra_classic_festival_2021-700x441.jpg\" alt=\"S&#8217;obren inscripcions per al Navarra Classic Festival 2021\" \/><\/a>\n\t\t\t\t<\/li><\/ul>\n\t\t<\/div><h4><a href=\"https:\/\/rallyclassics.club\/ca\/apertura-inscripciones-navarra-classic-festival-2021\/\">S&#8217;obren inscripcions per al Navarra Classic Festival 2021<\/a><\/h4><\/article><\/div><\/section><\/div>\n<div class=\"title\"><h2>Resum del Navarra Historic Rally 2021<\/h2><div class=\"title-sep-container\"><div class=\"title-sep\"><\/div><\/div><\/div>\n<p>Participa al Navarra Historic Rally, el nou repte d&#8217;aquest 2021!<\/p>\n<ul>\n<li>T&#8217;espera un <strong>rally de Regularitat de 2 dies<\/strong> amb un exigent recorregut de <strong>m\u00e9s de 500 kms<\/strong> per les millors carreteres de Navarra.<\/li>\n<li>El rally engegar\u00e0 i acabar\u00e0 al Circuito de Navarra, amb <strong>trams en circuit tancat<\/strong>, i ser\u00e0 un dels actes m\u00e9s destacats del Navarra Classic Festival.<\/li>\n<\/ul>\n<p>&nbsp;<\/p>\n<p>En el marc del Navarra Classic Festival tamb\u00e9 se celebrar\u00e0 el 1r Navarra Historic Rally 2021, esdeveniment de regularitat FEVA per a cl\u00e0ssics fabricats fins a l\u2019any 1996. El rally estar\u00e0 dividit en 2 etapes (divendres 4 i dissabte 5), amb sortida des de l\u2019Hotel Alma de Pamplona i arribada al Circuito de Navarra.<\/p>\n<p>El 1r Navarra Historic Rally tindr\u00e0 12 trams de regularitat i un recorregut superior als 500 quil\u00f2metres, discorrent per carreteres asfaltades de muntanya i amb mitjanes de fins a 50 km\/h. Entre aquests trams es trobaran els tra\u00e7ats de Velocitat i Karting del Circuito de Navarra, i no faltaran moltes de les carreteres navarreses m\u00e9s famoses. T\u2019animes a participar-hi?<\/p>\n<p>&nbsp;<\/p>\n<div class=\"title\"><h2>RallyClassics TV:<\/h2><div class=\"title-sep-container\"><div class=\"title-sep\"><\/div><\/div><\/div>\n<iframe loading=\"lazy\" src=\"https:\/\/www.youtube.com\/embed\/vdonuxOjNeM\" width=\"560\" height=\"315\" frameborder=\"0\" allowfullscreen=\"allowfullscreen\"><\/iframe><\/p>\n<p>&nbsp;<\/p>\n<div class=\"title\"><h2>Patrocinadors del Navarra Historic Rally 2021<\/h2><div class=\"title-sep-container\"><div class=\"title-sep\"><\/div><\/div><\/div>\n<div class=\"related-posts related-projects clientslider-container\"><div id=\"carousel\" class=\"clients-carousel es-carousel-wrapper\"><div class=\"es-carousel\"><ul>\n<li><img decoding=\"async\" src=\" \/wp-content\/uploads\/CircuitoDeNavarra_150x100.jpg\" alt=\"\" \/><\/li>\n<li><img decoding=\"async\" src=\" \/wp-content\/uploads\/Rabbit-rally-150x100-1.jpg\" alt=\"\" \/><\/li>\n<li><img decoding=\"async\" src=\" \/wp-content\/uploads\/Enracat_150x100.jpg\" alt=\"\" \/><\/li>\n<li><img decoding=\"async\" src=\" \/wp-content\/uploads\/logo-integral-apps-150x100-1.jpg\" alt=\"\" \/><\/li>\n<li><img decoding=\"async\" src=\" \/wp-content\/uploads\/2019\/11\/A\u0300gora_150x100.jpg\" alt=\"\" \/><\/li>\n<li><img decoding=\"async\" src=\" \/wp-content\/uploads\/Mi-rally-150x100-1.jpg\" alt=\"\" \/><\/li>\n<\/ul><div class=\"es-nav\"><span class=\"es-nav-prev\">Previous<\/span><span class=\"es-nav-next\">Next<\/span><\/div><\/div><\/div><\/div>\n<p style=\"text-align: center;\"><a class=\"button-16 button large default\" title=\"\" href=\"\/navarra-classic-festival-2021\/\" target=\"\">Tornar a p\u00e0gina principal del Navarra Classic Festival<\/a>\n<p><\/p>","protected":false},"excerpt":{"rendered":"<p>225 participants van gaudir d&#8217;un cap de setmana dedicat a la Regularitat amb vehicles cl\u00e0ssics, amb epicentre al Circuito de Navarra. Xavier Pi\u00f1a\/Sergi Giralt (Toyota J8 A21) van aconseguir una [&#8230;]<\/p>\n","protected":false},"author":9192197,"featured_media":0,"parent":0,"menu_order":0,"comment_status":"closed","ping_status":"closed","template":"","meta":{"om_disable_all_campaigns":false,"_monsterinsights_skip_tracking":false,"_monsterinsights_sitenote_active":false,"_monsterinsights_sitenote_note":"","_monsterinsights_sitenote_category":0,"footnotes":""},"class_list":["post-26917","page","type-page","status-publish","hentry"],"aioseo_notices":[],"_links":{"self":[{"href":"https:\/\/rallyclassics.club\/ca\/wp-json\/wp\/v2\/pages\/26917","targetHints":{"allow":["GET"]}}],"collection":[{"href":"https:\/\/rallyclassics.club\/ca\/wp-json\/wp\/v2\/pages"}],"about":[{"href":"https:\/\/rallyclassics.club\/ca\/wp-json\/wp\/v2\/types\/page"}],"author":[{"embeddable":true,"href":"https:\/\/rallyclassics.club\/ca\/wp-json\/wp\/v2\/users\/9192197"}],"replies":[{"embeddable":true,"href":"https:\/\/rallyclassics.club\/ca\/wp-json\/wp\/v2\/comments?post=26917"}],"version-history":[{"count":39,"href":"https:\/\/rallyclassics.club\/ca\/wp-json\/wp\/v2\/pages\/26917\/revisions"}],"predecessor-version":[{"id":28092,"href":"https:\/\/rallyclassics.club\/ca\/wp-json\/wp\/v2\/pages\/26917\/revisions\/28092"}],"wp:attachment":[{"href":"https:\/\/rallyclassics.club\/ca\/wp-json\/wp\/v2\/media?parent=26917"}],"curies":[{"name":"wp","href":"https:\/\/api.w.org\/{rel}","templated":true}]}}