{"id":26985,"date":"2021-03-26T10:48:59","date_gmt":"2021-03-26T09:48:59","guid":{"rendered":"https:\/\/www.rallyclassics.club\/porsche-classic-series-2021\/alcarras-2021-copy\/"},"modified":"2021-06-07T13:15:55","modified_gmt":"2021-06-07T12:15:55","slug":"navarra-2021","status":"publish","type":"page","link":"https:\/\/rallyclassics.club\/ca\/porsche-classic-series-2021\/navarra-2021\/","title":{"rendered":"Porsche Classic Series 2021 &#8211; Navarra 5 juny | Regularitat per cotxes cl\u00e0ssics"},"content":{"rendered":"<p><div class=\"title\"><h2>Porsche Classic Series 2021 &#8211; Navarra<\/h2><div class=\"title-sep-container\"><div class=\"title-sep\"><\/div><\/div><\/div>\n<img loading=\"lazy\" decoding=\"async\" class=\"aligncenter size-full wp-image-7181\" src=\"\/wp-content\/uploads\/PCS2021_700x200_NAVARRA.jpg\" width=\"700\" height=\"200\" \/><\/p>\n<div class=\"title\"><h2>Live Results<\/h2><div class=\"title-sep-container\"><div class=\"title-sep\"><\/div><\/div><\/div>\n<div class=\"one_half\">\n<a class=\"button-6 button large default\" title=\"\" href=\"https:\/\/www.rallyclassics.club\/wp-content\/uploads\/RCS2021_NAVARRA_FINAL_Resumen.pdf\" target=\"_blank\">Resultats Porsche Classic Series<\/a>\n<\/div>\n<div class=\"one_half last\">\n<a class=\"button-7 button large default\" title=\"\" href=\"https:\/\/www.rallyclassics.club\/wp-content\/uploads\/GEN2021_NAVARRA_FINAL_Resumen.pdf\" target=\"_blank\">Resultats Porsche Gentlemen<\/a>\n<\/div><div class=\"clearboth\"><\/div>\n<p>&nbsp;<\/p>\n<div class=\"title\"><h2>Esdeveniment<\/h2><div class=\"title-sep-container\"><div class=\"title-sep\"><\/div><\/div><\/div>\n<div class=\"one_half\">\n<a class=\"button-8 button large default\" title=\"\" href=\"https:\/\/www.rallyclassics.club\/wp-content\/uploads\/Horario-Navarra-5JUN_V3_PCS.pdf\" target=\"_blank\">Programa horari V3<\/a>\n<\/div>\n<div class=\"one_half last\">\n<a class=\"button-9 button large default\" title=\"\" href=\"https:\/\/www.rallyclassics.club\/wp-content\/uploads\/Reglamento-PORSCHE-CLASSIC-SERIES-2021_v1-1.pdf\" target=\"_blank\">Reglament Esportiu<\/a>\n<\/div><div class=\"clearboth\"><\/div>\n<p>&nbsp;<\/p>\n<div class=\"title\"><h2>Merchandising<\/h2><div class=\"title-sep-container\"><div class=\"title-sep\"><\/div><\/div><\/div>\n<p><a href=\"https:\/\/www.puravidasportwear.com\/festival-classic-navarra-a90\/\" target=\"_blank\" rel=\"noopener\"><img loading=\"lazy\" decoding=\"async\" class=\"aligncenter wp-image-25817 size-full\" src=\"\/wp-content\/uploads\/banner_merchandise_ncf.jpg\" alt=\"Navarra classic festival 2021\" width=\"800\" height=\"301\" \/><\/a><\/p>\n<p>&nbsp;<\/p>\n<div class=\"title\"><h2>Not\u00edcies de les Porsche Classic Series 2021<\/h2><div class=\"title-sep-container\"><div class=\"title-sep\"><\/div><\/div><\/div>\n<div class=\"avada-container\"><section class=\"columns columns-3\" style=\"width:100%\"><div class=\"holder\"><article class=\"col\"><div class=\"flexslider floated-post-slideshow\"><ul class=\"slides\"><li>\n\t\t\t\t\t<a href=\"https:\/\/rallyclassics.club\/ca\/resultados-porsche-classic-series-barcelona\/\" rel=\"\"><img decoding=\"async\" src=\"https:\/\/rallyclassics.club\/wp-content\/uploads\/pcs_2022_gran_final__-700x441.jpg\" alt=\"Resultats Porsche Classic Series Circuit Barcelona-Catalunya\" \/><\/a>\n\t\t\t\t<\/li><\/ul>\n\t\t<\/div><h4><a href=\"https:\/\/rallyclassics.club\/ca\/resultados-porsche-classic-series-barcelona\/\">Resultats Porsche Classic Series Circuit Barcelona-Catalunya<\/a><\/h4><ul class=\"meta\"><li><em class=\"date\">7 d'octubre, 2022<\/em><\/li><\/ul><\/article><article class=\"col\"><div class=\"flexslider floated-post-slideshow\"><ul class=\"slides\"><li>\n\t\t\t\t\t<a href=\"https:\/\/rallyclassics.club\/ca\/inscripciones-abiertas-gran-final-porsche-classic-series-2022\/\" rel=\"\"><img decoding=\"async\" src=\"https:\/\/rallyclassics.club\/wp-content\/uploads\/final_porsche_classic_series_2021_circuit_barcelona_catalunya-17-700x441.jpg\" alt=\"Inscripcions obertes per a la Gran Final de les Porsche Classic Series 2022\" \/><\/a>\n\t\t\t\t<\/li><\/ul>\n\t\t<\/div><h4><a href=\"https:\/\/rallyclassics.club\/ca\/inscripciones-abiertas-gran-final-porsche-classic-series-2022\/\">Inscripcions obertes per a la Gran Final de les Porsche Classic Series 2022<\/a><\/h4><ul class=\"meta\"><li><em class=\"date\">22 de setembre, 2022<\/em><\/li><\/ul><\/article><article class=\"col\"><div class=\"flexslider floated-post-slideshow\"><ul class=\"slides\"><li>\n\t\t\t\t\t<a href=\"https:\/\/rallyclassics.club\/ca\/resultados-porsche-classic-series-calafat\/\" rel=\"\"><img decoding=\"async\" src=\"https:\/\/rallyclassics.club\/wp-content\/uploads\/PCS-RF-7652_-700x441.jpg\" alt=\"Resultados Porsche Classic Series Calafat\" \/><\/a>\n\t\t\t\t<\/li><\/ul>\n\t\t<\/div><h4><a href=\"https:\/\/rallyclassics.club\/ca\/resultados-porsche-classic-series-calafat\/\">Resultados Porsche Classic Series Calafat<\/a><\/h4><ul class=\"meta\"><li><em class=\"date\">17 de setembre, 2022<\/em><\/li><\/ul><\/article><article class=\"col\"><div class=\"flexslider floated-post-slideshow\"><ul class=\"slides\"><li>\n\t\t\t\t\t<a href=\"https:\/\/rallyclassics.club\/ca\/inscribete-porsche-classic-series-navarra-11-junio\/\" rel=\"\"><img decoding=\"async\" src=\"https:\/\/rallyclassics.club\/wp-content\/uploads\/porsche_classic_series_2022_castelloli-45-700x441.jpg\" alt=\"No et perdis les Porsche Classic Series de Navarra (11 juny)!\" \/><\/a>\n\t\t\t\t<\/li><\/ul>\n\t\t<\/div><h4><a href=\"https:\/\/rallyclassics.club\/ca\/inscribete-porsche-classic-series-navarra-11-junio\/\">No et perdis les Porsche Classic Series de Navarra (11 juny)!<\/a><\/h4><ul class=\"meta\"><li><em class=\"date\">25 de maig, 2022<\/em><\/li><\/ul><\/article><article class=\"col\"><div class=\"flexslider floated-post-slideshow\"><ul class=\"slides\"><li>\n\t\t\t\t\t<a href=\"https:\/\/rallyclassics.club\/ca\/pegaso-7222-dakar-navarra-classic-raid\/\" rel=\"\"><img decoding=\"async\" src=\"https:\/\/rallyclassics.club\/wp-content\/uploads\/5-urbano_-700x441.jpg\" alt=\"El Pegaso 7222 Dakar de Salvador Ca\u00f1ellas, al Navarra Classic Raid!\" \/><\/a>\n\t\t\t\t<\/li><\/ul>\n\t\t<\/div><h4><a href=\"https:\/\/rallyclassics.club\/ca\/pegaso-7222-dakar-navarra-classic-raid\/\">El Pegaso 7222 Dakar de Salvador Ca\u00f1ellas, al Navarra Classic Raid!<\/a><\/h4><ul class=\"meta\"><li><em class=\"date\">18 de maig, 2022<\/em><\/li><\/ul><\/article><article class=\"col\"><div class=\"flexslider floated-post-slideshow\"><ul class=\"slides\"><li>\n\t\t\t\t\t<a href=\"https:\/\/rallyclassics.club\/ca\/resultados-porsche-classic-series-alcarras\/\" rel=\"\"><img decoding=\"async\" src=\"https:\/\/rallyclassics.club\/wp-content\/uploads\/RF_-6635__-700x441.jpg\" alt=\"Resultats Porsche Classic Series Alcarr\u00e0s\" \/><\/a>\n\t\t\t\t<\/li><\/ul>\n\t\t<\/div><h4><a href=\"https:\/\/rallyclassics.club\/ca\/resultados-porsche-classic-series-alcarras\/\">Resultats Porsche Classic Series Alcarr\u00e0s<\/a><\/h4><ul class=\"meta\"><li><em class=\"date\">7 de maig, 2022<\/em><\/li><\/ul><\/article><\/div><\/section><\/div>\n<div class=\"title\"><h2>Rallyclassics TV<\/h2><div class=\"title-sep-container\"><div class=\"title-sep\"><\/div><\/div><\/div>\n<p><iframe loading=\"lazy\" title=\"Porsche Classic Series 2021 - Circuit de Calafat - 08\/05\/21\" width=\"669\" height=\"376\" src=\"https:\/\/www.youtube.com\/embed\/mXhOgB7RGGU?feature=oembed\" frameborder=\"0\" allow=\"accelerometer; autoplay; clipboard-write; encrypted-media; gyroscope; picture-in-picture\" allowfullscreen><\/iframe><\/p>\n<p>&nbsp;<\/p>\n<div class=\"title\"><h2>Informaci\u00f3 breu<\/h2><div class=\"title-sep-container\"><div class=\"title-sep\"><\/div><\/div><\/div>\n<p>Durant el Navarra Classic Festival es disputar\u00e0, al Circuit de Velocitat, la tercera cita de l&#8217;any dels cert\u00e0mens de Regularitat en circuit de RallyClassics:<\/p>\n<ul>\n<li><strong>Porsche Classic Series:<\/strong> Regularitat per a cotxes cl\u00e0ssics i youngtimers fabricats fins l&#8217;any 1995.<\/li>\n<li><strong>Porsche Gentlemen:<\/strong> Iniciaci\u00f3 a la Regularitat per a pilots amateur de vehicles d&#8217;altes prestacions.<\/li>\n<\/ul>\n<p>Participa a la millor experi\u00e8ncia en circuit per a pilots amateur!<\/p>\n<p>&nbsp;<\/p>\n<div class=\"title\"><h2>Patrocinadors de les Porsche Classic Series 2021<\/h2><div class=\"title-sep-container\"><div class=\"title-sep\"><\/div><\/div><\/div>\n<div class=\"related-posts related-projects clientslider-container\"><div id=\"carousel\" class=\"clients-carousel es-carousel-wrapper\"><div class=\"es-carousel\"><ul>\n<li><a href=\"https:\/\/www.porsche-barcelona.com\/\" target=\"_self\"><img decoding=\"async\" src=\"\/wp-content\/uploads\/2017\/02\/logo-centro-porsche.jpg\" alt=\"\" \/><\/a><\/li>\n<li><a href=\"https:\/\/www.porsche.com\/spain\/accessoriesandservice\/classic\/\" target=\"_self\"><img decoding=\"async\" src=\"\/wp-content\/uploads\/Logo-porsche-classic-150x100-1.jpg\" alt=\"\" \/><\/a><\/li>\n<li><a href=\"https:\/\/www.clubporsche.es\/\" target=\"_self\"><img decoding=\"async\" src=\"\/wp-content\/uploads\/2019\/01\/PorscheClub_150x100.jpg\" alt=\"\" \/><\/a><\/li>\n<\/ul><div class=\"es-nav\"><span class=\"es-nav-prev\">Previous<\/span><span class=\"es-nav-next\">Next<\/span><\/div><\/div><\/div><\/div>\n<p><img loading=\"lazy\" decoding=\"async\" class=\"aligncenter size-large wp-image-5809\" src=\"\/wp-content\/uploads\/pcs2021_logos.jpg\" alt=\"Patrocinadores Porsche Classic Series 2021\" width=\"1024\" height=\"133\" \/><\/p>\n<p style=\"text-align: center;\"><a class=\"button-10 button large default\" title=\"\" href=\"\/navarra-classic-festival-2021\/\" target=\"\">Tornar a la p\u00e0gina principal del Navarra Classic Festival<\/a>\n<p><\/p>","protected":false},"excerpt":{"rendered":"<p>40 cotxes Cl\u00e0ssics, una dotzena de Gentlemen i m\u00e9s de 60 pilots han gaudit d&#8217;una espectacular jornada en el Circuit d&#8217;Alcarr\u00e0s. Vict\u00f2ria de Carles Mir\u00f3, seguit de Jaume Campreci\u00f3s i [&#8230;]<\/p>\n","protected":false},"author":9192197,"featured_media":0,"parent":26377,"menu_order":0,"comment_status":"closed","ping_status":"closed","template":"","meta":{"om_disable_all_campaigns":false,"_monsterinsights_skip_tracking":false,"_monsterinsights_sitenote_active":false,"_monsterinsights_sitenote_note":"","_monsterinsights_sitenote_category":0,"footnotes":""},"class_list":["post-26985","page","type-page","status-publish","hentry"],"aioseo_notices":[],"_links":{"self":[{"href":"https:\/\/rallyclassics.club\/ca\/wp-json\/wp\/v2\/pages\/26985","targetHints":{"allow":["GET"]}}],"collection":[{"href":"https:\/\/rallyclassics.club\/ca\/wp-json\/wp\/v2\/pages"}],"about":[{"href":"https:\/\/rallyclassics.club\/ca\/wp-json\/wp\/v2\/types\/page"}],"author":[{"embeddable":true,"href":"https:\/\/rallyclassics.club\/ca\/wp-json\/wp\/v2\/users\/9192197"}],"replies":[{"embeddable":true,"href":"https:\/\/rallyclassics.club\/ca\/wp-json\/wp\/v2\/comments?post=26985"}],"version-history":[{"count":22,"href":"https:\/\/rallyclassics.club\/ca\/wp-json\/wp\/v2\/pages\/26985\/revisions"}],"predecessor-version":[{"id":28097,"href":"https:\/\/rallyclassics.club\/ca\/wp-json\/wp\/v2\/pages\/26985\/revisions\/28097"}],"up":[{"embeddable":true,"href":"https:\/\/rallyclassics.club\/ca\/wp-json\/wp\/v2\/pages\/26377"}],"wp:attachment":[{"href":"https:\/\/rallyclassics.club\/ca\/wp-json\/wp\/v2\/media?parent=26985"}],"curies":[{"name":"wp","href":"https:\/\/api.w.org\/{rel}","templated":true}]}}