{"id":27045,"date":"2021-03-26T14:11:27","date_gmt":"2021-03-26T13:11:27","guid":{"rendered":"https:\/\/www.rallyclassics.club\/?page_id=27045"},"modified":"2021-09-17T11:38:52","modified_gmt":"2021-09-17T10:38:52","slug":"castelloli-2021","status":"publish","type":"page","link":"https:\/\/rallyclassics.club\/ca\/porsche-classic-series-2021\/castelloli-2021\/","title":{"rendered":"Porsche Classic Series 2021 &#8211; Parcmotor 18 setembre"},"content":{"rendered":"<p><div class=\"title\"><h2>Porsche Classic Series 2021 &#8211; Parcmotor Castellol\u00ed 18 de setembre<\/h2><div class=\"title-sep-container\"><div class=\"title-sep\"><\/div><\/div><\/div>\n<img loading=\"lazy\" decoding=\"async\" class=\"aligncenter size-full wp-image-7181\" src=\"\/wp-content\/uploads\/PCS2021_980x300.png\" width=\"980\" height=\"300\" \/><\/p>\n<div class=\"title\"><h2>Live Results<\/h2><div class=\"title-sep-container\"><div class=\"title-sep\"><\/div><\/div><\/div>\n<div class=\"one_half\">\n<a class=\"button-9 button large default\" title=\"\" href=\"http:\/\/crono.rallyclassics.net\/Default2.aspx\" target=\"_self\">Volta a volta<\/a>\n<\/div>\n<div class=\"one_half last\">\n<a class=\"button-10 button large default\" title=\"\" href=\"http:\/\/crono.rallyclassics.net\/Default3.aspx\" target=\"_self\">Classificaci\u00f3 General<\/a>\n<\/div><div class=\"clearboth\"><\/div>\n<p>&nbsp;<\/p>\n<div class=\"title\"><h2>Inscripcions<\/h2><div class=\"title-sep-container\"><div class=\"title-sep\"><\/div><\/div><\/div>\n<p><strong>Porsche Classic Series:<\/strong> Regularitat per a cotxes cl\u00e0ssics i youngtimers fabricats fins al 1995. Es necessita extintor, casc i mono ign\u00edfug.<\/p>\n<div class=\"one_half last\">\n<a class=\"button-11 button large default\" title=\"\" href=\"https:\/\/www.rallyclassics.club\/wp-content\/uploads\/LLISTA-DE-INSCRITOS-CL\u00c1SICOS.pdf\" target=\"_blank\">Llista inscrits<\/a>\n<\/div><div class=\"clearboth\"><\/div>\n&nbsp;<br \/>\n<strong>Porsche Gentlemen:<\/strong> Regularitat per a esportius moderns d&#8217;altes prestacions, preferiblement Porsche. Nom\u00e9s es necessita casc.<\/p>\n<div class=\"one_half last\">\n<a class=\"button-12 button large default\" title=\"\" href=\"https:\/\/www.rallyclassics.club\/wp-content\/uploads\/LISTA-DE-INSCRITOS-PRE-70-Y-GENTLEMEN.pdf\" target=\"_blank\">Llista inscrits<\/a>\n<\/div><div class=\"clearboth\"><\/div>\n&nbsp;<br \/>\n<strong>Tandes Pre-70:<\/strong> Tandes sense cronometratge per a gaudir de models hist\u00f2rics presentats fins a 1970. Nom\u00e9s es necessita casc. Preu: 205\u20ac.<\/p>\n<div class=\"one_half last\">\n<a class=\"button-13 button large default\" title=\"\" href=\"https:\/\/www.rallyclassics.club\/wp-content\/uploads\/LISTA-DE-INSCRITOS-PRE-70-Y-GENTLEMEN.pdf\" target=\"_blank\">Llista inscrits<\/a>\n<\/div><div class=\"clearboth\"><\/div>\n<p>&nbsp;<\/p>\n<div class=\"title\"><h2>Informaci\u00f3<\/h2><div class=\"title-sep-container\"><div class=\"title-sep\"><\/div><\/div><\/div>\n<div class=\"one_half\">\n<a class=\"button-14 button large default\" title=\"\" href=\"https:\/\/www.rallyclassics.club\/wp-content\/uploads\/Horario-PCS-Parcmotor-18Set_v2.pdf\" target=\"_blank\">Programa Horari V2<\/a>\n<\/div>\n<div class=\"one_half last\">\n<a class=\"button-15 button large default\" title=\"\" href=\"\" target=\"_blank\">Periode acreditaci\u00f3 tancat<\/a>\n<\/div><div class=\"clearboth\"><\/div>\n&nbsp;<\/p>\n<div class=\"title\"><h2>\u00daltimes Not\u00edcies de les Porsche Classic Series 2021<\/h2><div class=\"title-sep-container\"><div class=\"title-sep\"><\/div><\/div><\/div>\n<div class=\"avada-container\"><section class=\"columns columns-3\" style=\"width:100%\"><div class=\"holder\"><article class=\"col\"><div class=\"flexslider floated-post-slideshow\"><ul class=\"slides\"><li>\n\t\t\t\t\t<a href=\"https:\/\/rallyclassics.club\/ca\/resultados-porsche-classic-series-barcelona\/\" rel=\"\"><img decoding=\"async\" src=\"https:\/\/rallyclassics.club\/wp-content\/uploads\/pcs_2022_gran_final__-700x441.jpg\" alt=\"Resultats Porsche Classic Series Circuit Barcelona-Catalunya\" \/><\/a>\n\t\t\t\t<\/li><\/ul>\n\t\t<\/div><h4><a href=\"https:\/\/rallyclassics.club\/ca\/resultados-porsche-classic-series-barcelona\/\">Resultats Porsche Classic Series Circuit Barcelona-Catalunya<\/a><\/h4><ul class=\"meta\"><li><em class=\"date\">7 d'octubre, 2022<\/em><\/li><\/ul><\/article><article class=\"col\"><div class=\"flexslider floated-post-slideshow\"><ul class=\"slides\"><li>\n\t\t\t\t\t<a href=\"https:\/\/rallyclassics.club\/ca\/inscripciones-abiertas-gran-final-porsche-classic-series-2022\/\" rel=\"\"><img decoding=\"async\" src=\"https:\/\/rallyclassics.club\/wp-content\/uploads\/final_porsche_classic_series_2021_circuit_barcelona_catalunya-17-700x441.jpg\" alt=\"Inscripcions obertes per a la Gran Final de les Porsche Classic Series 2022\" \/><\/a>\n\t\t\t\t<\/li><\/ul>\n\t\t<\/div><h4><a href=\"https:\/\/rallyclassics.club\/ca\/inscripciones-abiertas-gran-final-porsche-classic-series-2022\/\">Inscripcions obertes per a la Gran Final de les Porsche Classic Series 2022<\/a><\/h4><ul class=\"meta\"><li><em class=\"date\">22 de setembre, 2022<\/em><\/li><\/ul><\/article><article class=\"col\"><div class=\"flexslider floated-post-slideshow\"><ul class=\"slides\"><li>\n\t\t\t\t\t<a href=\"https:\/\/rallyclassics.club\/ca\/resultados-porsche-classic-series-calafat\/\" rel=\"\"><img decoding=\"async\" src=\"https:\/\/rallyclassics.club\/wp-content\/uploads\/PCS-RF-7652_-700x441.jpg\" alt=\"Resultados Porsche Classic Series Calafat\" \/><\/a>\n\t\t\t\t<\/li><\/ul>\n\t\t<\/div><h4><a href=\"https:\/\/rallyclassics.club\/ca\/resultados-porsche-classic-series-calafat\/\">Resultados Porsche Classic Series Calafat<\/a><\/h4><ul class=\"meta\"><li><em class=\"date\">17 de setembre, 2022<\/em><\/li><\/ul><\/article><article class=\"col\"><div class=\"flexslider floated-post-slideshow\"><ul class=\"slides\"><li>\n\t\t\t\t\t<a href=\"https:\/\/rallyclassics.club\/ca\/resultados-porsche-classic-series-alcarras\/\" rel=\"\"><img decoding=\"async\" src=\"https:\/\/rallyclassics.club\/wp-content\/uploads\/RF_-6635__-700x441.jpg\" alt=\"Resultats Porsche Classic Series Alcarr\u00e0s\" \/><\/a>\n\t\t\t\t<\/li><\/ul>\n\t\t<\/div><h4><a href=\"https:\/\/rallyclassics.club\/ca\/resultados-porsche-classic-series-alcarras\/\">Resultats Porsche Classic Series Alcarr\u00e0s<\/a><\/h4><ul class=\"meta\"><li><em class=\"date\">7 de maig, 2022<\/em><\/li><\/ul><\/article><article class=\"col\"><div class=\"flexslider floated-post-slideshow\"><ul class=\"slides\"><li>\n\t\t\t\t\t<a href=\"https:\/\/rallyclassics.club\/ca\/cronica-porsche-classic-series-parcmotor-castelloli-2022\/\" rel=\"\"><img decoding=\"async\" src=\"https:\/\/rallyclassics.club\/wp-content\/uploads\/porsche_classic_series_parcmotor_castelloli_2022-26-700x441.jpg\" alt=\"Espectacular inici de Porsche Classic Series i MotoClassic Series a Parcmotor Castellol\u00ed\" \/><\/a>\n\t\t\t\t<\/li><\/ul>\n\t\t<\/div><h4><a href=\"https:\/\/rallyclassics.club\/ca\/cronica-porsche-classic-series-parcmotor-castelloli-2022\/\">Espectacular inici de Porsche Classic Series i MotoClassic Series a Parcmotor Castellol\u00ed<\/a><\/h4><ul class=\"meta\"><li><em class=\"date\">11 d'abril, 2022<\/em><\/li><\/ul><\/article><article class=\"col\"><div class=\"flexslider floated-post-slideshow\"><ul class=\"slides\"><li>\n\t\t\t\t\t<a href=\"https:\/\/rallyclassics.club\/ca\/resultados-porsche-classic-series-parcmotor-castelloli\/\" rel=\"\"><img decoding=\"async\" src=\"https:\/\/rallyclassics.club\/wp-content\/uploads\/porsche_classic_series_2022_parcmotor_-700x441.jpg\" alt=\"Resultats Porsche Classic Series Parcmotor Castellol\u00ed\" \/><\/a>\n\t\t\t\t<\/li><\/ul>\n\t\t<\/div><h4><a href=\"https:\/\/rallyclassics.club\/ca\/resultados-porsche-classic-series-parcmotor-castelloli\/\">Resultats Porsche Classic Series Parcmotor Castellol\u00ed<\/a><\/h4><ul class=\"meta\"><li><em class=\"date\">9 d'abril, 2022<\/em><\/li><\/ul><\/article><\/div><\/section><\/div>\n<div class=\"title\"><h2>Rallyclassics TV<\/h2><div class=\"title-sep-container\"><div class=\"title-sep\"><\/div><\/div><\/div>\n<iframe loading=\"lazy\" title=\"Tandas para cl\u00e1sicos Pre-70 el 18 de septiembre en Parcmotor Castellol\u00ed\" width=\"669\" height=\"376\" src=\"https:\/\/www.youtube.com\/embed\/BUoePjMg5Z0?feature=oembed\" frameborder=\"0\" allow=\"accelerometer; autoplay; clipboard-write; encrypted-media; gyroscope; picture-in-picture\" allowfullscreen><\/iframe><\/p>\n<div class=\"title\"><h2>Patrocinadors de les porsche Porsche Classic Series 2021<\/h2><div class=\"title-sep-container\"><div class=\"title-sep\"><\/div><\/div><\/div>\n<div class=\"related-posts related-projects clientslider-container\"><div id=\"carousel\" class=\"clients-carousel es-carousel-wrapper\"><div class=\"es-carousel\"><ul>\n<li><a href=\"https:\/\/www.porsche-barcelona.com\/\" target=\"_self\"><img decoding=\"async\" src=\"\/wp-content\/uploads\/2017\/02\/logo-centro-porsche.jpg\" alt=\"\" \/><\/a><\/li>\n<li><a href=\"https:\/\/www.porsche.com\/spain\/accessoriesandservice\/classic\/\" target=\"_self\"><img decoding=\"async\" src=\"\/wp-content\/uploads\/Logo-porsche-classic-150x100-1.jpg\" alt=\"\" \/><\/a><\/li>\n<li><a href=\"https:\/\/www.clubporsche.es\/\" target=\"_self\"><img decoding=\"async\" src=\"\/wp-content\/uploads\/2019\/01\/PorscheClub_150x100.jpg\" alt=\"\" \/><\/a><\/li>\n<\/ul><div class=\"es-nav\"><span class=\"es-nav-prev\">Previous<\/span><span class=\"es-nav-next\">Next<\/span><\/div><\/div><\/div><\/div>\n<p><img loading=\"lazy\" decoding=\"async\" class=\"aligncenter size-large wp-image-5809\" src=\"\/wp-content\/uploads\/pcs2021_logos.jpg\" alt=\"Patrocinadors de les porsche Porsche Classic Series 2021\" width=\"1024\" height=\"133\" \/><\/p>\n<p style=\"text-align: center;\"><a class=\"button-16 button large default\" title=\"\" href=\"\/ca\/porsche-classic-series-2021\/\" target=\"\">Tornar a p\u00e0gina principal Porsche Classic Series<\/a>\n<p><\/p>","protected":false},"excerpt":{"rendered":"<p>40 cotxes Cl\u00e0ssics, una dotzena de Gentlemen i m\u00e9s de 60 pilots han gaudit d&#8217;una espectacular jornada en el Circuit d&#8217;Alcarr\u00e0s. Vict\u00f2ria de Carles Mir\u00f3, seguit de Jaume Campreci\u00f3s i [&#8230;]<\/p>\n","protected":false},"author":9192197,"featured_media":0,"parent":26377,"menu_order":0,"comment_status":"closed","ping_status":"closed","template":"","meta":{"om_disable_all_campaigns":false,"_monsterinsights_skip_tracking":false,"_monsterinsights_sitenote_active":false,"_monsterinsights_sitenote_note":"","_monsterinsights_sitenote_category":0,"footnotes":""},"class_list":["post-27045","page","type-page","status-publish","hentry"],"aioseo_notices":[],"_links":{"self":[{"href":"https:\/\/rallyclassics.club\/ca\/wp-json\/wp\/v2\/pages\/27045","targetHints":{"allow":["GET"]}}],"collection":[{"href":"https:\/\/rallyclassics.club\/ca\/wp-json\/wp\/v2\/pages"}],"about":[{"href":"https:\/\/rallyclassics.club\/ca\/wp-json\/wp\/v2\/types\/page"}],"author":[{"embeddable":true,"href":"https:\/\/rallyclassics.club\/ca\/wp-json\/wp\/v2\/users\/9192197"}],"replies":[{"embeddable":true,"href":"https:\/\/rallyclassics.club\/ca\/wp-json\/wp\/v2\/comments?post=27045"}],"version-history":[{"count":27,"href":"https:\/\/rallyclassics.club\/ca\/wp-json\/wp\/v2\/pages\/27045\/revisions"}],"predecessor-version":[{"id":28589,"href":"https:\/\/rallyclassics.club\/ca\/wp-json\/wp\/v2\/pages\/27045\/revisions\/28589"}],"up":[{"embeddable":true,"href":"https:\/\/rallyclassics.club\/ca\/wp-json\/wp\/v2\/pages\/26377"}],"wp:attachment":[{"href":"https:\/\/rallyclassics.club\/ca\/wp-json\/wp\/v2\/media?parent=27045"}],"curies":[{"name":"wp","href":"https:\/\/api.w.org\/{rel}","templated":true}]}}