{"id":27049,"date":"2021-03-26T14:58:15","date_gmt":"2021-03-26T13:58:15","guid":{"rendered":"https:\/\/www.rallyclassics.club\/?page_id=27049"},"modified":"2021-10-30T22:18:41","modified_gmt":"2021-10-30T21:18:41","slug":"barcelona-catalunya-2021","status":"publish","type":"page","link":"https:\/\/rallyclassics.club\/ca\/porsche-classic-series-2021\/barcelona-catalunya-2021\/","title":{"rendered":"Porsche Classic Series 2021 &#8211; Circuit Barcelona-Catalunya 30 octubre"},"content":{"rendered":"<p><div class=\"title\"><h2>Porsche Classic Series 2021 &#8211; Barcelona-Catalunya 30 octubre<\/h2><div class=\"title-sep-container\"><div class=\"title-sep\"><\/div><\/div><\/div>\n<img loading=\"lazy\" decoding=\"async\" class=\"aligncenter size-full wp-image-7181\" src=\"\/wp-content\/uploads\/PCS2021_980x300.png\" width=\"980\" height=\"300\" \/><\/p>\n<div class=\"title\"><h2>Porsche Classic Series<\/h2><div class=\"title-sep-container\"><div class=\"title-sep\"><\/div><\/div><\/div>\n<p><strong>Porsche Classic Series: <\/strong>Regularitat per a cotxes cl\u00e0ssics i youngtimers fabricats fins al 1995. Es necessita extintor, casc i mono ign\u00edfug.<br \/>\nLa inscripci\u00f3 inclou <strong>3h 20m de temps a pista<\/strong> (1h d&#8217;entrenaments, 2h 20m de m\u00e0nigues competitives), sortida tipus Le Mans i lloguer de transponder.<\/p>\n<div class=\"one_half last\">\n<a class=\"button-11 button large default\" title=\"\" href=\"https:\/\/www.rallyclassics.club\/wp-content\/uploads\/Lista-de-inscritos-Cl\u00e1sicos.pdf\" target=\"_blank\">LLISTA INSCRITS CL\u00c0SSICS<\/a>\n<\/div><div class=\"clearboth\"><\/div>\n<p>&nbsp;<\/p>\n<div class=\"title\"><h2>Porsche Gentlemen<\/h2><div class=\"title-sep-container\"><div class=\"title-sep\"><\/div><\/div><\/div>\n<p><strong>Porsche Gentlemen:<\/strong> Regularitat per a esportius moderns d&#8217;altes prestacions, preferiblement Porsche. Nom\u00e9s es necessita casc.<br \/>\nLa inscripci\u00f3 inclou <strong>1h 50m de temps a pista<\/strong> (40m d&#8217;entrenaments, 1h 10m de m\u00e0nigues competitives) i lloguer de transponder.<\/p>\n<div class=\"one_half last\">\n<a class=\"button-12 button large default\" title=\"\" href=\"https:\/\/www.rallyclassics.club\/wp-content\/uploads\/Lista-de-inscritos-Gentlemen.pdf\" target=\"_blank\">LLISTA INSCRITS GENTLEMEN<\/a>\n<\/div><div class=\"clearboth\"><\/div>\n<p>&nbsp;<\/p>\n<div class=\"title\"><h2>Classificacions Porsche Classic Series 2021<\/h2><div class=\"title-sep-container\"><div class=\"title-sep\"><\/div><\/div><\/div>\n<div class=\"one_half\">\n<a class=\"button-13 button large default\" title=\"\" href=\"https:\/\/www.rallyclassics.club\/wp-content\/uploads\/RCS2021_MONTMELO_Campeonato.pdf\" target=\"_blank\">CAMPIONAT FINAL CL\u00c0SSICS<\/a>\n<\/div>\n<div class=\"one_half last\">\n<a class=\"button-14 button large default\" title=\"\" href=\"https:\/\/www.rallyclassics.club\/wp-content\/uploads\/GEN2021_MONTMELO_Campeonato.pdf\" target=\"_blank\">CAMPIONAT FINAL GENTLEMEN<\/a>\n<\/div><div class=\"clearboth\"><\/div>\n<p>&nbsp;<\/p>\n<div class=\"title\"><h2>Nou tauler d&#8217;anuncis a Sportity<\/h2><div class=\"title-sep-container\"><div class=\"title-sep\"><\/div><\/div><\/div>\n<p>Estrenem un nou tauler d&#8217;anuncis mitjan\u00e7ant l&#8217;aplicaci\u00f3 Sportity, on es podr\u00e0 accedir a tota la documentaci\u00f3 i classificacions de la prova. Per a usar-la s&#8217;ha de descarregar l&#8217;aplicaci\u00f3 Sportity i introduir la contrasenya (Password) <strong>PCS2021<\/strong>.<\/p>\n<p><a href=\"https:\/\/www.sportity.com\/app\" target=\"blank\" rel=\"noopener noreferrer\"><img loading=\"lazy\" decoding=\"async\" class=\"aligncenter wp-image-12237 size-full\" src=\"\/wp-content\/uploads\/Sportity_PCS2021.jpg\" alt=\"Sportity\" width=\"700\" height=\"200\" \/><\/a><\/p>\n<p>&nbsp;<\/p>\n<div class=\"title\"><h2>Classificaci\u00f3 Campionats<\/h2><div class=\"title-sep-container\"><div class=\"title-sep\"><\/div><\/div><\/div>\n<div class=\"one_half\">\n<a class=\"button-15 button large default\" title=\"\" href=\"https:\/\/www.rallyclassics.club\/wp-content\/uploads\/RCS2021_PARCMOTOR_Campeonato.pdf\" target=\"_blank\">Porsche Classic Series<\/a>\n<\/div>\n<div class=\"one_half last\">\n<a class=\"button-16 button large default\" title=\"\" href=\"https:\/\/www.rallyclassics.club\/wp-content\/uploads\/GEN2021_PARCMOTOR_Campeonato.pdf\" target=\"_blank\">Porsche Gentlemen<\/a>\n<\/div><div class=\"clearboth\"><\/div>\n<p>&nbsp;<\/p>\n<div class=\"title\"><h2>Premsa<\/h2><div class=\"title-sep-container\"><div class=\"title-sep\"><\/div><\/div><\/div>\n<div class=\"one_half last\">\n<a class=\"button-17 button large default\" title=\"\" href=\"\" target=\"_blank\">ACREDITACIONS TANCADES<\/a>\n<\/div><div class=\"clearboth\"><\/div>\n<p>&nbsp;<\/p>\n<div class=\"title\"><h2>Live Results<\/h2><div class=\"title-sep-container\"><div class=\"title-sep\"><\/div><\/div><\/div>\n<div class=\"one_half\">\n<a class=\"button-18 button large default\" title=\"\" href=\"http:\/\/crono.rallyclassics.net\/Default2.aspx\" target=\"_self\">Volta a Volta<\/a>\n<\/div>\n<div class=\"one_half last\">\n<a class=\"button-19 button large default\" title=\"\" href=\"http:\/\/crono.rallyclassics.net\/Default3.aspx\" target=\"_self\">Classificaci\u00f3 General<\/a>\n<\/div><div class=\"clearboth\"><\/div>\n<p>&nbsp;<\/p>\n<div class=\"title\"><h2>Not\u00edcies de les Porsche Classic Series 2021<\/h2><div class=\"title-sep-container\"><div class=\"title-sep\"><\/div><\/div><\/div>\n<div class=\"avada-container\"><section class=\"columns columns-3\" style=\"width:100%\"><div class=\"holder\"><article class=\"col\"><div class=\"flexslider floated-post-slideshow\"><ul class=\"slides\"><li>\n\t\t\t\t\t<a href=\"https:\/\/rallyclassics.club\/ca\/resultados-porsche-classic-series-barcelona\/\" rel=\"\"><img decoding=\"async\" src=\"https:\/\/rallyclassics.club\/wp-content\/uploads\/pcs_2022_gran_final__-700x441.jpg\" alt=\"Resultats Porsche Classic Series Circuit Barcelona-Catalunya\" \/><\/a>\n\t\t\t\t<\/li><\/ul>\n\t\t<\/div><h4><a href=\"https:\/\/rallyclassics.club\/ca\/resultados-porsche-classic-series-barcelona\/\">Resultats Porsche Classic Series Circuit Barcelona-Catalunya<\/a><\/h4><ul class=\"meta\"><li><em class=\"date\">7 d'octubre, 2022<\/em><\/li><\/ul><\/article><article class=\"col\"><div class=\"flexslider floated-post-slideshow\"><ul class=\"slides\"><li>\n\t\t\t\t\t<a href=\"https:\/\/rallyclassics.club\/ca\/inscripciones-abiertas-gran-final-porsche-classic-series-2022\/\" rel=\"\"><img decoding=\"async\" src=\"https:\/\/rallyclassics.club\/wp-content\/uploads\/final_porsche_classic_series_2021_circuit_barcelona_catalunya-17-700x441.jpg\" alt=\"Inscripcions obertes per a la Gran Final de les Porsche Classic Series 2022\" \/><\/a>\n\t\t\t\t<\/li><\/ul>\n\t\t<\/div><h4><a href=\"https:\/\/rallyclassics.club\/ca\/inscripciones-abiertas-gran-final-porsche-classic-series-2022\/\">Inscripcions obertes per a la Gran Final de les Porsche Classic Series 2022<\/a><\/h4><ul class=\"meta\"><li><em class=\"date\">22 de setembre, 2022<\/em><\/li><\/ul><\/article><article class=\"col\"><div class=\"flexslider floated-post-slideshow\"><ul class=\"slides\"><li>\n\t\t\t\t\t<a href=\"https:\/\/rallyclassics.club\/ca\/resultados-porsche-classic-series-calafat\/\" rel=\"\"><img decoding=\"async\" src=\"https:\/\/rallyclassics.club\/wp-content\/uploads\/PCS-RF-7652_-700x441.jpg\" alt=\"Resultados Porsche Classic Series Calafat\" \/><\/a>\n\t\t\t\t<\/li><\/ul>\n\t\t<\/div><h4><a href=\"https:\/\/rallyclassics.club\/ca\/resultados-porsche-classic-series-calafat\/\">Resultados Porsche Classic Series Calafat<\/a><\/h4><ul class=\"meta\"><li><em class=\"date\">17 de setembre, 2022<\/em><\/li><\/ul><\/article><article class=\"col\"><div class=\"flexslider floated-post-slideshow\"><ul class=\"slides\"><li>\n\t\t\t\t\t<a href=\"https:\/\/rallyclassics.club\/ca\/resultados-porsche-classic-series-alcarras\/\" rel=\"\"><img decoding=\"async\" src=\"https:\/\/rallyclassics.club\/wp-content\/uploads\/RF_-6635__-700x441.jpg\" alt=\"Resultats Porsche Classic Series Alcarr\u00e0s\" \/><\/a>\n\t\t\t\t<\/li><\/ul>\n\t\t<\/div><h4><a href=\"https:\/\/rallyclassics.club\/ca\/resultados-porsche-classic-series-alcarras\/\">Resultats Porsche Classic Series Alcarr\u00e0s<\/a><\/h4><ul class=\"meta\"><li><em class=\"date\">7 de maig, 2022<\/em><\/li><\/ul><\/article><article class=\"col\"><div class=\"flexslider floated-post-slideshow\"><ul class=\"slides\"><li>\n\t\t\t\t\t<a href=\"https:\/\/rallyclassics.club\/ca\/cronica-porsche-classic-series-parcmotor-castelloli-2022\/\" rel=\"\"><img decoding=\"async\" src=\"https:\/\/rallyclassics.club\/wp-content\/uploads\/porsche_classic_series_parcmotor_castelloli_2022-26-700x441.jpg\" alt=\"Espectacular inici de Porsche Classic Series i MotoClassic Series a Parcmotor Castellol\u00ed\" \/><\/a>\n\t\t\t\t<\/li><\/ul>\n\t\t<\/div><h4><a href=\"https:\/\/rallyclassics.club\/ca\/cronica-porsche-classic-series-parcmotor-castelloli-2022\/\">Espectacular inici de Porsche Classic Series i MotoClassic Series a Parcmotor Castellol\u00ed<\/a><\/h4><ul class=\"meta\"><li><em class=\"date\">11 d'abril, 2022<\/em><\/li><\/ul><\/article><article class=\"col\"><div class=\"flexslider floated-post-slideshow\"><ul class=\"slides\"><li>\n\t\t\t\t\t<a href=\"https:\/\/rallyclassics.club\/ca\/resultados-porsche-classic-series-parcmotor-castelloli\/\" rel=\"\"><img decoding=\"async\" src=\"https:\/\/rallyclassics.club\/wp-content\/uploads\/porsche_classic_series_2022_parcmotor_-700x441.jpg\" alt=\"Resultats Porsche Classic Series Parcmotor Castellol\u00ed\" \/><\/a>\n\t\t\t\t<\/li><\/ul>\n\t\t<\/div><h4><a href=\"https:\/\/rallyclassics.club\/ca\/resultados-porsche-classic-series-parcmotor-castelloli\/\">Resultats Porsche Classic Series Parcmotor Castellol\u00ed<\/a><\/h4><ul class=\"meta\"><li><em class=\"date\">9 d'abril, 2022<\/em><\/li><\/ul><\/article><\/div><\/section><\/div>\n<div class=\"title\"><h2>Rallyclassics TV<\/h2><div class=\"title-sep-container\"><div class=\"title-sep\"><\/div><\/div><\/div>\n<iframe loading=\"lazy\" title=\"Porsche Classic Series 2021 - Parcmotor Castellol\u00ed - 18\/09\/21\" width=\"669\" height=\"376\" src=\"https:\/\/www.youtube.com\/embed\/S58__t7ZrHU?feature=oembed\" frameborder=\"0\" allow=\"accelerometer; autoplay; clipboard-write; encrypted-media; gyroscope; picture-in-picture\" allowfullscreen><\/iframe><br \/>\n<div class=\"title\"><h2>Patrocinadors de les Porsche Classic Series 2021<\/h2><div class=\"title-sep-container\"><div class=\"title-sep\"><\/div><\/div><\/div>\n<div class=\"related-posts related-projects clientslider-container\"><div id=\"carousel\" class=\"clients-carousel es-carousel-wrapper\"><div class=\"es-carousel\"><ul>\n<li><a href=\"https:\/\/www.porsche-barcelona.com\/\" target=\"_self\"><img decoding=\"async\" src=\"\/wp-content\/uploads\/2017\/02\/logo-centro-porsche.jpg\" alt=\"\" \/><\/a><\/li>\n<li><a href=\"https:\/\/www.porsche.com\/spain\/accessoriesandservice\/classic\/\" target=\"_self\"><img decoding=\"async\" src=\"\/wp-content\/uploads\/Logo-porsche-classic-150x100-1.jpg\" alt=\"\" \/><\/a><\/li>\n<li><a href=\"https:\/\/www.clubporsche.es\/\" target=\"_self\"><img decoding=\"async\" src=\"\/wp-content\/uploads\/2019\/01\/PorscheClub_150x100.jpg\" alt=\"\" \/><\/a><\/li>\n<\/ul><div class=\"es-nav\"><span class=\"es-nav-prev\">Previous<\/span><span class=\"es-nav-next\">Next<\/span><\/div><\/div><\/div><\/div>\n<p><img loading=\"lazy\" decoding=\"async\" class=\"aligncenter size-large wp-image-5809\" src=\"\/wp-content\/uploads\/pcs2021_logos.jpg\" alt=\"Patrocinadores Porsche Classic Series 2021\" width=\"1024\" height=\"133\" \/><\/p>\n<p>&nbsp;<\/p>\n<p style=\"text-align: center;\"><a class=\"button-20 button large default\" title=\"\" href=\"\/ca\/porsche-classic-series-2021\/\" target=\"\">Tornar a P\u00e0gina principal Porsche Classic Series<\/a>\n<p>&nbsp;<\/p>","protected":false},"excerpt":{"rendered":"<p>Hem viscut un espectacular inici de temporada de les Porsche Classic Series i Porsche Gentlemen! Durant els pr\u00f2xims dies repassarem tot el que ens ha ofert aquesta gran jornada de [&#8230;]<\/p>\n","protected":false},"author":9192197,"featured_media":0,"parent":26377,"menu_order":0,"comment_status":"closed","ping_status":"closed","template":"","meta":{"om_disable_all_campaigns":false,"_monsterinsights_skip_tracking":false,"_monsterinsights_sitenote_active":false,"_monsterinsights_sitenote_note":"","_monsterinsights_sitenote_category":0,"footnotes":""},"class_list":["post-27049","page","type-page","status-publish","hentry"],"aioseo_notices":[],"_links":{"self":[{"href":"https:\/\/rallyclassics.club\/ca\/wp-json\/wp\/v2\/pages\/27049","targetHints":{"allow":["GET"]}}],"collection":[{"href":"https:\/\/rallyclassics.club\/ca\/wp-json\/wp\/v2\/pages"}],"about":[{"href":"https:\/\/rallyclassics.club\/ca\/wp-json\/wp\/v2\/types\/page"}],"author":[{"embeddable":true,"href":"https:\/\/rallyclassics.club\/ca\/wp-json\/wp\/v2\/users\/9192197"}],"replies":[{"embeddable":true,"href":"https:\/\/rallyclassics.club\/ca\/wp-json\/wp\/v2\/comments?post=27049"}],"version-history":[{"count":34,"href":"https:\/\/rallyclassics.club\/ca\/wp-json\/wp\/v2\/pages\/27049\/revisions"}],"predecessor-version":[{"id":29741,"href":"https:\/\/rallyclassics.club\/ca\/wp-json\/wp\/v2\/pages\/27049\/revisions\/29741"}],"up":[{"embeddable":true,"href":"https:\/\/rallyclassics.club\/ca\/wp-json\/wp\/v2\/pages\/26377"}],"wp:attachment":[{"href":"https:\/\/rallyclassics.club\/ca\/wp-json\/wp\/v2\/media?parent=27049"}],"curies":[{"name":"wp","href":"https:\/\/api.w.org\/{rel}","templated":true}]}}