{"id":27094,"date":"2021-03-30T12:07:15","date_gmt":"2021-03-30T11:07:15","guid":{"rendered":"https:\/\/www.rallyclassics.club\/moto-classic-series-2021\/alcarras-2021-copy\/"},"modified":"2021-06-07T13:10:48","modified_gmt":"2021-06-07T12:10:48","slug":"navarra-2021","status":"publish","type":"page","link":"https:\/\/rallyclassics.club\/ca\/moto-classic-series-2021\/navarra-2021\/","title":{"rendered":"Moto Classic Series 2021 &#8211; Navarra 5 juny | Regularitat amb motos cl\u00e0ssiques"},"content":{"rendered":"<p><div class=\"title\"><h2>MotoClassic Series 2021 &#8211; Navarra<\/h2><div class=\"title-sep-container\"><div class=\"title-sep\"><\/div><\/div><\/div>\n<img loading=\"lazy\" decoding=\"async\" class=\"alignnone size-full wp-image-301\" src=\"\/wp-content\/uploads\/MCS2021_980x300.jpg\" alt=\"MotoClassic Series 2021 Navarra\" width=\"980\" height=\"300\" \/><\/p>\n<div class=\"title\"><h2>Live Results<\/h2><div class=\"title-sep-container\"><div class=\"title-sep\"><\/div><\/div><\/div>\n<div class=\"one_half last\">\n<a class=\"button-6 button large default\" title=\"\" href=\"https:\/\/www.rallyclassics.club\/wp-content\/uploads\/MCS2021_NAVARRA_FINAL_Resumen.pdf\" target=\"_blank\">Classificaci\u00f3 Final<\/a>\n<\/div><div class=\"clearboth\"><\/div>\n<p>&nbsp;<\/p>\n<div class=\"title\"><h2>Inscripcions<\/h2><div class=\"title-sep-container\"><div class=\"title-sep\"><\/div><\/div><\/div>\n<div class=\"one_half last\">\n<a class=\"button-7 button large default\" title=\"\" href=\"https:\/\/www.rallyclassics.club\/wp-content\/uploads\/LISTA-DE-INSCRITOS-7.pdf\" target=\"_blank\">Llista Inscrits<\/a>\n<\/div><div class=\"clearboth\"><\/div>\n<p>&nbsp;<\/p>\n<div class=\"title\"><h2>Esdeveniment<\/h2><div class=\"title-sep-container\"><div class=\"title-sep\"><\/div><\/div><\/div>\n<div class=\"one_half\">\n<a class=\"button-8 button large default\" title=\"\" href=\"https:\/\/www.rallyclassics.club\/wp-content\/uploads\/Horario-Navarra-5JUN_V3_MCS.pdf\" target=\"_blank\">Programa horari V3<\/a>\n<\/div>\n<div class=\"one_half last\">\n<a class=\"button-9 button large default\" title=\"\" href=\"https:\/\/www.rallyclassics.club\/wp-content\/uploads\/Reglamento-MotoClassic-Series-2021-v1.pdf\" target=\"_blank\">Reglament Esportiu<\/a>\n<\/div><div class=\"clearboth\"><\/div>\n<p>&nbsp;<\/p>\n<div class=\"title\"><h2>Merchandising<\/h2><div class=\"title-sep-container\"><div class=\"title-sep\"><\/div><\/div><\/div>\n<p><a href=\"https:\/\/www.puravidasportwear.com\/festival-classic-navarra-a90\/\" target=\"_blank\" rel=\"noopener\"><img loading=\"lazy\" decoding=\"async\" class=\"aligncenter wp-image-25817 size-full\" src=\"\/wp-content\/uploads\/banner_merchandise_ncf.jpg\" alt=\"Navarra classic festival 2021\" width=\"800\" height=\"301\" \/><\/a><\/p>\n<p>&nbsp;<\/p>\n<div class=\"title\"><h2>Not\u00edcies de les MotoClassic Series 2021<\/h2><div class=\"title-sep-container\"><div class=\"title-sep\"><\/div><\/div><\/div>\n<div class=\"avada-container\"><section class=\"columns columns-3\" style=\"width:100%\"><div class=\"holder\"><article class=\"col\"><div class=\"flexslider floated-post-slideshow\"><ul class=\"slides\"><li>\n\t\t\t\t\t<a href=\"https:\/\/rallyclassics.club\/ca\/resultados-motoclassic-series-barcelona\/\" rel=\"\"><img decoding=\"async\" src=\"https:\/\/rallyclassics.club\/wp-content\/uploads\/mcs_2022_gran_final_-700x441.jpg\" alt=\"Resultats MotoClassic Series Circuit de Barcelona-Catalunya\" \/><\/a>\n\t\t\t\t<\/li><\/ul>\n\t\t<\/div><h4><a href=\"https:\/\/rallyclassics.club\/ca\/resultados-motoclassic-series-barcelona\/\">Resultats MotoClassic Series Circuit de Barcelona-Catalunya<\/a><\/h4><\/article><article class=\"col\"><div class=\"flexslider floated-post-slideshow\"><ul class=\"slides\"><li>\n\t\t\t\t\t<a href=\"https:\/\/rallyclassics.club\/ca\/abrimos-inscripciones-gran-final-motoclassic-series-2022\/\" rel=\"\"><img decoding=\"async\" src=\"https:\/\/rallyclassics.club\/wp-content\/uploads\/porsche_classic_series_final_circuit_barcelona_catalunya-2-700x441.jpg\" alt=\"Obrim inscripcions per a la Gran Final de les MotoClassic Series 2022\" \/><\/a>\n\t\t\t\t<\/li><\/ul>\n\t\t<\/div><h4><a href=\"https:\/\/rallyclassics.club\/ca\/abrimos-inscripciones-gran-final-motoclassic-series-2022\/\">Obrim inscripcions per a la Gran Final de les MotoClassic Series 2022<\/a><\/h4><\/article><article class=\"col\"><div class=\"flexslider floated-post-slideshow\"><ul class=\"slides\"><li>\n\t\t\t\t\t<a href=\"https:\/\/rallyclassics.club\/ca\/resultados-motoclassic-series-calafat\/\" rel=\"\"><img decoding=\"async\" src=\"https:\/\/rallyclassics.club\/wp-content\/uploads\/PCS-RF-8049_-700x441.jpg\" alt=\"Resultats MotoClassic Series Calafat\" \/><\/a>\n\t\t\t\t<\/li><\/ul>\n\t\t<\/div><h4><a href=\"https:\/\/rallyclassics.club\/ca\/resultados-motoclassic-series-calafat\/\">Resultats MotoClassic Series Calafat<\/a><\/h4><\/article><article class=\"col\"><div class=\"flexslider floated-post-slideshow\"><ul class=\"slides\"><li>\n\t\t\t\t\t<a href=\"https:\/\/rallyclassics.club\/ca\/inscribete-porsche-classic-series-navarra-11-junio\/\" rel=\"\"><img decoding=\"async\" src=\"https:\/\/rallyclassics.club\/wp-content\/uploads\/porsche_classic_series_2022_castelloli-45-700x441.jpg\" alt=\"No et perdis les Porsche Classic Series de Navarra (11 juny)!\" \/><\/a>\n\t\t\t\t<\/li><\/ul>\n\t\t<\/div><h4><a href=\"https:\/\/rallyclassics.club\/ca\/inscribete-porsche-classic-series-navarra-11-junio\/\">No et perdis les Porsche Classic Series de Navarra (11 juny)!<\/a><\/h4><\/article><article class=\"col\"><div class=\"flexslider floated-post-slideshow\"><ul class=\"slides\"><li>\n\t\t\t\t\t<a href=\"https:\/\/rallyclassics.club\/ca\/pegaso-7222-dakar-navarra-classic-raid\/\" rel=\"\"><img decoding=\"async\" src=\"https:\/\/rallyclassics.club\/wp-content\/uploads\/5-urbano_-700x441.jpg\" alt=\"El Pegaso 7222 Dakar de Salvador Ca\u00f1ellas, al Navarra Classic Raid!\" \/><\/a>\n\t\t\t\t<\/li><\/ul>\n\t\t<\/div><h4><a href=\"https:\/\/rallyclassics.club\/ca\/pegaso-7222-dakar-navarra-classic-raid\/\">El Pegaso 7222 Dakar de Salvador Ca\u00f1ellas, al Navarra Classic Raid!<\/a><\/h4><\/article><article class=\"col\"><div class=\"flexslider floated-post-slideshow\"><ul class=\"slides\"><li>\n\t\t\t\t\t<a href=\"https:\/\/rallyclassics.club\/ca\/resultados-motoclassic-series-alcarras\/\" rel=\"\"><img decoding=\"async\" src=\"https:\/\/rallyclassics.club\/wp-content\/uploads\/RF_-2-2__-700x441.jpg\" alt=\"Resultats MotoClassic Series Alcarr\u00e0s\" \/><\/a>\n\t\t\t\t<\/li><\/ul>\n\t\t<\/div><h4><a href=\"https:\/\/rallyclassics.club\/ca\/resultados-motoclassic-series-alcarras\/\">Resultats MotoClassic Series Alcarr\u00e0s<\/a><\/h4><\/article><\/div><\/section><\/div>\n<div class=\"title\"><h2>RallyClassics TV:<\/h2><div class=\"title-sep-container\"><div class=\"title-sep\"><\/div><\/div><\/div>\n<iframe loading=\"lazy\" title=\"Porsche Classic Series 2021 - Circuit de Calafat - 08\/05\/21\" width=\"669\" height=\"376\" src=\"https:\/\/www.youtube.com\/embed\/mXhOgB7RGGU?feature=oembed\" frameborder=\"0\" allow=\"accelerometer; autoplay; clipboard-write; encrypted-media; gyroscope; picture-in-picture\" allowfullscreen><\/iframe><\/p>\n<p>&nbsp;<\/p>\n<div class=\"title\"><h2>Patrocinadors de les Moto Classic Series 2021<\/h2><div class=\"title-sep-container\"><div class=\"title-sep\"><\/div><\/div><\/div>\n<p><img loading=\"lazy\" decoding=\"async\" class=\"aligncenter size-large wp-image-5809\" src=\"\/wp-content\/uploads\/mcs2021_logos.jpg\" alt=\"Patrocinadores Moto Classic series 2021\" width=\"1024\" height=\"133\" \/><\/p>\n<p style=\"text-align: center;\"><a class=\"button-10 button large default\" title=\"\" href=\"\/navarra-classic-festival-2021\/\" target=\"\">Tornar a la p\u00e0gina principal del Navarra Classic Festival<\/a>\n<p><\/p>","protected":false},"excerpt":{"rendered":"<p>M\u00e9s d&#8217;una vintena d&#8217;equips han gaudit d&#8217;una espectacular jornada al Circuit d&#8217;Alcarr\u00e0s. Vict\u00f2ria de Pep Mart\u00ed, seguit de Modest Arenas i Albert Vil\u00e0. El millor Junior ha estat Jordi Vea [&#8230;]<\/p>\n","protected":false},"author":9192197,"featured_media":0,"parent":26425,"menu_order":0,"comment_status":"closed","ping_status":"closed","template":"","meta":{"om_disable_all_campaigns":false,"_monsterinsights_skip_tracking":false,"_monsterinsights_sitenote_active":false,"_monsterinsights_sitenote_note":"","_monsterinsights_sitenote_category":0,"footnotes":""},"class_list":["post-27094","page","type-page","status-publish","hentry"],"aioseo_notices":[],"_links":{"self":[{"href":"https:\/\/rallyclassics.club\/ca\/wp-json\/wp\/v2\/pages\/27094","targetHints":{"allow":["GET"]}}],"collection":[{"href":"https:\/\/rallyclassics.club\/ca\/wp-json\/wp\/v2\/pages"}],"about":[{"href":"https:\/\/rallyclassics.club\/ca\/wp-json\/wp\/v2\/types\/page"}],"author":[{"embeddable":true,"href":"https:\/\/rallyclassics.club\/ca\/wp-json\/wp\/v2\/users\/9192197"}],"replies":[{"embeddable":true,"href":"https:\/\/rallyclassics.club\/ca\/wp-json\/wp\/v2\/comments?post=27094"}],"version-history":[{"count":15,"href":"https:\/\/rallyclassics.club\/ca\/wp-json\/wp\/v2\/pages\/27094\/revisions"}],"predecessor-version":[{"id":28094,"href":"https:\/\/rallyclassics.club\/ca\/wp-json\/wp\/v2\/pages\/27094\/revisions\/28094"}],"up":[{"embeddable":true,"href":"https:\/\/rallyclassics.club\/ca\/wp-json\/wp\/v2\/pages\/26425"}],"wp:attachment":[{"href":"https:\/\/rallyclassics.club\/ca\/wp-json\/wp\/v2\/media?parent=27094"}],"curies":[{"name":"wp","href":"https:\/\/api.w.org\/{rel}","templated":true}]}}