{"id":27101,"date":"2021-03-30T15:17:18","date_gmt":"2021-03-30T14:17:18","guid":{"rendered":"https:\/\/www.rallyclassics.club\/?page_id=27101"},"modified":"2021-10-30T22:16:13","modified_gmt":"2021-10-30T21:16:13","slug":"barcelona-catalunya-2021","status":"publish","type":"page","link":"https:\/\/rallyclassics.club\/ca\/moto-classic-series-2021\/barcelona-catalunya-2021\/","title":{"rendered":"Moto Classic Series 2021 &#8211; Barcelona-Catalunya 30 octubre"},"content":{"rendered":"<p><div class=\"title\"><h2>Moto Classic Series 2021 &#8211; Gran Final Barcelona-Catalunya 30 octubre<\/h2><div class=\"title-sep-container\"><div class=\"title-sep\"><\/div><\/div><\/div><img loading=\"lazy\" decoding=\"async\" class=\"alignnone size-full wp-image-301\" src=\"\/wp-content\/uploads\/MCS2021_980x300.jpg\" alt=\"MotoClassic Series 2021 Alcarr\u00e0s\" width=\"980\" height=\"300\" \/><\/p>\n<div class=\"title\"><h2>Informaci\u00f3<\/h2><div class=\"title-sep-container\"><div class=\"title-sep\"><\/div><\/div><\/div>\n<p>La inscripci\u00f3 inclou <strong>1h 50m de temps a pista<\/strong> (40m d&#8217;entrenaments i 1h 10m de m\u00e0nigues competitives) i lloguer de transponder.<\/p>\n<div class=\"one_half\">\n<a class=\"button-7 button large default\" title=\"\" href=\"https:\/\/www.rallyclassics.club\/wp-content\/uploads\/Lista-de-inscritos-v2.pdf\" target=\"_blank\">LLISTA INSCRITS V2<\/a>\n<\/div>\n<div class=\"one_half last\">\n<a class=\"button-8 button large default\" title=\"\" href=\"https:\/\/www.rallyclassics.club\/wp-content\/uploads\/Horario_MotoClassic_Series_2021_Final_Barcelona_Catalunya_v2_.pdf\" target=\"_blank\">HORARI V2<\/a>\n<\/div><div class=\"clearboth\"><\/div>\n&nbsp;<\/p>\n<div class=\"title\"><h2>Nou tauler d&#8217;anuncis a Sportity<\/h2><div class=\"title-sep-container\"><div class=\"title-sep\"><\/div><\/div><\/div>\n<p>Estrenem un nou tauler d&#8217;anuncis mitjan\u00e7ant l&#8217;aplicaci\u00f3 Sportity, on es podr\u00e0 accedir a tota la documentaci\u00f3 i classificacions de la prova. Per a usar-la s&#8217;ha de descarregar l&#8217;aplicaci\u00f3 Sportity i introduir la contrasenya (Password) <strong>PCS2021<\/strong>.<\/p>\n<p><a href=\"https:\/\/www.sportity.com\/app\" target=\"blank\" rel=\"noopener noreferrer\"><img loading=\"lazy\" decoding=\"async\" class=\"aligncenter wp-image-12237 size-full\" src=\"\/wp-content\/uploads\/Sportity_PCS2021.jpg\" alt=\"Sportity\" width=\"700\" height=\"200\" \/><\/a><\/p>\n<p>&nbsp;<\/p>\n<div class=\"title\"><h2>Classificaci\u00f3 Campionat<\/h2><div class=\"title-sep-container\"><div class=\"title-sep\"><\/div><\/div><\/div>\n<div class=\"one_half last\">\n<a class=\"button-9 button large default\" title=\"\" href=\"https:\/\/www.rallyclassics.club\/wp-content\/uploads\/MCS2021_MONTMELO_Campeonato.pdf\" target=\"_blank\">Final Campionat<\/a>\n<\/div><div class=\"clearboth\"><\/div>\n<p>&nbsp;<\/p>\n<div class=\"title\"><h2>Live Results<\/h2><div class=\"title-sep-container\"><div class=\"title-sep\"><\/div><\/div><\/div>\n<div class=\"one_half\">\n<a class=\"button-10 button large default\" title=\"\" href=\"http:\/\/crono.rallyclassics.net\/Default2.aspx\" target=\"_blank\">Volta a volta<\/a>\n<\/div>\n<div class=\"one_half last\">\n<a class=\"button-11 button large default\" title=\"\" href=\"http:\/\/crono.rallyclassics.net\/Default3.aspx\" target=\"_blank\">Classificaci\u00f3 General<\/a>\n<\/div><div class=\"clearboth\"><\/div>\n&nbsp;<\/p>\n<div class=\"title\"><h2>Not\u00edcies de les MotoClassic Series 2021<\/h2><div class=\"title-sep-container\"><div class=\"title-sep\"><\/div><\/div><\/div>\n<div class=\"avada-container\"><section class=\"columns columns-3\" style=\"width:100%\"><div class=\"holder\"><article class=\"col\"><div class=\"flexslider floated-post-slideshow\"><ul class=\"slides\"><li>\n\t\t\t\t\t<a href=\"https:\/\/rallyclassics.club\/ca\/resultados-motoclassic-series-barcelona\/\" rel=\"\"><img decoding=\"async\" src=\"https:\/\/rallyclassics.club\/wp-content\/uploads\/mcs_2022_gran_final_-700x441.jpg\" alt=\"Resultats MotoClassic Series Circuit de Barcelona-Catalunya\" \/><\/a>\n\t\t\t\t<\/li><\/ul>\n\t\t<\/div><h4><a href=\"https:\/\/rallyclassics.club\/ca\/resultados-motoclassic-series-barcelona\/\">Resultats MotoClassic Series Circuit de Barcelona-Catalunya<\/a><\/h4><\/article><article class=\"col\"><div class=\"flexslider floated-post-slideshow\"><ul class=\"slides\"><li>\n\t\t\t\t\t<a href=\"https:\/\/rallyclassics.club\/ca\/abrimos-inscripciones-gran-final-motoclassic-series-2022\/\" rel=\"\"><img decoding=\"async\" src=\"https:\/\/rallyclassics.club\/wp-content\/uploads\/porsche_classic_series_final_circuit_barcelona_catalunya-2-700x441.jpg\" alt=\"Obrim inscripcions per a la Gran Final de les MotoClassic Series 2022\" \/><\/a>\n\t\t\t\t<\/li><\/ul>\n\t\t<\/div><h4><a href=\"https:\/\/rallyclassics.club\/ca\/abrimos-inscripciones-gran-final-motoclassic-series-2022\/\">Obrim inscripcions per a la Gran Final de les MotoClassic Series 2022<\/a><\/h4><\/article><article class=\"col\"><div class=\"flexslider floated-post-slideshow\"><ul class=\"slides\"><li>\n\t\t\t\t\t<a href=\"https:\/\/rallyclassics.club\/ca\/resultados-motoclassic-series-calafat\/\" rel=\"\"><img decoding=\"async\" src=\"https:\/\/rallyclassics.club\/wp-content\/uploads\/PCS-RF-8049_-700x441.jpg\" alt=\"Resultats MotoClassic Series Calafat\" \/><\/a>\n\t\t\t\t<\/li><\/ul>\n\t\t<\/div><h4><a href=\"https:\/\/rallyclassics.club\/ca\/resultados-motoclassic-series-calafat\/\">Resultats MotoClassic Series Calafat<\/a><\/h4><\/article><article class=\"col\"><div class=\"flexslider floated-post-slideshow\"><ul class=\"slides\"><li>\n\t\t\t\t\t<a href=\"https:\/\/rallyclassics.club\/ca\/inscribete-porsche-classic-series-navarra-11-junio\/\" rel=\"\"><img decoding=\"async\" src=\"https:\/\/rallyclassics.club\/wp-content\/uploads\/porsche_classic_series_2022_castelloli-45-700x441.jpg\" alt=\"No et perdis les Porsche Classic Series de Navarra (11 juny)!\" \/><\/a>\n\t\t\t\t<\/li><\/ul>\n\t\t<\/div><h4><a href=\"https:\/\/rallyclassics.club\/ca\/inscribete-porsche-classic-series-navarra-11-junio\/\">No et perdis les Porsche Classic Series de Navarra (11 juny)!<\/a><\/h4><\/article><article class=\"col\"><div class=\"flexslider floated-post-slideshow\"><ul class=\"slides\"><li>\n\t\t\t\t\t<a href=\"https:\/\/rallyclassics.club\/ca\/pegaso-7222-dakar-navarra-classic-raid\/\" rel=\"\"><img decoding=\"async\" src=\"https:\/\/rallyclassics.club\/wp-content\/uploads\/5-urbano_-700x441.jpg\" alt=\"El Pegaso 7222 Dakar de Salvador Ca\u00f1ellas, al Navarra Classic Raid!\" \/><\/a>\n\t\t\t\t<\/li><\/ul>\n\t\t<\/div><h4><a href=\"https:\/\/rallyclassics.club\/ca\/pegaso-7222-dakar-navarra-classic-raid\/\">El Pegaso 7222 Dakar de Salvador Ca\u00f1ellas, al Navarra Classic Raid!<\/a><\/h4><\/article><article class=\"col\"><div class=\"flexslider floated-post-slideshow\"><ul class=\"slides\"><li>\n\t\t\t\t\t<a href=\"https:\/\/rallyclassics.club\/ca\/resultados-motoclassic-series-alcarras\/\" rel=\"\"><img decoding=\"async\" src=\"https:\/\/rallyclassics.club\/wp-content\/uploads\/RF_-2-2__-700x441.jpg\" alt=\"Resultats MotoClassic Series Alcarr\u00e0s\" \/><\/a>\n\t\t\t\t<\/li><\/ul>\n\t\t<\/div><h4><a href=\"https:\/\/rallyclassics.club\/ca\/resultados-motoclassic-series-alcarras\/\">Resultats MotoClassic Series Alcarr\u00e0s<\/a><\/h4><\/article><\/div><\/section><\/div>\n<div class=\"title\"><h2>RallyClassics TV:<\/h2><div class=\"title-sep-container\"><div class=\"title-sep\"><\/div><\/div><\/div>\n<iframe loading=\"lazy\" title=\"Eduard Armengol y su Honda CB Four | MotoClassic Series\" width=\"669\" height=\"376\" src=\"https:\/\/www.youtube.com\/embed\/CSmimJc268E?feature=oembed\" frameborder=\"0\" allow=\"accelerometer; autoplay; clipboard-write; encrypted-media; gyroscope; picture-in-picture\" allowfullscreen><\/iframe><br \/>\n&nbsp;<\/p>\n<div class=\"title\"><h2>Patrocinadors Moto Classic Series 2021<\/h2><div class=\"title-sep-container\"><div class=\"title-sep\"><\/div><\/div><\/div>\n<p><img loading=\"lazy\" decoding=\"async\" class=\"aligncenter size-large wp-image-5809\" src=\"\/wp-content\/uploads\/mcs2021_logos.jpg\" alt=\"Patrocinadores Moto Classic series 2021\" width=\"1024\" height=\"133\" \/><\/p>\n<p>&nbsp;<\/p>\n<p style=\"text-align: center;\"><a class=\"button-12 button large default\" title=\"\" href=\"\/ca\/moto-classic-series-2021\/\" target=\"\">Tornar a P\u00e0gina principal MotoClassic Series<\/a>\n<p>&nbsp;<\/p>","protected":false},"excerpt":{"rendered":"<p>M\u00e9s d&#8217;una vintena d&#8217;equips han gaudit d&#8217;una espectacular jornada al Circuit d&#8217;Alcarr\u00e0s. Vict\u00f2ria de Pep Mart\u00ed, seguit de Modest Arenas i Albert Vil\u00e0. El millor Junior ha estat Jordi Vea [&#8230;]<\/p>\n","protected":false},"author":9192197,"featured_media":0,"parent":26425,"menu_order":0,"comment_status":"closed","ping_status":"closed","template":"","meta":{"om_disable_all_campaigns":false,"_monsterinsights_skip_tracking":false,"_monsterinsights_sitenote_active":false,"_monsterinsights_sitenote_note":"","_monsterinsights_sitenote_category":0,"footnotes":""},"class_list":["post-27101","page","type-page","status-publish","hentry"],"aioseo_notices":[],"_links":{"self":[{"href":"https:\/\/rallyclassics.club\/ca\/wp-json\/wp\/v2\/pages\/27101","targetHints":{"allow":["GET"]}}],"collection":[{"href":"https:\/\/rallyclassics.club\/ca\/wp-json\/wp\/v2\/pages"}],"about":[{"href":"https:\/\/rallyclassics.club\/ca\/wp-json\/wp\/v2\/types\/page"}],"author":[{"embeddable":true,"href":"https:\/\/rallyclassics.club\/ca\/wp-json\/wp\/v2\/users\/9192197"}],"replies":[{"embeddable":true,"href":"https:\/\/rallyclassics.club\/ca\/wp-json\/wp\/v2\/comments?post=27101"}],"version-history":[{"count":19,"href":"https:\/\/rallyclassics.club\/ca\/wp-json\/wp\/v2\/pages\/27101\/revisions"}],"predecessor-version":[{"id":29740,"href":"https:\/\/rallyclassics.club\/ca\/wp-json\/wp\/v2\/pages\/27101\/revisions\/29740"}],"up":[{"embeddable":true,"href":"https:\/\/rallyclassics.club\/ca\/wp-json\/wp\/v2\/pages\/26425"}],"wp:attachment":[{"href":"https:\/\/rallyclassics.club\/ca\/wp-json\/wp\/v2\/media?parent=27101"}],"curies":[{"name":"wp","href":"https:\/\/api.w.org\/{rel}","templated":true}]}}