{"id":27783,"date":"2021-05-18T14:34:39","date_gmt":"2021-05-18T13:34:39","guid":{"rendered":"https:\/\/www.rallyclassics.club\/xvii-rally-costa-brava-historic-copy\/"},"modified":"2021-10-27T08:09:30","modified_gmt":"2021-10-27T07:09:30","slug":"xviii-rally-costa-brava-historic-2021","status":"publish","type":"page","link":"https:\/\/rallyclassics.club\/ca\/xviii-rally-costa-brava-historic-2021\/","title":{"rendered":"XVIII Rally Costa Brava Hist\u00f2ric | 30 set &#8211; 3 oct 2021"},"content":{"rendered":"<p><div class=\"title\"><h2>XVIII Rally Costa Brava Hist\u00f2ric | 30 set &#8211; 3 oct 2021<\/h2><div class=\"title-sep-container\"><div class=\"title-sep\"><\/div><\/div><\/div><img loading=\"lazy\" decoding=\"async\" class=\"aligncenter size-full wp-image-2147\" src=\"\/wp-content\/uploads\/xviii_rcbh_980x300b.jpg\" width=\"980\" height=\"300\" \/><\/p>\n<div class=\"title\"><h2>Informaci\u00f3 del XVIII Rally Costa Brava Hist\u00f2ric 2021<\/h2><div class=\"title-sep-container\"><div class=\"title-sep\"><\/div><\/div><\/div> El XVIII Rally Costa Brava Hist\u00f2ric de Regularitat per a cl\u00e0ssics celebrar\u00e0 una nova edici\u00f3 a la vila marinera de Palam\u00f3s del <strong>30 de setembre al 3 d&#8217;octubre de 2021<\/strong>. Aquesta ser\u00e0 una <strong>prova classificatoria per al FIA Trophy for Historic Regularity Rallie<\/strong>s. El recorregut oferir\u00e0 tot el que s&#8217;espera d&#8217;un dels millors Rallyes de Regularitat d&#8217;Europa:<strong> 1.000 quil\u00f2metres de recorregut i 23 trams de Regularitat, amb un pr\u00f2leg el dijous i les etapes del divendres i dissabte<\/strong>. El lliurament de trofeus es far\u00e0 al mateix podi, a la Platja Gran de Palam\u00f3s, durant el mat\u00ed del diumenge 3 d&#8217;octubre. Les verificacions es realitzaran el dijous al Palau Firal de Sant Antoni de Calonge i la base del rally ser\u00e0 a l&#8217;Hotel Trias.<\/p>\n<p><strong>T&#8217;esperem al rally imprescindible per als apassionats de la Regularitat!<\/strong><\/p>\n<p>&nbsp;<\/p>\n<div class=\"title\"><h2>Inscrits<\/h2><div class=\"title-sep-container\"><div class=\"title-sep\"><\/div><\/div><\/div>\n<div class=\"one_half last\">\n<a class=\"button-5 button large default\" title=\"\" href=\"https:\/\/www.rallyclassics.club\/wp-content\/uploads\/RCBH2021_ListaInscritos_V2.2.pdf\" target=\"_blank\">Llista inscrits v2.2<\/a>\n<\/div><div class=\"clearboth\"><\/div>\n<p>&nbsp;<\/p>\n<div class=\"title\"><h2>Documents<\/h2><div class=\"title-sep-container\"><div class=\"title-sep\"><\/div><\/div><\/div>\n<div class=\"one_half\">\n<a class=\"button-6 button large default\" title=\"\" href=\"https:\/\/www.rallyclassics.club\/wp-content\/uploads\/PROGRAMA-HORARIO-RCBH2021-v2.pdf\" target=\"_blank\">Programa Horari v2<\/a>\n<\/div>\n<div class=\"one_half last\">\n<a class=\"button-7 button large default\" title=\"\" href=\"https:\/\/www.rallyclassics.club\/wp-content\/uploads\/XVIII-RCBH-REGLAMENTO-ESP_V3.pdf\" target=\"_blank\">Reglament V3<\/a>\n<\/div><div class=\"clearboth\"><\/div>\n<p>&nbsp;<\/p>\n<div class=\"title\"><h2>Activitats<\/h2><div class=\"title-sep-container\"><div class=\"title-sep\"><\/div><\/div><\/div>\n<div class=\"one_half last\">\n<a class=\"button-8 button large default\" title=\"\" href=\"https:\/\/www.rallyclassics.club\/wp-content\/uploads\/XVIII_RCBH_ProgramaPalamo%CC%81s_A3_Baixa.jpg\" target=\"_blank\">Programa activitats a Palam\u00f3s<\/a>\n<\/div><div class=\"clearboth\"><\/div>\n<p>&nbsp;<\/p>\n<div class=\"title\"><h2>Not\u00edcies del Rally Costa Brava Hist\u00f2ric<\/h2><div class=\"title-sep-container\"><div class=\"title-sep\"><\/div><\/div><\/div> <div class=\"avada-container\"><section class=\"columns columns-3\" style=\"width:100%\"><div class=\"holder\"><article class=\"col\"><div class=\"flexslider floated-post-slideshow\"><ul class=\"slides\"><li>\n\t\t\t\t\t<a href=\"https:\/\/rallyclassics.club\/ca\/video-xix-rally-costa-brava-historic-by-motul\/\" rel=\"\"><img decoding=\"async\" src=\"https:\/\/rallyclassics.club\/wp-content\/uploads\/video_xix_rally_costa_brava_historic-700x441.jpg\" alt=\"Ja pots veure el v\u00eddeo oficial del XIX Rally Costa Brava Hist\u00f2ric by Motul\" \/><\/a>\n\t\t\t\t<\/li><\/ul>\n\t\t<\/div><h4><a href=\"https:\/\/rallyclassics.club\/ca\/video-xix-rally-costa-brava-historic-by-motul\/\">Ja pots veure el v\u00eddeo oficial del XIX Rally Costa Brava Hist\u00f2ric by Motul<\/a><\/h4><ul class=\"meta\"><li><em class=\"date\">14 de novembre, 2022<\/em><\/li><\/ul><\/article><article class=\"col\"><div class=\"flexslider floated-post-slideshow\"><ul class=\"slides\"><li>\n\t\t\t\t\t<a href=\"https:\/\/rallyclassics.club\/ca\/xix-rally-costa-brava-historic-by-motul-dia-1\/\" rel=\"\"><img decoding=\"async\" src=\"https:\/\/rallyclassics.club\/wp-content\/uploads\/1__-700x441.jpg\" alt=\"El XIX Rally Costa Brava Hist\u00f2ric by Motul est\u00e0 en marxa\" \/><\/a>\n\t\t\t\t<\/li><\/ul>\n\t\t<\/div><h4><a href=\"https:\/\/rallyclassics.club\/ca\/xix-rally-costa-brava-historic-by-motul-dia-1\/\">El XIX Rally Costa Brava Hist\u00f2ric by Motul est\u00e0 en marxa<\/a><\/h4><ul class=\"meta\"><li><em class=\"date\">28 d'octubre, 2022<\/em><\/li><\/ul><\/article><article class=\"col\"><div class=\"flexslider floated-post-slideshow\"><ul class=\"slides\"><li>\n\t\t\t\t\t<a href=\"https:\/\/rallyclassics.club\/ca\/presentado-el-xix-rally-costa-brava-historic-by-motul-27-30-oct\/\" rel=\"\"><img decoding=\"async\" src=\"https:\/\/rallyclassics.club\/wp-content\/uploads\/RF_09483_-700x441.jpg\" alt=\"Presentat el XIX Rally Costa Brava Hist\u00f2ric by Motul (27-30 oct)\" \/><\/a>\n\t\t\t\t<\/li><\/ul>\n\t\t<\/div><h4><a href=\"https:\/\/rallyclassics.club\/ca\/presentado-el-xix-rally-costa-brava-historic-by-motul-27-30-oct\/\">Presentat el XIX Rally Costa Brava Hist\u00f2ric by Motul (27-30 oct)<\/a><\/h4><ul class=\"meta\"><li><em class=\"date\">26 d'octubre, 2022<\/em><\/li><\/ul><\/article><article class=\"col\"><div class=\"flexslider floated-post-slideshow\"><ul class=\"slides\"><li>\n\t\t\t\t\t<a href=\"https:\/\/rallyclassics.club\/ca\/120-equipos-inscritos-xix-rally-costa-brava-historic\/\" rel=\"\"><img decoding=\"async\" src=\"https:\/\/rallyclassics.club\/wp-content\/uploads\/120-FB-TW_rcbh-700x441.jpg\" alt=\"120 equips inscrits a dos dies de tancar inscripcions!\" \/><\/a>\n\t\t\t\t<\/li><\/ul>\n\t\t<\/div><h4><a href=\"https:\/\/rallyclassics.club\/ca\/120-equipos-inscritos-xix-rally-costa-brava-historic\/\">120 equips inscrits a dos dies de tancar inscripcions!<\/a><\/h4><ul class=\"meta\"><li><em class=\"date\">18 d'octubre, 2022<\/em><\/li><\/ul><\/article><article class=\"col\"><div class=\"flexslider floated-post-slideshow\"><ul class=\"slides\"><li>\n\t\t\t\t\t<a href=\"https:\/\/rallyclassics.club\/ca\/100-inscrito-10-dias-cierre-inscripciones\/\" rel=\"\"><img decoding=\"async\" src=\"https:\/\/rallyclassics.club\/wp-content\/uploads\/100_rcbh-700x441.jpg\" alt=\"\u00a1Superem els 100 inscrits a 10 dies de tancar inscripcions!\" \/><\/a>\n\t\t\t\t<\/li><\/ul>\n\t\t<\/div><h4><a href=\"https:\/\/rallyclassics.club\/ca\/100-inscrito-10-dias-cierre-inscripciones\/\">\u00a1Superem els 100 inscrits a 10 dies de tancar inscripcions!<\/a><\/h4><ul class=\"meta\"><li><em class=\"date\">10 d'octubre, 2022<\/em><\/li><\/ul><\/article><article class=\"col\"><div class=\"flexslider floated-post-slideshow\"><ul class=\"slides\"><li>\n\t\t\t\t\t<a href=\"https:\/\/rallyclassics.club\/ca\/90-inscritos-un-mes-xix-rally-costa-brava-historic\/\" rel=\"\"><img decoding=\"async\" src=\"https:\/\/rallyclassics.club\/wp-content\/uploads\/90-FB-TW_-700x441.jpg\" alt=\"90 inscrits a un mes del XIX Rally Costa Brava Hist\u00f2ric by Motul\" \/><\/a>\n\t\t\t\t<\/li><\/ul>\n\t\t<\/div><h4><a href=\"https:\/\/rallyclassics.club\/ca\/90-inscritos-un-mes-xix-rally-costa-brava-historic\/\">90 inscrits a un mes del XIX Rally Costa Brava Hist\u00f2ric by Motul<\/a><\/h4><ul class=\"meta\"><li><em class=\"date\">27 de setembre, 2022<\/em><\/li><\/ul><\/article><\/div><\/section><\/div>\n<div class=\"title\"><h2>RallyClassics TV<\/h2><div class=\"title-sep-container\"><div class=\"title-sep\"><\/div><\/div><\/div>\n<p><iframe loading=\"lazy\" title=\"XVIII Rally Costa Brava Hist\u00f2ric 2021\" width=\"669\" height=\"376\" src=\"https:\/\/www.youtube.com\/embed\/aAg-eZVVdnQ?feature=oembed\" frameborder=\"0\" allow=\"accelerometer; autoplay; clipboard-write; encrypted-media; gyroscope; picture-in-picture\" allowfullscreen><\/iframe><\/p>\n<p>&nbsp;<\/p>\n<div class=\"title\"><h2>Patrocinadors del XVIII Rally Costa Brava Hist\u00f2ric<\/h2><div class=\"title-sep-container\"><div class=\"title-sep\"><\/div><\/div><\/div>\n<div class=\"related-posts related-projects clientslider-container\"><div id=\"carousel\" class=\"clients-carousel es-carousel-wrapper\"><div class=\"es-carousel\"><ul>\n<li><img decoding=\"async\" src=\"\/wp-content\/uploads\/Palamo\u0301s_150x100.jpg\" alt=\"\" \/><\/li>\n<li><img decoding=\"async\" src=\"\/wp-content\/uploads\/2016\/11\/palamos.jpg\" alt=\"\" \/><\/li>\n<li><img decoding=\"async\" src=\"\/wp-content\/uploads\/2016\/11\/palamos-gastronomia.jpg\" alt=\"\" \/><\/li>\n<li><img decoding=\"async\" src=\"\/wp-content\/uploads\/Vilajui\u0308ga_150x100.jpg\" alt=\"\" \/><\/li>\n<li><img decoding=\"async\" src=\"\/wp-content\/uploads\/ajuntamentcalonge_150x100.jpg\" alt=\"\" \/><\/li>\n<li><img decoding=\"async\" src=\"\/wp-content\/uploads\/CostaBrava_150x100.jpg\" alt=\"\" \/><\/li>\n<li><img decoding=\"async\" src=\"\/wp-content\/uploads\/2014\/02\/logos_02.png\" alt=\"\" \/><\/li>\n<li><img decoding=\"async\" src=\"\/wp-content\/uploads\/2014\/02\/Untitled-3_02.png\" alt=\"\" \/><\/li>\n<li><img decoding=\"async\" src=\"\/wp-content\/uploads\/hoteltrias_150x100.jpg\" alt=\"\" \/><\/li>\n<li><img decoding=\"async\" src=\"\/wp-content\/uploads\/CaLEnric_150x100.jpg\" alt=\"\" \/><\/li>\n<li><img decoding=\"async\" src=\"\/wp-content\/uploads\/Ripoll_150x100.jpg\" alt=\"\" \/><\/li>\n<li><img decoding=\"async\" src=\"\/wp-content\/uploads\/Mi-rally-150x100-1.jpg\" alt=\"\" \/><\/li>\n<li><img decoding=\"async\" src=\"\/wp-content\/uploads\/Gaudi\u0301_150x100.jpg\" alt=\"\" \/><\/li>\n<li><img decoding=\"async\" src=\"\/images\/patrocinadores\/sport.png\" alt=\"\" \/><\/li>\n<li><img decoding=\"async\" src=\"\/wp-content\/uploads\/newsclassicracing_150x100.jpg\" alt=\"\" \/><\/li>\n<li><img decoding=\"async\" src=\"\/wp-content\/uploads\/2014\/02\/logos_2_01.png\" alt=\"\" \/><\/li>\n<li><img decoding=\"async\" src=\"\/wp-content\/uploads\/2014\/11\/logo_garatgeinternacional.jpg\" alt=\"\" \/><\/li>\n<li><img decoding=\"async\" src=\"\/wp-content\/uploads\/2015\/03\/logo_suprametal.jpg\" alt=\"\" \/><\/li>\n<li><img decoding=\"async\" src=\"\/wp-content\/uploads\/A\u0300gora_150x100.jpg\" alt=\"\" \/><\/li>\n<li><img decoding=\"async\" src=\"\/wp-content\/uploads\/logo-integral-apps-150x100-1.jpg\" alt=\"\" \/><\/li>\n<\/ul><div class=\"es-nav\"><span class=\"es-nav-prev\">Previous<\/span><span class=\"es-nav-next\">Next<\/span><\/div><\/div><\/div><\/div>\n<p>&nbsp;<\/p>","protected":false},"excerpt":{"rendered":"<p>El XIX Rally Costa Brava Hist\u00f2ric by Motul ser\u00e0 un rally espectacular! Ja s\u00f3n 120 equips els que s&#8217;han inscrit a la prova, a poc m\u00e9s de 48 hores del [&#8230;]<\/p>\n","protected":false},"author":9192204,"featured_media":0,"parent":0,"menu_order":0,"comment_status":"closed","ping_status":"closed","template":"","meta":{"om_disable_all_campaigns":false,"_monsterinsights_skip_tracking":false,"_monsterinsights_sitenote_active":false,"_monsterinsights_sitenote_note":"","_monsterinsights_sitenote_category":0,"footnotes":""},"class_list":["post-27783","page","type-page","status-publish","hentry"],"aioseo_notices":[],"_links":{"self":[{"href":"https:\/\/rallyclassics.club\/ca\/wp-json\/wp\/v2\/pages\/27783","targetHints":{"allow":["GET"]}}],"collection":[{"href":"https:\/\/rallyclassics.club\/ca\/wp-json\/wp\/v2\/pages"}],"about":[{"href":"https:\/\/rallyclassics.club\/ca\/wp-json\/wp\/v2\/types\/page"}],"author":[{"embeddable":true,"href":"https:\/\/rallyclassics.club\/ca\/wp-json\/wp\/v2\/users\/9192204"}],"replies":[{"embeddable":true,"href":"https:\/\/rallyclassics.club\/ca\/wp-json\/wp\/v2\/comments?post=27783"}],"version-history":[{"count":35,"href":"https:\/\/rallyclassics.club\/ca\/wp-json\/wp\/v2\/pages\/27783\/revisions"}],"predecessor-version":[{"id":29647,"href":"https:\/\/rallyclassics.club\/ca\/wp-json\/wp\/v2\/pages\/27783\/revisions\/29647"}],"wp:attachment":[{"href":"https:\/\/rallyclassics.club\/ca\/wp-json\/wp\/v2\/media?parent=27783"}],"curies":[{"name":"wp","href":"https:\/\/api.w.org\/{rel}","templated":true}]}}