{"id":30465,"date":"2021-12-31T09:14:16","date_gmt":"2021-12-31T08:14:16","guid":{"rendered":"https:\/\/www.rallyclassics.club\/navarra_classic_festival_2021_preinscripcion-copy\/"},"modified":"2023-04-24T15:42:07","modified_gmt":"2023-04-24T14:42:07","slug":"registro_voluntarios","status":"publish","type":"page","link":"https:\/\/rallyclassics.club\/ca\/registro_voluntarios\/","title":{"rendered":"Registre de voluntaris"},"content":{"rendered":"<p><\/p>\n<h3><strong>Vols ser voluntari\/a a les nostres proves?<\/strong><\/h3>\n<p>Participa com a voluntari\/a al <strong>Rally Costa Brava<\/strong> o a les <strong>Porsche Classic Series<\/strong> i viu la competici\u00f3 des de dins. Compartir\u00e0s la teva afici\u00f3 amb un gran equip hum\u00e0 i ajudar\u00e0s al desenvolupament d&#8217;aquestes proves. <strong>La teva ajuda \u00e9s imprescindible!<\/strong><\/p>\n<p>Existeixen moltes formes de col\u00b7laborar: com a comissari\/a de ruta, control radio, personal de log\u00edstica o personal de base, entre d&#8217;altres.<\/p>\n<p><a href=\"https:\/\/www.rallyclassics.club\/wp-content\/uploads\/quienes_somos_rallyclassics_2022.jpg\"><img loading=\"lazy\" decoding=\"async\" class=\"aligncenter wp-image-30277\" src=\"https:\/\/www.rallyclassics.club\/wp-content\/uploads\/quienes_somos_rallyclassics_2022-1024x595.jpg\" alt=\"\" width=\"550\" height=\"320\" srcset=\"https:\/\/rallyclassics.club\/wp-content\/uploads\/quienes_somos_rallyclassics_2022-1024x595.jpg 1024w, https:\/\/rallyclassics.club\/wp-content\/uploads\/quienes_somos_rallyclassics_2022-300x174.jpg 300w, https:\/\/rallyclassics.club\/wp-content\/uploads\/quienes_somos_rallyclassics_2022-768x446.jpg 768w, https:\/\/rallyclassics.club\/wp-content\/uploads\/quienes_somos_rallyclassics_2022.jpg 1100w\" sizes=\"auto, (max-width: 550px) 100vw, 550px\" \/><\/a><\/p>\n<h3><\/h3>\n<h3><strong>Si voleu col\u00b7laborar en altres proves, sereu molt benvinguts. Us contactarem a mida que s\u2019apropin les dates de les seg\u00fcents proves.<\/strong><\/h3>\n<p>&nbsp;<\/p>\n<div role=\"form\" class=\"wpcf7\" id=\"wpcf7-f30464-o2\" lang=\"es-ES\" dir=\"ltr\">\n<div class=\"screen-reader-response\" role=\"alert\" aria-live=\"polite\"><\/div>\n<form action=\"\/ca\/wp-json\/wp\/v2\/pages\/30465#wpcf7-f30464-o2\" method=\"post\" class=\"wpcf7-form init\" novalidate=\"novalidate\">\n<div style=\"display: none;\">\n<input type=\"hidden\" name=\"_wpcf7\" value=\"30464\" \/>\n<input type=\"hidden\" name=\"_wpcf7_version\" value=\"5.2.2\" \/>\n<input type=\"hidden\" name=\"_wpcf7_locale\" value=\"es_ES\" \/>\n<input type=\"hidden\" name=\"_wpcf7_unit_tag\" value=\"wpcf7-f30464-o2\" \/>\n<input type=\"hidden\" name=\"_wpcf7_container_post\" value=\"0\" \/>\n<input type=\"hidden\" name=\"_wpcf7_posted_data_hash\" value=\"\" \/>\n<input type=\"hidden\" name=\"_wpcf7_recaptcha_response\" value=\"\" \/>\n<\/div>\n<h4>Datos Personales-Dades Personals:<\/h4>\n<p><label> Nombre-Nom:<br \/>\n    <span class=\"wpcf7-form-control-wrap name-voluntario\"><input type=\"text\" name=\"name-voluntario\" value=\"\" size=\"40\" class=\"wpcf7-form-control wpcf7-text wpcf7-validates-as-required\" aria-required=\"true\" aria-invalid=\"false\" \/><\/span> <\/label><\/p>\n<p><label> Apellidos-Cognoms:<br \/>\n    <span class=\"wpcf7-form-control-wrap surname-voluntario\"><input type=\"text\" name=\"surname-voluntario\" value=\"\" size=\"40\" class=\"wpcf7-form-control wpcf7-text wpcf7-validates-as-required\" aria-required=\"true\" aria-invalid=\"false\" \/><\/span> <\/label><\/p>\n<p><label> Correo Electr\u00f3nico-Correu Electr\u00f2nic:<br \/>\n    <span class=\"wpcf7-form-control-wrap mail-voluntario\"><input type=\"email\" name=\"mail-voluntario\" value=\"\" size=\"40\" class=\"wpcf7-form-control wpcf7-text wpcf7-email wpcf7-validates-as-required wpcf7-validates-as-email\" aria-required=\"true\" aria-invalid=\"false\" \/><\/span> <\/label><\/p>\n<p><label> Tel\u00e9fono-Tel\u00e8fon:<br \/>\n    <span class=\"wpcf7-form-control-wrap tel-voluntario\"><input type=\"tel\" name=\"tel-voluntario\" value=\"\" size=\"40\" class=\"wpcf7-form-control wpcf7-text wpcf7-tel wpcf7-validates-as-tel\" aria-invalid=\"false\" \/><\/span> <\/label><\/p>\n<h4>Informaci\u00f3n-Informaci\u00f3:<\/h4>\n<p><label> \u00bfD\u00f3nde querr\u00edas colaborar?-On voldries col.laborar?:<\/label><br \/>\n<span class=\"wpcf7-form-control-wrap checkbox-competiciones\"><span class=\"wpcf7-form-control wpcf7-checkbox wpcf7-validates-as-required\"><span class=\"wpcf7-list-item first\"><label><input type=\"checkbox\" name=\"checkbox-competiciones[]\" value=\"Rally Costa Brava\" \/><span class=\"wpcf7-list-item-label\">Rally Costa Brava<\/span><\/label><\/span><span class=\"wpcf7-list-item last\"><label><input type=\"checkbox\" name=\"checkbox-competiciones[]\" value=\"Porsche Classic Series\" \/><span class=\"wpcf7-list-item-label\">Porsche Classic Series<\/span><\/label><\/span><\/span><\/span><\/p>\n<p><label> \u00bfQu\u00e9 tarea querr\u00edas realizar?-Quina tasca voldries realitzar?:<\/label><br \/>\n<span class=\"wpcf7-form-control-wrap radio-tareas\"><span class=\"wpcf7-form-control wpcf7-radio\"><span class=\"wpcf7-list-item first\"><label><input type=\"radio\" name=\"radio-tareas\" value=\"Comisari@ de ruta \/\/ Comissari@ de ruta\" checked=\"checked\" \/><span class=\"wpcf7-list-item-label\">Comisari@ de ruta \/\/ Comissari@ de ruta<\/span><\/label><\/span><span class=\"wpcf7-list-item\"><label><input type=\"radio\" name=\"radio-tareas\" value=\"Base de la prueba \/\/ Base de la prova\" \/><span class=\"wpcf7-list-item-label\">Base de la prueba \/\/ Base de la prova<\/span><\/label><\/span><span class=\"wpcf7-list-item\"><label><input type=\"radio\" name=\"radio-tareas\" value=\"Logistica \/\/ Logistica\" \/><span class=\"wpcf7-list-item-label\">Logistica \/\/ Logistica<\/span><\/label><\/span><span class=\"wpcf7-list-item last\"><label><input type=\"radio\" name=\"radio-tareas\" value=\"Otros \/\/ Altres\" \/><span class=\"wpcf7-list-item-label\">Otros \/\/ Altres<\/span><\/label><\/span><\/span><\/span><\/p>\n<p><label> Experiencia-Experi\u00e8ncia:<br \/>\n    <span class=\"wpcf7-form-control-wrap experiencia-voluntario\"><input type=\"text\" name=\"experiencia-voluntario\" value=\"\" size=\"40\" class=\"wpcf7-form-control wpcf7-text\" aria-invalid=\"false\" \/><\/span> <\/label><\/p>\n<p><label> \u00bfDispones de licencia?-Disposes de llic\u00e8ncia?:<br \/>\n    <span class=\"wpcf7-form-control-wrap licencia-voluntario\"><input type=\"text\" name=\"licencia-voluntario\" value=\"\" size=\"40\" class=\"wpcf7-form-control wpcf7-text\" aria-invalid=\"false\" \/><\/span> <\/label><\/p>\n<p><label> \u00bfDispones de veh\u00edculo propio?-Disposes de vehicle propi?: <\/label><br \/>\n<span class=\"wpcf7-form-control-wrap radio-vehiculo\"><span class=\"wpcf7-form-control wpcf7-radio\"><span class=\"wpcf7-list-item first\"><label><input type=\"radio\" name=\"radio-vehiculo\" value=\"Si\" checked=\"checked\" \/><span class=\"wpcf7-list-item-label\">Si<\/span><\/label><\/span><span class=\"wpcf7-list-item last\"><label><input type=\"radio\" name=\"radio-vehiculo\" value=\"No\" \/><span class=\"wpcf7-list-item-label\">No<\/span><\/label><\/span><\/span><\/span><\/p>\n<p><label> \u00bfEstar\u00edas disponible un dia laborales?-Estaries disponible un dia laborable?: <\/label><br \/>\n<span class=\"wpcf7-form-control-wrap radio-laborable\"><span class=\"wpcf7-form-control wpcf7-radio\"><span class=\"wpcf7-list-item first\"><label><input type=\"radio\" name=\"radio-laborable\" value=\"Si\" checked=\"checked\" \/><span class=\"wpcf7-list-item-label\">Si<\/span><\/label><\/span><span class=\"wpcf7-list-item last\"><label><input type=\"radio\" name=\"radio-laborable\" value=\"No\" \/><span class=\"wpcf7-list-item-label\">No<\/span><\/label><\/span><\/span><\/span><\/p>\n<p><label>De acuerdo con lo establecido en la Ley Org\u00e1nica 15\/1999 les informamos de que sus datos personales forman parte de un fichero cuyo responsable es CLUB RALLYCLASSICS.ORG, con domicilio en Pla\u00e7a Pa\u00efsos Catalans, 49, 08410-VILANOVA DEL VALL\u00c9S (Barcelona). La finalidad de este fichero es llevar a cabo la gesti\u00f3n y control de los voluntarios. Si lo desean podr\u00e1n ejercitar los derechos de acceso, rectificaci\u00f3n, cancelaci\u00f3n y oposici\u00f3n, dirigi\u00e9ndose por escrito a la direcci\u00f3n se\u00f1alada y adjuntando una fotocopia de su DNI. El voluntario consiente y autoriza a que sus datos puedan utilizarse para informarle de las actividades organizadas por CLUB RALLYCLASSICS, y para que puedan ser cedidos a las entidades colaboradoras de CLUB RALLYCLASSICS.<\/label><\/p>\n<p><input type=\"submit\" value=\"Enviar\" class=\"wpcf7-form-control wpcf7-submit\" \/><\/p>\n<p style=\"display: none !important;\"><label>&#916;<textarea name=\"_wpcf7_ak_hp_textarea\" cols=\"45\" rows=\"8\" maxlength=\"100\"><\/textarea><\/label><input type=\"hidden\" id=\"ak_js_2\" name=\"_wpcf7_ak_js\" value=\"231\"\/><script>document.getElementById( \"ak_js_2\" ).setAttribute( \"value\", ( new Date() ).getTime() );<\/script><\/p><div class=\"wpcf7-response-output\" role=\"alert\" aria-hidden=\"true\"><\/div><\/form><\/div>\n<p>&nbsp;<\/p>\n<p>&nbsp;<\/p>","protected":false},"excerpt":{"rendered":"<p>Vols ser voluntari\/a a les nostres proves? Participa com a voluntari\/a al Rally Costa Brava o a les Porsche Classic Series i viu la competici\u00f3 des de dins. Compartir\u00e0s la [&#8230;]<\/p>\n","protected":false},"author":3,"featured_media":0,"parent":0,"menu_order":0,"comment_status":"closed","ping_status":"closed","template":"100-width.php","meta":{"om_disable_all_campaigns":false,"_monsterinsights_skip_tracking":false,"_monsterinsights_sitenote_active":false,"_monsterinsights_sitenote_note":"","_monsterinsights_sitenote_category":0,"footnotes":""},"class_list":["post-30465","page","type-page","status-publish","hentry"],"aioseo_notices":[],"_links":{"self":[{"href":"https:\/\/rallyclassics.club\/ca\/wp-json\/wp\/v2\/pages\/30465","targetHints":{"allow":["GET"]}}],"collection":[{"href":"https:\/\/rallyclassics.club\/ca\/wp-json\/wp\/v2\/pages"}],"about":[{"href":"https:\/\/rallyclassics.club\/ca\/wp-json\/wp\/v2\/types\/page"}],"author":[{"embeddable":true,"href":"https:\/\/rallyclassics.club\/ca\/wp-json\/wp\/v2\/users\/3"}],"replies":[{"embeddable":true,"href":"https:\/\/rallyclassics.club\/ca\/wp-json\/wp\/v2\/comments?post=30465"}],"version-history":[{"count":9,"href":"https:\/\/rallyclassics.club\/ca\/wp-json\/wp\/v2\/pages\/30465\/revisions"}],"predecessor-version":[{"id":38716,"href":"https:\/\/rallyclassics.club\/ca\/wp-json\/wp\/v2\/pages\/30465\/revisions\/38716"}],"wp:attachment":[{"href":"https:\/\/rallyclassics.club\/ca\/wp-json\/wp\/v2\/media?parent=30465"}],"curies":[{"name":"wp","href":"https:\/\/api.w.org\/{rel}","templated":true}]}}