{"id":30620,"date":"2022-01-17T13:12:15","date_gmt":"2022-01-17T12:12:15","guid":{"rendered":"https:\/\/www.rallyclassics.club\/porsche-classic-series-2021\/castelloli-2021-copy\/"},"modified":"2022-04-11T09:40:24","modified_gmt":"2022-04-11T08:40:24","slug":"parcmotor-2022","status":"publish","type":"page","link":"https:\/\/rallyclassics.club\/ca\/porsche-classic-series-2022\/parcmotor-2022\/","title":{"rendered":"Porsche Classic Series 2022 &#8211; Parcmotor 9 abril"},"content":{"rendered":"<p><div class=\"title\"><h2>Porsche Classic Series 2022 &#8211; Parcmotor Castellol\u00ed 9 abril<\/h2><div class=\"title-sep-container\"><div class=\"title-sep\"><\/div><\/div><\/div>\n<img loading=\"lazy\" decoding=\"async\" class=\"aligncenter size-full wp-image-7181\" src=\"\/wp-content\/uploads\/CS2022_980x300.jpg\" width=\"980\" height=\"300\" \/><\/p>\n<div class=\"title\"><h2>Resultats Porsche Classic Series<\/h2><div class=\"title-sep-container\"><div class=\"title-sep\"><\/div><\/div><\/div>\n<div class=\"one_half\">\n<a class=\"button-21 button large default\" title=\"\" href=\"https:\/\/www.rallyclassics.club\/wp-content\/uploads\/RCS2022_PARCMOTOR_FINAL_Resumen-1.pdf\" target=\"_blank\">Clasificaci\u00f3n Final<\/a>\n<\/div>\n<div class=\"one_half last\">\n<a class=\"button-22 button large default\" title=\"\" href=\"https:\/\/www.rallyclassics.club\/wp-content\/uploads\/RCS2022_PARCMOTOR_Campionat-1.pdf\" target=\"_blank\">Clasificaci\u00f3n Campeonato<\/a>\n<\/div><div class=\"clearboth\"><\/div>\n&nbsp;<\/p>\n<div class=\"one_half\">\n<a class=\"button-23 button large default\" title=\"\" href=\"https:\/\/www.rallyclassics.club\/wp-content\/uploads\/RCS2022_PARCMOTOR_MANGA01_Resumen.pdf\" target=\"_blank\">Manga 1 Clasificaci\u00f3n<\/a>\n<\/div>\n<div class=\"one_half last\">\n<a class=\"button-24 button large default\" title=\"\" href=\"https:\/\/www.rallyclassics.club\/wp-content\/uploads\/RCS2022_PARCMOTOR_MANGA01_VueltaAVuelta.pdf\" target=\"_blank\">Manga 1 Vuelta a Vuelta<\/a>\n<\/div><div class=\"clearboth\"><\/div>\n&nbsp;<br \/>\n<div class=\"one_half\">\n<a class=\"button-25 button large default\" title=\"\" href=\"https:\/\/www.rallyclassics.club\/wp-content\/uploads\/RCS2022_PARCMOTOR_MANGA02_Resumen.pdf\" target=\"_blank\">Manga 2 Clasificaci\u00f3n<\/a>\n<\/div>\n<div class=\"one_half last\">\n<a class=\"button-26 button large default\" title=\"\" href=\"https:\/\/www.rallyclassics.club\/wp-content\/uploads\/RCS2022_PARCMOTOR_MANGA02_VueltaAVuelta.pdf\" target=\"_blank\">Manga 2 vuelta a vuelta<\/a>\n<\/div><div class=\"clearboth\"><\/div>\n<p>&nbsp;<\/p>\n<div class=\"title\"><h2>Resultats Porsche Gentlemen<\/h2><div class=\"title-sep-container\"><div class=\"title-sep\"><\/div><\/div><\/div>\n<div class=\"one_half\">\n<a class=\"button-27 button large default\" title=\"\" href=\"https:\/\/www.rallyclassics.club\/wp-content\/uploads\/GEN2022_PARCMOTOR_FINAL_Resumen-1.pdf\" target=\"_blank\">Clasificaci\u00f3n Definitiva<\/a>\n<\/div>\n<div class=\"one_half last\">\n<a class=\"button-28 button large default\" title=\"\" href=\"https:\/\/www.rallyclassics.club\/wp-content\/uploads\/GEN2022_PARCMOTOR_Campionat.pdf\" target=\"_blank\">Clasificaci\u00f3n Campeonato<\/a>\n<\/div><div class=\"clearboth\"><\/div>\n<div class=\"one_half\">\n<a class=\"button-29 button large default\" title=\"\" href=\"https:\/\/www.rallyclassics.club\/wp-content\/uploads\/GEN2022_PARCMOTOR_MANGA01_Resumen-1.pdf\" target=\"_blank\">Manga 1 Definitiva<\/a>\n<\/div>\n<div class=\"one_half last\">\n<a class=\"button-30 button large default\" title=\"\" href=\"https:\/\/www.rallyclassics.club\/wp-content\/uploads\/GEN2022_PARCMOTOR_MANGA01_VueltaAVuelta.pdf\" target=\"_blank\">Manga 1 Vuelta a Vuelta<\/a>\n<\/div><div class=\"clearboth\"><\/div>\n<div class=\"one_half\">\n<a class=\"button-31 button large default\" title=\"\" href=\"https:\/\/www.rallyclassics.club\/wp-content\/uploads\/GEN2022_PARCMOTOR_MANGA02_Resumen.pdf\" target=\"_blank\">Manga 2 Definitiva<\/a>\n<\/div>\n<div class=\"one_half last\">\n<a class=\"button-32 button large default\" title=\"\" href=\"https:\/\/www.rallyclassics.club\/wp-content\/uploads\/GEN2022_PARCMOTOR_MANGA02_VueltaAVuelta.pdf\" target=\"_blank\">Manga 2 Vuelta a Vuelta<\/a>\n<\/div><div class=\"clearboth\"><\/div>\n<p>&nbsp;<\/p>\n<div class=\"title\"><h2>Tauler d&#8217;anuncis<\/h2><div class=\"title-sep-container\"><div class=\"title-sep\"><\/div><\/div><\/div>\n<p>Aquesta temporada estrenem un nou tauler d&#8217;anuncis a l&#8217;aplicaci\u00f3 <strong>Sportity<\/strong>. Tota la informaci\u00f3 de la prova ser\u00e0 accessible des d&#8217;aquesta aplicaci\u00f3. Per a descarregar l&#8217;aplicaci\u00f3 m\u00f2bil: usar el codi QR a continuaci\u00f3 o buscar Sportity a Google Play o Apple Store, i introduir la <strong>contrasenya (Password) PCS2022<\/strong>. Tamb\u00e9 est\u00e0 disponible en <strong>versi\u00f3 web<\/strong>.<\/p>\n<div class=\"one_half last\">\n<a class=\"button-33 button large default\" title=\"\" href=\"https:\/\/webapp.sportity.com\/channel\/PCS2022\" target=\"_blank\">Tauler d&#8217;anuncis (Versi\u00f3 web)<\/a>\n<\/div><div class=\"clearboth\"><\/div>\n&nbsp;<br \/>\n<img loading=\"lazy\" decoding=\"async\" class=\"aligncenter size-full wp-image-308\" src=\"\/wp-content\/uploads\/SPORTITY_PCS2022__.jpg\" alt=\"Tabl\u00f3n anuncios 70 Rally Costa Brava 2022\" width=\"550\" height=\"392\" \/><\/p>\n<p>&nbsp;<\/p>\n<div class=\"title\"><h2>Informaci\u00f3<\/h2><div class=\"title-sep-container\"><div class=\"title-sep\"><\/div><\/div><\/div>\n<p>E-mail de contacte per a dubtes o consultes sobre la prova (nom\u00e9s participants): <a href=\"mailto:classicseries@rallyclassics.org\" rel=\"noopener noreferrer\" target=\"_blank\">classicseries@rallyclassics.org<\/a>.<\/p>\n<p><a href=\"\/wp-content\/uploads\/Horario-PCS2022-Parcmotor-v2.pdf\" target=\"\" rel=\"noopener noreferrer\"><img loading=\"lazy\" decoding=\"async\" class=\"aligncenter wp-image-12237 size-full\" src=\"\/wp-content\/uploads\/horario_pcs_parcmotor_v2.jpg\" alt=\"Porsche classic series Pruebas 2022\" width=\"650\" height=\"200\" \/><\/a><\/p>\n<div class=\"one_half last\">\n<a class=\"button-34 button large default\" title=\"\" href=\"https:\/\/www.rallyclassics.club\/wp-content\/uploads\/Horario-PCS2022-Parcmotor-v2.pdf\" target=\"_blank\">Nou Horari V2<\/a>\n<\/div><div class=\"clearboth\"><\/div>\n<p>&nbsp; <\/p>\n<div class=\"title\"><h2>Porsche Classic Series<\/h2><div class=\"title-sep-container\"><div class=\"title-sep\"><\/div><\/div><\/div>\n<p>Regularitat per a cotxes cl\u00e0ssics i youngtimers -obert a totes les marques- fabricats fins a 1995 (o posteriors sota criteri de l&#8217;organitzaci\u00f3). Es necessita extintor, casc, guants i mono ign\u00edfug. Cada cita inclou m\u00e9s de 2 hores en pista, amb m\u00e0niga d&#8217;entrenaments i dues m\u00e0nigues de Regularitat.<\/p>\n<p><strong>Preu inscripci\u00f3 base:<\/strong> 275\u20ac. Descomptes del 50% per a joves, f\u00e8mines i equips novells. T&#8217;hi esperem!<br \/>\n<strong>Asseguran\u00e7a de participaci\u00f3 obligat\u00f2ria:<\/strong> 30\u20ac\/persona.<br \/>\n<strong>Lloguer transponder:<\/strong> 30\u20ac.<\/p>\n<div class=\"one_half last\">\n<a class=\"button-35 button large default\" title=\"\" href=\"https:\/\/www.rallyclassics.club\/wp-content\/uploads\/LISTA-DE-INSCRITOS-PCS2022-PARCMOTOR.pdf\" target=\"_blank\">Llista Inscrits Definitiva<\/a>\n<\/div><div class=\"clearboth\"><\/div>\n&nbsp;<br \/>\n<div class=\"title\"><h2>Porsche Gentlemen<\/h2><div class=\"title-sep-container\"><div class=\"title-sep\"><\/div><\/div><\/div>\n<p>Regularitat per a esportius moderns d&#8217;altes prestacions, preferentment Porsche. Nom\u00e9s es necessita casc. Cada cita inclou aproximadament 90 minuts en pista, amb m\u00e0niga d&#8217;entrenaments i dues m\u00e0nigues de Regularitat.<\/p>\n<p><strong>Preu inscripci\u00f3 base:<\/strong> 185\u20ac. Descomptes del 50% per a joves, f\u00e8mines i equips novells. T&#8217;hi esperem!<br \/>\n<strong>Asseguran\u00e7a de participaci\u00f3 obligat\u00f2ria:<\/strong> 30\u20ac\/persona.<br \/>\n<strong>Lloguer transponder:<\/strong> 30\u20ac.<\/p>\n<div class=\"one_half last\">\n<a class=\"button-36 button large default\" title=\"\" href=\"https:\/\/www.rallyclassics.club\/wp-content\/uploads\/LISTA-DE-INSCRITOS-PCS2022-PARCMOTOR-GEN-PRE70.pdf\" target=\"_blank\">Llista Inscrits Definitiva<\/a>\n<\/div><div class=\"clearboth\"><\/div>\n&nbsp;<br \/>\n<div class=\"title\"><h2>Tandes Pre-70<\/h2><div class=\"title-sep-container\"><div class=\"title-sep\"><\/div><\/div><\/div>\nTandes sense cronometratge per a gaudir de models hist\u00f2rics presentats fins a 1970. Nom\u00e9s es necessita casc.<\/p>\n<p><strong>Preu inscripci\u00f3 base:<\/strong> 175\u20ac<br \/>\n<strong>Asseguran\u00e7a de participaci\u00f3 obligat\u00f2ria:<\/strong> 30\u20ac\/persona.<\/p>\n<div class=\"one_half last\">\n<a class=\"button-37 button large default\" title=\"\" href=\"https:\/\/www.rallyclassics.club\/wp-content\/uploads\/LISTA-DE-INSCRITOS-PCS2022-PARCMOTOR-GEN-PRE70.pdf\" target=\"_blank\">Llista Inscrits Definitiva<\/a>\n<\/div><div class=\"clearboth\"><\/div>\n<p>&nbsp;<br \/>\n<div class=\"title\"><h2>Documentaci\u00f3<\/h2><div class=\"title-sep-container\"><div class=\"title-sep\"><\/div><\/div><\/div>\n<div class=\"one_half\">\n<a class=\"button-38 button large default\" title=\"\" href=\"https:\/\/www.rallyclassics.club\/wp-content\/uploads\/Reglamento-PORSCHE-CLASSIC-SERIES-2022_v1.1.pdf\" target=\"_blank\">Reglament v1.1<\/a>\n<\/div>\n<div class=\"one_half last\">\n<a class=\"button-39 button large default\" title=\"\" href=\"https:\/\/www.rallyclassics.club\/wp-content\/uploads\/Eleccion-Digital-del-Tiempo-de-Referencia_2022_.pdf\" target=\"_blank\">Sistema Digital Temps de Refer\u00e8ncia<\/a>\n<\/div><div class=\"clearboth\"><\/div>\n<p>&nbsp;<\/p>\n<div class=\"title\"><h2>P\u00fablic i premsa<\/h2><div class=\"title-sep-container\"><div class=\"title-sep\"><\/div><\/div><\/div>\n<p>El <strong>p\u00fablic <\/strong>podr\u00e0 accedir al recinte de Parcmotor Castellol\u00ed a partir de les 10h del mat\u00ed aproximadament.<\/p>\n<p>Aquells mitjans que vulguin realitzar una cobertura de la prova han de contactar amb <a href=\"mailto:comunicacion@rallyclassics.org\"><strong>comunicacion@rallyclassics.org<\/strong><\/a> abans del divendres 8 d&#8217;abril.<\/p>\n<p>&nbsp;<\/p>\n<div class=\"title\"><h2>Not\u00edcies de les Porsche Classic Series 2022<\/h2><div class=\"title-sep-container\"><div class=\"title-sep\"><\/div><\/div><\/div>\n<div class=\"avada-container\"><section class=\"columns columns-3\" style=\"width:100%\"><div class=\"holder\"><article class=\"col\"><div class=\"flexslider floated-post-slideshow\"><ul class=\"slides\"><li>\n\t\t\t\t\t<a href=\"https:\/\/rallyclassics.club\/ca\/video-resumen-gran-final-porsche-classic-series-2023\/\" rel=\"\"><img decoding=\"async\" src=\"https:\/\/rallyclassics.club\/wp-content\/uploads\/Thumbnail_FINAL_PCS_2023-700x441.jpg\" alt=\"Ja disponible el v\u00eddeo resum de la Gran Final de les Porsche Classic Series\" \/><\/a>\n\t\t\t\t<\/li><\/ul>\n\t\t<\/div><h4><a href=\"https:\/\/rallyclassics.club\/ca\/video-resumen-gran-final-porsche-classic-series-2023\/\">Ja disponible el v\u00eddeo resum de la Gran Final de les Porsche Classic Series<\/a><\/h4><ul class=\"meta\"><li><em class=\"date\">18 d'octubre, 2023<\/em><\/li><\/ul><\/article><article class=\"col\"><div class=\"flexslider floated-post-slideshow\"><ul class=\"slides\"><li>\n\t\t\t\t\t<a href=\"https:\/\/rallyclassics.club\/ca\/galeria-fotos-gran-final-porsche-classic-series-2023\/\" rel=\"\"><img decoding=\"async\" src=\"https:\/\/rallyclassics.club\/wp-content\/uploads\/porsche-classic-series-montmelo-2023-124-700x441.jpg\" alt=\"Galeria de fotos Gran Final Porsche Classic Series 2023\" \/><\/a>\n\t\t\t\t<\/li><\/ul>\n\t\t<\/div><h4><a href=\"https:\/\/rallyclassics.club\/ca\/galeria-fotos-gran-final-porsche-classic-series-2023\/\">Galeria de fotos Gran Final Porsche Classic Series 2023<\/a><\/h4><ul class=\"meta\"><li><em class=\"date\">17 d'octubre, 2023<\/em><\/li><\/ul><\/article><article class=\"col\"><div class=\"flexslider floated-post-slideshow\"><ul class=\"slides\"><li>\n\t\t\t\t\t<a href=\"https:\/\/rallyclassics.club\/ca\/galeria-fotos-gran-final-porsche-gentlemen-gt-fast-lap-2023\/\" rel=\"\"><img decoding=\"async\" src=\"https:\/\/rallyclassics.club\/wp-content\/uploads\/porsche-gentlemen-gt-fast-lap-montmelo-2023-5-700x441.jpg\" alt=\"Galeria de fotos Gran Final Porsche Gentlemen GT Fast-Lap 2023\" \/><\/a>\n\t\t\t\t<\/li><\/ul>\n\t\t<\/div><h4><a href=\"https:\/\/rallyclassics.club\/ca\/galeria-fotos-gran-final-porsche-gentlemen-gt-fast-lap-2023\/\">Galeria de fotos Gran Final Porsche Gentlemen GT Fast-Lap 2023<\/a><\/h4><ul class=\"meta\"><li><em class=\"date\">17 d'octubre, 2023<\/em><\/li><\/ul><\/article><article class=\"col\"><div class=\"flexslider floated-post-slideshow\"><ul class=\"slides\"><li>\n\t\t\t\t\t<a href=\"https:\/\/rallyclassics.club\/ca\/resultados-final-porsche-classic-series-2023\/\" rel=\"\"><img decoding=\"async\" src=\"https:\/\/rallyclassics.club\/wp-content\/uploads\/RFR70689_-700x441.jpg\" alt=\"Resultats Gran Final Porsche Classic Series 2023\" \/><\/a>\n\t\t\t\t<\/li><\/ul>\n\t\t<\/div><h4><a href=\"https:\/\/rallyclassics.club\/ca\/resultados-final-porsche-classic-series-2023\/\">Resultats Gran Final Porsche Classic Series 2023<\/a><\/h4><ul class=\"meta\"><li><em class=\"date\">14 d'octubre, 2023<\/em><\/li><\/ul><\/article><article class=\"col\"><div class=\"flexslider floated-post-slideshow\"><ul class=\"slides\"><li>\n\t\t\t\t\t<a href=\"https:\/\/rallyclassics.club\/ca\/resultados-final-porsche-gentlemen-gt-fast-lap-2023\/\" rel=\"\"><img decoding=\"async\" src=\"https:\/\/rallyclassics.club\/wp-content\/uploads\/RFNI0264_-700x441.jpg\" alt=\"Resultats Gran Final Porsche Gentlemen GT Fast-Lap 2023\" \/><\/a>\n\t\t\t\t<\/li><\/ul>\n\t\t<\/div><h4><a href=\"https:\/\/rallyclassics.club\/ca\/resultados-final-porsche-gentlemen-gt-fast-lap-2023\/\">Resultats Gran Final Porsche Gentlemen GT Fast-Lap 2023<\/a><\/h4><ul class=\"meta\"><li><em class=\"date\">14 d'octubre, 2023<\/em><\/li><\/ul><\/article><article class=\"col\"><div class=\"flexslider floated-post-slideshow\"><ul class=\"slides\"><li>\n\t\t\t\t\t<a href=\"https:\/\/rallyclassics.club\/ca\/galeria-de-fotos-porsche-classic-series-2023-en-calafat\/\" rel=\"\"><img decoding=\"async\" src=\"https:\/\/rallyclassics.club\/wp-content\/uploads\/porsche-classic-series-2023-calafat-137-700x441.jpg\" alt=\"Galeria de fotos Porsche Classic Series 2023 a Calafat\" \/><\/a>\n\t\t\t\t<\/li><\/ul>\n\t\t<\/div><h4><a href=\"https:\/\/rallyclassics.club\/ca\/galeria-de-fotos-porsche-classic-series-2023-en-calafat\/\">Galeria de fotos Porsche Classic Series 2023 a Calafat<\/a><\/h4><ul class=\"meta\"><li><em class=\"date\">13 de setembre, 2023<\/em><\/li><\/ul><\/article><\/div><\/section><\/div>\n<div class=\"title\"><h2>Aix\u00ed s\u00f3n les Porsche Classic Series<\/h2><div class=\"title-sep-container\"><div class=\"title-sep\"><\/div><\/div><\/div>\n<iframe loading=\"lazy\" title=\"Porsche Classic Series 2021 - Parcmotor Castellol\u00ed - 18\/09\/21\" width=\"669\" height=\"376\" src=\"https:\/\/www.youtube.com\/embed\/S58__t7ZrHU?feature=oembed\" frameborder=\"0\" allow=\"accelerometer; autoplay; clipboard-write; encrypted-media; gyroscope; picture-in-picture\" allowfullscreen><\/iframe><br \/>\n&nbsp;<\/p>\n<div class=\"title\"><h2>Patrocinadors de les Porsche Classic Series 2022<\/h2><div class=\"title-sep-container\"><div class=\"title-sep\"><\/div><\/div><\/div>\n<div class=\"related-posts related-projects clientslider-container\"><div id=\"carousel\" class=\"clients-carousel es-carousel-wrapper\"><div class=\"es-carousel\"><ul>\n<li><a href=\"https:\/\/www.porsche-barcelona.com\/\" target=\"_self\"><img decoding=\"async\" src=\"\/wp-content\/uploads\/2017\/02\/logo-centro-porsche.jpg\" alt=\"\" \/><\/a><\/li>\n<li><a href=\"https:\/\/www.motul.com\/es\/es\" target=\"_self\"><img decoding=\"async\" src=\"\/wp-content\/uploads\/logo_motul_150x100.jpg\" alt=\"\" \/><\/a><\/li>\n<li><a href=\"https:\/\/www.gt2i.es\/es\/\" target=\"_self\"><img decoding=\"async\" src=\"\/wp-content\/uploads\/gt2i_150x100.jpg\" alt=\"\" \/><\/a><\/li>\n<\/ul><div class=\"es-nav\"><span class=\"es-nav-prev\">Previous<\/span><span class=\"es-nav-next\">Next<\/span><\/div><\/div><\/div><\/div>\n<div class=\"related-posts related-projects clientslider-container\"><div id=\"carousel\" class=\"clients-carousel es-carousel-wrapper\"><div class=\"es-carousel\"><ul>\n<li><a href=\"https:\/\/www.clubporsche.es\/\" target=\"_self\"><img decoding=\"async\" src=\"\/wp-content\/uploads\/2019\/01\/PorscheClub_150x100.jpg\" alt=\"\" \/><\/a><\/li>\n<li><a href=\"https:\/\/www.porsche.com\/spain\/accessoriesandservice\/classic\/\" target=\"_self\"><img decoding=\"async\" src=\"\/wp-content\/uploads\/Logo-porsche-classic-150x100-1.jpg\" alt=\"\" \/><\/a><\/li>\n<li><a href=\"https:\/\/esport.gencat.cat\/ca\/inici\" target=\"_self\"><img decoding=\"async\" src=\"\/wp-content\/uploads\/GENCAT-150X100.jpg\" alt=\"\" \/><\/a><\/li>\n<\/ul><div class=\"es-nav\"><span class=\"es-nav-prev\">Previous<\/span><span class=\"es-nav-next\">Next<\/span><\/div><\/div><\/div><\/div>\n<p>&nbsp;<\/p>\n<p style=\"text-align: center;\"><a class=\"button-40 button large default\" title=\"\" href=\"\/porsche-classic-series-2022\/\" target=\"\">Tornar a P\u00e1gina principal Porsche Classic Series<\/a>\n<p>&nbsp;<\/p>","protected":false},"excerpt":{"rendered":"<p>Ja est\u00e0 disponible la galeria de fotos de les Porsche Classic Series a Calafat, cortesia de l&#8217;equip de premsa de RallyClassics i Ramon Puig. S&#8217;ha incl\u00f2s com a m\u00ednim una [&#8230;]<\/p>\n","protected":false},"author":9192197,"featured_media":0,"parent":30623,"menu_order":0,"comment_status":"closed","ping_status":"closed","template":"","meta":{"om_disable_all_campaigns":false,"_monsterinsights_skip_tracking":false,"_monsterinsights_sitenote_active":false,"_monsterinsights_sitenote_note":"","_monsterinsights_sitenote_category":0,"footnotes":""},"class_list":["post-30620","page","type-page","status-publish","hentry"],"aioseo_notices":[],"_links":{"self":[{"href":"https:\/\/rallyclassics.club\/ca\/wp-json\/wp\/v2\/pages\/30620","targetHints":{"allow":["GET"]}}],"collection":[{"href":"https:\/\/rallyclassics.club\/ca\/wp-json\/wp\/v2\/pages"}],"about":[{"href":"https:\/\/rallyclassics.club\/ca\/wp-json\/wp\/v2\/types\/page"}],"author":[{"embeddable":true,"href":"https:\/\/rallyclassics.club\/ca\/wp-json\/wp\/v2\/users\/9192197"}],"replies":[{"embeddable":true,"href":"https:\/\/rallyclassics.club\/ca\/wp-json\/wp\/v2\/comments?post=30620"}],"version-history":[{"count":49,"href":"https:\/\/rallyclassics.club\/ca\/wp-json\/wp\/v2\/pages\/30620\/revisions"}],"predecessor-version":[{"id":30934,"href":"https:\/\/rallyclassics.club\/ca\/wp-json\/wp\/v2\/pages\/30620\/revisions\/30934"}],"up":[{"embeddable":true,"href":"https:\/\/rallyclassics.club\/ca\/wp-json\/wp\/v2\/pages\/30623"}],"wp:attachment":[{"href":"https:\/\/rallyclassics.club\/ca\/wp-json\/wp\/v2\/media?parent=30620"}],"curies":[{"name":"wp","href":"https:\/\/api.w.org\/{rel}","templated":true}]}}