{"id":30655,"date":"2022-01-17T16:03:21","date_gmt":"2022-01-17T15:03:21","guid":{"rendered":"https:\/\/www.rallyclassics.club\/moto-classic-series-2021\/castelloli-2021-copy\/"},"modified":"2022-04-09T19:41:07","modified_gmt":"2022-04-09T18:41:07","slug":"parcmotor-2022","status":"publish","type":"page","link":"https:\/\/rallyclassics.club\/ca\/moto-classic-series-2022\/parcmotor-2022\/","title":{"rendered":"MotoClassic Series 2022 &#8211; Parcmotor 9 abril"},"content":{"rendered":"<p><div class=\"title\"><h2>MotoClassic Series 2022 &#8211; Parcmotor Castellol\u00ed 9 abril<\/h2><div class=\"title-sep-container\"><div class=\"title-sep\"><\/div><\/div><\/div>\n<img loading=\"lazy\" decoding=\"async\" class=\"alignnone size-full wp-image-301\" src=\"\/wp-content\/uploads\/MCS2022_980x300B.jpg\" alt=\"MotoClassic Series 2022 Alcarr\u00e0s\" width=\"980\" height=\"300\" \/><\/p>\n<div class=\"title\"><h2>Resultats<\/h2><div class=\"title-sep-container\"><div class=\"title-sep\"><\/div><\/div><\/div>\n<div class=\"one_half\">\n<a class=\"button-14 button large default\" title=\"\" href=\"https:\/\/www.rallyclassics.club\/wp-content\/uploads\/MCS2022_PARCMOTOR_FINAL_Resumen.pdf\" target=\"_blank\">Clasificaci\u00f3n Final<\/a>\n<\/div>\n<div class=\"one_half last\">\n<a class=\"button-15 button large default\" title=\"\" href=\"https:\/\/www.rallyclassics.club\/wp-content\/uploads\/MCS2022_PARCMOTOR_Campeonato.pdf\" target=\"_blank\">Clasificaci\u00f3n Campeonato<\/a>\n<\/div><div class=\"clearboth\"><\/div>\n&nbsp;<\/p>\n<div class=\"one_half\">\n<a class=\"button-16 button large default\" title=\"\" href=\"https:\/\/www.rallyclassics.club\/wp-content\/uploads\/MCS2022_PARCMOTOR_MANGA01_Resumen.pdf\" target=\"_blank\">Manga 1 Clasificaci\u00f3n<\/a>\n<\/div>\n<div class=\"one_half last\">\n<a class=\"button-17 button large default\" title=\"\" href=\"https:\/\/www.rallyclassics.club\/wp-content\/uploads\/MCS2022_PARCMOTOR_MANGA01_VueltaAVuelta.pdf\" target=\"_blank\">Manga 1 Vuelta a Vuelta<\/a>\n<\/div><div class=\"clearboth\"><\/div>\n&nbsp;<br \/>\n<div class=\"one_half\">\n<a class=\"button-18 button large default\" title=\"\" href=\"https:\/\/www.rallyclassics.club\/wp-content\/uploads\/MCS2022_PARCMOTOR_MANGA02_Resumen.pdf\" target=\"_blank\">Manga 2 Clasificaci\u00f3n<\/a>\n<\/div>\n<div class=\"one_half last\">\n<a class=\"button-19 button large default\" title=\"\" href=\"https:\/\/www.rallyclassics.club\/wp-content\/uploads\/MCS2022_PARCMOTOR_MANGA02_VueltaAVuelta.pdf\" target=\"_blank\">Manga 2 vuelta a vuelta<\/a>\n<\/div><div class=\"clearboth\"><\/div>\n<p>&nbsp;<\/p>\n<p>&nbsp;<br \/>\n<div class=\"title\"><h2>Tauler d&#8217;anuncis<\/h2><div class=\"title-sep-container\"><div class=\"title-sep\"><\/div><\/div><\/div>\n<p>Aquesta temporada estrenem un nou tauler d&#8217;anuncis a l&#8217;aplicaci\u00f3 <strong>Sportity<\/strong>. Tota la informaci\u00f3 de les proves ser\u00e0 accessible des d&#8217;aquesta aplicaci\u00f3. Per a descarregar l&#8217;aplicaci\u00f3 m\u00f2bil: usar el codi QR a continuaci\u00f3 o buscar Sportity a Google Play o Apple Store, i introduir la <strong>contrasenya (Password) MCS2022<\/strong>. Tamb\u00e9 est\u00e0 disponible en <strong>versi\u00f3 web<\/strong>.<\/p>\n<div class=\"one_half last\">\n<a class=\"button-20 button large default\" title=\"\" href=\"https:\/\/webapp.sportity.com\/channel\/MCS2022\" target=\"_blank\">Tauler d&#8217;anuncis (Versi\u00f3 web)<\/a>\n<\/div><div class=\"clearboth\"><\/div>\n&nbsp;<br \/>\n<img loading=\"lazy\" decoding=\"async\" class=\"aligncenter size-full wp-image-308\" src=\"\/wp-content\/uploads\/SPORTITY_MCS2022__.jpg\" alt=\"Tabl\u00f3n anuncios 70 Rally Costa Brava 2022\" width=\"550\" height=\"392\" \/><br \/>\n&nbsp;<\/p>\n<div class=\"title\"><h2>Informaci\u00f3<\/h2><div class=\"title-sep-container\"><div class=\"title-sep\"><\/div><\/div><\/div>\n<p><a href=\"\/wp-content\/uploads\/Horario-MCS2022-Parcmotor-v2.pdf\" target=\"\" rel=\"noopener noreferrer\"><img loading=\"lazy\" decoding=\"async\" class=\"aligncenter wp-image-12237 size-full\" src=\"\/wp-content\/uploads\/horario_mcs_parcmotor_v2.jpg\" alt=\"Porsche classic series Pruebas 2022\" width=\"650\" height=\"200\" \/><\/a><\/p>\n<div class=\"one_half last\">\n<a class=\"button-21 button large default\" title=\"\" href=\"https:\/\/www.rallyclassics.club\/wp-content\/uploads\/Horario-MCS2022-Parcmotor-v2.pdf\" target=\"_blank\">Nou Horari V2<\/a>\n<\/div><div class=\"clearboth\"><\/div>\n&nbsp;<br \/>\n<div class=\"one_half last\">\n<a class=\"button-22 button large default\" title=\"\" href=\"https:\/\/www.rallyclassics.club\/wp-content\/uploads\/Lista-de-inscritos-MCS2022-Parcmotor.pdf\" target=\"_blank\">Lista Inscritos Definitiva<\/a>\n<\/div><div class=\"clearboth\"><\/div>\n&nbsp;<br \/>\nSi tens una <strong>moto cl\u00e0ssica o youngtimer<\/strong>, sense importar la seva pot\u00e8ncia o la seva preparaci\u00f3, has de provar aquest certamen de <strong>Regularitat en circuit en el qual s&#8217;igualen prestacions i es maximitza la diversi\u00f3 a baix cost<\/strong>. Aqu\u00ed no guanyen els m\u00e9s r\u00e0pids, sin\u00f3 els m\u00e9s regulars!<\/p>\n<p>Enfronta&#8217;t al repte de calcar el teu temps en cada volta sense cap refer\u00e8ncia a l&#8217;interior, nom\u00e9s les que rebis des del mur.<strong> Cada cita inclou aproximadament 90 minuts en pista<\/strong>, amb m\u00e0niga d&#8217;entrenaments i dues m\u00e0nigues de Regularitat.<\/p>\n<p><strong>Preu inscripci\u00f3 base:<\/strong> 90\u20ac. Descomptes del 50% per a joves, f\u00e8mines i equips novells. T&#8217;hi esperem!<br \/>\n<strong>Lloguer transponder:<\/strong> 30\u20ac.<\/p>\n<p>&nbsp;<\/p>\n<div class=\"title\"><h2>Documentaci\u00f3<\/h2><div class=\"title-sep-container\"><div class=\"title-sep\"><\/div><\/div><\/div>\n<div class=\"one_half\">\n<a class=\"button-23 button large default\" title=\"\" href=\"https:\/\/www.rallyclassics.club\/wp-content\/uploads\/Reglamento-MotoClassic-Series-2022-v1.1.pdf\" target=\"_blank\">Reglament v1.1<\/a>\n<\/div>\n<div class=\"one_half last\">\n<a class=\"button-24 button large default\" title=\"\" href=\"https:\/\/www.rallyclassics.club\/wp-content\/uploads\/Eleccion-Digital-del-Tiempo-de-Referencia_2022_.pdf\" target=\"_blank\">Sistema Digital Temps de Refer\u00e8ncia<\/a>\n<\/div><div class=\"clearboth\"><\/div>\n&nbsp;<br \/>\n<div class=\"one_half last\">\n<a class=\"button-25 button large default\" title=\"\" href=\"https:\/\/www.rallyclassics.club\/wp-content\/uploads\/Flyer-Continental-REDD-2022-MotoClassic-Series_.pdf\" target=\"_blank\">Tarifes Especials Continental<\/a>\n<\/div><div class=\"clearboth\"><\/div>\n&nbsp;<\/p>\n<div class=\"title\"><h2>P\u00fablic i premsa<\/h2><div class=\"title-sep-container\"><div class=\"title-sep\"><\/div><\/div><\/div>\n<p>El <strong>p\u00fablic <\/strong>podr\u00e0 accedir al recinte de Parcmotor Castellol\u00ed a partir de les 10h del mat\u00ed aproximadament.<\/p>\n<p>Aquells mitjans que vulguin realitzar una cobertura de la prova han de contactar amb <a href=\"mailto:comunicacion@rallyclassics.org\"><strong>comunicacion@rallyclassics.org<\/strong><\/a> abans del divendres 8 d&#8217;abril.<\/p>\n<p>&nbsp;<\/p>\n<div class=\"title\"><h2>Not\u00edcies de les MotoClassic Series 2022<\/h2><div class=\"title-sep-container\"><div class=\"title-sep\"><\/div><\/div><\/div>\n<div class=\"avada-container\"><section class=\"columns columns-3\" style=\"width:100%\"><div class=\"holder\"><article class=\"col\"><div class=\"flexslider floated-post-slideshow\"><ul class=\"slides\"><li>\n\t\t\t\t\t<a href=\"https:\/\/rallyclassics.club\/ca\/video-resumen-gran-final-porsche-classic-series-2023\/\" rel=\"\"><img decoding=\"async\" src=\"https:\/\/rallyclassics.club\/wp-content\/uploads\/Thumbnail_FINAL_PCS_2023-700x441.jpg\" alt=\"Ja disponible el v\u00eddeo resum de la Gran Final de les Porsche Classic Series\" \/><\/a>\n\t\t\t\t<\/li><\/ul>\n\t\t<\/div><h4><a href=\"https:\/\/rallyclassics.club\/ca\/video-resumen-gran-final-porsche-classic-series-2023\/\">Ja disponible el v\u00eddeo resum de la Gran Final de les Porsche Classic Series<\/a><\/h4><ul class=\"meta\"><li><em class=\"date\">18 d'octubre, 2023<\/em><\/li><\/ul><\/article><article class=\"col\"><div class=\"flexslider floated-post-slideshow\"><ul class=\"slides\"><li>\n\t\t\t\t\t<a href=\"https:\/\/rallyclassics.club\/ca\/galeria-fotos-gran-final-motoclassic-series-2023\/\" rel=\"\"><img decoding=\"async\" src=\"https:\/\/rallyclassics.club\/wp-content\/uploads\/motoclassic-series-montmelo-2023-67-700x441.jpg\" alt=\"Galeria de fotos Gran Final MotoClassic Series 2023\" \/><\/a>\n\t\t\t\t<\/li><\/ul>\n\t\t<\/div><h4><a href=\"https:\/\/rallyclassics.club\/ca\/galeria-fotos-gran-final-motoclassic-series-2023\/\">Galeria de fotos Gran Final MotoClassic Series 2023<\/a><\/h4><ul class=\"meta\"><li><em class=\"date\">17 d'octubre, 2023<\/em><\/li><\/ul><\/article><article class=\"col\"><div class=\"flexslider floated-post-slideshow\"><ul class=\"slides\"><li>\n\t\t\t\t\t<a href=\"https:\/\/rallyclassics.club\/ca\/resultados-final-motoclassic-series-2023\/\" rel=\"\"><img decoding=\"async\" src=\"https:\/\/rallyclassics.club\/wp-content\/uploads\/RFR71236_-700x441.jpg\" alt=\"Resultats Gran Final MotoClassic Series 2023\" \/><\/a>\n\t\t\t\t<\/li><\/ul>\n\t\t<\/div><h4><a href=\"https:\/\/rallyclassics.club\/ca\/resultados-final-motoclassic-series-2023\/\">Resultats Gran Final MotoClassic Series 2023<\/a><\/h4><ul class=\"meta\"><li><em class=\"date\">14 d'octubre, 2023<\/em><\/li><\/ul><\/article><article class=\"col\"><div class=\"flexslider floated-post-slideshow\"><ul class=\"slides\"><li>\n\t\t\t\t\t<a href=\"https:\/\/rallyclassics.club\/ca\/galeria-fotos-motoclassic-series-2023-calafat\/\" rel=\"\"><img decoding=\"async\" src=\"https:\/\/rallyclassics.club\/wp-content\/uploads\/moto-classic-series-2023-calafat-14-700x441.jpg\" alt=\"Galeria de fotos MotoClassic Series 2023 a Calafat\" \/><\/a>\n\t\t\t\t<\/li><\/ul>\n\t\t<\/div><h4><a href=\"https:\/\/rallyclassics.club\/ca\/galeria-fotos-motoclassic-series-2023-calafat\/\">Galeria de fotos MotoClassic Series 2023 a Calafat<\/a><\/h4><ul class=\"meta\"><li><em class=\"date\">13 de setembre, 2023<\/em><\/li><\/ul><\/article><article class=\"col\"><div class=\"flexslider floated-post-slideshow\"><ul class=\"slides\"><li>\n\t\t\t\t\t<a href=\"https:\/\/rallyclassics.club\/ca\/resultados-motoclassic-series-2023-calafat-ii\/\" rel=\"\"><img decoding=\"async\" src=\"https:\/\/rallyclassics.club\/wp-content\/uploads\/RF_03452_-700x441.jpg\" alt=\"Resultats MotoClassic Series 2023 Calafat II\" \/><\/a>\n\t\t\t\t<\/li><\/ul>\n\t\t<\/div><h4><a href=\"https:\/\/rallyclassics.club\/ca\/resultados-motoclassic-series-2023-calafat-ii\/\">Resultats MotoClassic Series 2023 Calafat II<\/a><\/h4><ul class=\"meta\"><li><em class=\"date\">10 de setembre, 2023<\/em><\/li><\/ul><\/article><article class=\"col\"><div class=\"flexslider floated-post-slideshow\"><ul class=\"slides\"><li>\n\t\t\t\t\t<a href=\"https:\/\/rallyclassics.club\/ca\/resultados-motoclassic-series-2023-calafat-i\/\" rel=\"\"><img decoding=\"async\" src=\"https:\/\/rallyclassics.club\/wp-content\/uploads\/RF_01404_-700x441.jpg\" alt=\"Resultats MotoClassic Series 2023 Calafat I\" \/><\/a>\n\t\t\t\t<\/li><\/ul>\n\t\t<\/div><h4><a href=\"https:\/\/rallyclassics.club\/ca\/resultados-motoclassic-series-2023-calafat-i\/\">Resultats MotoClassic Series 2023 Calafat I<\/a><\/h4><ul class=\"meta\"><li><em class=\"date\">9 de setembre, 2023<\/em><\/li><\/ul><\/article><\/div><\/section><\/div>\n<div class=\"title\"><h2>Aix\u00ed s\u00f3n les MotoClassic Series<\/h2><div class=\"title-sep-container\"><div class=\"title-sep\"><\/div><\/div><\/div>\n<iframe loading=\"lazy\" title=\"Eduard Armengol y su Honda CB Four | MotoClassic Series\" width=\"669\" height=\"376\" src=\"https:\/\/www.youtube.com\/embed\/CSmimJc268E?feature=oembed\" frameborder=\"0\" allow=\"accelerometer; autoplay; clipboard-write; encrypted-media; gyroscope; picture-in-picture\" allowfullscreen><\/iframe><br \/>\n&nbsp;<\/p>\n<div class=\"title\"><h2>Patrocinadors de les Moto Classic Series 2022<\/h2><div class=\"title-sep-container\"><div class=\"title-sep\"><\/div><\/div><\/div>\n<div class=\"related-posts related-projects clientslider-container\"><div id=\"carousel\" class=\"clients-carousel es-carousel-wrapper\"><div class=\"es-carousel\"><ul>\n<li><a href=\"https:\/\/www.motul.com\/es\/es\" target=\"_self\"><img decoding=\"async\" src=\"\/wp-content\/uploads\/logo_motul_150x100.jpg\" alt=\"\" \/><\/a><\/li>\n<li><a href=\"https:\/\/www.gt2i.es\/es\/\" target=\"_self\"><img decoding=\"async\" src=\"\/wp-content\/uploads\/gt2i_150x100.jpg\" alt=\"\" \/><\/a><\/li>\n<li><a href=\"https:\/\/esport.gencat.cat\/ca\/inici\" target=\"_self\"><img decoding=\"async\" src=\"\/wp-content\/uploads\/GENCAT-150X100.jpg\" alt=\"\" \/><\/a><\/li>\n<\/ul><div class=\"es-nav\"><span class=\"es-nav-prev\">Previous<\/span><span class=\"es-nav-next\">Next<\/span><\/div><\/div><\/div><\/div>\n<div class=\"related-posts related-projects clientslider-container\"><div id=\"carousel\" class=\"clients-carousel es-carousel-wrapper\"><div class=\"es-carousel\"><ul>\n<li><a href=\"https:\/\/www.continental-neumaticos.es\/moto\" target=\"_self\"><img decoding=\"async\" src=\"\/wp-content\/uploads\/continental_150x100.jpg\" alt=\"\" \/><\/a><\/li>\n<li><a href=\"https:\/\/www.pmbarcelona.com\/\" target=\"_self\"><img decoding=\"async\" src=\"\/wp-content\/uploads\/pmb_150x100.jpg\" alt=\"\" \/><\/a><\/li>\n<li><a href=\"http:\/\/www.fcm.cat\/web\" target=\"_self\"><img decoding=\"async\" src=\"\/wp-content\/uploads\/fcm_150x100.jpg\" alt=\"\" \/><\/a><\/li>\n<\/ul><div class=\"es-nav\"><span class=\"es-nav-prev\">Previous<\/span><span class=\"es-nav-next\">Next<\/span><\/div><\/div><\/div><\/div>\n<p>&nbsp;<\/p>\n<p style=\"text-align: center;\"><a class=\"button-26 button large default\" title=\"\" href=\"\/moto-classic-series-2022\/\" target=\"\">Tornar a P\u00e0gina principal MotoClassic Series<\/a>\n<p>&nbsp;<\/p>","protected":false},"excerpt":{"rendered":"<p>Dem\u00e0 diumenge, segona cita del Porsche Classic Series Festival a Calafat. Acc\u00e9s lliure!<\/p>\n","protected":false},"author":9192197,"featured_media":0,"parent":30658,"menu_order":0,"comment_status":"closed","ping_status":"closed","template":"","meta":{"om_disable_all_campaigns":false,"_monsterinsights_skip_tracking":false,"_monsterinsights_sitenote_active":false,"_monsterinsights_sitenote_note":"","_monsterinsights_sitenote_category":0,"footnotes":""},"class_list":["post-30655","page","type-page","status-publish","hentry"],"aioseo_notices":[],"_links":{"self":[{"href":"https:\/\/rallyclassics.club\/ca\/wp-json\/wp\/v2\/pages\/30655","targetHints":{"allow":["GET"]}}],"collection":[{"href":"https:\/\/rallyclassics.club\/ca\/wp-json\/wp\/v2\/pages"}],"about":[{"href":"https:\/\/rallyclassics.club\/ca\/wp-json\/wp\/v2\/types\/page"}],"author":[{"embeddable":true,"href":"https:\/\/rallyclassics.club\/ca\/wp-json\/wp\/v2\/users\/9192197"}],"replies":[{"embeddable":true,"href":"https:\/\/rallyclassics.club\/ca\/wp-json\/wp\/v2\/comments?post=30655"}],"version-history":[{"count":39,"href":"https:\/\/rallyclassics.club\/ca\/wp-json\/wp\/v2\/pages\/30655\/revisions"}],"predecessor-version":[{"id":32202,"href":"https:\/\/rallyclassics.club\/ca\/wp-json\/wp\/v2\/pages\/30655\/revisions\/32202"}],"up":[{"embeddable":true,"href":"https:\/\/rallyclassics.club\/ca\/wp-json\/wp\/v2\/pages\/30658"}],"wp:attachment":[{"href":"https:\/\/rallyclassics.club\/ca\/wp-json\/wp\/v2\/media?parent=30655"}],"curies":[{"name":"wp","href":"https:\/\/api.w.org\/{rel}","templated":true}]}}