{"id":34085,"date":"2022-09-12T18:45:23","date_gmt":"2022-09-12T17:45:23","guid":{"rendered":"https:\/\/www.rallyclassics.club\/?page_id=34085"},"modified":"2022-09-30T11:01:31","modified_gmt":"2022-09-30T10:01:31","slug":"programa-motordona","status":"publish","type":"page","link":"https:\/\/rallyclassics.club\/ca\/programa-motordona\/","title":{"rendered":"El programa #MotorDona"},"content":{"rendered":"<p>https:\/\/youtu.be\/XtyQ6xGJ0p8<\/p>\n<h2><\/h2>\n<h2><strong>Un programa pioner per a potenciar la participaci\u00f3 femenina en tots els \u00e0mbits del motor cl\u00e0ssic.<\/strong><\/h2>\n<h3><\/h3>\n<h3><strong>Qu\u00e8 \u00e9s #MotorDona?<\/strong><\/h3>\n<p><strong>#MotorDona<\/strong> \u00e9s un programa creat per Club RallyClassics, en col\u00b7laboraci\u00f3 amb institucions i empreses, destinat a promoure la participaci\u00f3 i el talent femen\u00ed en diferents proves al llarg de la temporada.<\/p>\n<p>Es tracta d&#8217;<strong>un programa a tres anys (2022-2024) iniciat amb \u00e8xit en el <span style=\"text-decoration: underline;\"><a href=\"\/70-rally-motul-costa-brava-2022\/\" target=\"_blank\" rel=\"noopener noreferrer\">70 Rally Motul Costa Brava<\/a><\/span> <\/strong>i que tindr\u00e0 continu\u00eftat en futures edicions d&#8217;aquesta prova, aix\u00ed com en altres com el <span style=\"text-decoration: underline;\"><a href=\"\/xix-rally-costa-brava-historic-2022\/\" target=\"_blank\" rel=\"noopener noreferrer\"><strong>Rally Costa Brava Hist\u00f2ric by Motul<\/strong><\/a><\/span> o les <strong><span style=\"text-decoration: underline;\"><a href=\"\/porsche-classic-series-2022\/\" target=\"_blank\" rel=\"noopener noreferrer\">Porsche Classic Series<\/a><\/span><\/strong>.<\/p>\n<p>Les proves de cl\u00e0ssics poden ser la porta d&#8217;entrada perfecta de la dona en el motor, per la facilitat de participar com a amateur, sense necessitat d&#8217;experi\u00e8ncia pr\u00e8via, i per ser uns vehicles molt apreciats pel p\u00fablic.<\/p>\n<p><a href=\"https:\/\/www.rallyclassics.club\/wp-content\/uploads\/motordona_rallyclassics_margot_llobera.jpg\"><img loading=\"lazy\" decoding=\"async\" class=\"wp-image-34098 aligncenter\" src=\"https:\/\/www.rallyclassics.club\/wp-content\/uploads\/motordona_rallyclassics_margot_llobera.jpg\" alt=\"\" width=\"550\" height=\"367\" srcset=\"https:\/\/rallyclassics.club\/wp-content\/uploads\/motordona_rallyclassics_margot_llobera.jpg 900w, https:\/\/rallyclassics.club\/wp-content\/uploads\/motordona_rallyclassics_margot_llobera-300x200.jpg 300w, https:\/\/rallyclassics.club\/wp-content\/uploads\/motordona_rallyclassics_margot_llobera-768x512.jpg 768w\" sizes=\"auto, (max-width: 550px) 100vw, 550px\" \/><\/a><\/p>\n<h3><\/h3>\n<h3><strong>Quin \u00e9s l&#8217;objectiu del programa?<\/strong><\/h3>\n<p>En els esports de motor el paper femen\u00ed est\u00e0 experimentant una gran evoluci\u00f3 durant els \u00faltims anys, una tend\u00e8ncia que el programa #MotorDona treballa per a traslladar tamb\u00e9 a l&#8217;automobilisme cl\u00e0ssic, buscant aconseguir la igualtat d&#8217;oportunitats tant en la vessant de pilots i copilots, com en la resta d&#8217;\u00e0rees d&#8217;organitzaci\u00f3 de les proves: mec\u00e0niques, enginyeres, doctores, comiss\u00e0ries t\u00e8cniques o esportives, direcci\u00f3 de cursa, etc.<\/p>\n<p><a href=\"https:\/\/www.rallyclassics.club\/wp-content\/uploads\/motordona_rallyclassics_neus_santamaria.jpg\"><img loading=\"lazy\" decoding=\"async\" class=\"wp-image-34101 aligncenter\" src=\"https:\/\/www.rallyclassics.club\/wp-content\/uploads\/motordona_rallyclassics_neus_santamaria.jpg\" alt=\"\" width=\"550\" height=\"367\" srcset=\"https:\/\/rallyclassics.club\/wp-content\/uploads\/motordona_rallyclassics_neus_santamaria.jpg 900w, https:\/\/rallyclassics.club\/wp-content\/uploads\/motordona_rallyclassics_neus_santamaria-300x200.jpg 300w, https:\/\/rallyclassics.club\/wp-content\/uploads\/motordona_rallyclassics_neus_santamaria-768x512.jpg 768w\" sizes=\"auto, (max-width: 550px) 100vw, 550px\" \/><\/a><\/p>\n<p>Amb aquest objectiu s&#8217;han activat diferents accions:<\/p>\n<ul>\n<li><strong>Promocions:<\/strong> totes les proves organitzades per Club RallyClassics compten amb descomptes directes en la inscripci\u00f3 per a les dones participants, buscant aix\u00ed promoure la participaci\u00f3. Tamb\u00e9 es treballa per a arribar a acords amb escoles de mec\u00e0nica, empresarials, entre d\u2019altres, perqu\u00e8 les dones que ho desitgin participin activament en la prova com a part de l&#8217;organitzaci\u00f3.<\/li>\n<li><strong>Talent:<\/strong> crear referents mitjan\u00e7ant la participaci\u00f3 de dones que busquen inspirar amb el seu exemple a les noves generacions.<\/li>\n<li><strong>Visibilitat:<\/strong> \u00fas de tots els recursos t\u00e8cnics i socials per a donar visibilitat al programa i incentivar la participaci\u00f3 activa de la dona en tots els \u00e0mbits del motor.<\/li>\n<\/ul>\n<h3><a href=\"https:\/\/www.rallyclassics.club\/wp-content\/uploads\/motordona_rallyclassics_palamos.jpg\"><img loading=\"lazy\" decoding=\"async\" class=\"wp-image-34102 aligncenter\" src=\"https:\/\/www.rallyclassics.club\/wp-content\/uploads\/motordona_rallyclassics_palamos.jpg\" alt=\"\" width=\"550\" height=\"367\" srcset=\"https:\/\/rallyclassics.club\/wp-content\/uploads\/motordona_rallyclassics_palamos.jpg 900w, https:\/\/rallyclassics.club\/wp-content\/uploads\/motordona_rallyclassics_palamos-300x200.jpg 300w, https:\/\/rallyclassics.club\/wp-content\/uploads\/motordona_rallyclassics_palamos-768x512.jpg 768w\" sizes=\"auto, (max-width: 550px) 100vw, 550px\" \/><\/a><\/h3>\n<p>&nbsp;<\/p>\n<h3><strong>#MotorDona en el 70 Rally Motul Costa Brava<\/strong><\/h3>\n<p>El programa es va iniciar al mar\u00e7 de 2022 amb la celebraci\u00f3 del 70 Rally Motul Costa Brava, el rally m\u00e9s antic d&#8217;Espanya, i un dels m\u00e9s prestigiosos d&#8217;Europa, cita puntuable per als Campionats d&#8217;Europa, d&#8217;Espanya i de Catalunya de Rallyes Hist\u00f2rics.<\/p>\n<p>En aquesta edici\u00f3 van participar<strong> 13 dones pilot i 46 dones pilot (un 25% del total de copilots)<\/strong>. Aix\u00f2 va suposar un r\u00e8cord en la disciplina, posicionant a aquest rally com un referent en la participaci\u00f3 femenina a nivell continental, i un gran punt de partida per al programa. A m\u00e9s, diferents dones compten amb c\u00e0rrecs d&#8217;alta responsabilitat en la direcci\u00f3 de cursa, i desenes de volunt\u00e0ries fan possible l&#8217;\u00e8xit organitzatiu i esportiu d&#8217;aquest rally.<\/p>\n<p><a href=\"https:\/\/www.rallyclassics.club\/wp-content\/uploads\/motordona_rallyclassics_lucia_santiago.jpg\"><img loading=\"lazy\" decoding=\"async\" class=\"wp-image-34091 aligncenter\" src=\"https:\/\/www.rallyclassics.club\/wp-content\/uploads\/motordona_rallyclassics_lucia_santiago.jpg\" alt=\"\" width=\"550\" height=\"367\" srcset=\"https:\/\/rallyclassics.club\/wp-content\/uploads\/motordona_rallyclassics_lucia_santiago.jpg 900w, https:\/\/rallyclassics.club\/wp-content\/uploads\/motordona_rallyclassics_lucia_santiago-300x200.jpg 300w, https:\/\/rallyclassics.club\/wp-content\/uploads\/motordona_rallyclassics_lucia_santiago-768x512.jpg 768w\" sizes=\"auto, (max-width: 550px) 100vw, 550px\" \/><\/a><\/p>\n<h3><\/h3>\n<h3><strong>Vols participar en les seg\u00fcents proves, sigui dins o fora del vehicle? Vols saber m\u00e9s sobre el programa #MotorDona i sobre com et pot ajudar a introduir-te el m\u00f3n del motor?<\/strong><\/h3>\n<h3><strong>T&#8217;esperem!<\/strong><\/h3>\n<div role=\"form\" class=\"wpcf7\" id=\"wpcf7-f34742-o2\" lang=\"es-ES\" dir=\"ltr\">\n<div class=\"screen-reader-response\" role=\"alert\" aria-live=\"polite\"><\/div>\n<form action=\"\/ca\/wp-json\/wp\/v2\/pages\/34085#wpcf7-f34742-o2\" method=\"post\" class=\"wpcf7-form init\" novalidate=\"novalidate\">\n<div style=\"display: none;\">\n<input type=\"hidden\" name=\"_wpcf7\" value=\"34742\" \/>\n<input type=\"hidden\" name=\"_wpcf7_version\" value=\"5.2.2\" \/>\n<input type=\"hidden\" name=\"_wpcf7_locale\" value=\"es_ES\" \/>\n<input type=\"hidden\" name=\"_wpcf7_unit_tag\" value=\"wpcf7-f34742-o2\" \/>\n<input type=\"hidden\" name=\"_wpcf7_container_post\" value=\"0\" \/>\n<input type=\"hidden\" name=\"_wpcf7_posted_data_hash\" value=\"\" \/>\n<input type=\"hidden\" name=\"_wpcf7_recaptcha_response\" value=\"\" \/>\n<\/div>\n<h4>Datos Personales-Dades Personals:<\/h4>\n<p><label> Nombre-Nom:<br \/>\n    <span class=\"wpcf7-form-control-wrap name-voluntario\"><input type=\"text\" name=\"name-voluntario\" value=\"\" size=\"40\" class=\"wpcf7-form-control wpcf7-text wpcf7-validates-as-required\" aria-required=\"true\" aria-invalid=\"false\" \/><\/span> <\/label><\/p>\n<p><label> Apellidos-Cognoms:<br \/>\n    <span class=\"wpcf7-form-control-wrap surname-voluntario\"><input type=\"text\" name=\"surname-voluntario\" value=\"\" size=\"40\" class=\"wpcf7-form-control wpcf7-text wpcf7-validates-as-required\" aria-required=\"true\" aria-invalid=\"false\" \/><\/span> <\/label><\/p>\n<p><label> Correo Electr\u00f3nico-Correu Electr\u00f2nic:<br \/>\n    <span class=\"wpcf7-form-control-wrap mail-voluntario\"><input type=\"email\" name=\"mail-voluntario\" value=\"\" size=\"40\" class=\"wpcf7-form-control wpcf7-text wpcf7-email wpcf7-validates-as-required wpcf7-validates-as-email\" aria-required=\"true\" aria-invalid=\"false\" \/><\/span> <\/label><\/p>\n<p><label> Tel\u00e9fono-Tel\u00e8fon:<br \/>\n    <span class=\"wpcf7-form-control-wrap tel-voluntario\"><input type=\"tel\" name=\"tel-voluntario\" value=\"\" size=\"40\" class=\"wpcf7-form-control wpcf7-text wpcf7-tel wpcf7-validates-as-tel\" aria-invalid=\"false\" \/><\/span> <\/label><\/p>\n<p><label> \u00bfCu\u00e1l es tu \u00e1mbito?-Quin es el teu ambit?:<\/label><br \/>\n<span class=\"wpcf7-form-control-wrap radio-tareas\"><span class=\"wpcf7-form-control wpcf7-radio\"><span class=\"wpcf7-list-item first\"><label><input type=\"radio\" name=\"radio-tareas\" value=\"Pilots i copilots \/\/ Pilotos y copilotos\" checked=\"checked\" \/><span class=\"wpcf7-list-item-label\">Pilots i copilots \/\/ Pilotos y copilotos<\/span><\/label><\/span><span class=\"wpcf7-list-item\"><label><input type=\"radio\" name=\"radio-tareas\" value=\"Altres tasques d&#039;equip (mec\u00e0nica, enginyeria...) \/\/ Otras tareas de equipo (mec\u00e1nica, ingenier\u00eda...)\" \/><span class=\"wpcf7-list-item-label\">Altres tasques d&#039;equip (mec\u00e0nica, enginyeria...) \/\/ Otras tareas de equipo (mec\u00e1nica, ingenier\u00eda...)<\/span><\/label><\/span><span class=\"wpcf7-list-item\"><label><input type=\"radio\" name=\"radio-tareas\" value=\"Equip de voluntaris \/\/ Equipo de voluntarios\" \/><span class=\"wpcf7-list-item-label\">Equip de voluntaris \/\/ Equipo de voluntarios<\/span><\/label><\/span><span class=\"wpcf7-list-item\"><label><input type=\"radio\" name=\"radio-tareas\" value=\"Direcci\u00f3 de cursa \/\/ Direcci\u00f3n de carrera\" \/><span class=\"wpcf7-list-item-label\">Direcci\u00f3 de cursa \/\/ Direcci\u00f3n de carrera<\/span><\/label><\/span><span class=\"wpcf7-list-item last\"><label><input type=\"radio\" name=\"radio-tareas\" value=\"Otros \/\/ Altres\" \/><span class=\"wpcf7-list-item-label\">Otros \/\/ Altres<\/span><\/label><\/span><\/span><\/span><\/p>\n<p><label>Motivo de tu consulta \/\/ Motiu de la teva consulta (obligatori)<br \/>\n    <span class=\"wpcf7-form-control-wrap consulta\"><textarea name=\"consulta\" cols=\"40\" rows=\"10\" class=\"wpcf7-form-control wpcf7-textarea\" aria-invalid=\"false\"><\/textarea><\/span> <\/label><\/p>\n<p><label>De acuerdo con lo establecido en la Ley Org\u00e1nica 15\/1999 les informamos de que sus datos personales forman parte de un fichero cuyo responsable es CLUB RALLYCLASSICS.ORG, con domicilio en Pla\u00e7a Pa\u00efsos Catalans, 49, 08410-VILANOVA DEL VALL\u00c9S (Barcelona). La finalidad de este fichero es llevar a cabo la gesti\u00f3n y control de las consultantes. Si lo desean podr\u00e1n ejercitar los derechos de acceso, rectificaci\u00f3n, cancelaci\u00f3n y oposici\u00f3n, dirigi\u00e9ndose por escrito a la direcci\u00f3n se\u00f1alada y adjuntando una fotocopia de su DNI. La consultante consiente y autoriza a que sus datos puedan utilizarse para informarle de las actividades organizadas por CLUB RALLYCLASSICS, y para que puedan ser cedidos a las entidades colaboradoras de CLUB RALLYCLASSICS.<\/label><\/p>\n<p><input type=\"submit\" value=\"Enviar\" class=\"wpcf7-form-control wpcf7-submit\" \/><\/p>\n<p style=\"display: none !important;\"><label>&#916;<textarea name=\"_wpcf7_ak_hp_textarea\" cols=\"45\" rows=\"8\" maxlength=\"100\"><\/textarea><\/label><input type=\"hidden\" id=\"ak_js_2\" name=\"_wpcf7_ak_js\" value=\"61\"\/><script>document.getElementById( \"ak_js_2\" ).setAttribute( \"value\", ( new Date() ).getTime() );<\/script><\/p><div class=\"wpcf7-response-output\" role=\"alert\" aria-hidden=\"true\"><\/div><\/form><\/div>\n<p><a href=\"https:\/\/www.rallyclassics.club\/wp-content\/uploads\/motordona_rallyclassics_merce_marti.jpg\"><img loading=\"lazy\" decoding=\"async\" class=\"wp-image-34092 aligncenter\" src=\"https:\/\/www.rallyclassics.club\/wp-content\/uploads\/motordona_rallyclassics_merce_marti.jpg\" alt=\"\" width=\"550\" height=\"367\" srcset=\"https:\/\/rallyclassics.club\/wp-content\/uploads\/motordona_rallyclassics_merce_marti.jpg 900w, https:\/\/rallyclassics.club\/wp-content\/uploads\/motordona_rallyclassics_merce_marti-300x200.jpg 300w, https:\/\/rallyclassics.club\/wp-content\/uploads\/motordona_rallyclassics_merce_marti-768x512.jpg 768w\" sizes=\"auto, (max-width: 550px) 100vw, 550px\" \/><\/a><\/p>\n<h3><\/h3>\n<h3><strong>Patrocinadors de #MotorDona<\/strong><\/h3>\n<p><img loading=\"lazy\" decoding=\"async\" class=\"size-full wp-image-34086 aligncenter\" src=\"https:\/\/www.rallyclassics.club\/wp-content\/uploads\/sponsors_programa_motordona_rallyclassics.jpg\" alt=\"\" width=\"900\" height=\"345\" srcset=\"https:\/\/rallyclassics.club\/wp-content\/uploads\/sponsors_programa_motordona_rallyclassics.jpg 900w, https:\/\/rallyclassics.club\/wp-content\/uploads\/sponsors_programa_motordona_rallyclassics-300x115.jpg 300w, https:\/\/rallyclassics.club\/wp-content\/uploads\/sponsors_programa_motordona_rallyclassics-768x294.jpg 768w\" sizes=\"auto, (max-width: 900px) 100vw, 900px\" \/><\/p>\n<p><em>El programa MotorDona \u00e9s possible gr\u00e0cies a la col\u00b7laboraci\u00f3 de <\/em><em>Secretaria General de l\u2019Esport i l\u2019Activitat F\u00edsica de la Generalitat de Catalunya, Ajuntament de Girona, Diputaci\u00f3 de Girona, Motul, Riki Cars, Centro Porsche Barcelona, Centro Porsche Girona, SEAT i Pura Vida.<\/em><\/p>","protected":false},"excerpt":{"rendered":"<p>https:\/\/youtu.be\/XtyQ6xGJ0p8 Un programa pioner per a potenciar la participaci\u00f3 femenina en tots els \u00e0mbits del motor cl\u00e0ssic. Qu\u00e8 \u00e9s #MotorDona? #MotorDona \u00e9s un programa creat per Club RallyClassics, en col\u00b7laboraci\u00f3 [&#8230;]<\/p>\n","protected":false},"author":9192204,"featured_media":0,"parent":0,"menu_order":0,"comment_status":"closed","ping_status":"closed","template":"","meta":{"om_disable_all_campaigns":false,"_monsterinsights_skip_tracking":false,"_monsterinsights_sitenote_active":false,"_monsterinsights_sitenote_note":"","_monsterinsights_sitenote_category":0,"footnotes":""},"class_list":["post-34085","page","type-page","status-publish","hentry"],"aioseo_notices":[],"_links":{"self":[{"href":"https:\/\/rallyclassics.club\/ca\/wp-json\/wp\/v2\/pages\/34085","targetHints":{"allow":["GET"]}}],"collection":[{"href":"https:\/\/rallyclassics.club\/ca\/wp-json\/wp\/v2\/pages"}],"about":[{"href":"https:\/\/rallyclassics.club\/ca\/wp-json\/wp\/v2\/types\/page"}],"author":[{"embeddable":true,"href":"https:\/\/rallyclassics.club\/ca\/wp-json\/wp\/v2\/users\/9192204"}],"replies":[{"embeddable":true,"href":"https:\/\/rallyclassics.club\/ca\/wp-json\/wp\/v2\/comments?post=34085"}],"version-history":[{"count":8,"href":"https:\/\/rallyclassics.club\/ca\/wp-json\/wp\/v2\/pages\/34085\/revisions"}],"predecessor-version":[{"id":34753,"href":"https:\/\/rallyclassics.club\/ca\/wp-json\/wp\/v2\/pages\/34085\/revisions\/34753"}],"wp:attachment":[{"href":"https:\/\/rallyclassics.club\/ca\/wp-json\/wp\/v2\/media?parent=34085"}],"curies":[{"name":"wp","href":"https:\/\/api.w.org\/{rel}","templated":true}]}}