{"id":348,"date":"2014-04-25T17:57:16","date_gmt":"2014-04-25T15:57:16","guid":{"rendered":"https:\/\/www.rallyclassics.club\/classic-series\/prueba-uno-2-2\/"},"modified":"2014-06-11T17:21:34","modified_gmt":"2014-06-11T15:21:34","slug":"prueba-tres","status":"publish","type":"page","link":"https:\/\/rallyclassics.club\/ca\/classic-series\/prueba-tres\/","title":{"rendered":"Alcarr\u00e0s 7\/6"},"content":{"rendered":"<p><div class=\"title\"><h1>Alcarr\u00e0s\u00a07.06.14<\/h1><div class=\"title-sep-container\"><div class=\"title-sep\"><\/div><\/div><\/div><img loading=\"lazy\" decoding=\"async\" class=\"alignnone size-full wp-image-283\" src=\"https:\/\/www.rallyclassics.club\/wp-content\/uploads\/2014\/02\/cs2014_980x380b.jpg\" alt=\"cs2014_980x380b\" width=\"980\" height=\"380\" srcset=\"https:\/\/rallyclassics.club\/wp-content\/uploads\/2014\/02\/cs2014_980x380b.jpg 980w, https:\/\/rallyclassics.club\/wp-content\/uploads\/2014\/02\/cs2014_980x380b-300x116.jpg 300w\" sizes=\"auto, (max-width: 980px) 100vw, 980px\" \/><div class=\"title\"><h2>\u00daltimes Not\u00edcies de les BMW Classic Series<\/h2><div class=\"title-sep-container\"><div class=\"title-sep\"><\/div><\/div><\/div> <div class=\"avada-container\"><section class=\"columns columns-2\" style=\"width:100%\"><div class=\"holder\"><article class=\"col\"><div class=\"flexslider floated-post-slideshow\"><ul class=\"slides\"><li>\n\t\t\t\t\t<a href=\"https:\/\/rallyclassics.club\/ca\/classic-cover-un-clasico-de-la-seguridad\/\" rel=\"\"><img decoding=\"async\" src=\"https:\/\/rallyclassics.club\/wp-content\/uploads\/2016\/12\/CC.jpg\" alt=\"Classic Cover, un cl\u00e0ssic de la seguretat\" \/><\/a>\n\t\t\t\t<\/li><\/ul>\n\t\t<\/div><h4><a href=\"https:\/\/rallyclassics.club\/ca\/classic-cover-un-clasico-de-la-seguridad\/\">Classic Cover, un cl\u00e0ssic de la seguretat<\/a><\/h4><ul class=\"meta\"><li><em class=\"date\">9 de gener, 2017<\/em><\/li><\/ul><p><div class=\"excerpt-container\"><p>L&#8217;inici de la relaci\u00f3 entre el Club RallyClassics i la companyia asseguradora Classic Cover [&#8230;]<\/p>\n<\/div><\/p><\/article><article class=\"col\"><div class=\"flexslider floated-post-slideshow\"><ul class=\"slides\"><li>\n\t\t\t\t\t<a href=\"https:\/\/rallyclassics.club\/ca\/jose-luis-marco-porsche-gana-y-es-mas-lider\/\" rel=\"\"><img decoding=\"async\" src=\"https:\/\/rallyclassics.club\/wp-content\/uploads\/2016\/06\/IMG_5442-copy-700x347.jpg\" alt=\"Jos\u00e9 Luis Marc\u00f3 (Porsche) guanya i \u00e9s m\u00e9s l\u00edder\" \/><\/a>\n\t\t\t\t<\/li><li>\n\t\t\t\t\t<a href=\"https:\/\/rallyclassics.club\/ca\/jose-luis-marco-porsche-gana-y-es-mas-lider\/\" rel=\"\"><img decoding=\"async\" src=\"https:\/\/rallyclassics.club\/wp-content\/uploads\/2016\/06\/IMG_3124.copy_-700x441.jpg\" alt=\"\" \/><\/a>\n\t\t\t\t<\/li><li>\n\t\t\t\t\t<a href=\"https:\/\/rallyclassics.club\/ca\/jose-luis-marco-porsche-gana-y-es-mas-lider\/\" rel=\"\"><img decoding=\"async\" src=\"https:\/\/rallyclassics.club\/wp-content\/uploads\/2016\/06\/IMG_4993-copy-700x441.jpg\" alt=\"\" \/><\/a>\n\t\t\t\t<\/li><\/ul>\n\t\t<\/div><h4><a href=\"https:\/\/rallyclassics.club\/ca\/jose-luis-marco-porsche-gana-y-es-mas-lider\/\">Jos\u00e9 Luis Marc\u00f3 (Porsche) guanya i \u00e9s m\u00e9s l\u00edder<\/a><\/h4><ul class=\"meta\"><li><em class=\"date\">6 de juny, 2016<\/em><\/li><\/ul><p><div class=\"excerpt-container\"><p>En motos ven\u00e7 Juan Carlos Mart\u00edn (Yamaha) i a ECOseries s&#8217;imposa el Mazda MX5 [&#8230;]<\/p>\n<\/div><\/p><\/article><\/div><\/section><\/div> <div class=\"title\"><h2>Patrocinadors de les BMW Classic Series<\/h2><div class=\"title-sep-container\"><div class=\"title-sep\"><\/div><\/div><\/div> <div class=\"related-posts related-projects clientslider-container\"><div id=\"carousel\" class=\"clients-carousel es-carousel-wrapper\"><div class=\"es-carousel\"><ul><li><a href=\"www.bmw.es\" target=\"_self\"><img decoding=\"async\" src=\"https:\/\/www.rallyclassics.club\/wp-content\/uploads\/2014\/02\/logos_03.png\" alt=\"\" \/><\/a><\/li><li><a href=\"http:\/\/www.makarthy.com\/\" target=\"_self\"><img decoding=\"async\" src=\"https:\/\/www.rallyclassics.club\/wp-content\/uploads\/2014\/02\/logo_makarthy.jpg\" alt=\"\" \/><\/a><\/li><li><a href=\"http:\/\/www.aunmasbarato.com\/\" target=\"_self\"><img decoding=\"async\" src=\"https:\/\/www.rallyclassics.club\/wp-content\/uploads\/2014\/02\/logo_aunmasbarato.jpg\" alt=\"\" \/><\/a><\/li><li><a href=\"http:\/\/www.penriteoil.com.au\/\" target=\"_self\"><img decoding=\"async\" src=\"https:\/\/www.rallyclassics.club\/wp-content\/uploads\/2014\/02\/logo_penrite.jpg\" alt=\"\" \/><\/a><\/li><li><a href=\"#3\" target=\"_self\"><img decoding=\"async\" src=\"https:\/\/www.rallyclassics.club\/wp-content\/uploads\/2014\/02\/logo_evans.jpg\" alt=\"\" \/><\/a><\/li><\/ul><div class=\"es-nav\"><span class=\"es-nav-prev\">Previous<\/span><span class=\"es-nav-next\">Next<\/span><\/div><\/div><\/div><\/div><img loading=\"lazy\" decoding=\"async\" src=\"https:\/\/www.rallyclassics.club\/wp-content\/uploads\/2014\/02\/Logos_770x100-1024x133.jpg\" alt=\"Logos_770x100\" width=\"669\" height=\"86\" class=\"alignnone size-large wp-image-395\" srcset=\"https:\/\/rallyclassics.club\/wp-content\/uploads\/2014\/02\/Logos_770x100-1024x133.jpg 1024w, https:\/\/rallyclassics.club\/wp-content\/uploads\/2014\/02\/Logos_770x100-300x38.jpg 300w\" sizes=\"auto, (max-width: 669px) 100vw, 669px\" \/>&nbsp;&nbsp;<div class=\"title\"><h2>Informaci\u00f3 de les BMW Classic Series<\/h2><div class=\"title-sep-container\"><div class=\"title-sep\"><\/div><\/div><\/div> Les BMW CLASSIC SERIES 2014 s\u00f3n un certamen de 5 proves de Regularitat en Circuit, que es celebren en 4 paratges catalans, i en el que hi participen motos cl\u00e0ssiques i cotxes cl\u00e0ssics. RallyClassics porta organitzant les Classic Series des de l&#8217;any 2004, inspirant-se en els 100 Tours francesos, amb un gran \u00e8xit de participaci\u00f3 des que es juntaren en la mateixa jornada els cotxes i les motos, creant un ambient m\u00e0gic i retro molt valorat pels participants i els visitants.<\/p>","protected":false},"excerpt":{"rendered":"<p>En motos ven\u00e7 Juan Carlos Mart\u00edn (Yamaha) i a ECOseries s&#8217;imposa el Mazda MX5 de Miquel Mart\u00edn Jos\u00e9 Luis Marc\u00f3 i el Porsche 911 T s&#8217;han adjudicat la tercera cita [&#8230;]<\/p>\n","protected":false},"author":2,"featured_media":0,"parent":173,"menu_order":0,"comment_status":"open","ping_status":"open","template":"","meta":{"om_disable_all_campaigns":false,"_monsterinsights_skip_tracking":false,"_monsterinsights_sitenote_active":false,"_monsterinsights_sitenote_note":"","_monsterinsights_sitenote_category":0,"footnotes":""},"class_list":["post-348","page","type-page","status-publish","hentry"],"aioseo_notices":[],"_links":{"self":[{"href":"https:\/\/rallyclassics.club\/ca\/wp-json\/wp\/v2\/pages\/348","targetHints":{"allow":["GET"]}}],"collection":[{"href":"https:\/\/rallyclassics.club\/ca\/wp-json\/wp\/v2\/pages"}],"about":[{"href":"https:\/\/rallyclassics.club\/ca\/wp-json\/wp\/v2\/types\/page"}],"author":[{"embeddable":true,"href":"https:\/\/rallyclassics.club\/ca\/wp-json\/wp\/v2\/users\/2"}],"replies":[{"embeddable":true,"href":"https:\/\/rallyclassics.club\/ca\/wp-json\/wp\/v2\/comments?post=348"}],"version-history":[{"count":5,"href":"https:\/\/rallyclassics.club\/ca\/wp-json\/wp\/v2\/pages\/348\/revisions"}],"predecessor-version":[{"id":667,"href":"https:\/\/rallyclassics.club\/ca\/wp-json\/wp\/v2\/pages\/348\/revisions\/667"}],"up":[{"embeddable":true,"href":"https:\/\/rallyclassics.club\/ca\/wp-json\/wp\/v2\/pages\/173"}],"wp:attachment":[{"href":"https:\/\/rallyclassics.club\/ca\/wp-json\/wp\/v2\/media?parent=348"}],"curies":[{"name":"wp","href":"https:\/\/api.w.org\/{rel}","templated":true}]}}