{"id":5709,"date":"2014-02-13T09:17:00","date_gmt":"2014-02-13T09:17:00","guid":{"rendered":"https:\/\/www.rallyclassics.club\/criterium-llafranc-2\/"},"modified":"2015-05-19T16:04:57","modified_gmt":"2015-05-19T14:04:57","slug":"i-criterium-costa-brava-nocturn","status":"publish","type":"page","link":"https:\/\/rallyclassics.club\/ca\/i-criterium-costa-brava-nocturn\/","title":{"rendered":"I Criterium Costa Brava Nocturn"},"content":{"rendered":"<p><div class=\"title\"><h1>I Criterium Costa Brava Nocturn &#8211; 6-7 Junny 2015<\/h1><div class=\"title-sep-container\"><div class=\"title-sep\"><\/div><\/div><\/div><img loading=\"lazy\" decoding=\"async\" src=\"\/wp-content\/uploads\/2014\/02\/1_cbnocturn_980x300b.jpg\" alt=\"\" width=\"980\" height=\"300\" class=\"aligncenter size-full wp-image-5742\" \/>&nbsp;<div class=\"title\"><h2>\u00daltimes Not\u00edcies del I Criterium Costa Brava Nocturn<\/h2><div class=\"title-sep-container\"><div class=\"title-sep\"><\/div><\/div><\/div> <div class=\"avada-container\"><section class=\"columns columns-2\" style=\"width:100%\"><div class=\"holder\"><article class=\"col\"><div class=\"flexslider floated-post-slideshow\"><ul class=\"slides\"><li>\n\t\t\t\t\t<a href=\"https:\/\/rallyclassics.club\/ca\/el-abadal-buick-de-1917-en-els-angels-historic-2018\/\" rel=\"\"><img decoding=\"async\" src=\"https:\/\/rallyclassics.club\/wp-content\/uploads\/2018\/06\/Zanini-700x441.jpg\" alt=\"L&#8217;Abadal Buick d&#8217;Antonio Zanini, a Els Angels Hist\u00f2ric\" \/><\/a>\n\t\t\t\t<\/li><\/ul>\n\t\t<\/div><h4><a href=\"https:\/\/rallyclassics.club\/ca\/el-abadal-buick-de-1917-en-els-angels-historic-2018\/\">L&#8217;Abadal Buick d&#8217;Antonio Zanini, a Els Angels Hist\u00f2ric<\/a><\/h4><ul class=\"meta\"><li><em class=\"date\">6 de juny, 2018<\/em><\/li><\/ul><p><div class=\"excerpt-container\"><p>Antonio Zanini participar\u00e0 amb el seu Abadal Buick de l&#8217;any 1917 a Els \u00c0ngels [&#8230;]<\/p>\n<\/div><\/p><\/article><article class=\"col\"><div class=\"flexslider floated-post-slideshow\"><ul class=\"slides\"><li>\n\t\t\t\t\t<a href=\"https:\/\/rallyclassics.club\/ca\/un-morris-oxford-de-1960-al-criterium-nocturn\/\" rel=\"\"><img decoding=\"async\" src=\"https:\/\/rallyclassics.club\/wp-content\/uploads\/2017\/06\/1-1.jpg\" alt=\"Un Morris Oxford de 1960, al Criterium Nocturn\" \/><\/a>\n\t\t\t\t<\/li><\/ul>\n\t\t<\/div><h4><a href=\"https:\/\/rallyclassics.club\/ca\/un-morris-oxford-de-1960-al-criterium-nocturn\/\">Un Morris Oxford de 1960, al Criterium Nocturn<\/a><\/h4><ul class=\"meta\"><li><em class=\"date\">6 de juliol, 2017<\/em><\/li><\/ul><p><div class=\"excerpt-container\"><p>Juan Carlos Puigcerver amb un Morris Oxford de 1960 es fins avui el participant [&#8230;]<\/p>\n<\/div><\/p><\/article><\/div><\/section><\/div> <div class=\"title\"><h2>Patrocinadors del I Criterium Costa Brava Nocturn<\/h2><div class=\"title-sep-container\"><div class=\"title-sep\"><\/div><\/div><\/div> <div class=\"related-posts related-projects clientslider-container\"><div id=\"carousel\" class=\"clients-carousel es-carousel-wrapper\"><div class=\"es-carousel\"><ul><li><a href=\"http:\/\/www.bmw.com\/\" target=\"_self\"><img decoding=\"async\" src=\"https:\/\/www.rallyclassics.club\/wp-content\/uploads\/2014\/02\/logos_03.png\" alt=\"\" \/><\/a><\/li><li><a href=\"http:\/\/www20.gencat.cat\/portal\/site\/sge\/\" target=\"_self\"><img decoding=\"async\" src=\"https:\/\/www.rallyclassics.club\/wp-content\/uploads\/2014\/02\/logos_02.png\" alt=\"\" \/><\/a><\/li>\n<li><a href=\"#\" target=\"_self\"><img decoding=\"async\" src=\"\/wp-content\/uploads\/2014\/02\/logo_santfeliu.jpg\" alt=\"\" \/><\/a><\/li>\n<\/ul><div class=\"es-nav\"><span class=\"es-nav-prev\">Previous<\/span><span class=\"es-nav-next\">Next<\/span><\/div><\/div><\/div><\/div> <div class=\"title\"><h2>Informaci\u00f3 del I Criterium Costa Brava Nocturn<\/h2><div class=\"title-sep-container\"><div class=\"title-sep\"><\/div><\/div><\/div> Arriba la 1a prova 100% nocturna: el Crit\u00e8rium Costa Brava Nocturn, amb base al Club N\u00e0utic Sant Feliu de Gu\u00edxols, tindr\u00e0 un recorregut de tres voltes a un itinerari de 105 km. Al Tinglado es faran les verificacions i els reagrupaments, amb pinxos, &#8220;xocolatada&#8221; i un esmorzar de graella, per als valents que hagin estat tota la nit en dansa. Sortida a les 22h i arribada-esmorzar a les 7h, &#8220;com els d&#8217;abans&#8221;.<\/p>","protected":false},"excerpt":{"rendered":"<p>Juan Carlos Puigcerver amb un Morris Oxford de 1960 es fins avui el participant amb el cotxe m\u00e9s antic de tots. \u00a0Seguit de Jaume Llopis i Miquel Molist amb un [&#8230;]<\/p>\n","protected":false},"author":2,"featured_media":0,"parent":0,"menu_order":0,"comment_status":"open","ping_status":"open","template":"","meta":{"om_disable_all_campaigns":false,"_monsterinsights_skip_tracking":false,"_monsterinsights_sitenote_active":false,"_monsterinsights_sitenote_note":"","_monsterinsights_sitenote_category":0,"footnotes":""},"class_list":["post-5709","page","type-page","status-publish","hentry"],"aioseo_notices":[],"_links":{"self":[{"href":"https:\/\/rallyclassics.club\/ca\/wp-json\/wp\/v2\/pages\/5709","targetHints":{"allow":["GET"]}}],"collection":[{"href":"https:\/\/rallyclassics.club\/ca\/wp-json\/wp\/v2\/pages"}],"about":[{"href":"https:\/\/rallyclassics.club\/ca\/wp-json\/wp\/v2\/types\/page"}],"author":[{"embeddable":true,"href":"https:\/\/rallyclassics.club\/ca\/wp-json\/wp\/v2\/users\/2"}],"replies":[{"embeddable":true,"href":"https:\/\/rallyclassics.club\/ca\/wp-json\/wp\/v2\/comments?post=5709"}],"version-history":[{"count":18,"href":"https:\/\/rallyclassics.club\/ca\/wp-json\/wp\/v2\/pages\/5709\/revisions"}],"predecessor-version":[{"id":5919,"href":"https:\/\/rallyclassics.club\/ca\/wp-json\/wp\/v2\/pages\/5709\/revisions\/5919"}],"wp:attachment":[{"href":"https:\/\/rallyclassics.club\/ca\/wp-json\/wp\/v2\/media?parent=5709"}],"curies":[{"name":"wp","href":"https:\/\/api.w.org\/{rel}","templated":true}]}}