{"id":6035,"date":"2015-05-19T09:43:08","date_gmt":"2014-02-13T09:17:00","guid":{"rendered":"https:\/\/www.rallyclassics.club\/no-limits-motor-tour-2\/"},"modified":"2015-06-16T10:50:44","modified_gmt":"2015-06-16T08:50:44","slug":"no-limits-motor-tour-2015","status":"publish","type":"page","link":"https:\/\/rallyclassics.club\/ca\/no-limits-motor-tour-2015\/","title":{"rendered":"No Limits Motor Tour 2015"},"content":{"rendered":"<p><div class=\"title\"><h1>No Limits Motor Tour 2015 \u2013 11 de Julio<\/h1><div class=\"title-sep-container\"><div class=\"title-sep\"><\/div><\/div><\/div><img loading=\"lazy\" decoding=\"async\" class=\"alignnone size-full wp-image-425\" src=\"\/wp-content\/uploads\/2015\/05\/nlmt2015_980x300b.jpg\" alt=\"banner_nlmt_bcn\" width=\"669\" height=\"240\" \/><\/p>\n<div class=\"title\"><h2>\u00daltimas Noticias del No Limits Motor Tour 2015<\/h2><div class=\"title-sep-container\"><div class=\"title-sep\"><\/div><\/div><\/div> <div class=\"avada-container\"><section class=\"columns columns-2\" style=\"width:100%\"><div class=\"holder\"><article class=\"col\"><div class=\"flexslider floated-post-slideshow\"><ul class=\"slides\"><li>\n\t\t\t\t\t<a href=\"https:\/\/rallyclassics.club\/ca\/carles-miro-brilla-en-todas-las-especialidades\/\" rel=\"\"><img decoding=\"async\" src=\"https:\/\/rallyclassics.club\/wp-content\/uploads\/2018\/12\/Carles-Mir\u00f3-700x441.jpg\" alt=\"Carles Mir\u00f3, brilla en totes les especialitats\" \/><\/a>\n\t\t\t\t<\/li><\/ul>\n\t\t<\/div><h4><a href=\"https:\/\/rallyclassics.club\/ca\/carles-miro-brilla-en-todas-las-especialidades\/\">Carles Mir\u00f3, brilla en totes les especialitats<\/a><\/h4><ul class=\"meta\"><li><em class=\"date\">11 de desembre, 2018<\/em><\/li><\/ul><p><div class=\"excerpt-container\"><p>Carles Mir\u00f3 \u00e9s el propotip de pilot apassionat pels cl\u00e0ssics, que participa en tot [&#8230;]<\/p>\n<\/div><\/p><\/article><article class=\"col\"><div class=\"flexslider floated-post-slideshow\"><ul class=\"slides\"><li>\n\t\t\t\t\t<a href=\"https:\/\/rallyclassics.club\/ca\/catala-gracies-a-tots-exit-del-no-limits-barcelona\/\" rel=\"\"><img decoding=\"async\" src=\"https:\/\/rallyclassics.club\/wp-content\/uploads\/2018\/09\/84559095-ca8c-42b9-bc8b-8795e73e07ba-700x441.jpg\" alt=\"Gr\u00e0cies a tots! \u00c8xit del No Limits Barcelona!\" \/><\/a>\n\t\t\t\t<\/li><\/ul>\n\t\t<\/div><h4><a href=\"https:\/\/rallyclassics.club\/ca\/catala-gracies-a-tots-exit-del-no-limits-barcelona\/\">Gr\u00e0cies a tots! \u00c8xit del No Limits Barcelona!<\/a><\/h4><ul class=\"meta\"><li><em class=\"date\">30 de setembre, 2018<\/em><\/li><\/ul><p><div class=\"excerpt-container\"><p>Ahir es feia de dia al Moll de la Marina i tot apuntava que [&#8230;]<\/p>\n<\/div><\/p><\/article><\/div><\/section><\/div> <div class=\"title\"><h2>Patrocinadors i Col\u00b7laboradors del No Limits Motor Tour 2015<\/h2><div class=\"title-sep-container\"><div class=\"title-sep\"><\/div><\/div><\/div>\n<div class=\"related-posts related-projects clientslider-container\"><div id=\"carousel\" class=\"clients-carousel es-carousel-wrapper\"><div class=\"es-carousel\"><ul><li><a href=\"http:\/\/www.bcn.cat\/es\/\" target=\"_self\"><img decoding=\"async\" src=\"https:\/\/www.rallyclassics.club\/wp-content\/uploads\/2014\/02\/logos_04.jpg\" alt=\"\" \/><\/a><\/li><li><a href=\"http:\/\/www.gencat.cat\/esports\/\" target=\"_self\"><img decoding=\"async\" src=\"https:\/\/www.rallyclassics.club\/wp-content\/uploads\/2014\/02\/logos_02.png\" alt=\"\" \/><\/a><\/li><li><a href=\"http:\/\/www.ecom.es\/\" target=\"_self\"><img decoding=\"async\" src=\"\/wp-content\/uploads\/2015\/05\/logo_ecom.jpg\" alt=\"\" \/><\/a><\/li><li><a href=\"https:\/\/www.bmw.es\/home\/home.html\" target=\"_self\"><img decoding=\"async\" src=\"https:\/\/www.rallyclassics.club\/wp-content\/uploads\/2014\/02\/logos_03.png\" alt=\"\" \/><\/a><\/li><li><a href=\"http:\/\/www.saunierduval.es\/\" target=\"_self\"><img decoding=\"async\" src=\"https:\/\/www.rallyclassics.club\/wp-content\/uploads\/2014\/02\/logo_saunier.jpg\" alt=\"\" \/><\/a><\/li><li><a href=\"http:\/\/www.cocacola.es\/\" target=\"_self\"><img decoding=\"async\" src=\"https:\/\/www.rallyclassics.club\/wp-content\/uploads\/2014\/02\/logos_2_04.jpg\" alt=\"\" \/><\/a><\/li><li><a href=\"http:\/\/www.ecoraces.net\/ca\" target=\"_self\"><img decoding=\"async\" src=\"https:\/\/www.rallyclassics.club\/wp-content\/uploads\/2014\/02\/logo_ecoraces.jpg\" alt=\"\" \/><\/a><\/li><li><a href=\"#\" target=\"_self\"><img decoding=\"async\" src=\"\/wp-content\/uploads\/2015\/05\/logo_voluntaris.jpg\" alt=\"\" \/><\/a><\/li><li><a href=\"#\" target=\"_self\"><img decoding=\"async\" src=\"\/wp-content\/uploads\/2015\/05\/logo_voluntaris_caixa.jpg\" alt=\"\" \/><\/a><\/li><li><a href=\"http:\/\/www.guttmann.com\/\" target=\"_self\"><img decoding=\"async\" src=\"\/wp-content\/uploads\/2015\/05\/logo_guttman.jpg\" alt=\"\" \/><\/a><\/li><\/ul><div class=\"es-nav\"><span class=\"es-nav-prev\">Previous<\/span><span class=\"es-nav-next\">Next<\/span><\/div><\/div><\/div><\/div>\n<div class=\"title\"><h2>Informaci\u00f3n del No Limits Motor Tour 2015<\/h2><div class=\"title-sep-container\"><div class=\"title-sep\"><\/div><\/div><\/div> El NO LIMITS MOTOR TOUR es una prueba de Orientaci\u00f3n y Estrategia que se celebra en Barcelona durante la primavera. Abierta a personas con discapacidad f\u00edsica que conduzcan, y a conductores de veh\u00edculos ecol\u00f3gicos, esta prueba pretende demostrar que es posible tener una preciosa ciudad sin barreras y respetuosa con el medio ambiente. La primera edici\u00f3n celebrada en mayo de 2014 cont\u00f3 con 30 equipos, y con un fant\u00e1stico ambiente festivo que gust\u00f3 mucho a los participantes y a los visitantes del Village.<\/p>","protected":false},"excerpt":{"rendered":"<p>Ahir es feia de dia al Moll de la Marina i tot apuntava que seria un gran dia. I aix\u00ed va ser; el NO LIMITS BARCELONA va ser un \u00e8xit [&#8230;]<\/p>\n","protected":false},"author":2,"featured_media":0,"parent":0,"menu_order":0,"comment_status":"open","ping_status":"open","template":"","meta":{"om_disable_all_campaigns":false,"_monsterinsights_skip_tracking":false,"_monsterinsights_sitenote_active":false,"_monsterinsights_sitenote_note":"","_monsterinsights_sitenote_category":0,"footnotes":""},"class_list":["post-6035","page","type-page","status-publish","hentry"],"aioseo_notices":[],"_links":{"self":[{"href":"https:\/\/rallyclassics.club\/ca\/wp-json\/wp\/v2\/pages\/6035","targetHints":{"allow":["GET"]}}],"collection":[{"href":"https:\/\/rallyclassics.club\/ca\/wp-json\/wp\/v2\/pages"}],"about":[{"href":"https:\/\/rallyclassics.club\/ca\/wp-json\/wp\/v2\/types\/page"}],"author":[{"embeddable":true,"href":"https:\/\/rallyclassics.club\/ca\/wp-json\/wp\/v2\/users\/2"}],"replies":[{"embeddable":true,"href":"https:\/\/rallyclassics.club\/ca\/wp-json\/wp\/v2\/comments?post=6035"}],"version-history":[{"count":10,"href":"https:\/\/rallyclassics.club\/ca\/wp-json\/wp\/v2\/pages\/6035\/revisions"}],"predecessor-version":[{"id":6280,"href":"https:\/\/rallyclassics.club\/ca\/wp-json\/wp\/v2\/pages\/6035\/revisions\/6280"}],"wp:attachment":[{"href":"https:\/\/rallyclassics.club\/ca\/wp-json\/wp\/v2\/media?parent=6035"}],"curies":[{"name":"wp","href":"https:\/\/api.w.org\/{rel}","templated":true}]}}