{"id":6194,"date":"2015-06-03T11:03:45","date_gmt":"2014-02-13T09:17:00","guid":{"rendered":"https:\/\/www.rallyclassics.club\/tour-nautico-costa-brava-2\/"},"modified":"2015-07-07T21:11:26","modified_gmt":"2015-07-07T19:11:26","slug":"tour-nautico-costa-brava-2015","status":"publish","type":"page","link":"https:\/\/rallyclassics.club\/ca\/tour-nautico-costa-brava-2015\/","title":{"rendered":"Tour N\u00e1utico Costa Brava 2015"},"content":{"rendered":"<p><div class=\"title\"><h1>Tour N\u00e1utico Costa Brava 2015<\/h1><div class=\"title-sep-container\"><div class=\"title-sep\"><\/div><\/div><\/div><img loading=\"lazy\" decoding=\"async\" class=\"aligncenter size-full wp-image-6196\" src=\"https:\/\/www.rallyclassics.club\/wp-content\/uploads\/2015\/06\/tournautic_2015_980x300.jpg\" alt=\"tournautic_2015_980x300\" width=\"980\" height=\"300\" srcset=\"https:\/\/rallyclassics.club\/wp-content\/uploads\/2015\/06\/tournautic_2015_980x300.jpg 980w, https:\/\/rallyclassics.club\/wp-content\/uploads\/2015\/06\/tournautic_2015_980x300-300x92.jpg 300w\" sizes=\"auto, (max-width: 980px) 100vw, 980px\" \/><br \/>\n<div class=\"title\"><h2>\u00daltimas Noticias del Tour N\u00e1utico Costa Brava 2015<\/h2><div class=\"title-sep-container\"><div class=\"title-sep\"><\/div><\/div><\/div><div class=\"avada-container\"><section class=\"columns columns-2\" style=\"width:100%\"><div class=\"holder\"><article class=\"col\"><div class=\"flexslider floated-post-slideshow\"><ul class=\"slides\"><li>\n\t\t\t\t\t<a href=\"https:\/\/rallyclassics.club\/ca\/proximos-eventos-muy-interesantes\/\" rel=\"\"><img decoding=\"async\" src=\"https:\/\/rallyclassics.club\/wp-content\/uploads\/2017\/07\/R0006694-700x441.jpg\" alt=\"Propers esdeveniments molt interessants\" \/><\/a>\n\t\t\t\t<\/li><\/ul>\n\t\t<\/div><h4><a href=\"https:\/\/rallyclassics.club\/ca\/proximos-eventos-muy-interesantes\/\">Propers esdeveniments molt interessants<\/a><\/h4><ul class=\"meta\"><li><em class=\"date\">31 de juliol, 2017<\/em><\/li><\/ul><p><div class=\"excerpt-container\"><p>18 Agost, Tour N\u00e0utic Costa Brava, a Sant feliu de Gu\u00edxols<\/p>\n<p>16 Setembre, Porsche Classic [&#8230;]<\/p>\n<\/div><\/p><\/article><article class=\"col\"><div class=\"flexslider floated-post-slideshow\"><ul class=\"slides\"><li>\n\t\t\t\t\t<a href=\"https:\/\/rallyclassics.club\/ca\/tour-nautic-costa-brava\/\" rel=\"\"><img decoding=\"async\" src=\"https:\/\/rallyclassics.club\/wp-content\/uploads\/2017\/07\/IMG_6395-700x441.jpg\" alt=\"Tour N\u00e0utic Costa Brava\" \/><\/a>\n\t\t\t\t<\/li><\/ul>\n\t\t<\/div><h4><a href=\"https:\/\/rallyclassics.club\/ca\/tour-nautic-costa-brava\/\">Tour N\u00e0utic Costa Brava<\/a><\/h4><ul class=\"meta\"><li><em class=\"date\">27 de juliol, 2017<\/em><\/li><\/ul><p><div class=\"excerpt-container\"><p>&nbsp;<\/p>\n<p>El proper 18 d&#8217;agost es celebrar\u00e0 el 4t Tour N\u00e0utic Costa Brava, al Club [&#8230;]<\/p>\n<\/div><\/p><\/article><\/div><\/section><\/div> <div class=\"title\"><h2>Patrocinadores del Tour N\u00e1utico Costa Brava 2015<\/h2><div class=\"title-sep-container\"><div class=\"title-sep\"><\/div><\/div><\/div>\n<div class=\"related-posts related-projects clientslider-container\"><div id=\"carousel\" class=\"clients-carousel es-carousel-wrapper\"><div class=\"es-carousel\"><ul>\n<li><a href=\"#\" target=\"_self\"><img decoding=\"async\" src=\"\/wp-content\/uploads\/2014\/02\/logos_03.png\" alt=\"\" \/><\/a><\/li>\n<li><a href=\"#\" target=\"_self\"><img decoding=\"async\" src=\"\/wp-content\/uploads\/2015\/06\/logo_cnblanes.jpg\" alt=\"\" \/><\/a><\/li>\n<li><a href=\"#\" target=\"_self\"><img decoding=\"async\" src=\"\/wp-content\/uploads\/2015\/06\/logo_cnllafranc.jpg\" alt=\"\" \/><\/a><\/li>\n<li><a href=\"#\" target=\"_self\"><img decoding=\"async\" src=\"\/wp-content\/uploads\/2015\/06\/logo_cnsantfeliu.jpg\" alt=\"\" \/><\/a><\/li>\n<li><a href=\"#\" target=\"_self\"><img decoding=\"async\" src=\"\/wp-content\/uploads\/2015\/06\/logo_marinapalamos.jpg\" alt=\"\" \/><\/a><\/li>\n<li><a href=\"#\" target=\"_self\"><img decoding=\"async\" src=\"\/wp-content\/uploads\/2015\/06\/logo_llonch.jpg\" alt=\"\" \/><\/a><\/li>\n<li><a href=\"#\" target=\"_self\"><img decoding=\"async\" src=\"\/wp-content\/uploads\/2015\/06\/logo_metropol.jpg\" alt=\"\" \/><\/a><\/li>\n<li><a href=\"#\" target=\"_self\"><img decoding=\"async\" src=\"\/wp-content\/uploads\/2015\/06\/logo_medina.jpg\" alt=\"\" \/><\/a><\/li>\n<li><a href=\"#\" target=\"_self\"><img decoding=\"async\" src=\"\/wp-content\/uploads\/2015\/06\/logo_inmasa.jpg\" alt=\"\" \/><\/a><\/li>\n<\/ul><div class=\"es-nav\"><span class=\"es-nav-prev\">Previous<\/span><span class=\"es-nav-next\">Next<\/span><\/div><\/div><\/div><\/div>\n<div class=\"title\"><h2>Informaci\u00f3n del Tour N\u00e1utico Costa Brava 2015<\/h2><div class=\"title-sep-container\"><div class=\"title-sep\"><\/div><\/div><\/div> El Tour N\u00e1utico Costa Brava 2015 est\u00e1 formado por 4 pruebas de Orientaci\u00f3n, que se celebran en 4 puertos catalanes de la Costa Brava, y en las que pueden participar todo tipo de Embarcaciones de recreo. RallyClassics pretende fomentar entre las nuevas generaciones el uso y disfrute de las embarcaciones, y a descubrir rincones de la Costa Brava, usando referencias visuales, rumbos y demoras.<\/p>","protected":false},"excerpt":{"rendered":"<p>&nbsp; El proper 18 d&#8217;agost es celebrar\u00e0 el 4t Tour N\u00e0utic Costa Brava, al Club N\u00e0utic de Sant Feliu de Gu\u00edxols. Es tracta d&#8217;un esdeveniment l\u00fadic i familiar, l&#8217;objectiu \u00e9s [&#8230;]<\/p>\n","protected":false},"author":2,"featured_media":0,"parent":0,"menu_order":0,"comment_status":"open","ping_status":"open","template":"","meta":{"om_disable_all_campaigns":false,"_monsterinsights_skip_tracking":false,"_monsterinsights_sitenote_active":false,"_monsterinsights_sitenote_note":"","_monsterinsights_sitenote_category":0,"footnotes":""},"class_list":["post-6194","page","type-page","status-publish","hentry"],"aioseo_notices":[],"_links":{"self":[{"href":"https:\/\/rallyclassics.club\/ca\/wp-json\/wp\/v2\/pages\/6194","targetHints":{"allow":["GET"]}}],"collection":[{"href":"https:\/\/rallyclassics.club\/ca\/wp-json\/wp\/v2\/pages"}],"about":[{"href":"https:\/\/rallyclassics.club\/ca\/wp-json\/wp\/v2\/types\/page"}],"author":[{"embeddable":true,"href":"https:\/\/rallyclassics.club\/ca\/wp-json\/wp\/v2\/users\/2"}],"replies":[{"embeddable":true,"href":"https:\/\/rallyclassics.club\/ca\/wp-json\/wp\/v2\/comments?post=6194"}],"version-history":[{"count":5,"href":"https:\/\/rallyclassics.club\/ca\/wp-json\/wp\/v2\/pages\/6194\/revisions"}],"predecessor-version":[{"id":6210,"href":"https:\/\/rallyclassics.club\/ca\/wp-json\/wp\/v2\/pages\/6194\/revisions\/6210"}],"wp:attachment":[{"href":"https:\/\/rallyclassics.club\/ca\/wp-json\/wp\/v2\/media?parent=6194"}],"curies":[{"name":"wp","href":"https:\/\/api.w.org\/{rel}","templated":true}]}}