{"id":720,"date":"2014-02-13T09:17:00","date_gmt":"2014-02-13T09:17:00","guid":{"rendered":"https:\/\/www.rallyclassics.club\/classic-series-2\/"},"modified":"2015-05-19T16:10:00","modified_gmt":"2015-05-19T14:10:00","slug":"tour-nautico-costa-brava","status":"publish","type":"page","link":"https:\/\/rallyclassics.club\/ca\/tour-nautico-costa-brava\/","title":{"rendered":"Tour N\u00e0utic Costa Brava"},"content":{"rendered":"<p><div class=\"title\"><h1> Tour N\u00e1utico Costa Brava<\/h1><div class=\"title-sep-container\"><div class=\"title-sep\"><\/div><\/div><\/div><img loading=\"lazy\" decoding=\"async\" src=\"https:\/\/www.rallyclassics.club\/wp-content\/uploads\/2014\/06\/nautic2014_980x380b.jpg\" alt=\"nautic2014_980x380\" width=\"980\" height=\"380\" class=\"aligncenter size-full wp-image-723\" \/><div class=\"title\"><h2>\u00daltimas Noticias del Tour N\u00e1utico Costa Brava<\/h2><div class=\"title-sep-container\"><div class=\"title-sep\"><\/div><\/div><\/div><div class=\"avada-container\"><section class=\"columns columns-2\" style=\"width:100%\"><div class=\"holder\"><article class=\"col\"><div class=\"flexslider floated-post-slideshow\"><ul class=\"slides\"><li>\n\t\t\t\t\t<a href=\"https:\/\/rallyclassics.club\/ca\/proximos-eventos-muy-interesantes\/\" rel=\"\"><img decoding=\"async\" src=\"https:\/\/rallyclassics.club\/wp-content\/uploads\/2017\/07\/R0006694-700x441.jpg\" alt=\"Propers esdeveniments molt interessants\" \/><\/a>\n\t\t\t\t<\/li><\/ul>\n\t\t<\/div><h4><a href=\"https:\/\/rallyclassics.club\/ca\/proximos-eventos-muy-interesantes\/\">Propers esdeveniments molt interessants<\/a><\/h4><ul class=\"meta\"><li><em class=\"date\">31 de juliol, 2017<\/em><\/li><\/ul><p><div class=\"excerpt-container\"><p>18 Agost, Tour N\u00e0utic Costa Brava, a Sant feliu de Gu\u00edxols<\/p>\n<p>16 Setembre, Porsche Classic [&#8230;]<\/p>\n<\/div><\/p><\/article><article class=\"col\"><div class=\"flexslider floated-post-slideshow\"><ul class=\"slides\"><li>\n\t\t\t\t\t<a href=\"https:\/\/rallyclassics.club\/ca\/tour-nautic-costa-brava\/\" rel=\"\"><img decoding=\"async\" src=\"https:\/\/rallyclassics.club\/wp-content\/uploads\/2017\/07\/IMG_6395-700x441.jpg\" alt=\"Tour N\u00e0utic Costa Brava\" \/><\/a>\n\t\t\t\t<\/li><\/ul>\n\t\t<\/div><h4><a href=\"https:\/\/rallyclassics.club\/ca\/tour-nautic-costa-brava\/\">Tour N\u00e0utic Costa Brava<\/a><\/h4><ul class=\"meta\"><li><em class=\"date\">27 de juliol, 2017<\/em><\/li><\/ul><p><div class=\"excerpt-container\"><p>&nbsp;<\/p>\n<p>El proper 18 d&#8217;agost es celebrar\u00e0 el 4t Tour N\u00e0utic Costa Brava, al Club [&#8230;]<\/p>\n<\/div><\/p><\/article><\/div><\/section><\/div> <div class=\"title\"><h2>Patrocinadores del Tour N\u00e1utico Costa Brava<\/h2><div class=\"title-sep-container\"><div class=\"title-sep\"><\/div><\/div><\/div> <div class=\"related-posts related-projects clientslider-container\"><div id=\"carousel\" class=\"clients-carousel es-carousel-wrapper\"><div class=\"es-carousel\"><ul><li><a href=\"http:\/\/www.clubnautictamariu.cat\/\" target=\"_self\"><img decoding=\"async\" src=\"https:\/\/www.rallyclassics.club\/wp-content\/uploads\/2014\/02\/logo_cntamariu.jpg\" alt=\"\" \/><\/a><\/li><li><a href=\"http:\/\/www.nauticllafranc.net\/\" target=\"_self\"><img decoding=\"async\" src=\"https:\/\/www.rallyclassics.club\/wp-content\/uploads\/2014\/02\/logo_cnllafranc.jpg\" alt=\"\" \/><\/a><\/li><li><a href=\"http:\/\/www.lamarinapalamos.es\/\" target=\"_self\"><img decoding=\"async\" src=\"https:\/\/www.rallyclassics.club\/wp-content\/uploads\/2014\/02\/logo_palamos.jpg\" alt=\"\" \/><\/a><\/li><\/ul><div class=\"es-nav\"><span class=\"es-nav-prev\">Previous<\/span><span class=\"es-nav-next\">Next<\/span><\/div><\/div><\/div><\/div>&nbsp;<div class=\"title\"><h2>Informaci\u00f3n del Tour N\u00e1utico Costa Brava<\/h2><div class=\"title-sep-container\"><div class=\"title-sep\"><\/div><\/div><\/div> El Tour N\u00e1utico Costa Brava est\u00e1 formado por 3 pruebas de Orientaci\u00f3n, que se celebran en 3 puertos catalanes de la Costa Brava, y en las que pueden participar todo tipo de Embarcaciones de recreo. RallyClassics pretende fomentar entre las nuevas generaciones el uso y disfrute de las embarcaciones, y a descubrir rincones de la Costa Brava, usando referencias visuales, rumbos y demoras.<br \/>\n<\/p>","protected":false},"excerpt":{"rendered":"<p>&nbsp; El proper 18 d&#8217;agost es celebrar\u00e0 el 4t Tour N\u00e0utic Costa Brava, al Club N\u00e0utic de Sant Feliu de Gu\u00edxols. Es tracta d&#8217;un esdeveniment l\u00fadic i familiar, l&#8217;objectiu \u00e9s [&#8230;]<\/p>\n","protected":false},"author":2,"featured_media":0,"parent":0,"menu_order":0,"comment_status":"open","ping_status":"open","template":"","meta":{"om_disable_all_campaigns":false,"_monsterinsights_skip_tracking":false,"_monsterinsights_sitenote_active":false,"_monsterinsights_sitenote_note":"","_monsterinsights_sitenote_category":0,"footnotes":""},"class_list":["post-720","page","type-page","status-publish","hentry"],"aioseo_notices":[],"_links":{"self":[{"href":"https:\/\/rallyclassics.club\/ca\/wp-json\/wp\/v2\/pages\/720","targetHints":{"allow":["GET"]}}],"collection":[{"href":"https:\/\/rallyclassics.club\/ca\/wp-json\/wp\/v2\/pages"}],"about":[{"href":"https:\/\/rallyclassics.club\/ca\/wp-json\/wp\/v2\/types\/page"}],"author":[{"embeddable":true,"href":"https:\/\/rallyclassics.club\/ca\/wp-json\/wp\/v2\/users\/2"}],"replies":[{"embeddable":true,"href":"https:\/\/rallyclassics.club\/ca\/wp-json\/wp\/v2\/comments?post=720"}],"version-history":[{"count":20,"href":"https:\/\/rallyclassics.club\/ca\/wp-json\/wp\/v2\/pages\/720\/revisions"}],"predecessor-version":[{"id":2117,"href":"https:\/\/rallyclassics.club\/ca\/wp-json\/wp\/v2\/pages\/720\/revisions\/2117"}],"wp:attachment":[{"href":"https:\/\/rallyclassics.club\/ca\/wp-json\/wp\/v2\/media?parent=720"}],"curies":[{"name":"wp","href":"https:\/\/api.w.org\/{rel}","templated":true}]}}