{"id":914,"date":"2014-02-13T09:17:00","date_gmt":"2014-02-13T09:17:00","guid":{"rendered":"https:\/\/www.rallyclassics.club\/rally-costa-brava-nautico-3\/"},"modified":"2014-06-18T15:13:21","modified_gmt":"2014-06-18T13:13:21","slug":"tour-nautico-costa-brava-tamariu","status":"publish","type":"page","link":"https:\/\/rallyclassics.club\/ca\/tour-nautico-costa-brava\/tour-nautico-costa-brava-tamariu\/","title":{"rendered":"Tour N\u00e0utic Costa Brava &#8211; Tamariu"},"content":{"rendered":"<p><img loading=\"lazy\" decoding=\"async\" src=\"https:\/\/www.rallyclassics.club\/wp-content\/uploads\/2014\/02\/nautic2014_980x380.jpg\" alt=\"nautic2014_980x380\" width=\"980\" height=\"380\" class=\"aligncenter size-full wp-image-723\" \/><img loading=\"lazy\" decoding=\"async\" src=\"https:\/\/www.rallyclassics.club\/wp-content\/uploads\/2014\/02\/nautic2014_980x380.jpg\" alt=\"nautic2014_980x380\" width=\"980\" height=\"380\" class=\"aligncenter size-full wp-image-723\" \/><div class=\"title\"><h1> BMW Classic Series<\/h1><div class=\"title-sep-container\"><div class=\"title-sep\"><\/div><\/div><\/div><a href=\"https:\/\/www.rallyclassics.club\/wp-content\/uploads\/2014\/02\/ClassicSeries2014.jpg\"><img loading=\"lazy\" decoding=\"async\" class=\"alignnone size-full wp-image-301\" src=\"https:\/\/www.rallyclassics.club\/wp-content\/uploads\/2014\/02\/ClassicSeries2014.jpg\" alt=\"ClassicSeries2014\" width=\"1687\" height=\"1181\" srcset=\"https:\/\/rallyclassics.club\/wp-content\/uploads\/2014\/02\/ClassicSeries2014.jpg 1687w, https:\/\/rallyclassics.club\/wp-content\/uploads\/2014\/02\/ClassicSeries2014-300x210.jpg 300w, https:\/\/rallyclassics.club\/wp-content\/uploads\/2014\/02\/ClassicSeries2014-1024x716.jpg 1024w\" sizes=\"auto, (max-width: 1687px) 100vw, 1687px\" \/><\/a><div class=\"title\"><h2>\u00daltimes Not\u00edcies de les BMW Classic Series<\/h2><div class=\"title-sep-container\"><div class=\"title-sep\"><\/div><\/div><\/div> <div class=\"avada-container\"><section class=\"columns columns-2\" style=\"width:100%\"><div class=\"holder\"><article class=\"col\"><div class=\"flexslider floated-post-slideshow\"><ul class=\"slides\"><li>\n\t\t\t\t\t<a href=\"https:\/\/rallyclassics.club\/ca\/calendario-classic-series-2026-y-motoclassic-series-2026\/\" rel=\"\"><img decoding=\"async\" src=\"https:\/\/rallyclassics.club\/wp-content\/uploads\/2026\/02\/CS2026_v3_-700x441.jpg\" alt=\"Calendari de les Classic Series 2026 i MotoClassic Series 2026\" \/><\/a>\n\t\t\t\t<\/li><\/ul>\n\t\t<\/div><h4><a href=\"https:\/\/rallyclassics.club\/ca\/calendario-classic-series-2026-y-motoclassic-series-2026\/\">Calendari de les Classic Series 2026 i MotoClassic Series 2026<\/a><\/h4><ul class=\"meta\"><li><em class=\"date\">16 de febrer, 2026<\/em><\/li><\/ul><p><div class=\"excerpt-container\"><p>Us presentem la 20a temporada de les Classic Series!<\/p>\n<p>2026 \u00e9s un any d&#8217;aniversari amb [&#8230;]<\/p>\n<\/div><\/p><\/article><article class=\"col\"><div class=\"flexslider floated-post-slideshow\"><ul class=\"slides\"><li>\n\t\t\t\t\t<a href=\"https:\/\/rallyclassics.club\/ca\/presentamos-calendario-2026-rallyclassics\/\" rel=\"\"><img decoding=\"async\" src=\"https:\/\/rallyclassics.club\/wp-content\/uploads\/2025\/12\/RallyClassics_Calendario_2026_ESP_-700x441.jpg\" alt=\"Presentem el calendari 2026 de RallyClassics!\" \/><\/a>\n\t\t\t\t<\/li><\/ul>\n\t\t<\/div><h4><a href=\"https:\/\/rallyclassics.club\/ca\/presentamos-calendario-2026-rallyclassics\/\">Presentem el calendari 2026 de RallyClassics!<\/a><\/h4><ul class=\"meta\"><li><em class=\"date\">27 de desembre, 2025<\/em><\/li><\/ul><p><div class=\"excerpt-container\"><p>A RallyClassics ja hem engegat els preparatius per a la temporada 2026, amb la [&#8230;]<\/p>\n<\/div><\/p><\/article><\/div><\/section><\/div> <div class=\"title\"><h2>Patrocinadors de les BMW Classic Series<\/h2><div class=\"title-sep-container\"><div class=\"title-sep\"><\/div><\/div><\/div> <div class=\"related-posts related-projects clientslider-container\"><div id=\"carousel\" class=\"clients-carousel es-carousel-wrapper\"><div class=\"es-carousel\"><ul><li><a href=\"www.bmw.es\" target=\"_self\"><img decoding=\"async\" src=\"https:\/\/www.rallyclassics.club\/wp-content\/uploads\/2014\/02\/logos_03.png\" alt=\"\" \/><\/a><\/li><li><a href=\"http:\/\/www.makarthy.com\/\" target=\"_self\"><img decoding=\"async\" src=\"https:\/\/www.rallyclassics.club\/wp-content\/uploads\/2014\/02\/logo_makarthy.jpg\" alt=\"\" \/><\/a><\/li><li><a href=\"http:\/\/www.aunmasbarato.com\/\" target=\"_self\"><img decoding=\"async\" src=\"https:\/\/www.rallyclassics.club\/wp-content\/uploads\/2014\/02\/logo_aunmasbarato.jpg\" alt=\"\" \/><\/a><\/li><li><a href=\"http:\/\/www.penriteoil.com.au\/\" target=\"_self\"><img decoding=\"async\" src=\"https:\/\/www.rallyclassics.club\/wp-content\/uploads\/2014\/02\/logo_penrite.jpg\" alt=\"\" \/><\/a><\/li><li><a href=\"#3\" target=\"_self\"><img decoding=\"async\" src=\"https:\/\/www.rallyclassics.club\/wp-content\/uploads\/2014\/02\/logo_evans.jpg\" alt=\"\" \/><\/a><\/li><\/ul><div class=\"es-nav\"><span class=\"es-nav-prev\">Previous<\/span><span class=\"es-nav-next\">Next<\/span><\/div><\/div><\/div><\/div><img loading=\"lazy\" decoding=\"async\" src=\"https:\/\/www.rallyclassics.club\/wp-content\/uploads\/2014\/02\/Logos_770x100-1024x133.jpg\" alt=\"Logos_770x100\" width=\"669\" height=\"86\" class=\"alignnone size-large wp-image-395\" srcset=\"https:\/\/rallyclassics.club\/wp-content\/uploads\/2014\/02\/Logos_770x100-1024x133.jpg 1024w, https:\/\/rallyclassics.club\/wp-content\/uploads\/2014\/02\/Logos_770x100-300x38.jpg 300w\" sizes=\"auto, (max-width: 669px) 100vw, 669px\" \/>&nbsp;&nbsp;<div class=\"title\"><h2>Informaci\u00f3 de les Classic Series<\/h2><div class=\"title-sep-container\"><div class=\"title-sep\"><\/div><\/div><\/div> Les BMW CLASSIC SERIES 2014 son un certamen de 5 proves de Regularitat en Circuit, que es celebren a 4 paratges catalans, en el que hi participen motos cl\u00e0ssiques i cotxes cl\u00e0ssics. RallyClassics ha estat organitzant les Classic Series des de l&#8217;any 2004, inspirant-se en els 100 Tours francesos, amb un gran \u00e8xit de participaci\u00f3 des de que es van juntar a la mateixa jornada els cotxes i les motos, creant un ambient m\u00e0gic i retro molt valorat pels participants i els visitants.<\/p>","protected":false},"excerpt":{"rendered":"<p>A RallyClassics ja hem engegat els preparatius per a la temporada 2026, amb la mateixa il\u00b7lusi\u00f3 de sempre i amb l\u2019objectiu de seguir oferint experi\u00e8ncies \u00faniques a bord de vehicles [&#8230;]<\/p>\n","protected":false},"author":2,"featured_media":0,"parent":720,"menu_order":0,"comment_status":"open","ping_status":"open","template":"","meta":{"om_disable_all_campaigns":false,"_monsterinsights_skip_tracking":false,"_monsterinsights_sitenote_active":false,"_monsterinsights_sitenote_note":"","_monsterinsights_sitenote_category":0,"footnotes":""},"class_list":["post-914","page","type-page","status-publish","hentry"],"aioseo_notices":[],"_links":{"self":[{"href":"https:\/\/rallyclassics.club\/ca\/wp-json\/wp\/v2\/pages\/914","targetHints":{"allow":["GET"]}}],"collection":[{"href":"https:\/\/rallyclassics.club\/ca\/wp-json\/wp\/v2\/pages"}],"about":[{"href":"https:\/\/rallyclassics.club\/ca\/wp-json\/wp\/v2\/types\/page"}],"author":[{"embeddable":true,"href":"https:\/\/rallyclassics.club\/ca\/wp-json\/wp\/v2\/users\/2"}],"replies":[{"embeddable":true,"href":"https:\/\/rallyclassics.club\/ca\/wp-json\/wp\/v2\/comments?post=914"}],"version-history":[{"count":3,"href":"https:\/\/rallyclassics.club\/ca\/wp-json\/wp\/v2\/pages\/914\/revisions"}],"predecessor-version":[{"id":953,"href":"https:\/\/rallyclassics.club\/ca\/wp-json\/wp\/v2\/pages\/914\/revisions\/953"}],"up":[{"embeddable":true,"href":"https:\/\/rallyclassics.club\/ca\/wp-json\/wp\/v2\/pages\/720"}],"wp:attachment":[{"href":"https:\/\/rallyclassics.club\/ca\/wp-json\/wp\/v2\/media?parent=914"}],"curies":[{"name":"wp","href":"https:\/\/api.w.org\/{rel}","templated":true}]}}