{"id":9253,"date":"2016-06-22T09:33:41","date_gmt":"2016-06-22T07:33:41","guid":{"rendered":"https:\/\/www.rallyclassics.club\/?page_id=9253"},"modified":"2021-12-20T14:47:13","modified_gmt":"2021-12-20T13:47:13","slug":"historia","status":"publish","type":"page","link":"https:\/\/rallyclassics.club\/ca\/historia\/","title":{"rendered":"Hist\u00f2ria"},"content":{"rendered":"<p><strong><\/p>\n<h2 style=\"text-align: center;\">RallyClassics: 20 anys organitzant amb passi\u00f3 esdeveniments de cl\u00e0ssics.<\/h2>\n<p><\/strong><\/p>\n<p><img loading=\"lazy\" decoding=\"async\" class=\"aligncenter wp-image-28157\" src=\"https:\/\/www.rallyclassics.club\/wp-content\/uploads\/quienes_somos_rallyclassics_2022.jpg\" alt=\"equipo_rallyclassics_\" width=\"750\" height=\"435\" \/><\/p>\n<h1 style=\"text-align: center;\">Hist\u00f2ria<\/h1>\n<p><span style=\"font-weight: 400;\">Al 2002, el mateix any en que va ser Campi\u00f3 del M\u00f3n de Rallyes Junior, Alex Romani va fundar el <strong>Club RallyClassics<\/strong> amb l&#8217;objectiu de<strong><em> traslladar les emocions de la competici\u00f3 al m\u00f3n amateur i del cotxe cl\u00e0ssic.<\/em><\/strong><\/span><\/p>\n<p><span style=\"font-weight: 400;\">20 anys despr\u00e9s, a RallyClassics ens enorgulleix ser <strong>un dels referents mundials dels esdeveniments de motor cl\u00e0ssic<\/strong>. El <strong><span style=\"text-decoration: underline;\"><a href=\"https:\/\/www.rallyclassics.club\/ca\/69-rally-costa-brava\/\">Rally Costa Brava<\/a><\/span><\/strong> (el rally m\u00e9s antic d&#8217;Espanya i puntuable per als Campionats d&#8217;Europa, d&#8217;Espanya i de Catalunya de Rallyes Hist\u00f2rics) \u00e9s el gran exemple de la nostra manera d&#8217;entendre el motor, per\u00f2 en tenim molts m\u00e9s: <strong>Porsche Classic Series, Rally Costa Brava Hist\u00f2ric, Navarra Classic Festival o Rallye d&#8217;Hivern<\/strong>, entre altres.<\/span><\/p>\n<p><span style=\"font-weight: 400;\">Marques com Porsche, TAG Heuer, Moritz, BMW, La Caixa, SEAT o Coca-Cola i institucions com Generalitat de Catalunya, Ajuntament de Barcelona, Ajuntament de Girona, Ajuntament de Palam\u00f3s o Diputaci\u00f3 de Girona han confiat al llarg d&#8217;aquests anys en el nostre equip hum\u00e0 i en els nostres esdeveniments.<\/span><\/p>\n<h1 style=\"text-align: center;\">Filosofia<\/h1>\n<p>La nostra manera de fer les coses neix de la voluntat de satisfer les expectatives dels nostres participants, partners i espectadors, compartint la passi\u00f3 que va marcar una \u00e8poca dins del motor al passat. El comprom\u00eds per aportar experi\u00e8ncies \u00faniques marca el nostre cam\u00ed.<br \/>\n&nbsp;<\/p>\n<p style=\"text-align: center;\"><a class=\"button-2 button large default\" title=\"\" href=\"\/ca\/equipo\/\" target=\"\">CONEIX AL NSOTRE EQUIP<\/a>\n<p><\/p>","protected":false},"excerpt":{"rendered":"<p>RallyClassics: 20 anys organitzant amb passi\u00f3 esdeveniments de cl\u00e0ssics. Hist\u00f2ria Al 2002, el mateix any en que va ser Campi\u00f3 del M\u00f3n de Rallyes Junior, Alex Romani va fundar el [&#8230;]<\/p>\n","protected":false},"author":2,"featured_media":0,"parent":0,"menu_order":0,"comment_status":"closed","ping_status":"closed","template":"full-width.php","meta":{"om_disable_all_campaigns":false,"_monsterinsights_skip_tracking":false,"_monsterinsights_sitenote_active":false,"_monsterinsights_sitenote_note":"","_monsterinsights_sitenote_category":0,"footnotes":""},"class_list":["post-9253","page","type-page","status-publish","hentry"],"aioseo_notices":[],"_links":{"self":[{"href":"https:\/\/rallyclassics.club\/ca\/wp-json\/wp\/v2\/pages\/9253","targetHints":{"allow":["GET"]}}],"collection":[{"href":"https:\/\/rallyclassics.club\/ca\/wp-json\/wp\/v2\/pages"}],"about":[{"href":"https:\/\/rallyclassics.club\/ca\/wp-json\/wp\/v2\/types\/page"}],"author":[{"embeddable":true,"href":"https:\/\/rallyclassics.club\/ca\/wp-json\/wp\/v2\/users\/2"}],"replies":[{"embeddable":true,"href":"https:\/\/rallyclassics.club\/ca\/wp-json\/wp\/v2\/comments?post=9253"}],"version-history":[{"count":39,"href":"https:\/\/rallyclassics.club\/ca\/wp-json\/wp\/v2\/pages\/9253\/revisions"}],"predecessor-version":[{"id":30282,"href":"https:\/\/rallyclassics.club\/ca\/wp-json\/wp\/v2\/pages\/9253\/revisions\/30282"}],"wp:attachment":[{"href":"https:\/\/rallyclassics.club\/ca\/wp-json\/wp\/v2\/media?parent=9253"}],"curies":[{"name":"wp","href":"https:\/\/api.w.org\/{rel}","templated":true}]}}