{"id":9302,"date":"2016-06-28T20:40:33","date_gmt":"2016-06-28T18:40:33","guid":{"rendered":"https:\/\/www.rallyclassics.club\/?page_id=9302"},"modified":"2021-06-22T17:17:20","modified_gmt":"2021-06-22T16:17:20","slug":"equipo","status":"publish","type":"page","link":"https:\/\/rallyclassics.club\/ca\/equipo\/","title":{"rendered":"Equip"},"content":{"rendered":"<p><\/p>\n<h1 style=\"text-align: center;\">Equip<\/h1>\n<p><span style=\"font-weight: 400;\">Les persones que formen part de l&#8217;equip s\u00f3n el nostre major actiu, el motor que treballa incansablement per oferir experi\u00e8ncies \u00faniques als nostres participants, patrocinadors i p\u00fablic a les nostres proves: sempre a la teva disposici\u00f3.<\/span><br \/>\n<div class=\"one_fourth\"><div class=\"person\"><img decoding=\"async\" class=\"person-img\" src=\"https:\/\/www.rallyclassics.club\/wp-content\/uploads\/alex_romani_rallyclassics.jpg\" alt=\"Alex Roman\u00ed\" \/><div class=\"person-desc\"><div class=\"person-author person-author-dark clearfix\"><div class=\"person-author-wrapper\"><span class=\"person-name\">Alex Roman\u00ed<\/span><span class=\"person-title\">President | \u201cAmb el millor equip, t\u2019asseguro experi\u00e8ncies irrepetibles\u201d<\/span><\/div><div class=\"clear\"><\/div><\/div><div class=\"person-content\"><\/div><\/div><\/div><\/div>\n<div class=\"one_fourth\"><div class=\"person\"><img decoding=\"async\" class=\"person-img\" src=\"https:\/\/www.rallyclassics.club\/wp-content\/uploads\/christian_gutierrez_rallyclassics.jpg\" alt=\"Christian Guti\u00e9rrez\" \/><div class=\"person-desc\"><div class=\"person-author person-author-dark clearfix\"><div class=\"person-author-wrapper\"><span class=\"person-name\">Christian Guti\u00e9rrez<\/span><span class=\"person-title\">Producci\u00f3 i Log\u00edstica | \u201cIncansable fins al final de cada prova\u201d<\/span><\/div><div class=\"clear\"><\/div><\/div><div class=\"person-content\"><\/div><\/div><\/div><\/div>\n<div class=\"one_fourth\"><div class=\"person\"><img decoding=\"async\" class=\"person-img\" src=\"https:\/\/www.rallyclassics.club\/wp-content\/uploads\/tere_armadans_rallyclassics.jpg\" alt=\"Tere Armadans\" \/><div class=\"person-desc\"><div class=\"person-author person-author-dark clearfix\"><div class=\"person-author-wrapper\"><span class=\"person-name\">Tere Armadans<\/span><span class=\"person-title\">Administraci\u00f3 | \u201cAl volant de les incripcions, gas!\u201d<\/span><\/div><div class=\"clear\"><\/div><\/div><div class=\"person-content\"><\/div><\/div><\/div><\/div>\n<div class=\"one_fourth last\"><div class=\"person\"><img decoding=\"async\" class=\"person-img\" src=\"https:\/\/www.rallyclassics.club\/wp-content\/uploads\/ramon_garcia_rallyclassics.jpg\" alt=\"Ramon Garc\u00eda\" \/><div class=\"person-desc\"><div class=\"person-author person-author-dark clearfix\"><div class=\"person-author-wrapper\"><span class=\"person-name\">Ramon Garc\u00eda<\/span><span class=\"person-title\">Tecnologies | \u201cSempre pensant en els seg\u00fcents aven\u00e7os a implementar\u201d<\/span><\/div><div class=\"clear\"><\/div><\/div><div class=\"person-content\"><\/div><\/div><\/div><\/div><div class=\"clearboth\"><\/div>\n<div class=\"one_fourth\"><div class=\"person\"><img decoding=\"async\" class=\"person-img\" src=\"https:\/\/www.rallyclassics.club\/wp-content\/uploads\/alex_romani_rivera_rallyclassics.jpg\" alt=\"Alex Roman\u00ed Jr.\" \/><div class=\"person-desc\"><div class=\"person-author person-author-dark clearfix\"><div class=\"person-author-wrapper\"><span class=\"person-name\">Alex Roman\u00ed Jr.<\/span><span class=\"person-title\">Speaker | \u201cEl bon ambient ni es crea ni es destrueix, es transforma\u201d<\/span><\/div><div class=\"clear\"><\/div><\/div><div class=\"person-content\"><\/div><\/div><\/div><\/div>\n<div class=\"one_fourth\"><div class=\"person\"><img decoding=\"async\" class=\"person-img\" src=\"https:\/\/www.rallyclassics.club\/wp-content\/uploads\/isabel_romani_rallyclassics.jpg\" alt=\"Isabel Roman\u00ed\" \/><div class=\"person-desc\"><div class=\"person-author person-author-dark clearfix\"><div class=\"person-author-wrapper\"><span class=\"person-name\">Isabel Roman\u00ed<\/span><span class=\"person-title\">Aprenent en pr\u00e0ctiques | \u201cEscoltem als participants per a oferir-los les millors experi\u00e8ncies\u201d<\/span><\/div><div class=\"clear\"><\/div><\/div><div class=\"person-content\"><\/div><\/div><\/div><\/div>\n<div class=\"one_fourth\"><div class=\"person\"><img decoding=\"async\" class=\"person-img\" src=\"https:\/\/www.rallyclassics.club\/wp-content\/uploads\/sergi_blasco_rallyclassics.jpg\" alt=\"Sergi Blasco\" \/><div class=\"person-desc\"><div class=\"person-author person-author-dark clearfix\"><div class=\"person-author-wrapper\"><span class=\"person-name\">Sergi Blasco<\/span><span class=\"person-title\">Comunicaci\u00f3 | \u201cFem de cada prova un dia memorable\u201d<\/span><\/div><div class=\"clear\"><\/div><\/div><div class=\"person-content\"><\/div><\/div><\/div><\/div>\n<div class=\"one_fourth last\"><div class=\"person\"><img decoding=\"async\" class=\"person-img\" src=\"https:\/\/www.rallyclassics.club\/wp-content\/uploads\/maribel_x_rallyclassics.jpg\" alt=\"Maribel Alcaraz\" \/><div class=\"person-desc\"><div class=\"person-author person-author-dark clearfix\"><div class=\"person-author-wrapper\"><span class=\"person-name\">Maribel Alcaraz<\/span><span class=\"person-title\">Administraci\u00f3 | \u201cSuperem nous reptes cada dia\u201d<\/span><\/div><div class=\"clear\"><\/div><\/div><div class=\"person-content\"><\/div><\/div><\/div><\/div><div class=\"clearboth\"><\/div>\n<div class=\"one_fourth\"><div class=\"person\"><img decoding=\"async\" class=\"person-img\" src=\"https:\/\/www.rallyclassics.club\/wp-content\/uploads\/jordi_parro_rallyclassics.jpg\" alt=\"Jordi Parro\" \/><div class=\"person-desc\"><div class=\"person-author person-author-dark clearfix\"><div class=\"person-author-wrapper\"><span class=\"person-name\">Jordi Parro<\/span><span class=\"person-title\">T\u00e8cnic esportiu i roadbooks | \u201cCada vinyeta pot amagar una sorpresa...\u201d<\/span><\/div><div class=\"clear\"><\/div><\/div><div class=\"person-content\"><\/div><\/div><\/div><\/div>\n<div class=\"one_fourth\"><div class=\"person\"><img decoding=\"async\" class=\"person-img\" src=\"https:\/\/www.rallyclassics.club\/wp-content\/uploads\/anna_ferrer_rallyclassics.jpg\" alt=\"Anna Ferrer\" \/><div class=\"person-desc\"><div class=\"person-author person-author-dark clearfix\"><div class=\"person-author-wrapper\"><span class=\"person-name\">Anna Ferrer<\/span><span class=\"person-title\">Comiss\u00e0ria i secret\u00e0ria | \u201cGaudim al m\u00e0xim de l'esport que ens apassiona\u201d<\/span><\/div><div class=\"clear\"><\/div><\/div><div class=\"person-content\"><\/div><\/div><\/div><\/div>\n<div class=\"one_fourth\"><div class=\"person\"><img decoding=\"async\" class=\"person-img\" src=\"https:\/\/www.rallyclassics.club\/wp-content\/uploads\/manel_cabot_rallyclassics.jpg\" alt=\"Manel Cabot\" \/><div class=\"person-desc\"><div class=\"person-author person-author-dark clearfix\"><div class=\"person-author-wrapper\"><span class=\"person-name\">Manel Cabot<\/span><span class=\"person-title\">Filmmaker | \u201cCreem v\u00eddeos que deixin empremta\u201d<\/span><\/div><div class=\"clear\"><\/div><\/div><div class=\"person-content\"><\/div><\/div><\/div><\/div>\n<div class=\"one_fourth last\"><div class=\"person\"><img decoding=\"async\" class=\"person-img\" src=\"https:\/\/www.rallyclassics.club\/wp-content\/uploads\/xina_rivera_rallyclassics.jpg\" alt=\"Xina Rivera\" \/><div class=\"person-desc\"><div class=\"person-author person-author-dark clearfix\"><div class=\"person-author-wrapper\"><span class=\"person-name\">Xina Rivera<\/span><span class=\"person-title\">Hospitality | \u201cSolucionem-ho amb un somriure\u201d<\/span><\/div><div class=\"clear\"><\/div><\/div><div class=\"person-content\"><\/div><\/div><\/div><\/div><div class=\"clearboth\"><\/div><\/p>","protected":false},"excerpt":{"rendered":"<p>Equip Les persones que formen part de l&#8217;equip s\u00f3n el nostre major actiu, el motor que treballa incansablement per oferir experi\u00e8ncies \u00faniques als nostres participants, patrocinadors i p\u00fablic a les [&#8230;]<\/p>\n","protected":false},"author":2,"featured_media":0,"parent":0,"menu_order":0,"comment_status":"closed","ping_status":"closed","template":"full-width.php","meta":{"om_disable_all_campaigns":false,"_monsterinsights_skip_tracking":false,"_monsterinsights_sitenote_active":false,"_monsterinsights_sitenote_note":"","_monsterinsights_sitenote_category":0,"footnotes":""},"class_list":["post-9302","page","type-page","status-publish","hentry"],"aioseo_notices":[],"_links":{"self":[{"href":"https:\/\/rallyclassics.club\/ca\/wp-json\/wp\/v2\/pages\/9302","targetHints":{"allow":["GET"]}}],"collection":[{"href":"https:\/\/rallyclassics.club\/ca\/wp-json\/wp\/v2\/pages"}],"about":[{"href":"https:\/\/rallyclassics.club\/ca\/wp-json\/wp\/v2\/types\/page"}],"author":[{"embeddable":true,"href":"https:\/\/rallyclassics.club\/ca\/wp-json\/wp\/v2\/users\/2"}],"replies":[{"embeddable":true,"href":"https:\/\/rallyclassics.club\/ca\/wp-json\/wp\/v2\/comments?post=9302"}],"version-history":[{"count":19,"href":"https:\/\/rallyclassics.club\/ca\/wp-json\/wp\/v2\/pages\/9302\/revisions"}],"predecessor-version":[{"id":28216,"href":"https:\/\/rallyclassics.club\/ca\/wp-json\/wp\/v2\/pages\/9302\/revisions\/28216"}],"wp:attachment":[{"href":"https:\/\/rallyclassics.club\/ca\/wp-json\/wp\/v2\/media?parent=9302"}],"curies":[{"name":"wp","href":"https:\/\/api.w.org\/{rel}","templated":true}]}}