{"id":10158,"date":"2016-11-16T20:53:59","date_gmt":"2016-11-16T18:53:59","guid":{"rendered":"https:\/\/www.rallyclassics.club\/64-rally-costa-brava-copy\/"},"modified":"2017-04-07T15:19:56","modified_gmt":"2017-04-07T14:19:56","slug":"65-rally-costa-brava","status":"publish","type":"page","link":"https:\/\/rallyclassics.club\/de\/65-rally-costa-brava\/","title":{"rendered":"65 Rally Moritz Costa Brava"},"content":{"rendered":"<p><div class=\"title\"><h1>65 Rally Moritz Costa Brava &#8211; 24-25\/3<\/h1><div class=\"title-sep-container\"><div class=\"title-sep\"><\/div><\/div><\/div><img loading=\"lazy\" decoding=\"async\" class=\"alignnone size-full wp-image-308\" src=\"\/wp-content\/uploads\/2016\/11\/65rcb_980x300.jpg\" alt=\"62rcb980x380\" width=\"980\" height=\"380\" \/><\/p>\n<div class=\"title\"><h2>Resultados en Vivo<\/h2><div class=\"title-sep-container\"><div class=\"title-sep\"><\/div><\/div><\/div>\n<img loading=\"lazy\" decoding=\"async\" class=\"alignnone size-full wp-image-308\" src=\"\/wp-content\/uploads\/2016\/11\/resultados.jpg\" alt=\"62rcb980x380\" width=\"980\" height=\"380\" \/><br \/>\n&nbsp;<br \/>\n<div class=\"one_half\">\n<div class=\"title\"><h2>REGULARIDAD<\/h2><div class=\"title-sep-container\"><div class=\"title-sep\"><\/div><\/div><\/div>\n<p style=\"text-align: center;\"><a class=\"button-23 button large default\" title=\"\" href=\"https:\/\/www.blunik.com\/spa\/p\/news\/new\/actualidad\/65-rmcb-rally-moritz-costa-brava-2017-times.htm\" target=\"_self\">PROVISIONAL CLASSIFICATION<\/a>\n<p style=\"text-align: center;\"><a class=\"button-24 button large default\" title=\"\" href=\"https:\/\/www.blunik.com\/spa\/p\/news\/new\/actualidad\/65-rmcb-2017-espanya-regularitat-sport.htm\" target=\"_self\">C. Espa\u00f1a Regularidad Sport<\/a>\n<p style=\"text-align: center;\"><a class=\"button-25 button large default\" title=\"\" href=\"https:\/\/www.blunik.com\/spa\/p\/news\/new\/actualidad\/65-rmcb-2017-espanya-regularitat.htm\" target=\"_self\">C. Espa\u00f1a Regularidad<\/a>\n<p style=\"text-align: center;\"><a class=\"button-26 button large default\" title=\"\" href=\"https:\/\/www.blunik.com\/spa\/p\/news\/new\/actualidad\/65-rmcb-2017-catalunya-regularitat-super-sport.htm\" target=\"_self\">C. Catalunya Regularitat Super Sport<\/a>\n<p style=\"text-align: center;\"><a class=\"button-27 button large default\" title=\"\" href=\"https:\/\/www.blunik.com\/spa\/p\/news\/new\/actualidad\/65-rmcb-2017-catalunya-regularitat-sport.htm\" target=\"_self\">C. Catalunya Regularitat Sport<\/a>\n<\/div>\n<div class=\"one_half last\">\n<div class=\"title\"><h2>VELOCIDAD<\/h2><div class=\"title-sep-container\"><div class=\"title-sep\"><\/div><\/div><\/div>\n<p style=\"text-align: center;\"><a class=\"button-28 button large default\" title=\"\" href=\"http:\/\/www.atodomotor.com\/online\/2017\/costabrava\/\" target=\"_self\">RESULTADOS VELOCIDAD<\/a>\n<\/div><div class=\"clearboth\"><\/div>\n<div class=\"title\"><h2>\u00daltimas Noticias del Rally Moritz Costa Brava<\/h2><div class=\"title-sep-container\"><div class=\"title-sep\"><\/div><\/div><\/div> <div class=\"avada-container\"><section class=\"columns columns-2\" style=\"width:100%\"><div class=\"holder\"><article class=\"col\"><div class=\"flexslider floated-post-slideshow\"><ul class=\"slides\"><li>\n\t\t\t\t\t<a href=\"https:\/\/rallyclassics.club\/de\/las-banderolas-del-65-rally-moritz-costa-brava-un-objeto-de-culto\/\" rel=\"\"><img decoding=\"async\" src=\"https:\/\/rallyclassics.club\/wp-content\/uploads\/2017\/08\/20690070_10214099007609615_6245773520663539328_o-700x441.jpg\" alt=\"Die Wimpel der 65. Rally Moritz Costa Brava, ein Kultobjekt\" \/><\/a>\n\t\t\t\t<\/li><\/ul>\n\t\t<\/div><h4><a href=\"https:\/\/rallyclassics.club\/de\/las-banderolas-del-65-rally-moritz-costa-brava-un-objeto-de-culto\/\">Die Wimpel der 65. Rally Moritz Costa Brava, ein Kultobjekt<\/a><\/h4><ul class=\"meta\"><li><em class=\"date\">22 August, 2017<\/em><\/li><\/ul><p><div class=\"excerpt-container\"><p>Die Wimpel der 65. Rally Moritz Costa Brava werden in Werkst\u00e4tten und Garagen einiger [&#8230;]<\/p>\n<\/div><\/p><\/article><article class=\"col\"><div class=\"flexslider floated-post-slideshow\"><ul class=\"slides\"><li>\n\t\t\t\t\t<a href=\"https:\/\/rallyclassics.club\/de\/rally-costa-brava-hall-of-fame\/\" rel=\"\"><img decoding=\"async\" src=\"https:\/\/rallyclassics.club\/wp-content\/uploads\/2017\/08\/dorsal-7-700x441.jpg\" alt=\"Rally Costa Brava \u201eHall of Fame\u201c (2016)\" \/><\/a>\n\t\t\t\t<\/li><\/ul>\n\t\t<\/div><h4><a href=\"https:\/\/rallyclassics.club\/de\/rally-costa-brava-hall-of-fame\/\">Rally Costa Brava \u201eHall of Fame\u201c (2016)<\/a><\/h4><ul class=\"meta\"><li><em class=\"date\">9 August, 2017<\/em><\/li><\/ul><p><div class=\"excerpt-container\"><p>Gewinner der 64. Rally Costa Brava 2016: \u00a0Daniel Alonso \u2013 Salvador Belzunces, \u00a0Ford Sierra [&#8230;]<\/p>\n<\/div><\/p><\/article><\/div><\/section><\/div>\n<div class=\"title\"><h2>Sponsors 65 Rally Moritz Costa Brava<\/h2><div class=\"title-sep-container\"><div class=\"title-sep\"><\/div><\/div><\/div>\n<div class=\"related-posts related-projects clientslider-container\"><div id=\"carousel\" class=\"clients-carousel es-carousel-wrapper\"><div class=\"es-carousel\"><ul>\n<li><img decoding=\"async\" src=\"\/wp-content\/uploads\/2016\/11\/logo-michelin.png\" alt=\"\" \/><\/li>\n<li><img decoding=\"async\" src=\"\/wp-content\/uploads\/2014\/02\/Untitled-3_01.png\" alt=\"\" \/><\/li>\n<li><img decoding=\"async\" src=\"\/wp-content\/uploads\/2014\/02\/Untitled-3_02.png\" alt=\"\" \/><\/li>\n<li><img decoding=\"async\" src=\"\/wp-content\/uploads\/2014\/02\/logos_02.png\" alt=\"\" \/><\/li>\n<li><img decoding=\"async\" src=\"\/wp-content\/uploads\/2014\/02\/seat.png\" alt=\"\" \/><\/li>\n<li><img decoding=\"async\" src=\"\/images\/patrocinadores\/moritz.png\" alt=\"\" \/><\/li>\n<li><img decoding=\"async\" src=\"\/images\/patrocinadores\/ultonia.png\" alt=\"\" \/><\/li>\n<li><img decoding=\"async\" src=\"\/images\/patrocinadores\/blunik.png\" alt=\"\" \/><\/li>\n<li><img decoding=\"async\" src=\"\/images\/patrocinadores\/sport.png\" alt=\"\" \/><\/li>\n<li><img decoding=\"async\" src=\"\/wp-content\/uploads\/2016\/11\/autohebdo.jpg\" alt=\"\" \/><\/li>\n<li><img decoding=\"async\" src=\"\/images\/patrocinadores\/garatgeinternacional.jpg\" alt=\"\" \/><\/li>\n<li><img decoding=\"async\" src=\"\/wp-content\/uploads\/2016\/11\/logo-repeat.jpg\" alt=\"\" \/><\/li>\n<li><img decoding=\"async\" src=\"\/images\/patrocinadores\/nouonze.jpg\" alt=\"\" \/><\/li>\n<li><img decoding=\"async\" src=\"\/images\/patrocinadores\/classiccover.jpg\" alt=\"\" \/><\/li>\n<li><img decoding=\"async\" src=\"\/images\/patrocinadores\/xternalia.jpg\" alt=\"\" \/><\/li>\n<li><img decoding=\"async\" src=\"\/images\/patrocinadores\/appsesor.png\" alt=\"\" \/><\/li>\n<li><img decoding=\"async\" src=\"\/images\/patrocinadores\/suprametal.jpg\" alt=\"\" \/><\/li>\n<li><img decoding=\"async\" src=\"\/wp-content\/uploads\/2016\/11\/logo-proauto.jpg\" alt=\"\" \/><\/li>\n<\/ul><div class=\"es-nav\"><span class=\"es-nav-prev\">Previous<\/span><span class=\"es-nav-next\">Next<\/span><\/div><\/div><\/div><\/div>\n<div class=\"title\"><h2>YouTube<\/h2><div class=\"title-sep-container\"><div class=\"title-sep\"><\/div><\/div><\/div>\n<iframe loading=\"lazy\" width=\"560\" height=\"315\" src=\"https:\/\/www.youtube.com\/embed\/uLRvzLJzR54\" frameborder=\"0\" allowfullscreen><\/iframe><\/p>\n<div class=\"title\"><h2>Informaci\u00f3n del 65 Rally Moritz Costa Brava<\/h2><div class=\"title-sep-container\"><div class=\"title-sep\"><\/div><\/div><\/div> El Rally Costa Brava FIA es el m\u00e1s antiguo de Espa\u00f1a, y el que m\u00e1s pasiones levanta, por su historia, y por la emoci\u00f3n con la que lo viven los equipos nacionales y extranjeros. Puntuable para el Europeo de Rallyes Hist\u00f3ricos, el Rally Costa Brava FIA re\u00fane cada a\u00f1o un centenar de equipos con magn\u00edficas m\u00e1quinas de las mejores \u00e9pocas del Europeo.<\/p>","protected":false},"excerpt":{"rendered":"<p>Gewinner der 64. Rally Costa Brava 2016: \u00a0Daniel Alonso \u2013 Salvador Belzunces, \u00a0Ford Sierra Cosworth<\/p>\n","protected":false},"author":2,"featured_media":0,"parent":0,"menu_order":0,"comment_status":"open","ping_status":"open","template":"","meta":{"om_disable_all_campaigns":false,"_monsterinsights_skip_tracking":false,"_monsterinsights_sitenote_active":false,"_monsterinsights_sitenote_note":"","_monsterinsights_sitenote_category":0,"footnotes":""},"class_list":["post-10158","page","type-page","status-publish","hentry"],"aioseo_notices":[],"_links":{"self":[{"href":"https:\/\/rallyclassics.club\/de\/wp-json\/wp\/v2\/pages\/10158","targetHints":{"allow":["GET"]}}],"collection":[{"href":"https:\/\/rallyclassics.club\/de\/wp-json\/wp\/v2\/pages"}],"about":[{"href":"https:\/\/rallyclassics.club\/de\/wp-json\/wp\/v2\/types\/page"}],"author":[{"embeddable":true,"href":"https:\/\/rallyclassics.club\/de\/wp-json\/wp\/v2\/users\/2"}],"replies":[{"embeddable":true,"href":"https:\/\/rallyclassics.club\/de\/wp-json\/wp\/v2\/comments?post=10158"}],"version-history":[{"count":28,"href":"https:\/\/rallyclassics.club\/de\/wp-json\/wp\/v2\/pages\/10158\/revisions"}],"predecessor-version":[{"id":11688,"href":"https:\/\/rallyclassics.club\/de\/wp-json\/wp\/v2\/pages\/10158\/revisions\/11688"}],"wp:attachment":[{"href":"https:\/\/rallyclassics.club\/de\/wp-json\/wp\/v2\/media?parent=10158"}],"curies":[{"name":"wp","href":"https:\/\/api.w.org\/{rel}","templated":true}]}}