{"id":110,"date":"2014-02-13T09:17:00","date_gmt":"2014-02-13T09:17:00","guid":{"rendered":"https:\/\/www.rallyclassics.club\/rally-costa-brava-2\/"},"modified":"2019-11-08T09:48:56","modified_gmt":"2019-11-08T08:48:56","slug":"criterium-llafranc","status":"publish","type":"page","link":"https:\/\/rallyclassics.club\/de\/criterium-llafranc\/","title":{"rendered":"Criterium Llafranc"},"content":{"rendered":"<p><div class=\"title\"><h1> V Criterium Llafranc &#8211; 17. Mai<\/h1><div class=\"title-sep-container\"><div class=\"title-sep\"><\/div><\/div><\/div><a href=\"https:\/\/www.rallyclassics.club\/wp-content\/uploads\/2014\/02\/banner_cl.jpg\"><img loading=\"lazy\" decoding=\"async\" class=\"alignnone size-full wp-image-318\" src=\"https:\/\/www.rallyclassics.club\/wp-content\/uploads\/2014\/02\/banner_cl.jpg\" alt=\"banner_cl\" width=\"669\" height=\"294\" srcset=\"https:\/\/rallyclassics.club\/wp-content\/uploads\/2014\/02\/banner_cl.jpg 669w, https:\/\/rallyclassics.club\/wp-content\/uploads\/2014\/02\/banner_cl-300x131.jpg 300w\" sizes=\"auto, (max-width: 669px) 100vw, 669px\" \/><\/a><div class=\"title\"><h2>Aktuelle Nachrichten vom Criterium Llafranc<\/h2><div class=\"title-sep-container\"><div class=\"title-sep\"><\/div><\/div><\/div> <div class=\"avada-container\"><section class=\"columns columns-2\" style=\"width:100%\"><div class=\"holder\"><\/div><\/section><\/div> <div class=\"title\"><h2>Sponsoren des Criterium Llafranc<\/h2><div class=\"title-sep-container\"><div class=\"title-sep\"><\/div><\/div><\/div> <div class=\"related-posts related-projects clientslider-container\"><div id=\"carousel\" class=\"clients-carousel es-carousel-wrapper\"><div class=\"es-carousel\"><ul><li><a href=\"http:\/\/www.nauticllafranc.net\/es\/\" target=\"_self\"><img decoding=\"async\" src=\"https:\/\/www.rallyclassics.club\/wp-content\/uploads\/2014\/02\/logo_cnllafranc.jpg\" alt=\"\" \/><\/a><\/li><li><a href=\"http:\/\/www.hllafranch.com\/inici.php\" target=\"_self\"><img decoding=\"async\" src=\"https:\/\/www.rallyclassics.club\/wp-content\/uploads\/2014\/02\/logo_hotelllafranc.jpg\" alt=\"\" \/><\/a><\/li><li><a href=\"http:\/\/www.blunikracing.com\/\" target=\"_self\"><img decoding=\"async\" src=\"https:\/\/www.rallyclassics.club\/wp-content\/uploads\/2014\/02\/logos_2_01.png\" alt=\"\" \/><\/a><\/li><li><a href=\"http:\/\/www20.gencat.cat\/portal\/site\/sge\/\" target=\"_self\"><img decoding=\"async\" src=\"https:\/\/www.rallyclassics.club\/wp-content\/uploads\/2014\/02\/logos_02.png\" alt=\"\" \/><\/a><\/li><\/ul><div class=\"es-nav\"><span class=\"es-nav-prev\">Previous<\/span><span class=\"es-nav-next\">Next<\/span><\/div><\/div><\/div><\/div> <div class=\"title\"><h2>Informationen zum Criterium Llafranc<\/h2><div class=\"title-sep-container\"><div class=\"title-sep\"><\/div><\/div><\/div> Am Samstag, dem 17. Mai, startet im Hafen von Llafranc das V Criterium Llafranc, das f\u00fcr 50 wundersch\u00f6ne und hochwertige Oldtimer reserviert ist. Traditionell verwandeln die Oldtimer den sch\u00f6nen Ort an der Costa Brava in einen farbenpr\u00e4chtigen Schauplatz, an einem Tag, an dem die Teilnehmer versuchen, ihre Fahrzeuge in den verschiedenen Klassifikationen oder Kategorien, wie der Eleganz und Gleichm\u00e4\u00dfigkeit, hervorstechen zu lassen. Am fr\u00fchen Morgen, w\u00e4hrend die Fahrer fr\u00fchst\u00fccken, werden die Automobile im Hafen von Llafranc bis zum Start zur Besichtigung ausgestellt, danach startet eine erste Runde, in der eine Strecke von ungef\u00e4hr 100 km zur\u00fcckzulegen ist. Mittags bietet sich dann eine weitere M\u00f6glichkeit, die Schmuckst\u00fccke auf R\u00e4dern im \u201egeschlossenen Park&#8220; im Hafen zu besichtigen, bevor am Nachmittag eine zweite Runde ausgetragen wird, bei der die Teams versuchen werden, ihre Durchfahrtszeiten auf der Strecke erneut zu erreichen. Die mit Live-Musik untermalte Pokal\u00fcbergabe schlie\u00dft dann den 5. Jahrestag des Criteriums, das nach nur 4 Veranstaltungen schon so viel Erfolg vorweisen kann, auf glanzvolle Weise ab.<\/p>","protected":false},"excerpt":{"rendered":"<p>Am Samstag, dem 17. Mai, startet im Hafen von Llafranc das V Criterium Llafranc, das f\u00fcr 50 wundersch\u00f6ne und hochwertige Oldtimer reserviert ist. Traditionell verwandeln die Oldtimer den sch\u00f6nen Ort [&#8230;]<\/p>\n","protected":false},"author":2,"featured_media":0,"parent":0,"menu_order":0,"comment_status":"open","ping_status":"open","template":"","meta":{"om_disable_all_campaigns":false,"_monsterinsights_skip_tracking":false,"_monsterinsights_sitenote_active":false,"_monsterinsights_sitenote_note":"","_monsterinsights_sitenote_category":0,"footnotes":""},"class_list":["post-110","page","type-page","status-publish","hentry"],"aioseo_notices":[],"_links":{"self":[{"href":"https:\/\/rallyclassics.club\/de\/wp-json\/wp\/v2\/pages\/110","targetHints":{"allow":["GET"]}}],"collection":[{"href":"https:\/\/rallyclassics.club\/de\/wp-json\/wp\/v2\/pages"}],"about":[{"href":"https:\/\/rallyclassics.club\/de\/wp-json\/wp\/v2\/types\/page"}],"author":[{"embeddable":true,"href":"https:\/\/rallyclassics.club\/de\/wp-json\/wp\/v2\/users\/2"}],"replies":[{"embeddable":true,"href":"https:\/\/rallyclassics.club\/de\/wp-json\/wp\/v2\/comments?post=110"}],"version-history":[{"count":6,"href":"https:\/\/rallyclassics.club\/de\/wp-json\/wp\/v2\/pages\/110\/revisions"}],"predecessor-version":[{"id":22112,"href":"https:\/\/rallyclassics.club\/de\/wp-json\/wp\/v2\/pages\/110\/revisions\/22112"}],"wp:attachment":[{"href":"https:\/\/rallyclassics.club\/de\/wp-json\/wp\/v2\/media?parent=110"}],"curies":[{"name":"wp","href":"https:\/\/api.w.org\/{rel}","templated":true}]}}