{"id":12438,"date":"2017-05-31T11:16:40","date_gmt":"2017-05-31T10:16:40","guid":{"rendered":"https:\/\/www.rallyclassics.club\/pujada-historica-els-angels-2016-copy\/"},"modified":"2017-07-24T11:08:41","modified_gmt":"2017-07-24T10:08:41","slug":"pujada-historica-els-angels-2017","status":"publish","type":"page","link":"https:\/\/rallyclassics.club\/de\/pujada-historica-els-angels-2017\/","title":{"rendered":"II Els \u00c0ngels Hist\u00f2ric 2017"},"content":{"rendered":"<p><div class=\"title\"><h1>II Els \u00c0ngels Hist\u00f2ric 2017<\/h1><div class=\"title-sep-container\"><div class=\"title-sep\"><\/div><\/div><\/div><img loading=\"lazy\" decoding=\"async\" src=\"\/wp-content\/uploads\/2017\/07\/EAH2017_980x300.jpg\" alt=\"angels2016_980x300b\" width=\"980\" height=\"300\" class=\"aligncenter size-full wp-image-9461\" \/><br \/>\n&nbsp;<br \/>\n<div class=\"title\"><h2>\u00daltimas Noticias de II Els \u00c0ngels Hist\u00f2ric 2017<\/h2><div class=\"title-sep-container\"><div class=\"title-sep\"><\/div><\/div><\/div> <div class=\"avada-container\"><section class=\"columns columns-2\" style=\"width:100%\"><div class=\"holder\"><article class=\"col\"><div class=\"flexslider floated-post-slideshow\"><ul class=\"slides\"><li>\n\t\t\t\t\t<a href=\"https:\/\/rallyclassics.club\/de\/el-abadal-buick-de-1917-en-els-angels-historic-2018\/\" rel=\"\"><img decoding=\"async\" src=\"https:\/\/rallyclassics.club\/wp-content\/uploads\/2018\/06\/Zanini-700x441.jpg\" alt=\"The Zanini&#8217;s Abadal Buick, in the Els Angels Hist\u00f2ric\" \/><\/a>\n\t\t\t\t<\/li><\/ul>\n\t\t<\/div><h4><a href=\"https:\/\/rallyclassics.club\/de\/el-abadal-buick-de-1917-en-els-angels-historic-2018\/\">The Zanini&#8217;s Abadal Buick, in the Els Angels Hist\u00f2ric<\/a><\/h4><ul class=\"meta\"><li><em class=\"date\">6 Juni, 2018<\/em><\/li><\/ul><p><div class=\"excerpt-container\"><\/div><\/p><\/article><\/div><\/section><\/div>\n<div class=\"title\"><h2>Sponsors II Els \u00c0ngels Hist\u00f2ric 2017<\/h2><div class=\"title-sep-container\"><div class=\"title-sep\"><\/div><\/div><\/div>\n<div class=\"related-posts related-projects clientslider-container\"><div id=\"carousel\" class=\"clients-carousel es-carousel-wrapper\"><div class=\"es-carousel\"><ul>\n<li><a href=\"#\" target=\"_self\"><img decoding=\"async\" src=\"\/wp-content\/uploads\/2014\/02\/Girona2_130x65.jpg\" alt=\"\" \/><\/a><\/li>\n<li><a href=\"#\" target=\"_self\"><img decoding=\"async\" src=\"\/wp-content\/uploads\/2017\/05\/logo-coyote.jpg\" alt=\"\" \/><\/a><\/li>\n<li><a href=\"#\" target=\"_self\"><img decoding=\"async\" src=\"\/wp-content\/uploads\/2017\/05\/Logo-Els-A\u0300ngels.jpg\" alt=\"\" \/><\/a><\/li>\n<li><a href=\"#\" target=\"_self\"><img decoding=\"async\" src=\"\/wp-content\/uploads\/2014\/02\/Untitled-3_02.png\" alt=\"\" \/><\/a><\/li>\n<li><a href=\"#\" target=\"_self\"><img decoding=\"async\" src=\"\/wp-content\/uploads\/2014\/02\/DipGir2_130x65.jpg\" alt=\"\" \/><\/a><\/li>\n<li><a href=\"#\" target=\"_self\"><img decoding=\"async\" src=\"\/wp-content\/uploads\/2014\/02\/logos_02.png\" alt=\"\" \/><\/a><\/li>\n<\/ul><div class=\"es-nav\"><span class=\"es-nav-prev\">Previous<\/span><span class=\"es-nav-next\">Next<\/span><\/div><\/div><\/div><\/div>\n<div class=\"title\"><h2>Informaci\u00f3n de II Els \u00c0ngels Hist\u00f2ric 2017<\/h2><div class=\"title-sep-container\"><div class=\"title-sep\"><\/div><\/div><\/div><\/p>","protected":false},"excerpt":{"rendered":"","protected":false},"author":2,"featured_media":0,"parent":0,"menu_order":0,"comment_status":"open","ping_status":"open","template":"","meta":{"om_disable_all_campaigns":false,"_monsterinsights_skip_tracking":false,"_monsterinsights_sitenote_active":false,"_monsterinsights_sitenote_note":"","_monsterinsights_sitenote_category":0,"footnotes":""},"class_list":["post-12438","page","type-page","status-publish","hentry"],"aioseo_notices":[],"_links":{"self":[{"href":"https:\/\/rallyclassics.club\/de\/wp-json\/wp\/v2\/pages\/12438","targetHints":{"allow":["GET"]}}],"collection":[{"href":"https:\/\/rallyclassics.club\/de\/wp-json\/wp\/v2\/pages"}],"about":[{"href":"https:\/\/rallyclassics.club\/de\/wp-json\/wp\/v2\/types\/page"}],"author":[{"embeddable":true,"href":"https:\/\/rallyclassics.club\/de\/wp-json\/wp\/v2\/users\/2"}],"replies":[{"embeddable":true,"href":"https:\/\/rallyclassics.club\/de\/wp-json\/wp\/v2\/comments?post=12438"}],"version-history":[{"count":14,"href":"https:\/\/rallyclassics.club\/de\/wp-json\/wp\/v2\/pages\/12438\/revisions"}],"predecessor-version":[{"id":12710,"href":"https:\/\/rallyclassics.club\/de\/wp-json\/wp\/v2\/pages\/12438\/revisions\/12710"}],"wp:attachment":[{"href":"https:\/\/rallyclassics.club\/de\/wp-json\/wp\/v2\/media?parent=12438"}],"curies":[{"name":"wp","href":"https:\/\/api.w.org\/{rel}","templated":true}]}}