{"id":127,"date":"2014-02-13T09:17:00","date_gmt":"2014-02-13T09:17:00","guid":{"rendered":"https:\/\/www.rallyclassics.club\/criterium-llafranc-2\/"},"modified":"2014-12-15T16:07:21","modified_gmt":"2014-12-15T14:07:21","slug":"no-limits-motor-tour","status":"publish","type":"page","link":"https:\/\/rallyclassics.club\/de\/no-limits-motor-tour\/","title":{"rendered":"No Limits Motor Tour"},"content":{"rendered":"<p><div class=\"title\"><h1> No Limits Motor Tour \u2013 31. Mai<\/h1><div class=\"title-sep-container\"><div class=\"title-sep\"><\/div><\/div><\/div><img loading=\"lazy\" decoding=\"async\" class=\"alignnone size-full wp-image-425\" src=\"https:\/\/www.rallyclassics.club\/wp-content\/uploads\/2014\/02\/banner_nlmt_bcn1.jpg\" alt=\"banner_nlmt_bcn\" width=\"669\" height=\"240\" srcset=\"https:\/\/rallyclassics.club\/wp-content\/uploads\/2014\/02\/banner_nlmt_bcn1.jpg 669w, https:\/\/rallyclassics.club\/wp-content\/uploads\/2014\/02\/banner_nlmt_bcn1-300x107.jpg 300w\" sizes=\"auto, (max-width: 669px) 100vw, 669px\" \/><div class=\"title\"><h2>Aktuelle Nachrichten von der No Limits Motor Tour<\/h2><div class=\"title-sep-container\"><div class=\"title-sep\"><\/div><\/div><\/div> <div class=\"avada-container\"><section class=\"columns columns-2\" style=\"width:100%\"><div class=\"holder\"><article class=\"col\"><div class=\"flexslider floated-post-slideshow\"><ul class=\"slides\"><li>\n\t\t\t\t\t<a href=\"https:\/\/rallyclassics.club\/de\/carles-miro-brilla-en-todas-las-especialidades\/\" rel=\"\"><img decoding=\"async\" src=\"https:\/\/rallyclassics.club\/wp-content\/uploads\/2018\/12\/Carles-Mir\u00f3-700x441.jpg\" alt=\"Carles Mir\u00f3 g\u00e4nzt in allen Modalit\u00e4ten\" \/><\/a>\n\t\t\t\t<\/li><\/ul>\n\t\t<\/div><h4><a href=\"https:\/\/rallyclassics.club\/de\/carles-miro-brilla-en-todas-las-especialidades\/\">Carles Mir\u00f3 g\u00e4nzt in allen Modalit\u00e4ten<\/a><\/h4><ul class=\"meta\"><li><em class=\"date\">11 Dezember, 2018<\/em><\/li><\/ul><p><div class=\"excerpt-container\"><p>Carles Mir\u00f3 ist der Prototyp eines Piloten, der f\u00fcr Klassiker schw\u00e4rmt und auf h\u00f6chstem [&#8230;]<\/p>\n<\/div><\/p><\/article><article class=\"col\"><div class=\"flexslider floated-post-slideshow\"><ul class=\"slides\"><li>\n\t\t\t\t\t<a href=\"https:\/\/rallyclassics.club\/de\/programa-horario-no-limits-barcelona\/\" rel=\"\"><img decoding=\"async\" src=\"https:\/\/rallyclassics.club\/wp-content\/uploads\/2018\/09\/NoLimits2018_Horari-v1-001-1-700x441.jpg\" alt=\"Schedule NO LIMITS BARCELONA\" \/><\/a>\n\t\t\t\t<\/li><\/ul>\n\t\t<\/div><h4><a href=\"https:\/\/rallyclassics.club\/de\/programa-horario-no-limits-barcelona\/\">Schedule NO LIMITS BARCELONA<\/a><\/h4><ul class=\"meta\"><li><em class=\"date\">27 September, 2018<\/em><\/li><\/ul><p><\/p><\/article><\/div><\/section><\/div> <div class=\"title\"><h2>Sponsoren der No Limits Motor Tour<\/h2><div class=\"title-sep-container\"><div class=\"title-sep\"><\/div><\/div><\/div> <div class=\"related-posts related-projects clientslider-container\"><div id=\"carousel\" class=\"clients-carousel es-carousel-wrapper\"><div class=\"es-carousel\"><ul><li><a href=\"http:\/\/www.bcn.cat\/es\/\" target=\"_self\"><img decoding=\"async\" src=\"https:\/\/www.rallyclassics.club\/wp-content\/uploads\/2014\/02\/logos_04.jpg\" alt=\"\" \/><\/a><\/li><li><a href=\"http:\/\/www.gencat.cat\/esports\/\" target=\"_self\"><img decoding=\"async\" src=\"https:\/\/www.rallyclassics.club\/wp-content\/uploads\/2014\/02\/logos_02.png\" alt=\"\" \/><\/a><\/li><li><a href=\"http:\/\/www.ecom.es\/\" target=\"_self\"><img decoding=\"async\" src=\"https:\/\/www.rallyclassics.club\/wp-content\/uploads\/2014\/02\/logo_ecom.jpg\" alt=\"\" \/><\/a><\/li><li><a href=\"https:\/\/www.bmw.es\/home\/home.html\" target=\"_self\"><img decoding=\"async\" src=\"https:\/\/www.rallyclassics.club\/wp-content\/uploads\/2014\/02\/logos_03.png\" alt=\"\" \/><\/a><\/li><li><a href=\"http:\/\/www.saunierduval.es\/\" target=\"_self\"><img decoding=\"async\" src=\"https:\/\/www.rallyclassics.club\/wp-content\/uploads\/2014\/02\/logo_saunier.jpg\" alt=\"\" \/><\/a><\/li><li><a href=\"http:\/\/www.cocacola.es\/\" target=\"_self\"><img decoding=\"async\" src=\"https:\/\/www.rallyclassics.club\/wp-content\/uploads\/2014\/02\/logos_2_04.jpg\" alt=\"\" \/><\/a><\/li><li><a href=\"http:\/\/www.mrctraining.com\/es_ES\/index.php\" target=\"_self\"><img decoding=\"async\" src=\"https:\/\/www.rallyclassics.club\/wp-content\/uploads\/2014\/02\/logo_mrc.jpg\" alt=\"\" \/><\/a><\/li><li><a href=\"http:\/\/www.fundacionstepbystep.com\/\" target=\"_self\"><img decoding=\"async\" src=\"https:\/\/www.rallyclassics.club\/wp-content\/uploads\/2014\/02\/logo_stepbystep.jpg\" alt=\"\" \/><\/a><\/li><li><a href=\"http:\/\/enjoyelectrics.com\/\" target=\"_self\"><img decoding=\"async\" src=\"https:\/\/www.rallyclassics.club\/wp-content\/uploads\/2014\/02\/logo_enjoy.jpg\" alt=\"\" \/><\/a><\/li><li><a href=\"http:\/\/www.ecoraces.net\/ca\" target=\"_self\"><img decoding=\"async\" src=\"https:\/\/www.rallyclassics.club\/wp-content\/uploads\/2014\/02\/logo_ecoraces.jpg\" alt=\"\" \/><\/a><\/li><\/ul><div class=\"es-nav\"><span class=\"es-nav-prev\">Previous<\/span><span class=\"es-nav-next\">Next<\/span><\/div><\/div><\/div><\/div> <div class=\"title\"><h2>Informationen zur No Limits Motor Tour<\/h2><div class=\"title-sep-container\"><div class=\"title-sep\"><\/div><\/div><\/div> Die NO LIMITS MOTOR TOUR ist eine Orientierungs- und Strategiefahrt, die im Fr\u00fchjahr in Barcelona veranstaltet wird. Sie richtet sich an Autofahrer mit k\u00f6rperlichen Einschr\u00e4nkungen und an Fahrer \u00f6kologischer Fahrzeuge. Dieser Wettbewerb m\u00f6chte deutlich machen, dass es m\u00f6glich ist, eine lebenswerte und umweltfreundliche Stadt ohne Barrieren zu schaffen. Die erste Veranstaltung im Mai 2014 z\u00e4hlte 30 Teams, es entstand ein fantastisches und festliches Ambiente, das den Teilnehmern und Besuchern des St\u00e4dtchens sichtlich Spa\u00df bereitete.<br \/>\n<\/p>","protected":false},"excerpt":{"rendered":"","protected":false},"author":2,"featured_media":0,"parent":0,"menu_order":0,"comment_status":"open","ping_status":"open","template":"","meta":{"om_disable_all_campaigns":false,"_monsterinsights_skip_tracking":false,"_monsterinsights_sitenote_active":false,"_monsterinsights_sitenote_note":"","_monsterinsights_sitenote_category":0,"footnotes":""},"class_list":["post-127","page","type-page","status-publish","hentry"],"aioseo_notices":[],"_links":{"self":[{"href":"https:\/\/rallyclassics.club\/de\/wp-json\/wp\/v2\/pages\/127","targetHints":{"allow":["GET"]}}],"collection":[{"href":"https:\/\/rallyclassics.club\/de\/wp-json\/wp\/v2\/pages"}],"about":[{"href":"https:\/\/rallyclassics.club\/de\/wp-json\/wp\/v2\/types\/page"}],"author":[{"embeddable":true,"href":"https:\/\/rallyclassics.club\/de\/wp-json\/wp\/v2\/users\/2"}],"replies":[{"embeddable":true,"href":"https:\/\/rallyclassics.club\/de\/wp-json\/wp\/v2\/comments?post=127"}],"version-history":[{"count":3,"href":"https:\/\/rallyclassics.club\/de\/wp-json\/wp\/v2\/pages\/127\/revisions"}],"predecessor-version":[{"id":2107,"href":"https:\/\/rallyclassics.club\/de\/wp-json\/wp\/v2\/pages\/127\/revisions\/2107"}],"wp:attachment":[{"href":"https:\/\/rallyclassics.club\/de\/wp-json\/wp\/v2\/media?parent=127"}],"curies":[{"name":"wp","href":"https:\/\/api.w.org\/{rel}","templated":true}]}}