{"id":13309,"date":"2017-11-14T12:29:24","date_gmt":"2017-11-14T11:29:24","guid":{"rendered":"https:\/\/www.rallyclassics.club\/xiv-rally-costa-brava-historic-copy\/"},"modified":"2018-04-11T22:19:32","modified_gmt":"2018-04-11T21:19:32","slug":"xv-rally-costa-brava-historic","status":"publish","type":"page","link":"https:\/\/rallyclassics.club\/de\/xv-rally-costa-brava-historic\/","title":{"rendered":"XV Rally Costa Brava Hist\u00f2ric"},"content":{"rendered":"<p><div class=\"title\"><h1>XV Rally Costa Brava Hist\u00f2ric &#8211; 19-22\/4<\/h1><div class=\"title-sep-container\"><div class=\"title-sep\"><\/div><\/div><\/div><img loading=\"lazy\" decoding=\"async\" class=\"aligncenter size-full wp-image-2147\" src=\"\/wp-content\/uploads\/2017\/11\/xv_rcbh_980x300.jpg\" alt=\"xiii_rcbh2015_980x300\" width=\"980\" height=\"300\" \/><\/p>\n<div class=\"title\"><h2>Neueste Meldungen XV Rally Costa Brava Hist\u00f2ric<\/h2><div class=\"title-sep-container\"><div class=\"title-sep\"><\/div><\/div><\/div> <div class=\"avada-container\"><section class=\"columns columns-2\" style=\"width:100%\"><div class=\"holder\"><article class=\"col\"><div class=\"flexslider floated-post-slideshow\"><ul class=\"slides\"><li>\n\t\t\t\t\t<a href=\"https:\/\/rallyclassics.club\/de\/fortuny-jimenez-lancia-ganan-el-xiv-rally-costa-brava-historic\/\" rel=\"\"><img decoding=\"async\" src=\"https:\/\/rallyclassics.club\/wp-content\/uploads\/2017\/04\/Untitled-1-4.jpg\" alt=\"Fortuny-Jim\u00e9nez (Lancia) gewinnen die XIV. Rally Costa Brava Hist\u00f2ric\" \/><\/a>\n\t\t\t\t<\/li><\/ul>\n\t\t<\/div><h4><a href=\"https:\/\/rallyclassics.club\/de\/fortuny-jimenez-lancia-ganan-el-xiv-rally-costa-brava-historic\/\">Fortuny-Jim\u00e9nez (Lancia) gewinnen die XIV. Rally Costa Brava Hist\u00f2ric<\/a><\/h4><ul class=\"meta\"><li><em class=\"date\">24 April, 2017<\/em><\/li><\/ul><p><div class=\"excerpt-container\"><p>\u00b7Ein au\u00dferordentlicher Kampf mit Mir\u00f3-Matavacas y Deflandre-Lienne (Porsche)<br \/>\n\u00b7Triumph von Nubiola-Guardia (Honda\/Yamaha) bei den Motorr\u00e4dern<br \/>\n\u00b7Sieg [&#8230;]<\/p>\n<\/div><\/p><\/article><article class=\"col\"><div class=\"flexslider floated-post-slideshow\"><ul class=\"slides\"><li>\n\t\t\t\t\t<a href=\"https:\/\/rallyclassics.club\/de\/fortuny-jimenez-lancia-lideres-del-xiv-rally-costa-brava-historic\/\" rel=\"\"><img decoding=\"async\" src=\"https:\/\/rallyclassics.club\/wp-content\/uploads\/2017\/04\/Untitled-1-3.jpg\" alt=\"Fortuny-Jim\u00e9nez (Lancia) f\u00fchrend bei der XIV. Rally Costa Brava Hist\u00f2ric\" \/><\/a>\n\t\t\t\t<\/li><\/ul>\n\t\t<\/div><h4><a href=\"https:\/\/rallyclassics.club\/de\/fortuny-jimenez-lancia-lideres-del-xiv-rally-costa-brava-historic\/\">Fortuny-Jim\u00e9nez (Lancia) f\u00fchrend bei der XIV. Rally Costa Brava Hist\u00f2ric<\/a><\/h4><ul class=\"meta\"><li><em class=\"date\">22 April, 2017<\/em><\/li><\/ul><p><div class=\"excerpt-container\"><p>Heute die 2. Etappe mit 485 km und Neutralisationen in Viladrau und Puigcerd\u00e0<\/p>\n<p>Palamos-Costa Brava, [&#8230;]<\/p>\n<\/div><\/p><\/article><\/div><\/section><\/div>\n<div class=\"title\"><h2>RallyClassics TV<\/h2><div class=\"title-sep-container\"><div class=\"title-sep\"><\/div><\/div><\/div>\n<p><iframe loading=\"lazy\" width=\"560\" height=\"315\" src=\"https:\/\/www.youtube.com\/embed\/ee9ERYFuu_E\" frameborder=\"0\" gesture=\"media\" allowfullscreen><\/iframe><\/p>\n<div class=\"title\"><h2>Sponsoren XV Rally Costa Brava Hist\u00f2ric<\/h2><div class=\"title-sep-container\"><div class=\"title-sep\"><\/div><\/div><\/div>\n<div class=\"related-posts related-projects clientslider-container\"><div id=\"carousel\" class=\"clients-carousel es-carousel-wrapper\"><div class=\"es-carousel\"><ul>\n<li><img decoding=\"async\" src=\"\/wp-content\/uploads\/2016\/11\/visit.jpg\" alt=\"\" \/><\/li>\n<li><img decoding=\"async\" src=\"\/wp-content\/uploads\/2016\/11\/palamos-gastronomia.jpg\" alt=\"\" \/><\/li>\n<li><img decoding=\"async\" src=\"\/wp-content\/uploads\/2016\/11\/palamos.jpg\" alt=\"\" \/><\/li>\n<li><img decoding=\"async\" src=\"\/wp-content\/uploads\/2014\/02\/logos_02.png\" alt=\"\" \/><\/li>\n<li><img decoding=\"async\" src=\"\/wp-content\/uploads\/2014\/02\/Untitled-3_02.png\" alt=\"\" \/><\/li>\n<li><img decoding=\"async\" src=\"\/images\/patrocinadores\/moritz.png\" alt=\"\" \/><\/li>\n<li><img decoding=\"async\" src=\"\/images\/patrocinadores\/sport.png\" alt=\"\" \/><\/li>\n<li><img decoding=\"async\" src=\"\/wp-content\/uploads\/2014\/02\/logos_2_01.png\" alt=\"\" \/><\/li>\n<li><img decoding=\"async\" src=\"\/wp-content\/uploads\/2015\/04\/logos_appsesor.png\" alt=\"\" \/><\/li>\n<li><img decoding=\"async\" src=\"\/wp-content\/uploads\/2014\/02\/logo_xternalia.jpg\" alt=\"\" \/><\/li>\n<li><img decoding=\"async\" src=\"\/wp-content\/uploads\/2014\/02\/logo_classiccover.jpg\" alt=\"\" \/><\/li>\n<li><img decoding=\"async\" src=\"\/wp-content\/uploads\/2014\/11\/logo_garatgeinternacional.jpg\" alt=\"\" \/><\/li>\n<li><img decoding=\"async\" src=\"\/wp-content\/uploads\/2016\/11\/logo-repeat.jpg\" alt=\"\" \/><\/li>\n<li><img decoding=\"async\" src=\"\/wp-content\/uploads\/2014\/02\/logo_nouonze.jpg\" alt=\"\" \/><\/li>\n<li><img decoding=\"async\" src=\"\/wp-content\/uploads\/2015\/03\/logo_suprametal.jpg\" alt=\"\" \/><\/li>\n<\/ul><div class=\"es-nav\"><span class=\"es-nav-prev\">Previous<\/span><span class=\"es-nav-next\">Next<\/span><\/div><\/div><\/div><\/div>\n<div class=\"title\"><h2>Informationen XIV Rally Costa Brava Hist\u00f2ric<\/h2><div class=\"title-sep-container\"><div class=\"title-sep\"><\/div><\/div><\/div>\nThe RALLY COSTA BRAVA HISTORIC will celebrate its XV edition in the marine village of Palam\u00f3s, from April 19 to 22. Scoring for the FIA \u200b\u200bRegularity Trophy, the rally will be based at Hotel Trias, and technical checks will be made at the port of La Marina de Palam\u00f3s. The route will be about 1,000 kms and 28 regularity sections, and will start at the podium of the Palam\u00f3s promenade, on Friday, April 20 at 3:00 p.m. The trophies will be presented on the same podium, on the morning of Sunday, April 22. <\/p>","protected":false},"excerpt":{"rendered":"<p>Heute die 2. Etappe mit 485 km und Neutralisationen in Viladrau und Puigcerd\u00e0 Palamos-Costa Brava, 22. April 2017.- Nach insgesamt 458 km und 14 Gleichm\u00e4\u00dfigkeits-Wertungspr\u00fcfungen mit insgesamt 229 km f\u00fcrt [&#8230;]<\/p>\n","protected":false},"author":2,"featured_media":0,"parent":0,"menu_order":0,"comment_status":"open","ping_status":"open","template":"","meta":{"om_disable_all_campaigns":false,"_monsterinsights_skip_tracking":false,"_monsterinsights_sitenote_active":false,"_monsterinsights_sitenote_note":"","_monsterinsights_sitenote_category":0,"footnotes":""},"class_list":["post-13309","page","type-page","status-publish","hentry"],"aioseo_notices":[],"_links":{"self":[{"href":"https:\/\/rallyclassics.club\/de\/wp-json\/wp\/v2\/pages\/13309","targetHints":{"allow":["GET"]}}],"collection":[{"href":"https:\/\/rallyclassics.club\/de\/wp-json\/wp\/v2\/pages"}],"about":[{"href":"https:\/\/rallyclassics.club\/de\/wp-json\/wp\/v2\/types\/page"}],"author":[{"embeddable":true,"href":"https:\/\/rallyclassics.club\/de\/wp-json\/wp\/v2\/users\/2"}],"replies":[{"embeddable":true,"href":"https:\/\/rallyclassics.club\/de\/wp-json\/wp\/v2\/comments?post=13309"}],"version-history":[{"count":31,"href":"https:\/\/rallyclassics.club\/de\/wp-json\/wp\/v2\/pages\/13309\/revisions"}],"predecessor-version":[{"id":15222,"href":"https:\/\/rallyclassics.club\/de\/wp-json\/wp\/v2\/pages\/13309\/revisions\/15222"}],"wp:attachment":[{"href":"https:\/\/rallyclassics.club\/de\/wp-json\/wp\/v2\/media?parent=13309"}],"curies":[{"name":"wp","href":"https:\/\/api.w.org\/{rel}","templated":true}]}}