{"id":16205,"date":"2018-09-24T19:43:03","date_gmt":"2018-09-24T18:43:03","guid":{"rendered":"https:\/\/www.rallyclassics.club\/66-rally-moritz-costa-brava-copy\/"},"modified":"2020-03-12T15:43:12","modified_gmt":"2020-03-12T14:43:12","slug":"67-rally-moritz-costa-brava","status":"publish","type":"page","link":"https:\/\/rallyclassics.club\/de\/67-rally-moritz-costa-brava\/","title":{"rendered":"67 Rally Moritz Costa Brava 2019"},"content":{"rendered":"<p><div class=\"title\"><h1>67 Rally Moritz Costa Brava<\/h1><div class=\"title-sep-container\"><div class=\"title-sep\"><\/div><\/div><\/div><img loading=\"lazy\" decoding=\"async\" class=\"alignnone size-full wp-image-308\" src=\"\/wp-content\/uploads\/2018\/09\/RCB67_Banner_980x300.jpg\" alt=\"67rcb980x380\" width=\"980\" height=\"380\" \/><\/p>\n<p>\t\t\t<div style=\"width:800px;height:300px;margin-bottom:10px;border:1px solid black;margin:0px auto;\">\n\t\t\t\t<div style=\"padding-left:20px;padding-right:20px;line-height:1.5;padding-top:40px;color:red;font-size:16px;text-align:left;\">\n\t\t\t\t\tRevolution Slider Fehler: Slider with alias <strong>67rcblivereults<\/strong> not found. <br><br>Maybe you mean: 'slider' or 'calltoaction' or 'PCSLIVE' or 'rcblivereults' or 'RCBSUPPORT' or 'RCBH2020Live'\t\t\t\t<\/div>\n\t\t\t<\/div>\n\t\t\t<script type=\"text\/javascript\">\n\t\t\t\tjQuery(document).ready(function(){\n\t\t\t\t\tjQuery(\".rev_slider\").show();\n\t\t\t\t});\n\t\t\t<\/script>\n\t\t\t<br \/>\n<div class=\"one_half\">\n<div class=\"title\"><h2>REGULARITY<\/h2><div class=\"title-sep-container\"><div class=\"title-sep\"><\/div><\/div><\/div>\n<p style=\"text-align: center;\"><a class=\"button-29 button large default\" title=\"\" href=\"https:\/\/www.blunik.com\/spa\/p\/news\/new\/actualidad\/results-67-rcb-2019-a.htm\" target=\"_blank\">Cpto.Espa\u00f1a Regularidad Sport<\/a>\n<p style=\"text-align: center;\"><a class=\"button-30 button large default\" title=\"\" href=\"https:\/\/www.blunik.com\/spa\/p\/news\/new\/actualidad\/results-67-rcb-2019-b.htm\" target=\"_blank\">Cpto. Espa\u00f1a Regularidad<\/a>\n<p style=\"text-align: center;\"><a class=\"button-31 button large default\" title=\"\" href=\"https:\/\/www.blunik.com\/spa\/p\/news\/new\/actualidad\/results-67-rcb-2019-c.htm\" target=\"_blank\">C. Catalunya Regularitat Super Sport<\/a>\n<p style=\"text-align: center;\"><a class=\"button-32 button large default\" title=\"\" href=\"https:\/\/www.blunik.com\/spa\/p\/news\/new\/actualidad\/results-67-rcb-2019-d.htm\" target=\"_blank\">C. Catalunya Regularitat Sport<\/a>\n<\/div>\n<div class=\"one_half last\">\n<div class=\"title\"><h2>SPORTING<\/h2><div class=\"title-sep-container\"><div class=\"title-sep\"><\/div><\/div><\/div>\n<p style=\"text-align: center;\"><a class=\"button-33 button large default\" title=\"\" href=\"https:\/\/www.atodomotor.com\/online\/2019\/costabrava\/\" target=\"_blank\">RESULTADOS VELOCIDAD<\/a>\n<p style=\"text-align: center;\"><a class=\"button-34 button large default\" title=\"\" href=\"http:\/\/www.atodomotor.com\/app\/\" target=\"_blank\">APP ATODOMOTOR<\/a>\n<p style=\"text-align: center;\"><a class=\"button-35 button large default\" title=\"\" href=\"https:\/\/play.google.com\/store\/apps\/details?id=com.kingofapp.SbdOPORfRSOBLcRLIRZBeeBT\" target=\"_blank\">APP RALLYES RFEDA<\/a>\n<\/div><div class=\"clearboth\"><\/div>\n<div class=\"title\"><h2>RallyClassicsTV<\/h2><div class=\"title-sep-container\"><div class=\"title-sep\"><\/div><\/div><\/div>\n<iframe loading=\"lazy\" src=\"https:\/\/www.youtube.com\/embed\/CrXyXCsWZjA\" width=\"560\" height=\"315\" frameborder=\"0\" allowfullscreen=\"allowfullscreen\"><\/iframe><\/p>\n<div class=\"title\"><h2>Aktuelle Nachrichten<\/h2><div class=\"title-sep-container\"><div class=\"title-sep\"><\/div><\/div><\/div> <div class=\"avada-container\"><section class=\"columns columns-2\" style=\"width:100%\"><div class=\"holder\"><article class=\"col\"><div class=\"flexslider floated-post-slideshow\"><ul class=\"slides\"><li>\n\t\t\t\t\t<a href=\"https:\/\/rallyclassics.club\/de\/los-mejores-recopilatorios-en-nuestro-canal-de-youtube\/\" rel=\"\"><img decoding=\"async\" src=\"https:\/\/rallyclassics.club\/wp-content\/uploads\/2020\/04\/Captura-de-pantalla-2020-04-04-a-las-11.17.29-700x441.png\" alt=\"Die besten Highlights auf unserem #Youtube-Kanal\" \/><\/a>\n\t\t\t\t<\/li><\/ul>\n\t\t<\/div><h4><a href=\"https:\/\/rallyclassics.club\/de\/los-mejores-recopilatorios-en-nuestro-canal-de-youtube\/\">Die besten Highlights auf unserem #Youtube-Kanal<\/a><\/h4><ul class=\"meta\"><li><em class=\"date\">4 April, 2020<\/em><\/li><\/ul><p><div class=\"excerpt-container\"><p>Denken Sie daran, dass Sie auf unserem #Youtube-Kanal Inhalte mit unseren besten Momenten finden: [&#8230;]<\/p>\n<\/div><\/p><\/article><article class=\"col\"><div class=\"flexslider floated-post-slideshow\"><ul class=\"slides\"><li>\n\t\t\t\t\t<a href=\"https:\/\/rallyclassics.club\/de\/los-mejores-momentos-del-67-rally-costa-brava\/\" rel=\"\"><img decoding=\"async\" src=\"https:\/\/rallyclassics.club\/wp-content\/uploads\/2020\/04\/albert-salmoral-700x441.jpg\" alt=\"Die besten Momente der 67. Rally Costa Brava\" \/><\/a>\n\t\t\t\t<\/li><\/ul>\n\t\t<\/div><h4><a href=\"https:\/\/rallyclassics.club\/de\/los-mejores-momentos-del-67-rally-costa-brava\/\">Die besten Momente der 67. Rally Costa Brava<\/a><\/h4><ul class=\"meta\"><li><em class=\"date\">1 April, 2020<\/em><\/li><\/ul><p><div class=\"excerpt-container\"><p>Das #Rallyclassics-Team hat sich bem\u00fcht, die folgenden drei kompletten Reportagen f\u00fcr Sie zusammenzustellen. ? [&#8230;]<\/p>\n<\/div><\/p><\/article><\/div><\/section><\/div>\n<div class=\"title\"><h2>Partners<\/h2><div class=\"title-sep-container\"><div class=\"title-sep\"><\/div><\/div><\/div>\n<div class=\"related-posts related-projects clientslider-container\"><div id=\"carousel\" class=\"clients-carousel es-carousel-wrapper\"><div class=\"es-carousel\"><ul>\n<li><img decoding=\"async\" src=\"\/wp-content\/uploads\/2014\/02\/Girona2_130x65.jpg\" alt=\"\" \/><\/li>\n<li><img decoding=\"async\" src=\"\/wp-content\/uploads\/2018\/11\/moritz_150x100.jpg\" alt=\"\" \/><\/li>\n<li><img decoding=\"async\" src=\"\/wp-content\/uploads\/2014\/02\/Untitled-3_02.png\" alt=\"\" \/><\/li>\n<li><img decoding=\"async\" src=\"\/wp-content\/uploads\/2014\/02\/logos_02.png\" alt=\"\" \/><\/li>\n<li><img decoding=\"async\" src=\"\/wp-content\/uploads\/2014\/02\/Untitled-3_01.png\" alt=\"\" \/><\/li>\n<li><img decoding=\"async\" src=\"\/wp-content\/uploads\/2019\/02\/catalunya.jpg\" alt=\"\" \/><\/li>\n<li><img decoding=\"async\" src=\"\/images\/patrocinadores\/ultonia.png\" alt=\"\" \/><\/li>\n<li><img decoding=\"async\" src=\"\/images\/patrocinadores\/blunik.png\" alt=\"\" \/><\/li>\n<li><img decoding=\"async\" src=\"\/images\/patrocinadores\/sport.png\" alt=\"\" \/><\/li>\n<li><img decoding=\"async\" src=\"\/images\/patrocinadores\/garatgeinternacional.jpg\" alt=\"\" \/><\/li>\n<li><img decoding=\"async\" src=\"\/wp-content\/uploads\/2016\/11\/logo-repeat.jpg\" alt=\"\" \/><\/li>\n<li><img decoding=\"async\" src=\"\/images\/patrocinadores\/classiccover.jpg\" alt=\"\" \/><\/li>\n<li><img decoding=\"async\" src=\"\/images\/patrocinadores\/xternalia.jpg\" alt=\"\" \/><\/li>\n<li><img decoding=\"async\" src=\"\/images\/patrocinadores\/appsesor.png\" alt=\"\" \/><\/li>\n<li><img decoding=\"async\" src=\"\/images\/patrocinadores\/suprametal.jpg\" alt=\"\" \/><\/li>\n<li><img decoding=\"async\" src=\"\/wp-content\/uploads\/2014\/02\/CocaCola_100x50.jpg\" alt=\"\" \/><\/li>\n<\/ul><div class=\"es-nav\"><span class=\"es-nav-prev\">Previous<\/span><span class=\"es-nav-next\">Next<\/span><\/div><\/div><\/div><\/div>\n<div class=\"title\"><h2>Informationen Rally Moritz Costa Brava<\/h2><div class=\"title-sep-container\"><div class=\"title-sep\"><\/div><\/div><\/div> The Costa Brava Moritz Rally is the oldest in Spain, and the one with the most passions, because of its history, and because of the excitement with which the national and foreign teams live. Scored for the European Historic Rally Championship, the Costa Brava Rally FIA meets every year a hundred teams with magnificent machines from the best periods of the European Championship.<\/p>","protected":false},"excerpt":{"rendered":"<p>Das #Rallyclassics-Team hat sich bem\u00fcht, die folgenden drei kompletten Reportagen f\u00fcr Sie zusammenzustellen. ? Genie\u00dfen Sie die besten Momente der 67. Rally Costa Brava. Originaler Sound f\u00fcr maximalen Genuss. ? [&#8230;]<\/p>\n","protected":false},"author":2,"featured_media":0,"parent":0,"menu_order":0,"comment_status":"open","ping_status":"open","template":"","meta":{"om_disable_all_campaigns":false,"_monsterinsights_skip_tracking":false,"_monsterinsights_sitenote_active":false,"_monsterinsights_sitenote_note":"","_monsterinsights_sitenote_category":0,"footnotes":""},"class_list":["post-16205","page","type-page","status-publish","hentry"],"aioseo_notices":[],"_links":{"self":[{"href":"https:\/\/rallyclassics.club\/de\/wp-json\/wp\/v2\/pages\/16205","targetHints":{"allow":["GET"]}}],"collection":[{"href":"https:\/\/rallyclassics.club\/de\/wp-json\/wp\/v2\/pages"}],"about":[{"href":"https:\/\/rallyclassics.club\/de\/wp-json\/wp\/v2\/types\/page"}],"author":[{"embeddable":true,"href":"https:\/\/rallyclassics.club\/de\/wp-json\/wp\/v2\/users\/2"}],"replies":[{"embeddable":true,"href":"https:\/\/rallyclassics.club\/de\/wp-json\/wp\/v2\/comments?post=16205"}],"version-history":[{"count":54,"href":"https:\/\/rallyclassics.club\/de\/wp-json\/wp\/v2\/pages\/16205\/revisions"}],"predecessor-version":[{"id":23891,"href":"https:\/\/rallyclassics.club\/de\/wp-json\/wp\/v2\/pages\/16205\/revisions\/23891"}],"wp:attachment":[{"href":"https:\/\/rallyclassics.club\/de\/wp-json\/wp\/v2\/media?parent=16205"}],"curies":[{"name":"wp","href":"https:\/\/api.w.org\/{rel}","templated":true}]}}