{"id":16725,"date":"2018-11-05T13:34:20","date_gmt":"2018-11-05T12:34:20","guid":{"rendered":"https:\/\/www.rallyclassics.club\/xv-rally-costa-brava-historic-copy\/"},"modified":"2019-02-05T19:37:03","modified_gmt":"2019-02-05T18:37:03","slug":"xvi-rally-costa-brava-historic","status":"publish","type":"page","link":"https:\/\/rallyclassics.club\/de\/xvi-rally-costa-brava-historic\/","title":{"rendered":"XVI Rally Costa Brava Hist\u00f2ric"},"content":{"rendered":"<p><div class=\"title\"><h1>XVI Rally Costa Brava Hist\u00f2ric<\/h1><div class=\"title-sep-container\"><div class=\"title-sep\"><\/div><\/div><\/div><img loading=\"lazy\" decoding=\"async\" class=\"aligncenter size-full wp-image-2147\" src=\"\/wp-content\/uploads\/2018\/11\/xvi_rcbh_980x300.jpg\" alt=\"xiii_rcbh2015_980x300\" width=\"980\" height=\"300\"\/><br \/>\n<div class=\"title\"><h2>Last News XVI Rally Costa Brava Hist\u00f2ric<\/h2><div class=\"title-sep-container\"><div class=\"title-sep\"><\/div><\/div><\/div> <div class=\"avada-container\"><section class=\"columns columns-2\" style=\"width:100%\"><div class=\"holder\"><article class=\"col\"><div class=\"flexslider floated-post-slideshow\"><ul class=\"slides\"><li>\n\t\t\t\t\t<a href=\"https:\/\/rallyclassics.club\/de\/recordamos-el-xvi-rally-costa-brava-historic\/\" rel=\"\"><img decoding=\"async\" src=\"https:\/\/rallyclassics.club\/wp-content\/uploads\/PORTDA-700x441.jpg\" alt=\"Wir erinnern uns an die XVI. Rally Costa Brava Hist\u00f2ric\" \/><\/a>\n\t\t\t\t<\/li><\/ul>\n\t\t<\/div><h4><a href=\"https:\/\/rallyclassics.club\/de\/recordamos-el-xvi-rally-costa-brava-historic\/\">Wir erinnern uns an die XVI. Rally Costa Brava Hist\u00f2ric<\/a><\/h4><ul class=\"meta\"><li><em class=\"date\">29 Mai, 2020<\/em><\/li><\/ul><p><div class=\"excerpt-container\"><p>Wir k\u00f6nnen es kaum noch erwarten, wieder eine aufregende Rallye zu erleben, nicht wahr? [&#8230;]<\/p>\n<\/div><\/p><\/article><article class=\"col\"><div class=\"flexslider floated-post-slideshow\"><ul class=\"slides\"><li>\n\t\t\t\t\t<a href=\"https:\/\/rallyclassics.club\/de\/xvii-rally-costa-brava-historic-en-5-meses\/\" rel=\"\"><img decoding=\"async\" src=\"https:\/\/rallyclassics.club\/wp-content\/uploads\/2020\/05\/Captura-de-pantalla-2020-05-16-a-las-10.36.20-700x441.png\" alt=\"XVII. Rally Costa Brava Hist\u00f2ric in 5 Monaten!\" \/><\/a>\n\t\t\t\t<\/li><\/ul>\n\t\t<\/div><h4><a href=\"https:\/\/rallyclassics.club\/de\/xvii-rally-costa-brava-historic-en-5-meses\/\">XVII. Rally Costa Brava Hist\u00f2ric in 5 Monaten!<\/a><\/h4><ul class=\"meta\"><li><em class=\"date\">16 Mai, 2020<\/em><\/li><\/ul><p><div class=\"excerpt-container\"><p>Palam\u00f3s beherbergt vom 15. bis 18. Oktober die XVII. Auflage der Rally Costa Brava [&#8230;]<\/p>\n<\/div><\/p><\/article><\/div><\/section><\/div>\n<div class=\"title\"><h2>RallyClassics TV<\/h2><div class=\"title-sep-container\"><div class=\"title-sep\"><\/div><\/div><\/div>\n<p><iframe id=\"ytplayer\" type=\"text\/html\" width=\"560\" height=\"315\"\nsrc=\"https:\/\/www.youtube.com\/embed\/AJ6zvCK4rzs?disablekb=1&#038;enablejsapi=1\"\nframeborder=\"0\" allowfullscreen><\/iframe><\/p>\n<div class=\"title\"><h2>Sponsors XVI Rally Costa Brava Hist\u00f2ric<\/h2><div class=\"title-sep-container\"><div class=\"title-sep\"><\/div><\/div><\/div>\n<div class=\"related-posts related-projects clientslider-container\"><div id=\"carousel\" class=\"clients-carousel es-carousel-wrapper\"><div class=\"es-carousel\"><ul>\n<li><img decoding=\"async\" src=\"\/wp-content\/uploads\/2016\/11\/visit.jpg\" alt=\"\" \/><\/li>\n<li><img decoding=\"async\" src=\"\/wp-content\/uploads\/2016\/11\/palamos-gastronomia.jpg\" alt=\"\" \/><\/li>\n<li><img decoding=\"async\" src=\"\/wp-content\/uploads\/2016\/11\/palamos.jpg\" alt=\"\" \/><\/li>\n<li><img decoding=\"async\" src=\"\/wp-content\/uploads\/2014\/02\/logos_02.png\" alt=\"\" \/><\/li>\n<li><img decoding=\"async\" src=\"\/wp-content\/uploads\/2014\/02\/Untitled-3_02.png\" alt=\"\" \/><\/li>\n<li><img decoding=\"async\" src=\"\/wp-content\/uploads\/2019\/02\/catalunya.jpg\" alt=\"\" \/><\/li>\n<li><img decoding=\"async\" src=\"\/wp-content\/uploads\/2018\/11\/moritz_150x100.jpg\" alt=\"\" \/><\/li>\n<li><img decoding=\"async\" src=\"\/images\/patrocinadores\/sport.png\" alt=\"\" \/><\/li>\n<li><img decoding=\"async\" src=\"\/wp-content\/uploads\/2014\/02\/logos_2_01.png\" alt=\"\" \/><\/li>\n<li><img decoding=\"async\" src=\"\/wp-content\/uploads\/2015\/04\/logos_appsesor.png\" alt=\"\" \/><\/li>\n<li><img decoding=\"async\" src=\"\/wp-content\/uploads\/2014\/02\/logo_xternalia.jpg\" alt=\"\" \/><\/li>\n<li><img decoding=\"async\" src=\"\/wp-content\/uploads\/2014\/02\/logo_classiccover.jpg\" alt=\"\" \/><\/li>\n<li><img decoding=\"async\" src=\"\/wp-content\/uploads\/2014\/11\/logo_garatgeinternacional.jpg\" alt=\"\" \/><\/li>\n<li><img decoding=\"async\" src=\"\/wp-content\/uploads\/2016\/11\/logo-repeat.jpg\" alt=\"\" \/><\/li>\n<li><img decoding=\"async\" src=\"\/wp-content\/uploads\/2014\/02\/logo_nouonze.jpg\" alt=\"\" \/><\/li>\n<li><img decoding=\"async\" src=\"\/wp-content\/uploads\/2015\/03\/logo_suprametal.jpg\" alt=\"\" \/><\/li>\n<\/ul><div class=\"es-nav\"><span class=\"es-nav-prev\">Previous<\/span><span class=\"es-nav-next\">Next<\/span><\/div><\/div><\/div><\/div>\n<div class=\"title\"><h2>Information of the XVI Rally Costa Brava Hist\u00f2ric<\/h2><div class=\"title-sep-container\"><div class=\"title-sep\"><\/div><\/div><\/div>\nThe RALLY COSTA BRAVA HISTORIC will celebrate its XVI edition in the marine village of Palam\u00f3s, from April 25 to 28, 2019. Scoring for the FIA Regularity Trophy, the regularity rally of classics will have its base in the Hotel Tr\u00edas, and the technical verifications will be made in the port of La Marina de Palam\u00f3s. The route will be about 1,000 kms, and will start at the podium of the Palam\u00f3s promenade, Friday, April 28, 2019 at 3:00 p.m. The trophies will be presented on the same podium, on the morning of Sunday, April 28, 2019.<\/p>","protected":false},"excerpt":{"rendered":"<p>Palam\u00f3s beherbergt vom 15. bis 18. Oktober die XVII. Auflage der Rally Costa Brava Hist\u00f2ric.? Als wichtigste Neuigkeit wird der Prolog am Donnerstagabend, den 15. ausgetragen, au\u00dferdem werden selbstverst\u00e4ndlich s\u00e4mtliche [&#8230;]<\/p>\n","protected":false},"author":2,"featured_media":0,"parent":0,"menu_order":0,"comment_status":"open","ping_status":"open","template":"","meta":{"om_disable_all_campaigns":false,"_monsterinsights_skip_tracking":false,"_monsterinsights_sitenote_active":false,"_monsterinsights_sitenote_note":"","_monsterinsights_sitenote_category":0,"footnotes":""},"class_list":["post-16725","page","type-page","status-publish","hentry"],"aioseo_notices":[],"_links":{"self":[{"href":"https:\/\/rallyclassics.club\/de\/wp-json\/wp\/v2\/pages\/16725","targetHints":{"allow":["GET"]}}],"collection":[{"href":"https:\/\/rallyclassics.club\/de\/wp-json\/wp\/v2\/pages"}],"about":[{"href":"https:\/\/rallyclassics.club\/de\/wp-json\/wp\/v2\/types\/page"}],"author":[{"embeddable":true,"href":"https:\/\/rallyclassics.club\/de\/wp-json\/wp\/v2\/users\/2"}],"replies":[{"embeddable":true,"href":"https:\/\/rallyclassics.club\/de\/wp-json\/wp\/v2\/comments?post=16725"}],"version-history":[{"count":23,"href":"https:\/\/rallyclassics.club\/de\/wp-json\/wp\/v2\/pages\/16725\/revisions"}],"predecessor-version":[{"id":16877,"href":"https:\/\/rallyclassics.club\/de\/wp-json\/wp\/v2\/pages\/16725\/revisions\/16877"}],"wp:attachment":[{"href":"https:\/\/rallyclassics.club\/de\/wp-json\/wp\/v2\/media?parent=16725"}],"curies":[{"name":"wp","href":"https:\/\/api.w.org\/{rel}","templated":true}]}}