{"id":177,"date":"2014-02-13T09:17:00","date_gmt":"2014-02-13T09:17:00","guid":{"rendered":"https:\/\/www.rallyclassics.club\/classic-series-2\/"},"modified":"2015-07-08T18:57:55","modified_gmt":"2015-07-08T16:57:55","slug":"rally-costa-brava-historic","status":"publish","type":"page","link":"https:\/\/rallyclassics.club\/de\/rally-costa-brava-historic\/","title":{"rendered":"Rallye Costa Brava Hist\u00f2ric"},"content":{"rendered":"<p><div class=\"title\"><h1> XI Rallye Costa Brava Hist\u00f2ric \u2013 2.\/5. Oktober<\/h1><div class=\"title-sep-container\"><div class=\"title-sep\"><\/div><\/div><\/div><img loading=\"lazy\" decoding=\"async\" width=\"980\" height=\"380\" class=\"alignnone size-full wp-image-405\" src=\"https:\/\/www.rallyclassics.club\/wp-content\/uploads\/2014\/02\/xircbh980x380.jpg\" alt=\"xircbh980x380\" srcset=\"https:\/\/rallyclassics.club\/wp-content\/uploads\/2014\/02\/xircbh980x380.jpg 980w, https:\/\/rallyclassics.club\/wp-content\/uploads\/2014\/02\/xircbh980x380-300x116.jpg 300w\" sizes=\"auto, (max-width: 980px) 100vw, 980px\" \/><\/p>\n<div class=\"title\"><h2>Aktuelle Nachrichten von der Rallye Costa Brava Hist\u00f2ric<\/h2><div class=\"title-sep-container\"><div class=\"title-sep\"><\/div><\/div><\/div> <div class=\"avada-container\"><section class=\"columns columns-2\" style=\"width:100%\"><div class=\"holder\"><article class=\"col\"><div class=\"flexslider floated-post-slideshow\"><ul class=\"slides\"><li>\n\t\t\t\t\t<a href=\"https:\/\/rallyclassics.club\/de\/palamos-nueva-sede-del-rally-costa-brava-historic\/\" rel=\"\"><img decoding=\"async\" src=\"https:\/\/rallyclassics.club\/wp-content\/uploads\/2016\/10\/PA010073-700x441.jpg\" alt=\"Palam\u00f3s, neuer Sitz der Rally Costa Brava Hist\u00f2ric\" \/><\/a>\n\t\t\t\t<\/li><\/ul>\n\t\t<\/div><h4><a href=\"https:\/\/rallyclassics.club\/de\/palamos-nueva-sede-del-rally-costa-brava-historic\/\">Palam\u00f3s, neuer Sitz der Rally Costa Brava Hist\u00f2ric<\/a><\/h4><ul class=\"meta\"><li><em class=\"date\">11 Oktober, 2016<\/em><\/li><\/ul><p><div class=\"excerpt-container\"><p>Dieses im April stattfindende Autorennen ist f\u00fcr die europ\u00e4ische Meisterschaft dieser Kategorie relevant und [&#8230;]<\/p>\n<\/div><\/p><\/article><article class=\"col\"><div class=\"flexslider floated-post-slideshow\"><ul class=\"slides\"><li>\n\t\t\t\t\t<a href=\"https:\/\/rallyclassics.club\/de\/lloret-de-mar-y-el-rally-costa-brava-admirados-en-el-extranjero\/\" rel=\"\"><img decoding=\"async\" src=\"https:\/\/rallyclassics.club\/wp-content\/uploads\/2016\/03\/lloret2-700x441.jpg\" alt=\"LLORET DE MAR UND DIE RALLYE COSTA BRAVA IM AUSLAND BELIEBT\" \/><\/a>\n\t\t\t\t<\/li><\/ul>\n\t\t<\/div><h4><a href=\"https:\/\/rallyclassics.club\/de\/lloret-de-mar-y-el-rally-costa-brava-admirados-en-el-extranjero\/\">LLORET DE MAR UND DIE RALLYE COSTA BRAVA IM AUSLAND BELIEBT<\/a><\/h4><ul class=\"meta\"><li><em class=\"date\">21 M\u00e4rz, 2016<\/em><\/li><\/ul><p><div class=\"excerpt-container\"><p>Lloret de Mar war anl\u00e4sslich der 13. Rallye Costa Brava Hist\u00f2ric erneut Welthauptstadt der [&#8230;]<\/p>\n<\/div><\/p><\/article><\/div><\/section><\/div>\n<div class=\"title\"><h2>Video der Rallye Costa Brava Hist\u00f2ric<\/h2><div class=\"title-sep-container\"><div class=\"title-sep\"><\/div><\/div><\/div>\n<p><iframe loading=\"lazy\" width=\"500\" height=\"281\" src=\"\/\/www.youtube.com\/embed\/QJzltFx6lic?rel=0\" frameborder=\"0\" allowfullscreen><\/iframe><\/p>\n<div class=\"title\"><h2>Sponsoren der Rallye Costa Brava Hist\u00f2ric<\/h2><div class=\"title-sep-container\"><div class=\"title-sep\"><\/div><\/div><\/div> <div class=\"related-posts related-projects clientslider-container\"><div id=\"carousel\" class=\"clients-carousel es-carousel-wrapper\"><div class=\"es-carousel\"><ul><li><a href=\"#\" target=\"_self\"><img decoding=\"async\" src=\"https:\/\/www.rallyclassics.club\/wp-content\/uploads\/2014\/07\/tricentenari.jpg\" alt=\"\" \/><\/a><\/li><li><a href=\"#\" target=\"_self\"><img decoding=\"async\" src=\"https:\/\/www.rallyclassics.club\/wp-content\/uploads\/2014\/02\/logos_01.png\" alt=\"\" \/><\/a><\/li><li><a href=\"#\" target=\"_self\"><img decoding=\"async\" src=\"https:\/\/www.rallyclassics.club\/wp-content\/uploads\/2014\/02\/logos_02.png\" alt=\"\" \/><\/a><\/li><li><a href=\"#\" target=\"_self\"><img decoding=\"async\" src=\"https:\/\/www.rallyclassics.club\/wp-content\/uploads\/2014\/02\/Untitled-3_02.png\" alt=\"\" \/><\/a><\/li><li><a href=\"#\" target=\"_self\"><img decoding=\"async\" src=\"https:\/\/www.rallyclassics.club\/wp-content\/uploads\/2014\/02\/logos_2_01.png\" alt=\"\" \/><\/a><\/li><\/ul><div class=\"es-nav\"><span class=\"es-nav-prev\">Previous<\/span><span class=\"es-nav-next\">Next<\/span><\/div><\/div><\/div><\/div> <div class=\"title\"><h2>Informationen zur Rallye Costa Brava Hist\u00f2ric<\/h2><div class=\"title-sep-container\"><div class=\"title-sep\"><\/div><\/div><\/div> Anmeldungen zur XI. RALLYE COSTA BRAVA HIST\u00d2RIC k\u00f6nnen vom 5. Mai bis 24. September vorgenommen werden. Wieder eine schwierige Rallye, ann\u00e4hernd 1.500 km in 4 Etappen, gef\u00fcllt mit unvergesslichen Details. F\u00fcr diesen Event haben sich die Veranstalter einige Neuigkeiten einfallen lassen, wie beispielsweise den Wechsel des Hauptquartiers, das jetzt im 5-Sterne-Hotel Rigat untergebracht ist, wo es am Samstagabend ein abschlie\u00dfendes Festbankett geben wird. Eine weitere Neuigkeit ist ein erneutes Treffen mit Abendessen in Barcelona, am Samstag, dem 4. Der gastronomische Hochgenuss ist dabei wieder gesichert, mit dem schon traditionellen Besuch eines mit Michelin-Stern ausgezeichneten Restaurants. Und das Vergn\u00fcgen wird ein weiterer Bestandteil dieses Events sein, mit verschiedenen Ausfl\u00fcgen, und dem unvergesslichen und festlichen Ambiente, mit Shows und Live-Musik, das im Ort genossen werden kann.<\/p>","protected":false},"excerpt":{"rendered":"<p>Lloret de Mar war anl\u00e4sslich der 13. Rallye Costa Brava Hist\u00f2ric erneut Welthauptstadt der Motoren. Diese Rallye ist eines von den ausl\u00e4ndischen Teilnehmern meist gesch\u00e4tzten Rennen, da sie es mit [&#8230;]<\/p>\n","protected":false},"author":2,"featured_media":0,"parent":0,"menu_order":0,"comment_status":"open","ping_status":"open","template":"","meta":{"om_disable_all_campaigns":false,"_monsterinsights_skip_tracking":false,"_monsterinsights_sitenote_active":false,"_monsterinsights_sitenote_note":"","_monsterinsights_sitenote_category":0,"footnotes":""},"class_list":["post-177","page","type-page","status-publish","hentry"],"aioseo_notices":[],"_links":{"self":[{"href":"https:\/\/rallyclassics.club\/de\/wp-json\/wp\/v2\/pages\/177","targetHints":{"allow":["GET"]}}],"collection":[{"href":"https:\/\/rallyclassics.club\/de\/wp-json\/wp\/v2\/pages"}],"about":[{"href":"https:\/\/rallyclassics.club\/de\/wp-json\/wp\/v2\/types\/page"}],"author":[{"embeddable":true,"href":"https:\/\/rallyclassics.club\/de\/wp-json\/wp\/v2\/users\/2"}],"replies":[{"embeddable":true,"href":"https:\/\/rallyclassics.club\/de\/wp-json\/wp\/v2\/comments?post=177"}],"version-history":[{"count":4,"href":"https:\/\/rallyclassics.club\/de\/wp-json\/wp\/v2\/pages\/177\/revisions"}],"predecessor-version":[{"id":6372,"href":"https:\/\/rallyclassics.club\/de\/wp-json\/wp\/v2\/pages\/177\/revisions\/6372"}],"wp:attachment":[{"href":"https:\/\/rallyclassics.club\/de\/wp-json\/wp\/v2\/media?parent=177"}],"curies":[{"name":"wp","href":"https:\/\/api.w.org\/{rel}","templated":true}]}}