{"id":183,"date":"2014-02-13T09:17:00","date_gmt":"2014-02-13T09:17:00","guid":{"rendered":"https:\/\/www.rallyclassics.club\/rallye-hivern-viladrau-2\/"},"modified":"2014-12-12T14:15:21","modified_gmt":"2014-12-12T12:15:21","slug":"volta-catalunya","status":"publish","type":"page","link":"https:\/\/rallyclassics.club\/de\/volta-catalunya\/","title":{"rendered":"Volta Catalunya"},"content":{"rendered":"<p><div class=\"title\"><h1>XXX Volta Catalunya \u2013 13.\/15. Juni<\/h1><div class=\"title-sep-container\"><div class=\"title-sep\"><\/div><\/div><\/div><img loading=\"lazy\" decoding=\"async\" class=\"alignnone size-full wp-image-305\" src=\"https:\/\/www.rallyclassics.club\/wp-content\/uploads\/2014\/02\/xxx_volta_980x380.jpg\" alt=\"xxx_volta_980x380\" width=\"980\" height=\"380\" srcset=\"https:\/\/rallyclassics.club\/wp-content\/uploads\/2014\/02\/xxx_volta_980x380.jpg 980w, https:\/\/rallyclassics.club\/wp-content\/uploads\/2014\/02\/xxx_volta_980x380-300x116.jpg 300w\" sizes=\"auto, (max-width: 980px) 100vw, 980px\" \/>&nbsp;<div class=\"title\"><h2>Neues von der Volta Catalunya<\/h2><div class=\"title-sep-container\"><div class=\"title-sep\"><\/div><\/div><\/div> <div class=\"avada-container\"><section class=\"columns columns-2\" style=\"width:100%\"><div class=\"holder\"><article class=\"col\"><div class=\"flexslider floated-post-slideshow\"><ul class=\"slides\"><li>\n\t\t\t\t\t<a href=\"https:\/\/rallyclassics.club\/de\/chopard-gentlemen-rally-un-nuevo-evento-con-mucha-clase\/\" rel=\"\"><img decoding=\"async\" src=\"https:\/\/rallyclassics.club\/wp-content\/uploads\/2018\/05\/1c5fdf12-4b3f-4753-90f6-48a179c5a286-1-700x441.jpg\" alt=\"Chopard Gentlemen Rally: un nuevo evento con mucha clase\" \/><\/a>\n\t\t\t\t<\/li><\/ul>\n\t\t<\/div><h4><a href=\"https:\/\/rallyclassics.club\/de\/chopard-gentlemen-rally-un-nuevo-evento-con-mucha-clase\/\">Chopard Gentlemen Rally: un nuevo evento con mucha clase<\/a><\/h4><ul class=\"meta\"><li><em class=\"date\">27 Mai, 2018<\/em><\/li><\/ul><p><div class=\"excerpt-container\"><\/div><\/p><\/article><article class=\"col\"><div class=\"flexslider floated-post-slideshow\"><ul class=\"slides\"><li>\n\t\t\t\t\t<a href=\"https:\/\/rallyclassics.club\/de\/classic-car-festival-en-la-volta-catalunya\/\" rel=\"\"><img decoding=\"async\" src=\"https:\/\/rallyclassics.club\/wp-content\/uploads\/2018\/05\/4t_ClassicCarFestival_B-700x441.jpg\" alt=\"Classic Car Festival en el Chopard Gentlemen Rally\" \/><\/a>\n\t\t\t\t<\/li><\/ul>\n\t\t<\/div><h4><a href=\"https:\/\/rallyclassics.club\/de\/classic-car-festival-en-la-volta-catalunya\/\">Classic Car Festival en el Chopard Gentlemen Rally<\/a><\/h4><ul class=\"meta\"><li><em class=\"date\">23 Mai, 2018<\/em><\/li><\/ul><p><div class=\"excerpt-container\"><\/div><\/p><\/article><\/div><\/section><\/div><div class=\"title\"><h2>Informationen zur Volta Catalunya<\/h2><div class=\"title-sep-container\"><div class=\"title-sep\"><\/div><\/div><\/div> Die 30ste VOLTA CATALUNYA findet in der sch\u00f6nen Ortschaft Ll\u00edvia statt. Der kleine Ort wird sich f\u00fcr dieses Event ins Zeug legen, damit die Teilnehmer diese Veranstaltung, die vom Tourismus und der Gastronomie gepr\u00e4gte Volta, vollauf genie\u00dfen k\u00f6nnen. Die auf 25 Teilnehmer beschr\u00e4nkte Rallye hat ihren St\u00fctzpunkt im Hotel Bernat de So. F\u00fcr Informationen und Reservierungen klicken Sie <em><strong><a title=\"Hotel Bernat de So - Ll\u00edvia\" href=\"http:\/\/www.hotelbernatdeso.com\/es\/hotel.php\" target=\"_blank\">hier. <\/a><\/strong><\/em><br \/>\n<\/p>","protected":false},"excerpt":{"rendered":"","protected":false},"author":2,"featured_media":0,"parent":0,"menu_order":0,"comment_status":"open","ping_status":"open","template":"","meta":{"om_disable_all_campaigns":false,"_monsterinsights_skip_tracking":false,"_monsterinsights_sitenote_active":false,"_monsterinsights_sitenote_note":"","_monsterinsights_sitenote_category":0,"footnotes":""},"class_list":["post-183","page","type-page","status-publish","hentry"],"aioseo_notices":[],"_links":{"self":[{"href":"https:\/\/rallyclassics.club\/de\/wp-json\/wp\/v2\/pages\/183","targetHints":{"allow":["GET"]}}],"collection":[{"href":"https:\/\/rallyclassics.club\/de\/wp-json\/wp\/v2\/pages"}],"about":[{"href":"https:\/\/rallyclassics.club\/de\/wp-json\/wp\/v2\/types\/page"}],"author":[{"embeddable":true,"href":"https:\/\/rallyclassics.club\/de\/wp-json\/wp\/v2\/users\/2"}],"replies":[{"embeddable":true,"href":"https:\/\/rallyclassics.club\/de\/wp-json\/wp\/v2\/comments?post=183"}],"version-history":[{"count":2,"href":"https:\/\/rallyclassics.club\/de\/wp-json\/wp\/v2\/pages\/183\/revisions"}],"predecessor-version":[{"id":2088,"href":"https:\/\/rallyclassics.club\/de\/wp-json\/wp\/v2\/pages\/183\/revisions\/2088"}],"wp:attachment":[{"href":"https:\/\/rallyclassics.club\/de\/wp-json\/wp\/v2\/media?parent=183"}],"curies":[{"name":"wp","href":"https:\/\/api.w.org\/{rel}","templated":true}]}}