{"id":21082,"date":"2019-08-27T19:25:51","date_gmt":"2019-08-27T18:25:51","guid":{"rendered":"https:\/\/www.rallyclassics.club\/6hendurlarity2018-copy\/"},"modified":"2019-09-04T23:05:20","modified_gmt":"2019-09-04T22:05:20","slug":"6hendurlarity2019","status":"publish","type":"page","link":"https:\/\/rallyclassics.club\/de\/6hendurlarity2019\/","title":{"rendered":"6h Endurlarity 2019 &#8211; 6 Hours of Resistance and Regularity in circuit for classic cars"},"content":{"rendered":"<p><div class=\"title\"><h1>6h ENDURLARITY Parcmotor 2019<\/h1><div class=\"title-sep-container\"><div class=\"title-sep\"><\/div><\/div><\/div>\n<img loading=\"lazy\" decoding=\"async\" class=\"alignnone size-full wp-image-301\" src=\"\/wp-content\/uploads\/2019\/09\/6h_endurlarity2019_Parcmotor_16nov_980x300B.jpg\" alt=\"ClassicSeries2018\" width=\"1687\" height=\"1181\" \/><\/p>\n<p><center><br \/>\n<div class=\"title\"><h2>LIVE RESULTS<\/h2><div class=\"title-sep-container\"><div class=\"title-sep\"><\/div><\/div><\/div>\n<div class=\"one_half\">\n<a class=\"button-9 button large default\" title=\"\" href=\"http:\/\/crono.rallyclassics.net\/Default2.aspx\" target=\"_self\">Vuelta a Vuelta<\/a>\n<\/div>\n<div class=\"one_half last\">\n<a class=\"button-10 button large default\" title=\"\" href=\"http:\/\/crono.rallyclassics.net\/Default3.aspx\" target=\"_self\">Clasificacion General<\/a>\n<\/div><div class=\"clearboth\"><\/div>\n<\/center><br \/>\n&nbsp;<br \/>\n<\/p>\n<div class=\"title\"><h2>News about 6h EndurLarity<\/h2><div class=\"title-sep-container\"><div class=\"title-sep\"><\/div><\/div><\/div>\n<div class=\"avada-container\"><section class=\"columns columns-2\" style=\"width:100%\"><div class=\"holder\"><article class=\"col\"><div class=\"flexslider floated-post-slideshow\"><ul class=\"slides\"><li>\n\t\t\t\t\t<a href=\"https:\/\/rallyclassics.club\/de\/llegan-las-6h-endurlarity-by-rallyclassics-el-16-de-noviembre-en-parcmotor\/\" rel=\"\"><img decoding=\"async\" src=\"https:\/\/rallyclassics.club\/wp-content\/uploads\/2019\/10\/unnamed-3-700x441.jpg\" alt=\"Llegan las 6h EndurLarity by RallyClassics, el 16 de noviembre en Parcmotor\" \/><\/a>\n\t\t\t\t<\/li><\/ul>\n\t\t<\/div><h4><a href=\"https:\/\/rallyclassics.club\/de\/llegan-las-6h-endurlarity-by-rallyclassics-el-16-de-noviembre-en-parcmotor\/\">Llegan las 6h EndurLarity by RallyClassics, el 16 de noviembre en Parcmotor<\/a><\/h4><ul class=\"meta\"><li><em class=\"date\">28 Oktober, 2019<\/em><\/li><\/ul><p><div class=\"excerpt-container\"><blockquote class=\"wp-embedded-content\" data-secret=\"F2YFMET9bg\"><p><a href=\"https:\/\/www.rallyclassics.club\/en\/6hendurlarity2019\/\">6h Endurlarity 2019 &#8211; 6 Hours of Resistance and Regularity in circuit for classic cars<\/a><\/p><\/blockquote>\n<p><iframe loading=\"lazy\" title=\"&#8220;6h Endurlarity 2019 &#8211; 6 Hours of Resistance and Regularity in circuit for classic cars&#8221; &#8212; RallyClassics | RallyClassics.org Official website\" class=\"wp-embedded-content\" sandbox=\"allow-scripts\" security=\"restricted\" style=\"position: absolute; clip: rect(1px, 1px, 1px, 1px);\" src=\"https:\/\/www.rallyclassics.club\/en\/6hendurlarity2019\/embed\/#?secret=F2YFMET9bg\" data-secret=\"F2YFMET9bg\" width=\"600\" height=\"338\" frameborder=\"0\" marginwidth=\"0\" marginheight=\"0\" scrolling=\"no\"><\/iframe><\/p>\n<\/div><\/p><\/article><article class=\"col\"><div class=\"flexslider floated-post-slideshow\"><ul class=\"slides\"><li>\n\t\t\t\t\t<a href=\"https:\/\/rallyclassics.club\/de\/carles-miro-brilla-en-todas-las-especialidades\/\" rel=\"\"><img decoding=\"async\" src=\"https:\/\/rallyclassics.club\/wp-content\/uploads\/2018\/12\/Carles-Mir\u00f3-700x441.jpg\" alt=\"Carles Mir\u00f3 g\u00e4nzt in allen Modalit\u00e4ten\" \/><\/a>\n\t\t\t\t<\/li><\/ul>\n\t\t<\/div><h4><a href=\"https:\/\/rallyclassics.club\/de\/carles-miro-brilla-en-todas-las-especialidades\/\">Carles Mir\u00f3 g\u00e4nzt in allen Modalit\u00e4ten<\/a><\/h4><ul class=\"meta\"><li><em class=\"date\">11 Dezember, 2018<\/em><\/li><\/ul><p><div class=\"excerpt-container\"><p>Carles Mir\u00f3 ist der Prototyp eines Piloten, der f\u00fcr Klassiker schw\u00e4rmt und auf h\u00f6chstem [&#8230;]<\/p>\n<\/div><\/p><\/article><\/div><\/section><\/div>\n<div class=\"title\"><h2>Information of the 6h EndurLarity 2019<\/h2><div class=\"title-sep-container\"><div class=\"title-sep\"><\/div><\/div><\/div>\nENDURLARITY By RallyClassics is a very innovative formula that combines regularity and resistance in circuit. Under this formula for classic vehicles and youngtimers, where each one rolls at the pace of their choice, the 6H ENDURLARITY of Parcmotor is organized. The main attractions are being able to share equipment (with several pilots, co-drivers, and up to 2 cars), and to make the wait between the Final of the Porsche Classic Series and the first appointment of the following season shorter.<\/p>","protected":false},"excerpt":{"rendered":"<p>Carles Mir\u00f3 ist der Prototyp eines Piloten, der f\u00fcr Klassiker schw\u00e4rmt und auf h\u00f6chstem Niveau an allen Arten von Veranstaltungen und Disziplinen teilnimmt.\u00a0 2019 nimmt er an Seiten seines treuen [&#8230;]<\/p>\n","protected":false},"author":9192197,"featured_media":0,"parent":0,"menu_order":0,"comment_status":"closed","ping_status":"closed","template":"","meta":{"om_disable_all_campaigns":false,"_monsterinsights_skip_tracking":false,"_monsterinsights_sitenote_active":false,"_monsterinsights_sitenote_note":"","_monsterinsights_sitenote_category":0,"footnotes":""},"class_list":["post-21082","page","type-page","status-publish","hentry"],"aioseo_notices":[],"_links":{"self":[{"href":"https:\/\/rallyclassics.club\/de\/wp-json\/wp\/v2\/pages\/21082","targetHints":{"allow":["GET"]}}],"collection":[{"href":"https:\/\/rallyclassics.club\/de\/wp-json\/wp\/v2\/pages"}],"about":[{"href":"https:\/\/rallyclassics.club\/de\/wp-json\/wp\/v2\/types\/page"}],"author":[{"embeddable":true,"href":"https:\/\/rallyclassics.club\/de\/wp-json\/wp\/v2\/users\/9192197"}],"replies":[{"embeddable":true,"href":"https:\/\/rallyclassics.club\/de\/wp-json\/wp\/v2\/comments?post=21082"}],"version-history":[{"count":4,"href":"https:\/\/rallyclassics.club\/de\/wp-json\/wp\/v2\/pages\/21082\/revisions"}],"predecessor-version":[{"id":21124,"href":"https:\/\/rallyclassics.club\/de\/wp-json\/wp\/v2\/pages\/21082\/revisions\/21124"}],"wp:attachment":[{"href":"https:\/\/rallyclassics.club\/de\/wp-json\/wp\/v2\/media?parent=21082"}],"curies":[{"name":"wp","href":"https:\/\/api.w.org\/{rel}","templated":true}]}}