{"id":2266,"date":"2014-02-13T09:17:00","date_gmt":"2014-02-13T09:17:00","guid":{"rendered":"http:\/\/rallyclassics.org\/classic-series-2\/"},"modified":"2015-09-25T11:26:07","modified_gmt":"2015-09-25T09:26:07","slug":"classic-series-2015","status":"publish","type":"page","link":"https:\/\/rallyclassics.club\/de\/classic-series-2015\/","title":{"rendered":"BMW Classic Series 2015"},"content":{"rendered":"<p><div class=\"title\"><h1>BMW Classic Series 2015<\/h1><div class=\"title-sep-container\"><div class=\"title-sep\"><\/div><\/div><\/div><a href=\"https:\/\/www.rallyclassics.club\/wp-content\/uploads\/2014\/02\/ClassicSeries2014.jpg\"><img loading=\"lazy\" decoding=\"async\" class=\"alignnone size-full wp-image-301\" src=\"\/wp-content\/uploads\/2014\/12\/cs2015_980x300.jpg\" alt=\"ClassicSeries2014\" width=\"1687\" height=\"1181\" \/><\/a><\/p>\n<div class=\"title\"><h2>Pruebas de las BMW Classic Series 2015:<\/h2><div class=\"title-sep-container\"><div class=\"title-sep\"><\/div><\/div><\/div>\n<p><a href=\"classic-series-2015-5\"><img loading=\"lazy\" decoding=\"async\" src=\"\/wp-content\/uploads\/2014\/02\/proves_cs2.jpg\" alt=\"proves_cs\" width=\"700\" height=\"200\" class=\"aligncenter size-full wp-image-6089\" \/><\/a><\/p>\n<div class=\"title\"><h2>RallyClassics TV:<\/h2><div class=\"title-sep-container\"><div class=\"title-sep\"><\/div><\/div><\/div>\n<iframe loading=\"lazy\" width=\"560\" height=\"315\" src=\"https:\/\/www.youtube.com\/embed\/O2lLSXp8AQE\" frameborder=\"0\" allowfullscreen><\/iframe><\/p>\n<div class=\"title\"><h2>Neues von der BMW Classic Series 2015<\/h2><div class=\"title-sep-container\"><div class=\"title-sep\"><\/div><\/div><\/div> <div class=\"avada-container\"><section class=\"columns columns-2\" style=\"width:100%\"><div class=\"holder\"><article class=\"col\"><div class=\"flexslider floated-post-slideshow\"><ul class=\"slides\"><li>\n\t\t\t\t\t<a href=\"https:\/\/rallyclassics.club\/de\/presentacion-temporada-2025\/\" rel=\"\"><img decoding=\"async\" src=\"https:\/\/rallyclassics.club\/wp-content\/uploads\/2025\/04\/MARINA_RFNI-4291_-700x441.jpg\" alt=\"Successful presentation of the 2025 season at Marina Racewear\" \/><\/a>\n\t\t\t\t<\/li><\/ul>\n\t\t<\/div><h4><a href=\"https:\/\/rallyclassics.club\/de\/presentacion-temporada-2025\/\">Successful presentation of the 2025 season at Marina Racewear<\/a><\/h4><ul class=\"meta\"><li><em class=\"date\">11 April, 2025<\/em><\/li><\/ul><p><div class=\"excerpt-container\"><p>The presentation of the 2025 RallyClassics season was held at Marina Racewear on Thursday, [&#8230;]<\/p>\n<\/div><\/p><\/article><article class=\"col\"><div class=\"flexslider floated-post-slideshow\"><ul class=\"slides\"><li>\n\t\t\t\t\t<a href=\"https:\/\/rallyclassics.club\/de\/calendario-2025-rallyclassics\/\" rel=\"\"><img decoding=\"async\" src=\"https:\/\/rallyclassics.club\/wp-content\/uploads\/2025\/01\/RC_Calendario2025_ES____-700x441.jpg\" alt=\"We present the 2025 RallyClassics calendar!\" \/><\/a>\n\t\t\t\t<\/li><\/ul>\n\t\t<\/div><h4><a href=\"https:\/\/rallyclassics.club\/de\/calendario-2025-rallyclassics\/\">We present the 2025 RallyClassics calendar!<\/a><\/h4><ul class=\"meta\"><li><em class=\"date\">15 Januar, 2025<\/em><\/li><\/ul><p><div class=\"excerpt-container\"><p>At RallyClassics we have already started working on the 2025 season, eager to continue [&#8230;]<\/p>\n<\/div><\/p><\/article><\/div><\/section><\/div> <div class=\"title\"><h2>Sponsoren der BMW Classic Series 2015<\/h2><div class=\"title-sep-container\"><div class=\"title-sep\"><\/div><\/div><\/div> <div class=\"related-posts related-projects clientslider-container\"><div id=\"carousel\" class=\"clients-carousel es-carousel-wrapper\"><div class=\"es-carousel\"><ul><li><a href=\"www.bmw.es\" target=\"_self\"><img decoding=\"async\" src=\"https:\/\/www.rallyclassics.club\/wp-content\/uploads\/2014\/02\/logos_03.png\" alt=\"\" \/><\/a><\/li><\/ul><div class=\"es-nav\"><span class=\"es-nav-prev\">Previous<\/span><span class=\"es-nav-next\">Next<\/span><\/div><\/div><\/div><\/div><img loading=\"lazy\" decoding=\"async\" src=\"https:\/\/www.rallyclassics.club\/wp-content\/uploads\/2014\/02\/Logos_770x100-1024x1331-1024x133.jpg\" alt=\"Logos_770x100-1024x133\" width=\"669\" height=\"87\" class=\"aligncenter size-large wp-image-5809\" srcset=\"https:\/\/rallyclassics.club\/wp-content\/uploads\/2014\/02\/Logos_770x100-1024x1331.jpg 1024w, https:\/\/rallyclassics.club\/wp-content\/uploads\/2014\/02\/Logos_770x100-1024x1331-300x39.jpg 300w\" sizes=\"auto, (max-width: 669px) 100vw, 669px\" \/>&nbsp;&nbsp;<div class=\"title\"><h2>Informationen zur BMW Classic Series 2015<\/h2><div class=\"title-sep-container\"><div class=\"title-sep\"><\/div><\/div><\/div>\n<p>Bei den BMW CLASSIC SERIES 2015 handelt es sich um einen Wettbewerb mit 5 Rennen auf der Rennstrecke in der Kategorie Gleichm\u00e4\u00dfigkeit, der auf 4 Strecken in Katalonien durchgef\u00fchrt wird und bei dem klassische Motorr\u00e4der und Automobile an den Start gehen. RallyClassics organisiert diese Classic Series schon seit 2004 und lie\u00df sich dabei von den <em>100 Tours<\/em> in Frankreich inspirieren, mit gro\u00dfem Teilnehmererfolg, seitdem man bei dieser Veranstaltung die Automobile und Motorr\u00e4der zusammenlegte und dadurch ein magisches Ambiente im alten Stil schuf, das von allen Teilnehmern und Zuschauern hoch gesch\u00e4tzt wird.<\/p>","protected":false},"excerpt":{"rendered":"<p>At RallyClassics we have already started working on the 2025 season, eager to continue offering the best experiences with classic vehicles: 73 Rally Costa Brava (13-15 March 2025) RallyClassics Africa [&#8230;]<\/p>\n","protected":false},"author":2,"featured_media":0,"parent":0,"menu_order":0,"comment_status":"open","ping_status":"open","template":"","meta":{"om_disable_all_campaigns":false,"_monsterinsights_skip_tracking":false,"_monsterinsights_sitenote_active":false,"_monsterinsights_sitenote_note":"","_monsterinsights_sitenote_category":0,"footnotes":""},"class_list":["post-2266","page","type-page","status-publish","hentry"],"aioseo_notices":[],"_links":{"self":[{"href":"https:\/\/rallyclassics.club\/de\/wp-json\/wp\/v2\/pages\/2266","targetHints":{"allow":["GET"]}}],"collection":[{"href":"https:\/\/rallyclassics.club\/de\/wp-json\/wp\/v2\/pages"}],"about":[{"href":"https:\/\/rallyclassics.club\/de\/wp-json\/wp\/v2\/types\/page"}],"author":[{"embeddable":true,"href":"https:\/\/rallyclassics.club\/de\/wp-json\/wp\/v2\/users\/2"}],"replies":[{"embeddable":true,"href":"https:\/\/rallyclassics.club\/de\/wp-json\/wp\/v2\/comments?post=2266"}],"version-history":[{"count":16,"href":"https:\/\/rallyclassics.club\/de\/wp-json\/wp\/v2\/pages\/2266\/revisions"}],"predecessor-version":[{"id":6727,"href":"https:\/\/rallyclassics.club\/de\/wp-json\/wp\/v2\/pages\/2266\/revisions\/6727"}],"wp:attachment":[{"href":"https:\/\/rallyclassics.club\/de\/wp-json\/wp\/v2\/media?parent=2266"}],"curies":[{"name":"wp","href":"https:\/\/api.w.org\/{rel}","templated":true}]}}